{"id":1088,"date":"2016-08-10T21:23:44","date_gmt":"2016-08-10T21:23:44","guid":{"rendered":"http:\/\/synchro.wpengine.com\/?page_id=1088&#038;lang=fr"},"modified":"2018-08-23T14:25:07","modified_gmt":"2018-08-23T18:25:07","slug":"politiques-et-conditions","status":"publish","type":"page","link":"https:\/\/artisticswimming.ca\/fr\/a-propos\/vue-d-emsemble\/politiques-et-conditions\/","title":{"rendered":"POLITIQUES ET CONDITIONS INTERNET"},"content":{"rendered":"<div class=\"fusion-title title\">\n<h2 class=\"title-heading-left\">Confidentialit\u00e9<\/h2>\n<\/div>\n<p>Natation Artistique Canada s\u2019engage \u00e0 prot\u00e9ger la confidentialit\u00e9 de tout renseignement personnel que vous pourriez fournir lorsque vous consultez le site Web de Natation Artistique Canada. Toute autre utilisation de renseignements personnels que vous nous donnez sera conforme \u00e0 la loi f\u00e9d\u00e9rale intitul\u00e9e\u00a0<em><a href=\"http:\/\/www.privcom.gc.ca\/index_f.asp\" target=\"new\">Loi sur la protection des renseignements personnels et les documents \u00e9lectroniques<\/a><\/em>.<\/p>\n<p>Le site Web de\u00a0Natation Artistique Canada\u00a0ne recueille pas automatiquement de renseignements personnels particuliers, dont le nom, le num\u00e9ro de t\u00e9l\u00e9phone ou l\u2019adresse de courriel. Nous obtenons seulement ce genre d\u2019information que si vous nous le fournissez en nous envoyant un courriel ou en vous enregistrant dans la section du site pour les membres seulement. Toute information volontairement envoy\u00e9e au site Web de\u00a0Natation Artistique Canada, par courriel, par formulaire de r\u00e9troactions ou par d\u2019autres moyens devient la propri\u00e9t\u00e9 de Natation Artistique Canada. Natation Artistique Canada ne vend ni ne distribue les renseignements personnels.<\/p>\n<p>Natation Artistique Canada recueille de l\u2019information au sujet de l\u2019utilisation du contenu de son site Web \u00e0 l\u2019aide de \u00ab donn\u00e9s de trafic \u00bb, saisies dans des chroniques Web ou par r\u00e9troactions. Cette information est analys\u00e9e sur le plan des visiteurs dans leur ensemble et ne vise ni n\u2019identifie des personnes particuli\u00e8res. La collecte de renseignements est faite en vue d\u2019analyses statistiques, afin d\u2019am\u00e9liorer le contenu et les services que nous offrons et cette information est divulgu\u00e9e \u00e0 des tiers seulement sous forme globale. Les renseignements recueillis peuvent inclure ce qui suit :<\/p>\n<ul>\n<li>votre adresse Internet;<\/li>\n<li>le nom de votre fournisseur de services Internet;<\/li>\n<li>de l\u2019information sur le fureteur;<\/li>\n<li>la date et l\u2019heure de la visite;<\/li>\n<li>les pages consult\u00e9es sur le site Web de Natation Artistique Canada.<\/li>\n<\/ul>\n<div class=\"fusion-title title\">\n<h2 class=\"title-heading-left\">Droit d\u2019auteur et permission de reproduire<\/h2>\n<\/div>\n<p>Le contenu de ce site est couvert par les dispositions de la\u00a0<em><a href=\"http:\/\/www.cb-cda.gc.ca\/info\/index-f.html\" target=\"new\">Loi sur le droit d\u2019auteur<\/a><\/em>, les lois canadiennes, les politiques, les r\u00e8glements et les accords internationaux. De telles dispositions servent \u00e0 identifier la source d\u2019information et, dans des cas particuliers, \u00e0 interdire la reproduction de mat\u00e9riel sans la permission \u00e9crite de Natation Artistique Canada.<\/p>\n<p>Le contenu de ce site Web est produit ou r\u00e9uni par\u00a0Natation Artistique Canada, dans le but de fournir aux visiteurs un acc\u00e8s direct aux renseignements sur les programmes et les services qu\u2019offre\u00a0Natation Artistique Canada. Tout le mat\u00e9riel fourni sur ce site Web est la seule propri\u00e9t\u00e9 de\u00a0Natation Artistique Canada.<\/p>\n<p>Tous les fichiers de texte, graphiques, audio ou vid\u00e9o et autre contenu de ce site Web appartiennent \u00e0\u00a0Natation Artistique Canada\u00a0ou la permission pour les utiliser \u00e0 \u00e9t\u00e9 obtenue.<\/p>\n<p>Par souci de commodit\u00e9, des logos de\u00a0Natation Artistique Canada sont\u00a0<a href=\"#\">offerts ici<\/a>\u00a0en diff\u00e9rents formats \u00e9lectroniques.<\/p>\n<h3>Reproduction non commerciale<\/h3>\n<p>L\u2019information sur ce site a \u00e9t\u00e9 post\u00e9e dans l\u2019intention de l\u2019offrir \u00e0 des fins non commerciales, personnelles et publiques, et peut \u00eatre reproduite en partie ou en totalit\u00e9, par n\u2019importe quel moyen, gratuitement et sans autre permission de\u00a0Natation Artistique Canada. Nous demandons uniquement que :<\/p>\n<ol>\n<li>les utilisateurs fassent preuve de diligence raisonnable, en s\u2019assurant de l\u2019exactitude du mat\u00e9riel reproduit;<\/li>\n<li>Natation Artistique Canada soit identifi\u00e9e comme source de l\u2019information ou du fichier;<\/li>\n<li>la reproduction ne soit pas repr\u00e9sent\u00e9e comme une version officielle du mat\u00e9riel reproduit, ni comme ayant \u00e9t\u00e9 faite en affiliation avec ou avec l\u2019appui de Natation Artistique Canada;<\/li>\n<li>le contenu ne soit ni chang\u00e9 ni modifi\u00e9.<\/li>\n<\/ol>\n<h3><b>Reproduction commerciale<\/b><\/h3>\n<p>La reproduction de copies multiples de mat\u00e9riel du site Web de\u00a0Natation Artistique Canada, en totalit\u00e9 ou en partie, \u00e0 des fins de redistribution commerciale, est interdite, sauf avec la permission \u00e9crite de\u00a0Natation Artistique Canada. Le processus d\u2019autorisation permet \u00e0\u00a0Natation Artistique Canada\u00a0d\u2019assurer que les personnes et les organisations qui d\u00e9sirent reproduire du mat\u00e9riel de\u00a0Natation Artistique Canada\u00a0dans un but commercial ont acc\u00e8s aux versions les plus exactes et \u00e0 jour. Pour obtenir la permission de reproduire du mat\u00e9riel de ce site \u00e0 des fins commerciales, veuillez communiquer avec\u00a0Natation Artistique Canada.<\/p>\n<div class=\"fusion-title title\">\n<h2 class=\"title-heading-left\">Garanties et absence d\u2019approbation<\/h2>\n<\/div>\n<p>Le mat\u00e9riel sur le site Web de\u00a0Natation Artistique Canada\u00a0est fourni \u00ab tel quel \u00bb et sans aucune garantie expresse ou impliqu\u00e9e.\u00a0Natation Artistique Canada\u00a0ne contr\u00f4le ni ne garantit la disponibilit\u00e9 ou le contenu de tout site Web externe ou d\u2019autres ressources pour lesquelles ce site Web poste des liens. En aucun cas, y compris la n\u00e9gligence mais sans s\u2019y limiter, Natation Artistique Canada ne sera responsable de tout dommage qui r\u00e9sulte de l\u2019utilisation ou de l\u2019impossibilit\u00e9 d\u2019utiliser le mat\u00e9riel de ce site Web ou des sites li\u00e9s, m\u00eame si\u00a0Natation Artistique Canada\u00a0a \u00e9t\u00e9 notifi\u00e9 de la possibilit\u00e9 de tels dommages.<\/p>\n<p>Les sites Web repr\u00e9sent\u00e9s sur notre site par des liens \u00e0 des sites de tiers, ne repr\u00e9sentent aucune approbation de toute information, de produit ou de services.\u00a0Natation Artistique Canada\u00a0ne garantit pas la qualit\u00e9, l\u2019exactitude ou l\u2019int\u00e9gralit\u00e9 de toute information li\u00e9e \u00e0 notre site.<\/p>\n<div class=\"fusion-title title\">\n<h2 class=\"title-heading-left\">Langues officielles<\/h2>\n<\/div>\n<h3>Avis concernant les langues officielles<\/h3>\n<p>Natation Artistique Canada respecte la Loi sur les langues officielles et s\u2019engage \u00e0 assurer que les renseignements et les services de ce site sont offerts en anglais et en fran\u00e7ais dans la mesure du possible. Cependant, les utilisateurs doivent \u00eatre conscients que certains renseignements de sources externes qui ne sont pas assujetties \u00e0 la Loi sur les langues officielles sont seulement fournis par souci de commodit\u00e9 et ne sont offerts que dans la langue dans laquelle ils ont \u00e9t\u00e9 fournis.<\/p>\n","protected":false},"excerpt":{"rendered":"<p>Confidentialit\u00e9 Natation Artistique Canada s\u2019engage \u00e0 prot\u00e9ger la confidentialit\u00e9 de tout renseignement personnel que vous pourriez fournir lorsque vous consultez le site Web de Natation Artistique Canada. Toute autre utilisation de renseignements personnels que vous nous donnez sera conforme \u00e0 la <a href=\"https:\/\/artisticswimming.ca\/fr\/a-propos\/vue-d-emsemble\/politiques-et-conditions\/\"> [&#8230;]<\/a><\/p>\n","protected":false},"author":2,"featured_media":0,"parent":917,"menu_order":4,"comment_status":"closed","ping_status":"closed","template":"","meta":{"_acf_changed":false,"footnotes":""},"class_list":["post-1088","page","type-page","status-publish","hentry"],"acf":[],"yoast_head":"<!-- This site is optimized with the Yoast SEO plugin v27.2 - https:\/\/yoast.com\/product\/yoast-seo-wordpress\/ -->\n<title>POLITIQUES ET CONDITIONS INTERNET - Natation Artistique Canada<\/title>\n<meta name=\"robots\" content=\"index, follow, max-snippet:-1, max-image-preview:large, max-video-preview:-1\" \/>\n<link rel=\"canonical\" href=\"https:\/\/artisticswimming.ca\/fr\/a-propos\/vue-d-emsemble\/politiques-et-conditions\/\" \/>\n<meta property=\"og:locale\" content=\"fr_FR\" \/>\n<meta property=\"og:type\" content=\"article\" \/>\n<meta property=\"og:title\" content=\"POLITIQUES ET CONDITIONS INTERNET - Natation Artistique Canada\" \/>\n<meta property=\"og:description\" content=\"Confidentialit\u00e9 Natation Artistique Canada s\u2019engage \u00e0 prot\u00e9ger la confidentialit\u00e9 de tout renseignement personnel que vous pourriez fournir lorsque vous consultez le site Web de Natation Artistique Canada. Toute autre utilisation de renseignements personnels que vous nous donnez sera conforme \u00e0 la [...]\" \/>\n<meta property=\"og:url\" content=\"https:\/\/artisticswimming.ca\/fr\/a-propos\/vue-d-emsemble\/politiques-et-conditions\/\" \/>\n<meta property=\"og:site_name\" content=\"Natation Artistique Canada\" \/>\n<meta property=\"article:modified_time\" content=\"2018-08-23T18:25:07+00:00\" \/>\n<meta name=\"twitter:card\" content=\"summary_large_image\" \/>\n<meta name=\"twitter:label1\" content=\"Dur\u00e9e de lecture estim\u00e9e\" \/>\n\t<meta name=\"twitter:data1\" content=\"5 minutes\" \/>\n<script type=\"application\/ld+json\" class=\"yoast-schema-graph\">{\"@context\":\"https:\/\/schema.org\",\"@graph\":[{\"@type\":\"WebPage\",\"@id\":\"https:\/\/artisticswimming.ca\/fr\/a-propos\/vue-d-emsemble\/politiques-et-conditions\/\",\"url\":\"https:\/\/artisticswimming.ca\/fr\/a-propos\/vue-d-emsemble\/politiques-et-conditions\/\",\"name\":\"POLITIQUES ET CONDITIONS INTERNET - Natation Artistique Canada\",\"isPartOf\":{\"@id\":\"https:\/\/artisticswimming.ca\/fr\/#website\"},\"datePublished\":\"2016-08-10T21:23:44+00:00\",\"dateModified\":\"2018-08-23T18:25:07+00:00\",\"breadcrumb\":{\"@id\":\"https:\/\/artisticswimming.ca\/fr\/a-propos\/vue-d-emsemble\/politiques-et-conditions\/#breadcrumb\"},\"inLanguage\":\"fr-FR\",\"potentialAction\":[{\"@type\":\"ReadAction\",\"target\":[\"https:\/\/artisticswimming.ca\/fr\/a-propos\/vue-d-emsemble\/politiques-et-conditions\/\"]}]},{\"@type\":\"BreadcrumbList\",\"@id\":\"https:\/\/artisticswimming.ca\/fr\/a-propos\/vue-d-emsemble\/politiques-et-conditions\/#breadcrumb\",\"itemListElement\":[{\"@type\":\"ListItem\",\"position\":1,\"name\":\"Home\",\"item\":\"https:\/\/artisticswimming.ca\/fr\/\"},{\"@type\":\"ListItem\",\"position\":2,\"name\":\"\u00c0 PROPOS\",\"item\":\"http:\/\/synchro.wpengine.com\/a-propos-de-synchro-canada\/vue-d-emsemble\/?lang=fr\"},{\"@type\":\"ListItem\",\"position\":3,\"name\":\"VUE D&#8217;ENSEMBLE\",\"item\":\"https:\/\/artisticswimming.ca\/fr\/a-propos\/vue-d-emsemble\/\"},{\"@type\":\"ListItem\",\"position\":4,\"name\":\"POLITIQUES ET CONDITIONS INTERNET\"}]},{\"@type\":\"WebSite\",\"@id\":\"https:\/\/artisticswimming.ca\/fr\/#website\",\"url\":\"https:\/\/artisticswimming.ca\/fr\/\",\"name\":\"Natation Artistique Canada\",\"description\":\"\",\"potentialAction\":[{\"@type\":\"SearchAction\",\"target\":{\"@type\":\"EntryPoint\",\"urlTemplate\":\"https:\/\/artisticswimming.ca\/fr\/?s={search_term_string}\"},\"query-input\":{\"@type\":\"PropertyValueSpecification\",\"valueRequired\":true,\"valueName\":\"search_term_string\"}}],\"inLanguage\":\"fr-FR\"}]}<\/script>\n<!-- \/ Yoast SEO plugin. -->","yoast_head_json":{"title":"POLITIQUES ET CONDITIONS INTERNET - Natation Artistique Canada","robots":{"index":"index","follow":"follow","max-snippet":"max-snippet:-1","max-image-preview":"max-image-preview:large","max-video-preview":"max-video-preview:-1"},"canonical":"https:\/\/artisticswimming.ca\/fr\/a-propos\/vue-d-emsemble\/politiques-et-conditions\/","og_locale":"fr_FR","og_type":"article","og_title":"POLITIQUES ET CONDITIONS INTERNET - Natation Artistique Canada","og_description":"Confidentialit\u00e9 Natation Artistique Canada s\u2019engage \u00e0 prot\u00e9ger la confidentialit\u00e9 de tout renseignement personnel que vous pourriez fournir lorsque vous consultez le site Web de Natation Artistique Canada. Toute autre utilisation de renseignements personnels que vous nous donnez sera conforme \u00e0 la [...]","og_url":"https:\/\/artisticswimming.ca\/fr\/a-propos\/vue-d-emsemble\/politiques-et-conditions\/","og_site_name":"Natation Artistique Canada","article_modified_time":"2018-08-23T18:25:07+00:00","twitter_card":"summary_large_image","twitter_misc":{"Dur\u00e9e de lecture estim\u00e9e":"5 minutes"},"schema":{"@context":"https:\/\/schema.org","@graph":[{"@type":"WebPage","@id":"https:\/\/artisticswimming.ca\/fr\/a-propos\/vue-d-emsemble\/politiques-et-conditions\/","url":"https:\/\/artisticswimming.ca\/fr\/a-propos\/vue-d-emsemble\/politiques-et-conditions\/","name":"POLITIQUES ET CONDITIONS INTERNET - Natation Artistique Canada","isPartOf":{"@id":"https:\/\/artisticswimming.ca\/fr\/#website"},"datePublished":"2016-08-10T21:23:44+00:00","dateModified":"2018-08-23T18:25:07+00:00","breadcrumb":{"@id":"https:\/\/artisticswimming.ca\/fr\/a-propos\/vue-d-emsemble\/politiques-et-conditions\/#breadcrumb"},"inLanguage":"fr-FR","potentialAction":[{"@type":"ReadAction","target":["https:\/\/artisticswimming.ca\/fr\/a-propos\/vue-d-emsemble\/politiques-et-conditions\/"]}]},{"@type":"BreadcrumbList","@id":"https:\/\/artisticswimming.ca\/fr\/a-propos\/vue-d-emsemble\/politiques-et-conditions\/#breadcrumb","itemListElement":[{"@type":"ListItem","position":1,"name":"Home","item":"https:\/\/artisticswimming.ca\/fr\/"},{"@type":"ListItem","position":2,"name":"\u00c0 PROPOS","item":"http:\/\/synchro.wpengine.com\/a-propos-de-synchro-canada\/vue-d-emsemble\/?lang=fr"},{"@type":"ListItem","position":3,"name":"VUE D&#8217;ENSEMBLE","item":"https:\/\/artisticswimming.ca\/fr\/a-propos\/vue-d-emsemble\/"},{"@type":"ListItem","position":4,"name":"POLITIQUES ET CONDITIONS INTERNET"}]},{"@type":"WebSite","@id":"https:\/\/artisticswimming.ca\/fr\/#website","url":"https:\/\/artisticswimming.ca\/fr\/","name":"Natation Artistique Canada","description":"","potentialAction":[{"@type":"SearchAction","target":{"@type":"EntryPoint","urlTemplate":"https:\/\/artisticswimming.ca\/fr\/?s={search_term_string}"},"query-input":{"@type":"PropertyValueSpecification","valueRequired":true,"valueName":"search_term_string"}}],"inLanguage":"fr-FR"}]}},"_links":{"self":[{"href":"https:\/\/artisticswimming.ca\/fr\/wp-json\/wp\/v2\/pages\/1088","targetHints":{"allow":["GET"]}}],"collection":[{"href":"https:\/\/artisticswimming.ca\/fr\/wp-json\/wp\/v2\/pages"}],"about":[{"href":"https:\/\/artisticswimming.ca\/fr\/wp-json\/wp\/v2\/types\/page"}],"author":[{"embeddable":true,"href":"https:\/\/artisticswimming.ca\/fr\/wp-json\/wp\/v2\/users\/2"}],"replies":[{"embeddable":true,"href":"https:\/\/artisticswimming.ca\/fr\/wp-json\/wp\/v2\/comments?post=1088"}],"version-history":[{"count":0,"href":"https:\/\/artisticswimming.ca\/fr\/wp-json\/wp\/v2\/pages\/1088\/revisions"}],"up":[{"embeddable":true,"href":"https:\/\/artisticswimming.ca\/fr\/wp-json\/wp\/v2\/pages\/917"}],"wp:attachment":[{"href":"https:\/\/artisticswimming.ca\/fr\/wp-json\/wp\/v2\/media?parent=1088"}],"curies":[{"name":"wp","href":"https:\/\/api.w.org\/{rel}","templated":true}]}}