{"id":1175,"date":"2016-08-18T12:01:59","date_gmt":"2016-08-18T12:01:59","guid":{"rendered":"http:\/\/synchro.wpengine.com\/?page_id=1175&#038;lang=fr"},"modified":"2018-08-24T10:46:33","modified_gmt":"2018-08-24T14:46:33","slug":"administrateur-de-lannee","status":"publish","type":"page","link":"https:\/\/artisticswimming.ca\/fr\/a-propos\/prix-et-historique\/prix-de-synchro-canada\/administrateur-de-lannee\/","title":{"rendered":"Administrateur de l&rsquo;ann\u00e9e"},"content":{"rendered":"<p><div class=\"fusion-fullwidth fullwidth-box fusion-builder-row-1 nonhundred-percent-fullwidth non-hundred-percent-height-scrolling\" style=\"--awb-background-position:left top;--awb-border-radius-top-left:0px;--awb-border-radius-top-right:0px;--awb-border-radius-bottom-right:0px;--awb-border-radius-bottom-left:0px;--awb-padding-top:20px;--awb-padding-bottom:0px;--awb-border-sizes-top:0px;--awb-border-sizes-bottom:0px;--awb-flex-wrap:wrap;\" ><div class=\"fusion-builder-row fusion-row\"><div class=\"fusion-layout-column fusion_builder_column fusion-builder-column-0 fusion_builder_column_1_1 1_1 fusion-one-full fusion-column-first fusion-column-last fusion-column-no-min-height\" style=\"--awb-bg-size:cover;--awb-margin-bottom:0px;\"><div class=\"fusion-column-wrapper fusion-flex-column-wrapper-legacy\"><div class=\"fusion-reading-box-container reading-box-container-1\" style=\"--awb-title-color:#011c48;--awb-margin-top:0px;--awb-margin-bottom:0px;\"><div class=\"reading-box\" style=\"background-color:#f6f6f6;border-width:1px;border-color:#f6f6f6;border-top-width:3px;border-top-color:var(--primary_color);border-style:solid;\"><div class=\"reading-box-additional\">\n<p><em>Ce prix r\u00e9compense un membre de Natation Artistique Canada qui a apport\u00e9 une contribution significative \u00e0 la natation artistique dans un r\u00f4le administratif.<\/em><\/p>\n<\/div><div class=\"fusion-clearfix\"><\/div><\/div><\/div><div class=\"fusion-clearfix\"><\/div><\/div><\/div><\/div><\/div><div class=\"fusion-fullwidth fullwidth-box fusion-builder-row-2 hundred-percent-fullwidth non-hundred-percent-height-scrolling\" style=\"--awb-border-radius-top-left:0px;--awb-border-radius-top-right:0px;--awb-border-radius-bottom-right:0px;--awb-border-radius-bottom-left:0px;--awb-overflow:visible;--awb-flex-wrap:wrap;\" ><div class=\"fusion-builder-row fusion-row\"><div class=\"fusion-layout-column fusion_builder_column fusion-builder-column-1 fusion_builder_column_1_1 1_1 fusion-one-full fusion-column-first fusion-column-last fusion-column-no-min-height\" style=\"--awb-bg-size:cover;--awb-margin-bottom:0px;\"><div class=\"fusion-column-wrapper fusion-flex-column-wrapper-legacy\"><div class=\"fusion-text fusion-text-1\"><h2>R\u00c9CIPIENDAIRES<\/h2>\n<div class=\"table-3\">\n<table width=\"100%\">\n<thead>\n<tr>\n<th>Ann\u00e9e<\/th>\n<th>Nom<\/th>\n<\/tr>\n<\/thead>\n<tbody>\n<tr>\n<td>2013<\/td>\n<td><span style=\"font-weight: 400;\">Carolyn Murphy<\/span><\/td>\n<\/tr>\n<tr>\n<td>2012<\/td>\n<td><span style=\"font-weight: 400;\">Audrey Sribney<\/span><\/td>\n<\/tr>\n<tr>\n<td>2011<\/td>\n<td><span style=\"font-weight: 400;\">Joan Hollihan<\/span><\/td>\n<\/tr>\n<tr>\n<td>2010<\/td>\n<td><span style=\"font-weight: 400;\">Lucille Carter (Prince-Edward-Island)<\/span><\/td>\n<\/tr>\n<tr>\n<td>2009<\/td>\n<td><span style=\"font-weight: 400;\">Ann Philipps (New Brunswick)<\/span><\/td>\n<\/tr>\n<tr>\n<td>2008<\/td>\n<td><span style=\"font-weight: 400;\">Chris Hampshire (Alberta) <\/span><\/td>\n<\/tr>\n<\/tbody>\n<\/table>\n<\/div>\n<\/div><div class=\"fusion-clearfix\"><\/div><\/div><\/div><\/div><\/div><\/p>\n","protected":false},"excerpt":{"rendered":"","protected":false},"author":3,"featured_media":0,"parent":942,"menu_order":0,"comment_status":"closed","ping_status":"closed","template":"","meta":{"_acf_changed":false,"footnotes":""},"class_list":["post-1175","page","type-page","status-publish","hentry"],"acf":[],"yoast_head":"<!-- This site is optimized with the Yoast SEO plugin v27.2 - https:\/\/yoast.com\/product\/yoast-seo-wordpress\/ -->\n<title>Administrateur de l&#039;ann\u00e9e - Natation Artistique Canada<\/title>\n<meta name=\"robots\" content=\"index, follow, max-snippet:-1, max-image-preview:large, max-video-preview:-1\" \/>\n<link rel=\"canonical\" href=\"https:\/\/artisticswimming.ca\/fr\/a-propos\/prix-et-historique\/prix-de-synchro-canada\/administrateur-de-lannee\/\" \/>\n<meta property=\"og:locale\" content=\"fr_FR\" \/>\n<meta property=\"og:type\" content=\"article\" \/>\n<meta property=\"og:title\" content=\"Administrateur de l&#039;ann\u00e9e - Natation Artistique Canada\" \/>\n<meta property=\"og:url\" content=\"https:\/\/artisticswimming.ca\/fr\/a-propos\/prix-et-historique\/prix-de-synchro-canada\/administrateur-de-lannee\/\" \/>\n<meta property=\"og:site_name\" content=\"Natation Artistique Canada\" \/>\n<meta property=\"article:modified_time\" content=\"2018-08-24T14:46:33+00:00\" \/>\n<meta name=\"twitter:card\" content=\"summary_large_image\" \/>\n<meta name=\"twitter:label1\" content=\"Dur\u00e9e de lecture estim\u00e9e\" \/>\n\t<meta name=\"twitter:data1\" content=\"2 minutes\" \/>\n<script type=\"application\/ld+json\" class=\"yoast-schema-graph\">{\"@context\":\"https:\/\/schema.org\",\"@graph\":[{\"@type\":\"WebPage\",\"@id\":\"https:\/\/artisticswimming.ca\/fr\/a-propos\/prix-et-historique\/prix-de-synchro-canada\/administrateur-de-lannee\/\",\"url\":\"https:\/\/artisticswimming.ca\/fr\/a-propos\/prix-et-historique\/prix-de-synchro-canada\/administrateur-de-lannee\/\",\"name\":\"Administrateur de l'ann\u00e9e - Natation Artistique Canada\",\"isPartOf\":{\"@id\":\"https:\/\/artisticswimming.ca\/fr\/#website\"},\"datePublished\":\"2016-08-18T12:01:59+00:00\",\"dateModified\":\"2018-08-24T14:46:33+00:00\",\"breadcrumb\":{\"@id\":\"https:\/\/artisticswimming.ca\/fr\/a-propos\/prix-et-historique\/prix-de-synchro-canada\/administrateur-de-lannee\/#breadcrumb\"},\"inLanguage\":\"fr-FR\",\"potentialAction\":[{\"@type\":\"ReadAction\",\"target\":[\"https:\/\/artisticswimming.ca\/fr\/a-propos\/prix-et-historique\/prix-de-synchro-canada\/administrateur-de-lannee\/\"]}]},{\"@type\":\"BreadcrumbList\",\"@id\":\"https:\/\/artisticswimming.ca\/fr\/a-propos\/prix-et-historique\/prix-de-synchro-canada\/administrateur-de-lannee\/#breadcrumb\",\"itemListElement\":[{\"@type\":\"ListItem\",\"position\":1,\"name\":\"Home\",\"item\":\"https:\/\/artisticswimming.ca\/fr\/\"},{\"@type\":\"ListItem\",\"position\":2,\"name\":\"\u00c0 PROPOS\",\"item\":\"http:\/\/synchro.wpengine.com\/a-propos-de-synchro-canada\/vue-d-emsemble\/?lang=fr\"},{\"@type\":\"ListItem\",\"position\":3,\"name\":\"PRIX ET HISTORIQUE\",\"item\":\"http:\/\/synchro.wpengine.com\/a-propos-de-synchro-canada\/prix-et-historique\/prix-de-synchro-canada\/?lang=fr\"},{\"@type\":\"ListItem\",\"position\":4,\"name\":\"PRIX DE NATATION ARTISTIQUE CANADA\",\"item\":\"https:\/\/artisticswimming.ca\/fr\/a-propos\/prix-et-historique\/prix-de-synchro-canada\/\"},{\"@type\":\"ListItem\",\"position\":5,\"name\":\"Administrateur de l&#8217;ann\u00e9e\"}]},{\"@type\":\"WebSite\",\"@id\":\"https:\/\/artisticswimming.ca\/fr\/#website\",\"url\":\"https:\/\/artisticswimming.ca\/fr\/\",\"name\":\"Natation Artistique Canada\",\"description\":\"\",\"potentialAction\":[{\"@type\":\"SearchAction\",\"target\":{\"@type\":\"EntryPoint\",\"urlTemplate\":\"https:\/\/artisticswimming.ca\/fr\/?s={search_term_string}\"},\"query-input\":{\"@type\":\"PropertyValueSpecification\",\"valueRequired\":true,\"valueName\":\"search_term_string\"}}],\"inLanguage\":\"fr-FR\"}]}<\/script>\n<!-- \/ Yoast SEO plugin. -->","yoast_head_json":{"title":"Administrateur de l'ann\u00e9e - Natation Artistique Canada","robots":{"index":"index","follow":"follow","max-snippet":"max-snippet:-1","max-image-preview":"max-image-preview:large","max-video-preview":"max-video-preview:-1"},"canonical":"https:\/\/artisticswimming.ca\/fr\/a-propos\/prix-et-historique\/prix-de-synchro-canada\/administrateur-de-lannee\/","og_locale":"fr_FR","og_type":"article","og_title":"Administrateur de l'ann\u00e9e - Natation Artistique Canada","og_url":"https:\/\/artisticswimming.ca\/fr\/a-propos\/prix-et-historique\/prix-de-synchro-canada\/administrateur-de-lannee\/","og_site_name":"Natation Artistique Canada","article_modified_time":"2018-08-24T14:46:33+00:00","twitter_card":"summary_large_image","twitter_misc":{"Dur\u00e9e de lecture estim\u00e9e":"2 minutes"},"schema":{"@context":"https:\/\/schema.org","@graph":[{"@type":"WebPage","@id":"https:\/\/artisticswimming.ca\/fr\/a-propos\/prix-et-historique\/prix-de-synchro-canada\/administrateur-de-lannee\/","url":"https:\/\/artisticswimming.ca\/fr\/a-propos\/prix-et-historique\/prix-de-synchro-canada\/administrateur-de-lannee\/","name":"Administrateur de l'ann\u00e9e - Natation Artistique Canada","isPartOf":{"@id":"https:\/\/artisticswimming.ca\/fr\/#website"},"datePublished":"2016-08-18T12:01:59+00:00","dateModified":"2018-08-24T14:46:33+00:00","breadcrumb":{"@id":"https:\/\/artisticswimming.ca\/fr\/a-propos\/prix-et-historique\/prix-de-synchro-canada\/administrateur-de-lannee\/#breadcrumb"},"inLanguage":"fr-FR","potentialAction":[{"@type":"ReadAction","target":["https:\/\/artisticswimming.ca\/fr\/a-propos\/prix-et-historique\/prix-de-synchro-canada\/administrateur-de-lannee\/"]}]},{"@type":"BreadcrumbList","@id":"https:\/\/artisticswimming.ca\/fr\/a-propos\/prix-et-historique\/prix-de-synchro-canada\/administrateur-de-lannee\/#breadcrumb","itemListElement":[{"@type":"ListItem","position":1,"name":"Home","item":"https:\/\/artisticswimming.ca\/fr\/"},{"@type":"ListItem","position":2,"name":"\u00c0 PROPOS","item":"http:\/\/synchro.wpengine.com\/a-propos-de-synchro-canada\/vue-d-emsemble\/?lang=fr"},{"@type":"ListItem","position":3,"name":"PRIX ET HISTORIQUE","item":"http:\/\/synchro.wpengine.com\/a-propos-de-synchro-canada\/prix-et-historique\/prix-de-synchro-canada\/?lang=fr"},{"@type":"ListItem","position":4,"name":"PRIX DE NATATION ARTISTIQUE CANADA","item":"https:\/\/artisticswimming.ca\/fr\/a-propos\/prix-et-historique\/prix-de-synchro-canada\/"},{"@type":"ListItem","position":5,"name":"Administrateur de l&#8217;ann\u00e9e"}]},{"@type":"WebSite","@id":"https:\/\/artisticswimming.ca\/fr\/#website","url":"https:\/\/artisticswimming.ca\/fr\/","name":"Natation Artistique Canada","description":"","potentialAction":[{"@type":"SearchAction","target":{"@type":"EntryPoint","urlTemplate":"https:\/\/artisticswimming.ca\/fr\/?s={search_term_string}"},"query-input":{"@type":"PropertyValueSpecification","valueRequired":true,"valueName":"search_term_string"}}],"inLanguage":"fr-FR"}]}},"_links":{"self":[{"href":"https:\/\/artisticswimming.ca\/fr\/wp-json\/wp\/v2\/pages\/1175","targetHints":{"allow":["GET"]}}],"collection":[{"href":"https:\/\/artisticswimming.ca\/fr\/wp-json\/wp\/v2\/pages"}],"about":[{"href":"https:\/\/artisticswimming.ca\/fr\/wp-json\/wp\/v2\/types\/page"}],"author":[{"embeddable":true,"href":"https:\/\/artisticswimming.ca\/fr\/wp-json\/wp\/v2\/users\/3"}],"replies":[{"embeddable":true,"href":"https:\/\/artisticswimming.ca\/fr\/wp-json\/wp\/v2\/comments?post=1175"}],"version-history":[{"count":0,"href":"https:\/\/artisticswimming.ca\/fr\/wp-json\/wp\/v2\/pages\/1175\/revisions"}],"up":[{"embeddable":true,"href":"https:\/\/artisticswimming.ca\/fr\/wp-json\/wp\/v2\/pages\/942"}],"wp:attachment":[{"href":"https:\/\/artisticswimming.ca\/fr\/wp-json\/wp\/v2\/media?parent=1175"}],"curies":[{"name":"wp","href":"https:\/\/api.w.org\/{rel}","templated":true}]}}