{"id":1266,"date":"2016-08-20T16:28:50","date_gmt":"2016-08-20T16:28:50","guid":{"rendered":"http:\/\/synchro.wpengine.com\/?page_id=1266&#038;lang=fr"},"modified":"2018-09-22T12:03:01","modified_gmt":"2018-09-22T16:03:01","slug":"athlete-de-lannee","status":"publish","type":"page","link":"https:\/\/artisticswimming.ca\/fr\/a-propos\/prix-et-historique\/prix-de-synchro-canada\/athlete-de-lannee\/","title":{"rendered":"Athl\u00e8te de l&rsquo;ann\u00e9e"},"content":{"rendered":"<div class=\"fusion-fullwidth fullwidth-box fusion-builder-row-1 nonhundred-percent-fullwidth non-hundred-percent-height-scrolling\" style=\"--awb-background-position:left top;--awb-border-radius-top-left:0px;--awb-border-radius-top-right:0px;--awb-border-radius-bottom-right:0px;--awb-border-radius-bottom-left:0px;--awb-padding-top:20px;--awb-padding-bottom:20px;--awb-border-sizes-top:0px;--awb-border-sizes-bottom:0px;--awb-flex-wrap:wrap;\" ><div class=\"fusion-builder-row fusion-row\"><div class=\"fusion-layout-column fusion_builder_column fusion-builder-column-0 fusion_builder_column_1_1 1_1 fusion-one-full fusion-column-first fusion-column-last fusion-column-no-min-height\" style=\"--awb-bg-size:cover;--awb-margin-bottom:0px;\"><div class=\"fusion-column-wrapper fusion-flex-column-wrapper-legacy\"><div class=\"fusion-reading-box-container reading-box-container-1\" style=\"--awb-title-color:#011c48;--awb-margin-top:0px;--awb-margin-bottom:0px;\"><div class=\"reading-box\" style=\"background-color:#f6f6f6;border-width:1px;border-color:#f6f6f6;border-top-width:3px;border-top-color:var(--primary_color);border-style:solid;\"><div class=\"reading-box-additional\">\n<p><em><span style=\"font-weight: 400;\">Ce prix r\u00e9compense un athl\u00e8te de Natation Artistique Canada qui a connu des succ\u00e8s significatifs en natation artistique.<\/span><\/em><\/p>\n<\/div><div class=\"fusion-clearfix\"><\/div><\/div><\/div><div class=\"fusion-text fusion-text-1\"><h2>R\u00c9CIPIENDAIRES<\/h2>\n<div class=\"table-3\">\n<table width=\"100%\">\n<thead>\n<tr>\n<th>Ann\u00e9e<\/th>\n<th>Nom<\/th>\n<\/tr>\n<\/thead>\n<tbody>\n<tr>\n<td>2018<\/td>\n<td><strong>Athl\u00e8tes provinciales de l&rsquo;ann\u00e9e<\/strong><br \/>\nJessica Landry (Antlantis Synchro, NS)<br \/>\nCarolyn Currie (Winnipeg Synchro, MB)<br \/>\n<strong>Athl\u00e8tes de l&rsquo;ann\u00e9e NAC<\/strong><br \/>\n\u00c9quipe nationale s\u00e9nior 2018 : Gabrielle Boisvert, Andr\u00e9e-Anne C\u00f4t\u00e9, Camille Fiola-Dion, Rebecca Harrower, Claudia Holzner, Audrey Joly, Sion Ormond, Halle Pratt, Jacqueline Simoneau, Laurence V\u00e9zina<\/td>\n<\/tr>\n<tr>\n<td>2013<\/td>\n<td>Anne-Marie Chouinard (Centre of Excellence) et Clare McGovern (Granite Synchro)<\/td>\n<\/tr>\n<tr>\n<td>2012<\/td>\n<td>Jacqueline Simoneau<\/td>\n<\/tr>\n<tr>\n<td>2011<\/td>\n<td>Genevi\u00e8ve B\u00e9langer<\/td>\n<\/tr>\n<tr>\n<td>2010<\/td>\n<td>Jacqueline Simoneau<\/td>\n<\/tr>\n<tr>\n<td>2009<\/td>\n<td>Marie-Pier Boudreau-Gagnon<\/td>\n<\/tr>\n<tr>\n<td>2008<\/td>\n<td>Chloe Isaac (QC)<br \/>\n2008 Olympic Team Members :\u00a0Marie Pier Boudreau-Gagnon (QC), Jessika Dubuc (QC), Marie-Pierre Gagne (QC), Dominika Kopcik (BC), Eve Lamoureux (QC), Tracy Little (QC), Elise Marcotte (QC), Alison McKenny (AB), Isabelle Rampling (ON), Jennifer Song (AB)<\/td>\n<\/tr>\n<\/tbody>\n<\/table>\n<\/div>\n<\/div><div class=\"fusion-clearfix\"><\/div><\/div><\/div><\/div><\/div>\n","protected":false},"excerpt":{"rendered":"","protected":false},"author":3,"featured_media":0,"parent":942,"menu_order":0,"comment_status":"closed","ping_status":"closed","template":"","meta":{"_acf_changed":false,"footnotes":""},"class_list":["post-1266","page","type-page","status-publish","hentry"],"acf":[],"yoast_head":"<!-- This site is optimized with the Yoast SEO plugin v27.2 - https:\/\/yoast.com\/product\/yoast-seo-wordpress\/ -->\n<title>Athl\u00e8te de l&#039;ann\u00e9e - Natation Artistique Canada<\/title>\n<meta name=\"robots\" content=\"index, follow, max-snippet:-1, max-image-preview:large, max-video-preview:-1\" \/>\n<link rel=\"canonical\" href=\"https:\/\/artisticswimming.ca\/fr\/a-propos\/prix-et-historique\/prix-de-synchro-canada\/athlete-de-lannee\/\" \/>\n<meta property=\"og:locale\" content=\"fr_FR\" \/>\n<meta property=\"og:type\" content=\"article\" \/>\n<meta property=\"og:title\" content=\"Athl\u00e8te de l&#039;ann\u00e9e - Natation Artistique Canada\" \/>\n<meta property=\"og:url\" content=\"https:\/\/artisticswimming.ca\/fr\/a-propos\/prix-et-historique\/prix-de-synchro-canada\/athlete-de-lannee\/\" \/>\n<meta property=\"og:site_name\" content=\"Natation Artistique Canada\" \/>\n<meta property=\"article:modified_time\" content=\"2018-09-22T16:03:01+00:00\" \/>\n<meta name=\"twitter:card\" content=\"summary_large_image\" \/>\n<meta name=\"twitter:label1\" content=\"Dur\u00e9e de lecture estim\u00e9e\" \/>\n\t<meta name=\"twitter:data1\" content=\"2 minutes\" \/>\n<script type=\"application\/ld+json\" class=\"yoast-schema-graph\">{\"@context\":\"https:\/\/schema.org\",\"@graph\":[{\"@type\":\"WebPage\",\"@id\":\"https:\/\/artisticswimming.ca\/fr\/a-propos\/prix-et-historique\/prix-de-synchro-canada\/athlete-de-lannee\/\",\"url\":\"https:\/\/artisticswimming.ca\/fr\/a-propos\/prix-et-historique\/prix-de-synchro-canada\/athlete-de-lannee\/\",\"name\":\"Athl\u00e8te de l'ann\u00e9e - Natation Artistique Canada\",\"isPartOf\":{\"@id\":\"https:\/\/artisticswimming.ca\/fr\/#website\"},\"datePublished\":\"2016-08-20T16:28:50+00:00\",\"dateModified\":\"2018-09-22T16:03:01+00:00\",\"breadcrumb\":{\"@id\":\"https:\/\/artisticswimming.ca\/fr\/a-propos\/prix-et-historique\/prix-de-synchro-canada\/athlete-de-lannee\/#breadcrumb\"},\"inLanguage\":\"fr-FR\",\"potentialAction\":[{\"@type\":\"ReadAction\",\"target\":[\"https:\/\/artisticswimming.ca\/fr\/a-propos\/prix-et-historique\/prix-de-synchro-canada\/athlete-de-lannee\/\"]}]},{\"@type\":\"BreadcrumbList\",\"@id\":\"https:\/\/artisticswimming.ca\/fr\/a-propos\/prix-et-historique\/prix-de-synchro-canada\/athlete-de-lannee\/#breadcrumb\",\"itemListElement\":[{\"@type\":\"ListItem\",\"position\":1,\"name\":\"Home\",\"item\":\"https:\/\/artisticswimming.ca\/fr\/\"},{\"@type\":\"ListItem\",\"position\":2,\"name\":\"\u00c0 PROPOS\",\"item\":\"http:\/\/synchro.wpengine.com\/a-propos-de-synchro-canada\/vue-d-emsemble\/?lang=fr\"},{\"@type\":\"ListItem\",\"position\":3,\"name\":\"PRIX ET HISTORIQUE\",\"item\":\"http:\/\/synchro.wpengine.com\/a-propos-de-synchro-canada\/prix-et-historique\/prix-de-synchro-canada\/?lang=fr\"},{\"@type\":\"ListItem\",\"position\":4,\"name\":\"PRIX DE NATATION ARTISTIQUE CANADA\",\"item\":\"https:\/\/artisticswimming.ca\/fr\/a-propos\/prix-et-historique\/prix-de-synchro-canada\/\"},{\"@type\":\"ListItem\",\"position\":5,\"name\":\"Athl\u00e8te de l&#8217;ann\u00e9e\"}]},{\"@type\":\"WebSite\",\"@id\":\"https:\/\/artisticswimming.ca\/fr\/#website\",\"url\":\"https:\/\/artisticswimming.ca\/fr\/\",\"name\":\"Natation Artistique Canada\",\"description\":\"\",\"potentialAction\":[{\"@type\":\"SearchAction\",\"target\":{\"@type\":\"EntryPoint\",\"urlTemplate\":\"https:\/\/artisticswimming.ca\/fr\/?s={search_term_string}\"},\"query-input\":{\"@type\":\"PropertyValueSpecification\",\"valueRequired\":true,\"valueName\":\"search_term_string\"}}],\"inLanguage\":\"fr-FR\"}]}<\/script>\n<!-- \/ Yoast SEO plugin. -->","yoast_head_json":{"title":"Athl\u00e8te de l'ann\u00e9e - Natation Artistique Canada","robots":{"index":"index","follow":"follow","max-snippet":"max-snippet:-1","max-image-preview":"max-image-preview:large","max-video-preview":"max-video-preview:-1"},"canonical":"https:\/\/artisticswimming.ca\/fr\/a-propos\/prix-et-historique\/prix-de-synchro-canada\/athlete-de-lannee\/","og_locale":"fr_FR","og_type":"article","og_title":"Athl\u00e8te de l'ann\u00e9e - Natation Artistique Canada","og_url":"https:\/\/artisticswimming.ca\/fr\/a-propos\/prix-et-historique\/prix-de-synchro-canada\/athlete-de-lannee\/","og_site_name":"Natation Artistique Canada","article_modified_time":"2018-09-22T16:03:01+00:00","twitter_card":"summary_large_image","twitter_misc":{"Dur\u00e9e de lecture estim\u00e9e":"2 minutes"},"schema":{"@context":"https:\/\/schema.org","@graph":[{"@type":"WebPage","@id":"https:\/\/artisticswimming.ca\/fr\/a-propos\/prix-et-historique\/prix-de-synchro-canada\/athlete-de-lannee\/","url":"https:\/\/artisticswimming.ca\/fr\/a-propos\/prix-et-historique\/prix-de-synchro-canada\/athlete-de-lannee\/","name":"Athl\u00e8te de l'ann\u00e9e - Natation Artistique Canada","isPartOf":{"@id":"https:\/\/artisticswimming.ca\/fr\/#website"},"datePublished":"2016-08-20T16:28:50+00:00","dateModified":"2018-09-22T16:03:01+00:00","breadcrumb":{"@id":"https:\/\/artisticswimming.ca\/fr\/a-propos\/prix-et-historique\/prix-de-synchro-canada\/athlete-de-lannee\/#breadcrumb"},"inLanguage":"fr-FR","potentialAction":[{"@type":"ReadAction","target":["https:\/\/artisticswimming.ca\/fr\/a-propos\/prix-et-historique\/prix-de-synchro-canada\/athlete-de-lannee\/"]}]},{"@type":"BreadcrumbList","@id":"https:\/\/artisticswimming.ca\/fr\/a-propos\/prix-et-historique\/prix-de-synchro-canada\/athlete-de-lannee\/#breadcrumb","itemListElement":[{"@type":"ListItem","position":1,"name":"Home","item":"https:\/\/artisticswimming.ca\/fr\/"},{"@type":"ListItem","position":2,"name":"\u00c0 PROPOS","item":"http:\/\/synchro.wpengine.com\/a-propos-de-synchro-canada\/vue-d-emsemble\/?lang=fr"},{"@type":"ListItem","position":3,"name":"PRIX ET HISTORIQUE","item":"http:\/\/synchro.wpengine.com\/a-propos-de-synchro-canada\/prix-et-historique\/prix-de-synchro-canada\/?lang=fr"},{"@type":"ListItem","position":4,"name":"PRIX DE NATATION ARTISTIQUE CANADA","item":"https:\/\/artisticswimming.ca\/fr\/a-propos\/prix-et-historique\/prix-de-synchro-canada\/"},{"@type":"ListItem","position":5,"name":"Athl\u00e8te de l&#8217;ann\u00e9e"}]},{"@type":"WebSite","@id":"https:\/\/artisticswimming.ca\/fr\/#website","url":"https:\/\/artisticswimming.ca\/fr\/","name":"Natation Artistique Canada","description":"","potentialAction":[{"@type":"SearchAction","target":{"@type":"EntryPoint","urlTemplate":"https:\/\/artisticswimming.ca\/fr\/?s={search_term_string}"},"query-input":{"@type":"PropertyValueSpecification","valueRequired":true,"valueName":"search_term_string"}}],"inLanguage":"fr-FR"}]}},"_links":{"self":[{"href":"https:\/\/artisticswimming.ca\/fr\/wp-json\/wp\/v2\/pages\/1266","targetHints":{"allow":["GET"]}}],"collection":[{"href":"https:\/\/artisticswimming.ca\/fr\/wp-json\/wp\/v2\/pages"}],"about":[{"href":"https:\/\/artisticswimming.ca\/fr\/wp-json\/wp\/v2\/types\/page"}],"author":[{"embeddable":true,"href":"https:\/\/artisticswimming.ca\/fr\/wp-json\/wp\/v2\/users\/3"}],"replies":[{"embeddable":true,"href":"https:\/\/artisticswimming.ca\/fr\/wp-json\/wp\/v2\/comments?post=1266"}],"version-history":[{"count":0,"href":"https:\/\/artisticswimming.ca\/fr\/wp-json\/wp\/v2\/pages\/1266\/revisions"}],"up":[{"embeddable":true,"href":"https:\/\/artisticswimming.ca\/fr\/wp-json\/wp\/v2\/pages\/942"}],"wp:attachment":[{"href":"https:\/\/artisticswimming.ca\/fr\/wp-json\/wp\/v2\/media?parent=1266"}],"curies":[{"name":"wp","href":"https:\/\/api.w.org\/{rel}","templated":true}]}}