{"id":1267,"date":"2016-08-20T16:30:36","date_gmt":"2016-08-20T16:30:36","guid":{"rendered":"http:\/\/synchro.wpengine.com\/?page_id=1267&#038;lang=fr"},"modified":"2018-09-22T12:04:40","modified_gmt":"2018-09-22T16:04:40","slug":"prix-dhonneur-du-conseil-dadministration","status":"publish","type":"page","link":"https:\/\/artisticswimming.ca\/fr\/a-propos\/prix-et-historique\/prix-de-synchro-canada\/prix-dhonneur-du-conseil-dadministration\/","title":{"rendered":"Prix d&rsquo;honneur du Conseil d&rsquo;Administration"},"content":{"rendered":"<div class=\"fusion-fullwidth fullwidth-box fusion-builder-row-1 nonhundred-percent-fullwidth non-hundred-percent-height-scrolling\" style=\"--awb-background-position:left top;--awb-border-radius-top-left:0px;--awb-border-radius-top-right:0px;--awb-border-radius-bottom-right:0px;--awb-border-radius-bottom-left:0px;--awb-padding-top:20px;--awb-padding-bottom:20px;--awb-border-sizes-top:0px;--awb-border-sizes-bottom:0px;--awb-flex-wrap:wrap;\" ><div class=\"fusion-builder-row fusion-row\"><div class=\"fusion-layout-column fusion_builder_column fusion-builder-column-0 fusion_builder_column_1_1 1_1 fusion-one-full fusion-column-first fusion-column-last fusion-column-no-min-height\" style=\"--awb-bg-size:cover;--awb-margin-bottom:0px;\"><div class=\"fusion-column-wrapper fusion-flex-column-wrapper-legacy\"><div class=\"fusion-reading-box-container reading-box-container-1\" style=\"--awb-title-color:#011c48;--awb-margin-top:0px;--awb-margin-bottom:0px;\"><div class=\"reading-box\" style=\"background-color:#f6f6f6;border-width:1px;border-color:#f6f6f6;border-top-width:3px;border-top-color:var(--primary_color);border-style:solid;\"><div class=\"reading-box-additional\">\n<p><em><span style=\"font-weight: 400;\">Le Prix d\u2019honneur du Conseil d\u2019administration sera accord\u00e9 aux personnes de la communaut\u00e9 de la natation artistique qui, selon l\u2019avis du Conseil d\u2019administration, ont apport\u00e9 une contribution significative, en tant que b\u00e9n\u00e9vole, au d\u00e9veloppement et \u00e0 l\u2019avancement du sport pendant vingt-cinq (25) ann\u00e9es ou plus.<\/span><\/em><\/p>\n<ul>\n<li><span style=\"font-size: 9pt;\">Une personne ne peut recevoir ce prix qu&rsquo;une seule fois.<\/span><\/li>\n<li><span style=\"font-size: 9pt;\">Jusqu\u2019\u00e0 concurrence de deux (2) r\u00e9compenses du Conseil d\u2019administration seront accord\u00e9es chaque ann\u00e9e, mais la r\u00e9compense ne sera pas accord\u00e9e lorsque le Conseil d\u2019administration sera d\u2019avis qu\u2019il n\u2019y a aucun candidat convenable.<\/span><\/li>\n<\/ul>\n<\/div><div class=\"fusion-clearfix\"><\/div><\/div><\/div><div class=\"fusion-text fusion-text-1\"><h2>R\u00c9CIPIENDAIRES<\/h2>\n<div class=\"table-3\">\n<table width=\"100%\">\n<thead>\n<tr>\n<th>Ann\u00e9e<\/th>\n<th>Nom<\/th>\n<\/tr>\n<tr>\n<td>2018<\/td>\n<td>Sharon Devana \/ Jos\u00e9e Daudelin (25 ans)<\/td>\n<\/tr>\n<tr>\n<td>2012<\/td>\n<td>Laura Ealing \/ Madeleine Ramsay<\/td>\n<\/tr>\n<tr>\n<td>2011<\/td>\n<td>Pat Cooley<\/td>\n<\/tr>\n<tr>\n<td>2010<\/td>\n<td>Audrey Scribney<\/td>\n<\/tr>\n<tr>\n<td>2009<\/td>\n<td>Chris Hampshire \/ Heather Archer<\/td>\n<\/tr>\n<tr>\n<td>2008<\/td>\n<td>&#8211;<\/td>\n<\/tr>\n<tr>\n<td>2007<\/td>\n<td>Louise Kennedy<\/td>\n<\/tr>\n<tr>\n<td>2006<\/td>\n<td>Lynda Furniss<\/td>\n<\/tr>\n<tr>\n<td>2005<\/td>\n<td>Leslie Taylor<\/td>\n<\/tr>\n<tr>\n<td>2004<\/td>\n<td>Dot Padget<\/td>\n<\/tr>\n<tr>\n<td>2003<\/td>\n<td>Diane Van der Pol<\/td>\n<\/tr>\n<tr>\n<td>2002<\/td>\n<td>Liz Bain<\/td>\n<\/tr>\n<tr>\n<td>2001<\/td>\n<td>Margaret (Marg) Anne McBurney<\/td>\n<\/tr>\n<tr>\n<td>2000<\/td>\n<td>Donna Van Bakel<\/td>\n<\/tr>\n<tr>\n<td>1999<\/td>\n<td>Marilyn Holmes<\/td>\n<\/tr>\n<tr>\n<td>1998<\/td>\n<td>Joan Roberts<\/td>\n<\/tr>\n<tr>\n<td>1997<\/td>\n<td>Diane Vilagos<\/td>\n<\/tr>\n<tr>\n<td>1996<\/td>\n<td>Margaret MacLennan<\/td>\n<\/tr>\n<tr>\n<td>1995<\/td>\n<td>Marlies Brand<\/td>\n<\/tr>\n<tr>\n<td>1994<\/td>\n<td>Gerry Land<\/td>\n<\/tr>\n<tr>\n<td>1993<\/td>\n<td>Penny Tregale<\/td>\n<\/tr>\n<tr>\n<td>1992<\/td>\n<td>Diana Duerkop<\/td>\n<\/tr>\n<tr>\n<td>1991<\/td>\n<td>Pat Murray<\/td>\n<\/tr>\n<tr>\n<td>1990<\/td>\n<td>Donalda Smith<\/td>\n<\/tr>\n<tr>\n<td>1989<\/td>\n<td>Gerry Dubrule<\/td>\n<\/tr>\n<tr>\n<td>1988<\/td>\n<td>Gail Adamson<\/td>\n<\/tr>\n<tr>\n<td>1987<\/td>\n<td>Sandy Roberts<\/td>\n<\/tr>\n<tr>\n<td>1986<\/td>\n<td>Muriel Whyte<\/td>\n<\/tr>\n<tr>\n<td>1985<\/td>\n<td>Joyce Corner<\/td>\n<\/tr>\n<tr>\n<td>1984<\/td>\n<td>Micheline Dussault \/ Marg Scott \/ Marj Simpson<\/td>\n<\/tr>\n<tr>\n<td>1983<\/td>\n<td>Diane Black \/ Gladys Hambrook \/ Kathy Stokes<\/td>\n<\/tr>\n<\/thead>\n<\/table>\n<\/div>\n<\/div><div class=\"fusion-clearfix\"><\/div><\/div><\/div><\/div><\/div>\n","protected":false},"excerpt":{"rendered":"","protected":false},"author":3,"featured_media":0,"parent":942,"menu_order":0,"comment_status":"closed","ping_status":"closed","template":"","meta":{"_acf_changed":false,"footnotes":""},"class_list":["post-1267","page","type-page","status-publish","hentry"],"acf":[],"yoast_head":"<!-- This site is optimized with the Yoast SEO plugin v27.2 - https:\/\/yoast.com\/product\/yoast-seo-wordpress\/ -->\n<title>Prix d&#039;honneur du Conseil d&#039;Administration - Natation Artistique Canada<\/title>\n<meta name=\"robots\" content=\"index, follow, max-snippet:-1, max-image-preview:large, max-video-preview:-1\" \/>\n<link rel=\"canonical\" href=\"https:\/\/artisticswimming.ca\/fr\/a-propos\/prix-et-historique\/prix-de-synchro-canada\/prix-dhonneur-du-conseil-dadministration\/\" \/>\n<meta property=\"og:locale\" content=\"fr_FR\" \/>\n<meta property=\"og:type\" content=\"article\" \/>\n<meta property=\"og:title\" content=\"Prix d&#039;honneur du Conseil d&#039;Administration - Natation Artistique Canada\" \/>\n<meta property=\"og:url\" content=\"https:\/\/artisticswimming.ca\/fr\/a-propos\/prix-et-historique\/prix-de-synchro-canada\/prix-dhonneur-du-conseil-dadministration\/\" \/>\n<meta property=\"og:site_name\" content=\"Natation Artistique Canada\" \/>\n<meta property=\"article:modified_time\" content=\"2018-09-22T16:04:40+00:00\" \/>\n<meta name=\"twitter:card\" content=\"summary_large_image\" \/>\n<meta name=\"twitter:label1\" content=\"Dur\u00e9e de lecture estim\u00e9e\" \/>\n\t<meta name=\"twitter:data1\" content=\"2 minutes\" \/>\n<script type=\"application\/ld+json\" class=\"yoast-schema-graph\">{\"@context\":\"https:\/\/schema.org\",\"@graph\":[{\"@type\":\"WebPage\",\"@id\":\"https:\/\/artisticswimming.ca\/fr\/a-propos\/prix-et-historique\/prix-de-synchro-canada\/prix-dhonneur-du-conseil-dadministration\/\",\"url\":\"https:\/\/artisticswimming.ca\/fr\/a-propos\/prix-et-historique\/prix-de-synchro-canada\/prix-dhonneur-du-conseil-dadministration\/\",\"name\":\"Prix d'honneur du Conseil d'Administration - Natation Artistique Canada\",\"isPartOf\":{\"@id\":\"https:\/\/artisticswimming.ca\/fr\/#website\"},\"datePublished\":\"2016-08-20T16:30:36+00:00\",\"dateModified\":\"2018-09-22T16:04:40+00:00\",\"breadcrumb\":{\"@id\":\"https:\/\/artisticswimming.ca\/fr\/a-propos\/prix-et-historique\/prix-de-synchro-canada\/prix-dhonneur-du-conseil-dadministration\/#breadcrumb\"},\"inLanguage\":\"fr-FR\",\"potentialAction\":[{\"@type\":\"ReadAction\",\"target\":[\"https:\/\/artisticswimming.ca\/fr\/a-propos\/prix-et-historique\/prix-de-synchro-canada\/prix-dhonneur-du-conseil-dadministration\/\"]}]},{\"@type\":\"BreadcrumbList\",\"@id\":\"https:\/\/artisticswimming.ca\/fr\/a-propos\/prix-et-historique\/prix-de-synchro-canada\/prix-dhonneur-du-conseil-dadministration\/#breadcrumb\",\"itemListElement\":[{\"@type\":\"ListItem\",\"position\":1,\"name\":\"Home\",\"item\":\"https:\/\/artisticswimming.ca\/fr\/\"},{\"@type\":\"ListItem\",\"position\":2,\"name\":\"\u00c0 PROPOS\",\"item\":\"http:\/\/synchro.wpengine.com\/a-propos-de-synchro-canada\/vue-d-emsemble\/?lang=fr\"},{\"@type\":\"ListItem\",\"position\":3,\"name\":\"PRIX ET HISTORIQUE\",\"item\":\"http:\/\/synchro.wpengine.com\/a-propos-de-synchro-canada\/prix-et-historique\/prix-de-synchro-canada\/?lang=fr\"},{\"@type\":\"ListItem\",\"position\":4,\"name\":\"PRIX DE NATATION ARTISTIQUE CANADA\",\"item\":\"https:\/\/artisticswimming.ca\/fr\/a-propos\/prix-et-historique\/prix-de-synchro-canada\/\"},{\"@type\":\"ListItem\",\"position\":5,\"name\":\"Prix d&#8217;honneur du Conseil d&#8217;Administration\"}]},{\"@type\":\"WebSite\",\"@id\":\"https:\/\/artisticswimming.ca\/fr\/#website\",\"url\":\"https:\/\/artisticswimming.ca\/fr\/\",\"name\":\"Natation Artistique Canada\",\"description\":\"\",\"potentialAction\":[{\"@type\":\"SearchAction\",\"target\":{\"@type\":\"EntryPoint\",\"urlTemplate\":\"https:\/\/artisticswimming.ca\/fr\/?s={search_term_string}\"},\"query-input\":{\"@type\":\"PropertyValueSpecification\",\"valueRequired\":true,\"valueName\":\"search_term_string\"}}],\"inLanguage\":\"fr-FR\"}]}<\/script>\n<!-- \/ Yoast SEO plugin. -->","yoast_head_json":{"title":"Prix d'honneur du Conseil d'Administration - Natation Artistique Canada","robots":{"index":"index","follow":"follow","max-snippet":"max-snippet:-1","max-image-preview":"max-image-preview:large","max-video-preview":"max-video-preview:-1"},"canonical":"https:\/\/artisticswimming.ca\/fr\/a-propos\/prix-et-historique\/prix-de-synchro-canada\/prix-dhonneur-du-conseil-dadministration\/","og_locale":"fr_FR","og_type":"article","og_title":"Prix d'honneur du Conseil d'Administration - Natation Artistique Canada","og_url":"https:\/\/artisticswimming.ca\/fr\/a-propos\/prix-et-historique\/prix-de-synchro-canada\/prix-dhonneur-du-conseil-dadministration\/","og_site_name":"Natation Artistique Canada","article_modified_time":"2018-09-22T16:04:40+00:00","twitter_card":"summary_large_image","twitter_misc":{"Dur\u00e9e de lecture estim\u00e9e":"2 minutes"},"schema":{"@context":"https:\/\/schema.org","@graph":[{"@type":"WebPage","@id":"https:\/\/artisticswimming.ca\/fr\/a-propos\/prix-et-historique\/prix-de-synchro-canada\/prix-dhonneur-du-conseil-dadministration\/","url":"https:\/\/artisticswimming.ca\/fr\/a-propos\/prix-et-historique\/prix-de-synchro-canada\/prix-dhonneur-du-conseil-dadministration\/","name":"Prix d'honneur du Conseil d'Administration - Natation Artistique Canada","isPartOf":{"@id":"https:\/\/artisticswimming.ca\/fr\/#website"},"datePublished":"2016-08-20T16:30:36+00:00","dateModified":"2018-09-22T16:04:40+00:00","breadcrumb":{"@id":"https:\/\/artisticswimming.ca\/fr\/a-propos\/prix-et-historique\/prix-de-synchro-canada\/prix-dhonneur-du-conseil-dadministration\/#breadcrumb"},"inLanguage":"fr-FR","potentialAction":[{"@type":"ReadAction","target":["https:\/\/artisticswimming.ca\/fr\/a-propos\/prix-et-historique\/prix-de-synchro-canada\/prix-dhonneur-du-conseil-dadministration\/"]}]},{"@type":"BreadcrumbList","@id":"https:\/\/artisticswimming.ca\/fr\/a-propos\/prix-et-historique\/prix-de-synchro-canada\/prix-dhonneur-du-conseil-dadministration\/#breadcrumb","itemListElement":[{"@type":"ListItem","position":1,"name":"Home","item":"https:\/\/artisticswimming.ca\/fr\/"},{"@type":"ListItem","position":2,"name":"\u00c0 PROPOS","item":"http:\/\/synchro.wpengine.com\/a-propos-de-synchro-canada\/vue-d-emsemble\/?lang=fr"},{"@type":"ListItem","position":3,"name":"PRIX ET HISTORIQUE","item":"http:\/\/synchro.wpengine.com\/a-propos-de-synchro-canada\/prix-et-historique\/prix-de-synchro-canada\/?lang=fr"},{"@type":"ListItem","position":4,"name":"PRIX DE NATATION ARTISTIQUE CANADA","item":"https:\/\/artisticswimming.ca\/fr\/a-propos\/prix-et-historique\/prix-de-synchro-canada\/"},{"@type":"ListItem","position":5,"name":"Prix d&#8217;honneur du Conseil d&#8217;Administration"}]},{"@type":"WebSite","@id":"https:\/\/artisticswimming.ca\/fr\/#website","url":"https:\/\/artisticswimming.ca\/fr\/","name":"Natation Artistique Canada","description":"","potentialAction":[{"@type":"SearchAction","target":{"@type":"EntryPoint","urlTemplate":"https:\/\/artisticswimming.ca\/fr\/?s={search_term_string}"},"query-input":{"@type":"PropertyValueSpecification","valueRequired":true,"valueName":"search_term_string"}}],"inLanguage":"fr-FR"}]}},"_links":{"self":[{"href":"https:\/\/artisticswimming.ca\/fr\/wp-json\/wp\/v2\/pages\/1267","targetHints":{"allow":["GET"]}}],"collection":[{"href":"https:\/\/artisticswimming.ca\/fr\/wp-json\/wp\/v2\/pages"}],"about":[{"href":"https:\/\/artisticswimming.ca\/fr\/wp-json\/wp\/v2\/types\/page"}],"author":[{"embeddable":true,"href":"https:\/\/artisticswimming.ca\/fr\/wp-json\/wp\/v2\/users\/3"}],"replies":[{"embeddable":true,"href":"https:\/\/artisticswimming.ca\/fr\/wp-json\/wp\/v2\/comments?post=1267"}],"version-history":[{"count":0,"href":"https:\/\/artisticswimming.ca\/fr\/wp-json\/wp\/v2\/pages\/1267\/revisions"}],"up":[{"embeddable":true,"href":"https:\/\/artisticswimming.ca\/fr\/wp-json\/wp\/v2\/pages\/942"}],"wp:attachment":[{"href":"https:\/\/artisticswimming.ca\/fr\/wp-json\/wp\/v2\/media?parent=1267"}],"curies":[{"name":"wp","href":"https:\/\/api.w.org\/{rel}","templated":true}]}}