{"id":1269,"date":"2016-08-20T16:31:29","date_gmt":"2016-08-20T16:31:29","guid":{"rendered":"http:\/\/synchro.wpengine.com\/?page_id=1269&#038;lang=fr"},"modified":"2018-01-23T22:49:36","modified_gmt":"2018-01-23T22:49:36","slug":"certificat-de-merite","status":"publish","type":"page","link":"https:\/\/artisticswimming.ca\/fr\/a-propos\/prix-et-historique\/prix-de-synchro-canada\/certificat-de-merite\/","title":{"rendered":"Certificat de m\u00e9rite"},"content":{"rendered":"<div class=\"fusion-fullwidth fullwidth-box fusion-builder-row-1 nonhundred-percent-fullwidth non-hundred-percent-height-scrolling\" style=\"--awb-background-position:left top;--awb-border-radius-top-left:0px;--awb-border-radius-top-right:0px;--awb-border-radius-bottom-right:0px;--awb-border-radius-bottom-left:0px;--awb-padding-top:20px;--awb-padding-bottom:20px;--awb-border-sizes-top:0px;--awb-border-sizes-bottom:0px;--awb-flex-wrap:wrap;\" ><div class=\"fusion-builder-row fusion-row\"><div class=\"fusion-layout-column fusion_builder_column fusion-builder-column-0 fusion_builder_column_1_1 1_1 fusion-one-full fusion-column-first fusion-column-last fusion-column-no-min-height\" style=\"--awb-bg-size:cover;--awb-margin-bottom:0px;\"><div class=\"fusion-column-wrapper fusion-flex-column-wrapper-legacy\"><div class=\"fusion-reading-box-container reading-box-container-1\" style=\"--awb-title-color:#011c48;--awb-margin-top:0px;--awb-margin-bottom:0px;\"><div class=\"reading-box\" style=\"background-color:#f6f6f6;border-width:1px;border-color:#f6f6f6;border-top-width:3px;border-top-color:var(--primary_color);border-style:solid;\"><div class=\"reading-box-additional\"><em><span style=\"font-weight: 400;\">Le Certificat de m\u00e9rite est remis aux personnes qui, selon l\u2019avis du Conseil d\u2019administration, ont contribu\u00e9 des services b\u00e9n\u00e9voles significatifs pendant trois (3) ann\u00e9es ou plus.<\/span><\/em><\/p>\n<ul>\n<li><span style=\"font-size: 9pt;\">Ce certificat ne peut \u00eatre re\u00e7u qu&rsquo;une seule fois.<\/span><\/li>\n<li><span style=\"font-size: 9pt;\">Il n\u2019y a\u00a0pas de limite quant au nombre de Certificats de m\u00e9rite qui seront accord\u00e9s chaque ann\u00e9e.<\/span><\/li>\n<\/ul>\n<\/div><div class=\"fusion-clearfix\"><\/div><\/div><\/div><div class=\"fusion-text fusion-text-1\"><h2>R\u00c9CIPIENDAIRES<\/h2>\n<div class=\"table-3\">\n<table width=\"100%\">\n<thead>\n<tr>\n<th>Ann\u00e9e<\/th>\n<th>Nom<\/th>\n<\/tr>\n<\/thead>\n<tbody>\n<tr>\n<td>2012<\/td>\n<td><span style=\"font-weight: 400;\">Maureen O\u2019Donoghue <\/span><\/td>\n<\/tr>\n<tr>\n<td>2011<\/td>\n<td><span style=\"font-weight: 400;\">Maryse Brasseur<br \/>\nCarol Chernishenko<br \/>\nCarole Domingue<br \/>\nKathleen Lipinski<br \/>\nCrystal Meakin<\/span><\/td>\n<\/tr>\n<tr>\n<td>2010<\/td>\n<td><span style=\"font-weight: 400;\">Carly Abraham (AB)<br \/>\nColleen Aird (NS)<br \/>\nTeresa Alentejano (AB)<br \/>\nRob Allen (AB)<br \/>\nLaura Casey (NS)<br \/>\nJennifer Flowers (AB)<br \/>\nBrad George (ON)<br \/>\nPenny Hermann (SA)<br \/>\nTrish McKay (BC)<br \/>\nChristine Pedneault (QC)<br \/>\nRobert P\u00e9rigny (QC)<br \/>\nMarcia Scrimgeour (ON)<br \/>\nMargo Weiner (SA)<br \/>\nGillian Wesley (NS)\u00a0<\/span><\/td>\n<\/tr>\n<tr>\n<td>2009<\/td>\n<td><span style=\"font-weight: 400;\">Lesley Ahara<br \/>\nAndrea Figueiro<br \/>\nJessica Lamontagne<br \/>\nKari McNight<br \/>\nNancy O&rsquo;Toole<br \/>\nLorraine Rowland<br \/>\nLianna Sotille<br \/>\nBarb Tooth<\/span><\/td>\n<\/tr>\n<tr>\n<td>2008<\/td>\n<td><span style=\"font-weight: 400;\">Laura Bell<br \/>\nRosalee Chartrand-Rodrique<br \/>\nGreta Spittle<br \/>\nDebbie Provencher<br \/>\nRoss Tegart<br \/>\nMary Keene<br \/>\nCathy Spittle<br \/>\nAdam Whitcombe<br \/>\nLisa Balcombe<br \/>\nShannon Berg<br \/>\nChris Profini<br \/>\nSandy Holmquist<br \/>\nSandra McLachlan<br \/>\nSharon Trevena<br \/>\nGina McGuffin<br \/>\nJennifer Saunders<br \/>\nJaime Thompson<br \/>\nKim Deveau <\/span><\/td>\n<\/tr>\n<tr>\n<td>2007<\/td>\n<td><span style=\"font-weight: 400;\">Carol MacGregor<br \/>\nSuzanne Laroche<br \/>\nLynn Hammond<br \/>\nJeff Poss<br \/>\nKaren Seymour<br \/>\nMichele Lopers<br \/>\nLeanne MacDonnell<br \/>\nLisa Schott<br \/>\nBeth Hicks<br \/>\nGinette Piche-Lapointe<br \/>\nLouise Newberry<br \/>\nMarg Holland<br \/>\nCarol Spensley <\/span><\/td>\n<\/tr>\n<tr>\n<td>2006<\/td>\n<td><span style=\"font-weight: 400;\">Sandra Reeves<br \/>\nDominique Pelletier<br \/>\nSuzanne Paye Pytura\u00a0<\/span><\/td>\n<\/tr>\n<tr>\n<td>2005<\/td>\n<td><span style=\"font-weight: 400;\">Kirsten Brough<br \/>\nMarlene Cairns<br \/>\nKathy Currie<br \/>\nDeborah Gee<br \/>\nNaomi Rafuse<br \/>\nPam Bursey<br \/>\nStacey Wood<br \/>\nCarol McKinlay<br \/>\nAnne Poulos<br \/>\nKirsten Normand<br \/>\nMarian Stuffco<br \/>\nKim Rudd<br \/>\nAnne Smeeton<br \/>\nDominique Pelletier<\/span><\/td>\n<\/tr>\n<tr>\n<td>2004<\/td>\n<td><span style=\"font-weight: 400;\">Bill Matson<br \/>\nVic Klassen<br \/>\nAnn Phillips<br \/>\nLouise McDonald<br \/>\nJoane Caskey<br \/>\nMarg Graham\u00a0<\/span><\/td>\n<\/tr>\n<tr>\n<td>2003<\/td>\n<td><span style=\"font-weight: 400;\">Chris Gauthier<br \/>\nIrene Van Hooft<br \/>\nLorraine Johnson<br \/>\nJean Bursey<br \/>\nCarol Cote<br \/>\nElaine McHerron<br \/>\nEv Fehler<br \/>\nEv Keddie<br \/>\nGerry Cavers<br \/>\nH\u00e9l\u00e8ne Tang \u00a0<\/span><\/td>\n<\/tr>\n<tr>\n<td>2002<\/td>\n<td><span style=\"font-weight: 400;\">Linda Andrecheck<br \/>\nJackie Hiscock<br \/>\nJudith Moore<br \/>\nDonne Marie MacLeod<br \/>\nConnie Moore<br \/>\nNancy Reed<br \/>\nNancy Fisher<br \/>\nPat Taylor<br \/>\nKaren Howell \u00a0<\/span><\/td>\n<\/tr>\n<tr>\n<td>2001<\/td>\n<td><span style=\"font-weight: 400;\">Frances Parker<br \/>\nLouise Haerle<br \/>\nShannon Worsfold<br \/>\nRosemary Stewart<br \/>\nCarol Stewart<br \/>\nJoanna Utterback\u00a0<\/span><\/td>\n<\/tr>\n<tr>\n<td>2000<\/td>\n<td><span style=\"font-weight: 400;\">Pam Ahrens<br \/>\nAnslie Johnson<br \/>\nAnne Peters\u00a0<\/span><\/td>\n<\/tr>\n<tr>\n<td>1999<\/td>\n<td><span style=\"font-weight: 400;\">Jos\u00e9e Daudelin<br \/>\nCarolin Contant<br \/>\nLucie Michaud<br \/>\nChloe Greenhalgh<br \/>\nShirlee O&rsquo;Neill <\/span><\/td>\n<\/tr>\n<tr>\n<td>1998<\/td>\n<td><span style=\"font-weight: 400;\">Bev Clear<br \/>\nLorraine Holmwood<br \/>\nFrancine Delisle-Lapalme<br \/>\nDenise Lamontagne<br \/>\nNancy Littler <\/span><\/td>\n<\/tr>\n<tr>\n<td>1997<\/td>\n<td><span style=\"font-weight: 400;\">Joan Burry<br \/>\nSusan Fisher<br \/>\nDianne Greenwood<br \/>\nPat McCann<br \/>\nJanice McLaughlin<br \/>\nMaureen Cornford<br \/>\nDebi Fox<br \/>\nGail Rogers<br \/>\nChrista Bouvier<br \/>\nDorthy Erhman<br \/>\nErin Bull\u00e9e<br \/>\nLogan Duffield\u00a0<\/span><\/td>\n<\/tr>\n<tr>\n<td>1996<\/td>\n<td><span style=\"font-weight: 400;\">Maureen Crews<br \/>\nBrian Moore<br \/>\nJohanna Lisakowski<br \/>\nHelen Kolberg<br \/>\nBill Alexander<br \/>\nDiane H\u00e9bert\u00a0<\/span><\/td>\n<\/tr>\n<tr>\n<td>1995<\/td>\n<td><span style=\"font-weight: 400;\">Darcel Moro<br \/>\nLaurel Irving Piot<br \/>\nKaren Land<br \/>\nJoan Russell<br \/>\nMonique Bouchard<br \/>\nAudrey Scribney<br \/>\nSandy McKinnon<\/span><\/td>\n<\/tr>\n<tr>\n<td>1994<\/td>\n<td><span style=\"font-weight: 400;\">Judy Davis<br \/>\nDarlene Irvine<br \/>\nSandy Slight<br \/>\nSharon Devana<br \/>\nPat Taylor<br \/>\nPam Carter<br \/>\nDana Goski\u00a0<\/span><\/td>\n<\/tr>\n<tr>\n<td>1993<\/td>\n<td><span style=\"font-weight: 400;\">Karen Howie<br \/>\nRuth Ring<br \/>\nLinda Krahn<br \/>\nConnie Moore<br \/>\nBonnie Smith<br \/>\nCheryl Coates<br \/>\nGilbert Emond <\/span><\/td>\n<\/tr>\n<tr>\n<td>1992<\/td>\n<td><span style=\"font-weight: 400;\">Lorraine Ridgeway<br \/>\nCarol McIntosh<br \/>\nPam Kidney<br \/>\nElizabeth Chrumka<br \/>\nHuguette Bissonette<br \/>\nC\u00e9line Giroux<\/span><\/td>\n<\/tr>\n<tr>\n<td>1991<\/td>\n<td><span style=\"font-weight: 400;\">Donna Hall<br \/>\nSheila McCallum<br \/>\nDorothy Mitchell<br \/>\nChris Hampshire<br \/>\nJoni Burry<br \/>\nRita Callahan<br \/>\nAnna Goski <\/span><\/td>\n<\/tr>\n<tr>\n<td>1990<\/td>\n<td><span style=\"font-weight: 400;\">Sandy Poffenroth<br \/>\nSven Larsen<br \/>\nNancy Lyman<br \/>\nLeah Fright<br \/>\nLaura Ealing<br \/>\nSuzanne Boylan<br \/>\nLorna Proudfoot<br \/>\nDiane van der Pol<br \/>\nHelen Gordon<br \/>\nMadeleine Ramsey\u00a0<\/span><\/td>\n<\/tr>\n<tr>\n<td>1989<\/td>\n<td><span style=\"font-weight: 400;\">Alex Barton<br \/>\nMarilyn Kembel<br \/>\nBonnie Carlson<br \/>\nJoan Roberts<br \/>\nLouise Davis<br \/>\nPatty Simmonds<br \/>\nDonna Hall<br \/>\nMary Webb<br \/>\nMarilyn Holmes<br \/>\nElizabeth Wegenast <\/span><\/td>\n<\/tr>\n<tr>\n<td>1988<\/td>\n<td><span style=\"font-weight: 400;\">Jan Adamson<br \/>\nDon Jones<br \/>\nChristine Bergeron<br \/>\nMonique Lupien<br \/>\nMadeline Carter<br \/>\nLil Malcovitch<br \/>\nOlivia Chow<br \/>\nLeslie Taylor<br \/>\nFrances Drover<br \/>\nRon Thomson<br \/>\nGerry Dubrule <\/span><\/td>\n<\/tr>\n<tr>\n<td>1987<\/td>\n<td><span style=\"font-weight: 400;\">Elizabeth Bain<br \/>\nJoan Saunders<br \/>\nJoyce Christie<br \/>\nBarbara Lyon Stewart<br \/>\nLorraine Jobin<br \/>\nDonna Van Bakel<br \/>\nLyse Petroziello<br \/>\nJoe Vilagos<br \/>\nMarnie Rutlege<br \/>\nVal Zacharias<\/span><\/td>\n<\/tr>\n<tr>\n<td>1986<\/td>\n<td><span style=\"font-weight: 400;\">Marion Adams<br \/>\nDawn Meads<br \/>\nBillie Carter<br \/>\nJackie Natuck<br \/>\nBeth Glen<br \/>\nJoan Roberts<br \/>\nPat Hodge<br \/>\nCarol Sharer<br \/>\nAlain Larocque\u00a0<\/span><\/td>\n<\/tr>\n<tr>\n<td>1985<\/td>\n<td><span style=\"font-weight: 400;\">Sandi Ahonan<br \/>\nTerry Jones<br \/>\nMarlies Brand<br \/>\nLena Larsen<br \/>\nMarg Craig<br \/>\nNancy Livingston<br \/>\nGail Donahue<br \/>\nMarg McBurney<br \/>\nTerry Eagles<br \/>\nLis McLeod<br \/>\nMarilyn Holmes<br \/>\nBarbara MacMillan<br \/>\nDonna Welsh<\/span><\/td>\n<\/tr>\n<tr>\n<td>1984<\/td>\n<td><span style=\"font-weight: 400;\">Wilda Arnold<br \/>\nDiane Lemon<br \/>\nLise Blais<br \/>\nMable Moran<br \/>\nElizabeth Chrumka<br \/>\nDot Padget<br \/>\nDela Cody<br \/>\nPat Stewart<br \/>\nLynda Furniss<br \/>\nGailVan Sacker<br \/>\nMarg Grant<br \/>\nColleen Walker<br \/>\nMurill Johnston<\/span><\/td>\n<\/tr>\n<tr>\n<td>1983<\/td>\n<td><span style=\"font-weight: 400;\">Heather Archer<br \/>\nMargaret McLennan<br \/>\nGladys Bean<br \/>\nMarnie McDougal<br \/>\nDiane Black<br \/>\nVicky Morrison<br \/>\nElinor Clarke<br \/>\nPat Murray<br \/>\nSusan Clarke<br \/>\nSandra Roberts<br \/>\nPat Cooley<br \/>\nMarg Scott<br \/>\nJoyce Corner<br \/>\nMarj Simpson<br \/>\nBev Cromb<br \/>\nDonalda Smith<br \/>\nCarol Dellevoet<br \/>\nKathy Stokes<br \/>\nMicheline Dusseault<br \/>\nLenora Tamney<br \/>\nCatherine Edwards<br \/>\nPeter Tregale<br \/>\nGladys Hambrook<br \/>\nMuriel Whyte<br \/>\nGerry Land<br \/>\nDiane Vilagos<\/span><\/td>\n<\/tr>\n<\/tbody>\n<\/table>\n<\/div>\n<\/div><div class=\"fusion-clearfix\"><\/div><\/div><\/div><\/div><\/div>\n","protected":false},"excerpt":{"rendered":"","protected":false},"author":3,"featured_media":0,"parent":942,"menu_order":0,"comment_status":"closed","ping_status":"closed","template":"","meta":{"_acf_changed":false,"footnotes":""},"class_list":["post-1269","page","type-page","status-publish","hentry"],"acf":[],"yoast_head":"<!-- This site is optimized with the Yoast SEO plugin v27.2 - https:\/\/yoast.com\/product\/yoast-seo-wordpress\/ -->\n<title>Certificat de m\u00e9rite - Natation Artistique Canada<\/title>\n<meta name=\"robots\" content=\"index, follow, max-snippet:-1, max-image-preview:large, max-video-preview:-1\" \/>\n<link rel=\"canonical\" href=\"https:\/\/artisticswimming.ca\/fr\/a-propos\/prix-et-historique\/prix-de-synchro-canada\/certificat-de-merite\/\" \/>\n<meta property=\"og:locale\" content=\"fr_FR\" \/>\n<meta property=\"og:type\" content=\"article\" \/>\n<meta property=\"og:title\" content=\"Certificat de m\u00e9rite - Natation Artistique Canada\" \/>\n<meta property=\"og:url\" content=\"https:\/\/artisticswimming.ca\/fr\/a-propos\/prix-et-historique\/prix-de-synchro-canada\/certificat-de-merite\/\" \/>\n<meta property=\"og:site_name\" content=\"Natation Artistique Canada\" \/>\n<meta property=\"article:modified_time\" content=\"2018-01-23T22:49:36+00:00\" \/>\n<meta name=\"twitter:card\" content=\"summary_large_image\" \/>\n<meta name=\"twitter:label1\" content=\"Dur\u00e9e de lecture estim\u00e9e\" \/>\n\t<meta name=\"twitter:data1\" content=\"4 minutes\" \/>\n<script type=\"application\/ld+json\" class=\"yoast-schema-graph\">{\"@context\":\"https:\/\/schema.org\",\"@graph\":[{\"@type\":\"WebPage\",\"@id\":\"https:\/\/artisticswimming.ca\/fr\/a-propos\/prix-et-historique\/prix-de-synchro-canada\/certificat-de-merite\/\",\"url\":\"https:\/\/artisticswimming.ca\/fr\/a-propos\/prix-et-historique\/prix-de-synchro-canada\/certificat-de-merite\/\",\"name\":\"Certificat de m\u00e9rite - Natation Artistique Canada\",\"isPartOf\":{\"@id\":\"https:\/\/artisticswimming.ca\/fr\/#website\"},\"datePublished\":\"2016-08-20T16:31:29+00:00\",\"dateModified\":\"2018-01-23T22:49:36+00:00\",\"breadcrumb\":{\"@id\":\"https:\/\/artisticswimming.ca\/fr\/a-propos\/prix-et-historique\/prix-de-synchro-canada\/certificat-de-merite\/#breadcrumb\"},\"inLanguage\":\"fr-FR\",\"potentialAction\":[{\"@type\":\"ReadAction\",\"target\":[\"https:\/\/artisticswimming.ca\/fr\/a-propos\/prix-et-historique\/prix-de-synchro-canada\/certificat-de-merite\/\"]}]},{\"@type\":\"BreadcrumbList\",\"@id\":\"https:\/\/artisticswimming.ca\/fr\/a-propos\/prix-et-historique\/prix-de-synchro-canada\/certificat-de-merite\/#breadcrumb\",\"itemListElement\":[{\"@type\":\"ListItem\",\"position\":1,\"name\":\"Home\",\"item\":\"https:\/\/artisticswimming.ca\/fr\/\"},{\"@type\":\"ListItem\",\"position\":2,\"name\":\"\u00c0 PROPOS\",\"item\":\"http:\/\/synchro.wpengine.com\/a-propos-de-synchro-canada\/vue-d-emsemble\/?lang=fr\"},{\"@type\":\"ListItem\",\"position\":3,\"name\":\"PRIX ET HISTORIQUE\",\"item\":\"http:\/\/synchro.wpengine.com\/a-propos-de-synchro-canada\/prix-et-historique\/prix-de-synchro-canada\/?lang=fr\"},{\"@type\":\"ListItem\",\"position\":4,\"name\":\"PRIX DE NATATION ARTISTIQUE CANADA\",\"item\":\"https:\/\/artisticswimming.ca\/fr\/a-propos\/prix-et-historique\/prix-de-synchro-canada\/\"},{\"@type\":\"ListItem\",\"position\":5,\"name\":\"Certificat de m\u00e9rite\"}]},{\"@type\":\"WebSite\",\"@id\":\"https:\/\/artisticswimming.ca\/fr\/#website\",\"url\":\"https:\/\/artisticswimming.ca\/fr\/\",\"name\":\"Natation Artistique Canada\",\"description\":\"\",\"potentialAction\":[{\"@type\":\"SearchAction\",\"target\":{\"@type\":\"EntryPoint\",\"urlTemplate\":\"https:\/\/artisticswimming.ca\/fr\/?s={search_term_string}\"},\"query-input\":{\"@type\":\"PropertyValueSpecification\",\"valueRequired\":true,\"valueName\":\"search_term_string\"}}],\"inLanguage\":\"fr-FR\"}]}<\/script>\n<!-- \/ Yoast SEO plugin. -->","yoast_head_json":{"title":"Certificat de m\u00e9rite - Natation Artistique Canada","robots":{"index":"index","follow":"follow","max-snippet":"max-snippet:-1","max-image-preview":"max-image-preview:large","max-video-preview":"max-video-preview:-1"},"canonical":"https:\/\/artisticswimming.ca\/fr\/a-propos\/prix-et-historique\/prix-de-synchro-canada\/certificat-de-merite\/","og_locale":"fr_FR","og_type":"article","og_title":"Certificat de m\u00e9rite - Natation Artistique Canada","og_url":"https:\/\/artisticswimming.ca\/fr\/a-propos\/prix-et-historique\/prix-de-synchro-canada\/certificat-de-merite\/","og_site_name":"Natation Artistique Canada","article_modified_time":"2018-01-23T22:49:36+00:00","twitter_card":"summary_large_image","twitter_misc":{"Dur\u00e9e de lecture estim\u00e9e":"4 minutes"},"schema":{"@context":"https:\/\/schema.org","@graph":[{"@type":"WebPage","@id":"https:\/\/artisticswimming.ca\/fr\/a-propos\/prix-et-historique\/prix-de-synchro-canada\/certificat-de-merite\/","url":"https:\/\/artisticswimming.ca\/fr\/a-propos\/prix-et-historique\/prix-de-synchro-canada\/certificat-de-merite\/","name":"Certificat de m\u00e9rite - Natation Artistique Canada","isPartOf":{"@id":"https:\/\/artisticswimming.ca\/fr\/#website"},"datePublished":"2016-08-20T16:31:29+00:00","dateModified":"2018-01-23T22:49:36+00:00","breadcrumb":{"@id":"https:\/\/artisticswimming.ca\/fr\/a-propos\/prix-et-historique\/prix-de-synchro-canada\/certificat-de-merite\/#breadcrumb"},"inLanguage":"fr-FR","potentialAction":[{"@type":"ReadAction","target":["https:\/\/artisticswimming.ca\/fr\/a-propos\/prix-et-historique\/prix-de-synchro-canada\/certificat-de-merite\/"]}]},{"@type":"BreadcrumbList","@id":"https:\/\/artisticswimming.ca\/fr\/a-propos\/prix-et-historique\/prix-de-synchro-canada\/certificat-de-merite\/#breadcrumb","itemListElement":[{"@type":"ListItem","position":1,"name":"Home","item":"https:\/\/artisticswimming.ca\/fr\/"},{"@type":"ListItem","position":2,"name":"\u00c0 PROPOS","item":"http:\/\/synchro.wpengine.com\/a-propos-de-synchro-canada\/vue-d-emsemble\/?lang=fr"},{"@type":"ListItem","position":3,"name":"PRIX ET HISTORIQUE","item":"http:\/\/synchro.wpengine.com\/a-propos-de-synchro-canada\/prix-et-historique\/prix-de-synchro-canada\/?lang=fr"},{"@type":"ListItem","position":4,"name":"PRIX DE NATATION ARTISTIQUE CANADA","item":"https:\/\/artisticswimming.ca\/fr\/a-propos\/prix-et-historique\/prix-de-synchro-canada\/"},{"@type":"ListItem","position":5,"name":"Certificat de m\u00e9rite"}]},{"@type":"WebSite","@id":"https:\/\/artisticswimming.ca\/fr\/#website","url":"https:\/\/artisticswimming.ca\/fr\/","name":"Natation Artistique Canada","description":"","potentialAction":[{"@type":"SearchAction","target":{"@type":"EntryPoint","urlTemplate":"https:\/\/artisticswimming.ca\/fr\/?s={search_term_string}"},"query-input":{"@type":"PropertyValueSpecification","valueRequired":true,"valueName":"search_term_string"}}],"inLanguage":"fr-FR"}]}},"_links":{"self":[{"href":"https:\/\/artisticswimming.ca\/fr\/wp-json\/wp\/v2\/pages\/1269","targetHints":{"allow":["GET"]}}],"collection":[{"href":"https:\/\/artisticswimming.ca\/fr\/wp-json\/wp\/v2\/pages"}],"about":[{"href":"https:\/\/artisticswimming.ca\/fr\/wp-json\/wp\/v2\/types\/page"}],"author":[{"embeddable":true,"href":"https:\/\/artisticswimming.ca\/fr\/wp-json\/wp\/v2\/users\/3"}],"replies":[{"embeddable":true,"href":"https:\/\/artisticswimming.ca\/fr\/wp-json\/wp\/v2\/comments?post=1269"}],"version-history":[{"count":0,"href":"https:\/\/artisticswimming.ca\/fr\/wp-json\/wp\/v2\/pages\/1269\/revisions"}],"up":[{"embeddable":true,"href":"https:\/\/artisticswimming.ca\/fr\/wp-json\/wp\/v2\/pages\/942"}],"wp:attachment":[{"href":"https:\/\/artisticswimming.ca\/fr\/wp-json\/wp\/v2\/media?parent=1269"}],"curies":[{"name":"wp","href":"https:\/\/api.w.org\/{rel}","templated":true}]}}