{"id":1274,"date":"2016-08-20T16:33:45","date_gmt":"2016-08-20T16:33:45","guid":{"rendered":"http:\/\/synchro.wpengine.com\/?page_id=1274&#038;lang=fr"},"modified":"2018-09-22T12:17:02","modified_gmt":"2018-09-22T16:17:02","slug":"realisation-de-benevolat-a-vie","status":"publish","type":"page","link":"https:\/\/artisticswimming.ca\/fr\/a-propos\/prix-et-historique\/prix-de-synchro-canada\/realisation-de-benevolat-a-vie\/","title":{"rendered":"R\u00e9alisation de b\u00e9n\u00e9volat \u00e0 vie"},"content":{"rendered":"<div class=\"fusion-fullwidth fullwidth-box fusion-builder-row-1 nonhundred-percent-fullwidth non-hundred-percent-height-scrolling\" style=\"--awb-background-position:left top;--awb-border-radius-top-left:0px;--awb-border-radius-top-right:0px;--awb-border-radius-bottom-right:0px;--awb-border-radius-bottom-left:0px;--awb-padding-top:20px;--awb-padding-bottom:20px;--awb-border-sizes-top:0px;--awb-border-sizes-bottom:0px;--awb-flex-wrap:wrap;\" ><div class=\"fusion-builder-row fusion-row\"><div class=\"fusion-layout-column fusion_builder_column fusion-builder-column-0 fusion_builder_column_1_1 1_1 fusion-one-full fusion-column-first fusion-column-last fusion-column-no-min-height\" style=\"--awb-bg-size:cover;--awb-margin-bottom:0px;\"><div class=\"fusion-column-wrapper fusion-flex-column-wrapper-legacy\"><div class=\"fusion-reading-box-container reading-box-container-1\" style=\"--awb-title-color:#011c48;--awb-margin-top:0px;--awb-margin-bottom:0px;\"><div class=\"reading-box\" style=\"background-color:#f6f6f6;border-width:1px;border-color:#f6f6f6;border-top-width:3px;border-top-color:var(--primary_color);border-style:solid;\"><div class=\"reading-box-additional\">\n<p><em><span style=\"font-weight: 400;\">La r\u00e9compense pour la r\u00e9alisation du b\u00e9n\u00e9volat \u00e0 vie est pr\u00e9sent\u00e9e aux personnes, qui selon l\u2019avis du Conseil d\u2019administration, ont servi, se sont d\u00e9vou\u00e9s et ont contribu\u00e9 pendant 40 ann\u00e9es ou plus.<\/span><\/em><\/p>\n<ul>\n<li><span style=\"font-size: 9pt;\">Une personne ne peut recevoir cette r\u00e9compense qu\u2019une fois dans sa vie.<\/span><\/li>\n<li><span style=\"font-size: 9pt;\">Jusqu\u2019\u00e0 concurrence de (2) deux r\u00e9compenses pour une vie de b\u00e9n\u00e9volat seront accord\u00e9es chaque ann\u00e9e, mais il n\u2019y aura aucune r\u00e9compense annuelle lorsque le Conseil d\u2019administration de Natation Artistique Canada est d\u2019avis qu\u2019il n\u2019y a aucune candidature convenable.<\/span><\/li>\n<\/ul>\n<\/div><div class=\"fusion-clearfix\"><\/div><\/div><\/div><div class=\"fusion-text fusion-text-1\"><h2>R\u00c9CIPIENDAIRES<\/h2>\n<div class=\"table-3\">\n<table width=\"100%\">\n<thead>\n<tr>\n<th>Ann\u00e9e<\/th>\n<th>Nom<\/th>\n<\/tr>\n<\/thead>\n<tbody>\n<tr>\n<td>2018<\/td>\n<td><span style=\"font-weight: 400;\">Audrey Sribney<br \/>\nDot Padget<\/span><\/td>\n<\/tr>\n<tr>\n<td>2013<\/td>\n<td><span style=\"font-weight: 400;\">Lynda Furniss<br \/>\nPat Cooley <\/span><\/td>\n<\/tr>\n<tr>\n<td>2012<\/td>\n<td><span style=\"font-weight: 400;\">Leslie Taylor<\/span><\/td>\n<\/tr>\n<\/tbody>\n<\/table>\n<\/div>\n<\/div><div class=\"fusion-clearfix\"><\/div><\/div><\/div><\/div><\/div>\n","protected":false},"excerpt":{"rendered":"","protected":false},"author":3,"featured_media":0,"parent":942,"menu_order":0,"comment_status":"closed","ping_status":"closed","template":"","meta":{"_acf_changed":false,"footnotes":""},"class_list":["post-1274","page","type-page","status-publish","hentry"],"acf":[],"yoast_head":"<!-- This site is optimized with the Yoast SEO plugin v27.2 - https:\/\/yoast.com\/product\/yoast-seo-wordpress\/ -->\n<title>R\u00e9alisation de b\u00e9n\u00e9volat \u00e0 vie - Natation Artistique Canada<\/title>\n<meta name=\"robots\" content=\"index, follow, max-snippet:-1, max-image-preview:large, max-video-preview:-1\" \/>\n<link rel=\"canonical\" href=\"https:\/\/artisticswimming.ca\/fr\/a-propos\/prix-et-historique\/prix-de-synchro-canada\/realisation-de-benevolat-a-vie\/\" \/>\n<meta property=\"og:locale\" content=\"fr_FR\" \/>\n<meta property=\"og:type\" content=\"article\" \/>\n<meta property=\"og:title\" content=\"R\u00e9alisation de b\u00e9n\u00e9volat \u00e0 vie - Natation Artistique Canada\" \/>\n<meta property=\"og:url\" content=\"https:\/\/artisticswimming.ca\/fr\/a-propos\/prix-et-historique\/prix-de-synchro-canada\/realisation-de-benevolat-a-vie\/\" \/>\n<meta property=\"og:site_name\" content=\"Natation Artistique Canada\" \/>\n<meta property=\"article:modified_time\" content=\"2018-09-22T16:17:02+00:00\" \/>\n<meta name=\"twitter:card\" content=\"summary_large_image\" \/>\n<meta name=\"twitter:label1\" content=\"Dur\u00e9e de lecture estim\u00e9e\" \/>\n\t<meta name=\"twitter:data1\" content=\"2 minutes\" \/>\n<script type=\"application\/ld+json\" class=\"yoast-schema-graph\">{\"@context\":\"https:\/\/schema.org\",\"@graph\":[{\"@type\":\"WebPage\",\"@id\":\"https:\/\/artisticswimming.ca\/fr\/a-propos\/prix-et-historique\/prix-de-synchro-canada\/realisation-de-benevolat-a-vie\/\",\"url\":\"https:\/\/artisticswimming.ca\/fr\/a-propos\/prix-et-historique\/prix-de-synchro-canada\/realisation-de-benevolat-a-vie\/\",\"name\":\"R\u00e9alisation de b\u00e9n\u00e9volat \u00e0 vie - Natation Artistique Canada\",\"isPartOf\":{\"@id\":\"https:\/\/artisticswimming.ca\/fr\/#website\"},\"datePublished\":\"2016-08-20T16:33:45+00:00\",\"dateModified\":\"2018-09-22T16:17:02+00:00\",\"breadcrumb\":{\"@id\":\"https:\/\/artisticswimming.ca\/fr\/a-propos\/prix-et-historique\/prix-de-synchro-canada\/realisation-de-benevolat-a-vie\/#breadcrumb\"},\"inLanguage\":\"fr-FR\",\"potentialAction\":[{\"@type\":\"ReadAction\",\"target\":[\"https:\/\/artisticswimming.ca\/fr\/a-propos\/prix-et-historique\/prix-de-synchro-canada\/realisation-de-benevolat-a-vie\/\"]}]},{\"@type\":\"BreadcrumbList\",\"@id\":\"https:\/\/artisticswimming.ca\/fr\/a-propos\/prix-et-historique\/prix-de-synchro-canada\/realisation-de-benevolat-a-vie\/#breadcrumb\",\"itemListElement\":[{\"@type\":\"ListItem\",\"position\":1,\"name\":\"Home\",\"item\":\"https:\/\/artisticswimming.ca\/fr\/\"},{\"@type\":\"ListItem\",\"position\":2,\"name\":\"\u00c0 PROPOS\",\"item\":\"http:\/\/synchro.wpengine.com\/a-propos-de-synchro-canada\/vue-d-emsemble\/?lang=fr\"},{\"@type\":\"ListItem\",\"position\":3,\"name\":\"PRIX ET HISTORIQUE\",\"item\":\"http:\/\/synchro.wpengine.com\/a-propos-de-synchro-canada\/prix-et-historique\/prix-de-synchro-canada\/?lang=fr\"},{\"@type\":\"ListItem\",\"position\":4,\"name\":\"PRIX DE NATATION ARTISTIQUE CANADA\",\"item\":\"https:\/\/artisticswimming.ca\/fr\/a-propos\/prix-et-historique\/prix-de-synchro-canada\/\"},{\"@type\":\"ListItem\",\"position\":5,\"name\":\"R\u00e9alisation de b\u00e9n\u00e9volat \u00e0 vie\"}]},{\"@type\":\"WebSite\",\"@id\":\"https:\/\/artisticswimming.ca\/fr\/#website\",\"url\":\"https:\/\/artisticswimming.ca\/fr\/\",\"name\":\"Natation Artistique Canada\",\"description\":\"\",\"potentialAction\":[{\"@type\":\"SearchAction\",\"target\":{\"@type\":\"EntryPoint\",\"urlTemplate\":\"https:\/\/artisticswimming.ca\/fr\/?s={search_term_string}\"},\"query-input\":{\"@type\":\"PropertyValueSpecification\",\"valueRequired\":true,\"valueName\":\"search_term_string\"}}],\"inLanguage\":\"fr-FR\"}]}<\/script>\n<!-- \/ Yoast SEO plugin. -->","yoast_head_json":{"title":"R\u00e9alisation de b\u00e9n\u00e9volat \u00e0 vie - Natation Artistique Canada","robots":{"index":"index","follow":"follow","max-snippet":"max-snippet:-1","max-image-preview":"max-image-preview:large","max-video-preview":"max-video-preview:-1"},"canonical":"https:\/\/artisticswimming.ca\/fr\/a-propos\/prix-et-historique\/prix-de-synchro-canada\/realisation-de-benevolat-a-vie\/","og_locale":"fr_FR","og_type":"article","og_title":"R\u00e9alisation de b\u00e9n\u00e9volat \u00e0 vie - Natation Artistique Canada","og_url":"https:\/\/artisticswimming.ca\/fr\/a-propos\/prix-et-historique\/prix-de-synchro-canada\/realisation-de-benevolat-a-vie\/","og_site_name":"Natation Artistique Canada","article_modified_time":"2018-09-22T16:17:02+00:00","twitter_card":"summary_large_image","twitter_misc":{"Dur\u00e9e de lecture estim\u00e9e":"2 minutes"},"schema":{"@context":"https:\/\/schema.org","@graph":[{"@type":"WebPage","@id":"https:\/\/artisticswimming.ca\/fr\/a-propos\/prix-et-historique\/prix-de-synchro-canada\/realisation-de-benevolat-a-vie\/","url":"https:\/\/artisticswimming.ca\/fr\/a-propos\/prix-et-historique\/prix-de-synchro-canada\/realisation-de-benevolat-a-vie\/","name":"R\u00e9alisation de b\u00e9n\u00e9volat \u00e0 vie - Natation Artistique Canada","isPartOf":{"@id":"https:\/\/artisticswimming.ca\/fr\/#website"},"datePublished":"2016-08-20T16:33:45+00:00","dateModified":"2018-09-22T16:17:02+00:00","breadcrumb":{"@id":"https:\/\/artisticswimming.ca\/fr\/a-propos\/prix-et-historique\/prix-de-synchro-canada\/realisation-de-benevolat-a-vie\/#breadcrumb"},"inLanguage":"fr-FR","potentialAction":[{"@type":"ReadAction","target":["https:\/\/artisticswimming.ca\/fr\/a-propos\/prix-et-historique\/prix-de-synchro-canada\/realisation-de-benevolat-a-vie\/"]}]},{"@type":"BreadcrumbList","@id":"https:\/\/artisticswimming.ca\/fr\/a-propos\/prix-et-historique\/prix-de-synchro-canada\/realisation-de-benevolat-a-vie\/#breadcrumb","itemListElement":[{"@type":"ListItem","position":1,"name":"Home","item":"https:\/\/artisticswimming.ca\/fr\/"},{"@type":"ListItem","position":2,"name":"\u00c0 PROPOS","item":"http:\/\/synchro.wpengine.com\/a-propos-de-synchro-canada\/vue-d-emsemble\/?lang=fr"},{"@type":"ListItem","position":3,"name":"PRIX ET HISTORIQUE","item":"http:\/\/synchro.wpengine.com\/a-propos-de-synchro-canada\/prix-et-historique\/prix-de-synchro-canada\/?lang=fr"},{"@type":"ListItem","position":4,"name":"PRIX DE NATATION ARTISTIQUE CANADA","item":"https:\/\/artisticswimming.ca\/fr\/a-propos\/prix-et-historique\/prix-de-synchro-canada\/"},{"@type":"ListItem","position":5,"name":"R\u00e9alisation de b\u00e9n\u00e9volat \u00e0 vie"}]},{"@type":"WebSite","@id":"https:\/\/artisticswimming.ca\/fr\/#website","url":"https:\/\/artisticswimming.ca\/fr\/","name":"Natation Artistique Canada","description":"","potentialAction":[{"@type":"SearchAction","target":{"@type":"EntryPoint","urlTemplate":"https:\/\/artisticswimming.ca\/fr\/?s={search_term_string}"},"query-input":{"@type":"PropertyValueSpecification","valueRequired":true,"valueName":"search_term_string"}}],"inLanguage":"fr-FR"}]}},"_links":{"self":[{"href":"https:\/\/artisticswimming.ca\/fr\/wp-json\/wp\/v2\/pages\/1274","targetHints":{"allow":["GET"]}}],"collection":[{"href":"https:\/\/artisticswimming.ca\/fr\/wp-json\/wp\/v2\/pages"}],"about":[{"href":"https:\/\/artisticswimming.ca\/fr\/wp-json\/wp\/v2\/types\/page"}],"author":[{"embeddable":true,"href":"https:\/\/artisticswimming.ca\/fr\/wp-json\/wp\/v2\/users\/3"}],"replies":[{"embeddable":true,"href":"https:\/\/artisticswimming.ca\/fr\/wp-json\/wp\/v2\/comments?post=1274"}],"version-history":[{"count":0,"href":"https:\/\/artisticswimming.ca\/fr\/wp-json\/wp\/v2\/pages\/1274\/revisions"}],"up":[{"embeddable":true,"href":"https:\/\/artisticswimming.ca\/fr\/wp-json\/wp\/v2\/pages\/942"}],"wp:attachment":[{"href":"https:\/\/artisticswimming.ca\/fr\/wp-json\/wp\/v2\/media?parent=1274"}],"curies":[{"name":"wp","href":"https:\/\/api.w.org\/{rel}","templated":true}]}}