{"id":13401,"date":"2022-03-26T11:16:50","date_gmt":"2022-03-26T15:16:50","guid":{"rendered":"https:\/\/artisticswimming.ca\/?page_id=13401"},"modified":"2022-03-26T15:02:04","modified_gmt":"2022-03-26T19:02:04","slug":"qualifications-2022-en-direct","status":"publish","type":"page","link":"https:\/\/artisticswimming.ca\/fr\/evenements-et-resultats\/qualifications-2022-en-direct\/","title":{"rendered":"QUALIFICATIONS 2022 EN DIRECT"},"content":{"rendered":"<div class=\"fusion-fullwidth fullwidth-box fusion-builder-row-1 hundred-percent-fullwidth non-hundred-percent-height-scrolling\" style=\"--awb-border-radius-top-left:0px;--awb-border-radius-top-right:0px;--awb-border-radius-bottom-right:0px;--awb-border-radius-bottom-left:0px;--awb-overflow:visible;--awb-flex-wrap:wrap;\" ><div class=\"fusion-builder-row fusion-row\"><div class=\"fusion-layout-column fusion_builder_column fusion-builder-column-0 fusion_builder_column_3_4 3_4 fusion-three-fourth fusion-column-first\" style=\"--awb-bg-size:cover;width:74%; margin-right: 4%;\"><div class=\"fusion-column-wrapper fusion-flex-column-wrapper-legacy\"><div class=\"fusion-text fusion-text-1\" style=\"--awb-text-transform:none;\"><div class=\"video-container\"><iframe style=\"position: absolute; top: 0; left: 0; width: 100%; height: 100%;\" src=\"https:\/\/vimeo.com\/event\/1911555\/embed\" frameborder=\"0\" allowfullscreen=\"allowfullscreen\"><\/iframe><\/div>\n<\/div><div class=\"fusion-clearfix\"><\/div><\/div><\/div><div class=\"fusion-layout-column fusion_builder_column fusion-builder-column-1 fusion_builder_column_1_4 1_4 fusion-one-fourth fusion-column-last\" style=\"--awb-bg-size:cover;width:22%;\"><div class=\"fusion-column-wrapper fusion-flex-column-wrapper-legacy\"><div class=\"fusion-text fusion-text-2\"><p><img decoding=\"async\" class=\"aligncenter size-full wp-image-2804\" src=\"http:\/\/artisticswim.wpengine.com\/wp-content\/uploads\/2017\/03\/qualifier-sponsor-logo-canada.jpg\" alt=\"qualifier-sponsor-logo-canada\" width=\"612\" height=\"266\" srcset=\"https:\/\/artisticswimming.ca\/wp-content\/uploads\/2017\/03\/qualifier-sponsor-logo-canada-200x87.jpg 200w, https:\/\/artisticswimming.ca\/wp-content\/uploads\/2017\/03\/qualifier-sponsor-logo-canada-300x130.jpg 300w, https:\/\/artisticswimming.ca\/wp-content\/uploads\/2017\/03\/qualifier-sponsor-logo-canada-400x174.jpg 400w, https:\/\/artisticswimming.ca\/wp-content\/uploads\/2017\/03\/qualifier-sponsor-logo-canada-500x217.jpg 500w, https:\/\/artisticswimming.ca\/wp-content\/uploads\/2017\/03\/qualifier-sponsor-logo-canada-600x261.jpg 600w, https:\/\/artisticswimming.ca\/wp-content\/uploads\/2017\/03\/qualifier-sponsor-logo-canada.jpg 612w\" sizes=\"(max-width: 612px) 100vw, 612px\" \/><\/p>\n<\/div><div class=\"fusion-clearfix\"><\/div><\/div><\/div><\/div><\/div>\n","protected":false},"excerpt":{"rendered":"","protected":false},"author":2,"featured_media":0,"parent":896,"menu_order":0,"comment_status":"closed","ping_status":"closed","template":"","meta":{"_acf_changed":false,"footnotes":""},"class_list":["post-13401","page","type-page","status-publish","hentry"],"acf":[],"yoast_head":"<!-- This site is optimized with the Yoast SEO plugin v27.2 - https:\/\/yoast.com\/product\/yoast-seo-wordpress\/ -->\n<title>QUALIFICATIONS 2022 EN DIRECT - Natation Artistique Canada<\/title>\n<meta name=\"robots\" content=\"index, follow, max-snippet:-1, max-image-preview:large, max-video-preview:-1\" \/>\n<link rel=\"canonical\" href=\"https:\/\/artisticswimming.ca\/fr\/evenements-et-resultats\/qualifications-2022-en-direct\/\" \/>\n<meta property=\"og:locale\" content=\"fr_FR\" \/>\n<meta property=\"og:type\" content=\"article\" \/>\n<meta property=\"og:title\" content=\"QUALIFICATIONS 2022 EN DIRECT - Natation Artistique Canada\" \/>\n<meta property=\"og:url\" content=\"https:\/\/artisticswimming.ca\/fr\/evenements-et-resultats\/qualifications-2022-en-direct\/\" \/>\n<meta property=\"og:site_name\" content=\"Natation Artistique Canada\" \/>\n<meta property=\"article:modified_time\" content=\"2022-03-26T19:02:04+00:00\" \/>\n<meta property=\"og:image\" content=\"http:\/\/artisticswim.wpengine.com\/wp-content\/uploads\/2017\/03\/qualifier-sponsor-logo-canada.jpg\" \/>\n<meta name=\"twitter:card\" content=\"summary_large_image\" \/>\n<meta name=\"twitter:label1\" content=\"Dur\u00e9e de lecture estim\u00e9e\" \/>\n\t<meta name=\"twitter:data1\" content=\"1 minute\" \/>\n<script type=\"application\/ld+json\" class=\"yoast-schema-graph\">{\"@context\":\"https:\/\/schema.org\",\"@graph\":[{\"@type\":\"WebPage\",\"@id\":\"https:\/\/artisticswimming.ca\/fr\/evenements-et-resultats\/qualifications-2022-en-direct\/\",\"url\":\"https:\/\/artisticswimming.ca\/fr\/evenements-et-resultats\/qualifications-2022-en-direct\/\",\"name\":\"QUALIFICATIONS 2022 EN DIRECT - Natation Artistique Canada\",\"isPartOf\":{\"@id\":\"https:\/\/artisticswimming.ca\/fr\/#website\"},\"primaryImageOfPage\":{\"@id\":\"https:\/\/artisticswimming.ca\/fr\/evenements-et-resultats\/qualifications-2022-en-direct\/#primaryimage\"},\"image\":{\"@id\":\"https:\/\/artisticswimming.ca\/fr\/evenements-et-resultats\/qualifications-2022-en-direct\/#primaryimage\"},\"thumbnailUrl\":\"http:\/\/artisticswim.wpengine.com\/wp-content\/uploads\/2017\/03\/qualifier-sponsor-logo-canada.jpg\",\"datePublished\":\"2022-03-26T15:16:50+00:00\",\"dateModified\":\"2022-03-26T19:02:04+00:00\",\"breadcrumb\":{\"@id\":\"https:\/\/artisticswimming.ca\/fr\/evenements-et-resultats\/qualifications-2022-en-direct\/#breadcrumb\"},\"inLanguage\":\"fr-FR\",\"potentialAction\":[{\"@type\":\"ReadAction\",\"target\":[\"https:\/\/artisticswimming.ca\/fr\/evenements-et-resultats\/qualifications-2022-en-direct\/\"]}]},{\"@type\":\"ImageObject\",\"inLanguage\":\"fr-FR\",\"@id\":\"https:\/\/artisticswimming.ca\/fr\/evenements-et-resultats\/qualifications-2022-en-direct\/#primaryimage\",\"url\":\"http:\/\/artisticswim.wpengine.com\/wp-content\/uploads\/2017\/03\/qualifier-sponsor-logo-canada.jpg\",\"contentUrl\":\"http:\/\/artisticswim.wpengine.com\/wp-content\/uploads\/2017\/03\/qualifier-sponsor-logo-canada.jpg\"},{\"@type\":\"BreadcrumbList\",\"@id\":\"https:\/\/artisticswimming.ca\/fr\/evenements-et-resultats\/qualifications-2022-en-direct\/#breadcrumb\",\"itemListElement\":[{\"@type\":\"ListItem\",\"position\":1,\"name\":\"Home\",\"item\":\"https:\/\/artisticswimming.ca\/fr\/\"},{\"@type\":\"ListItem\",\"position\":2,\"name\":\"\u00c9V\u00c9NEMENTS ET R\u00c9SULTATS\",\"item\":\"https:\/\/artisticswimming.ca\/fr\/evenements-et-resultats\/\"},{\"@type\":\"ListItem\",\"position\":3,\"name\":\"QUALIFICATIONS 2022 EN DIRECT\"}]},{\"@type\":\"WebSite\",\"@id\":\"https:\/\/artisticswimming.ca\/fr\/#website\",\"url\":\"https:\/\/artisticswimming.ca\/fr\/\",\"name\":\"Natation Artistique Canada\",\"description\":\"\",\"potentialAction\":[{\"@type\":\"SearchAction\",\"target\":{\"@type\":\"EntryPoint\",\"urlTemplate\":\"https:\/\/artisticswimming.ca\/fr\/?s={search_term_string}\"},\"query-input\":{\"@type\":\"PropertyValueSpecification\",\"valueRequired\":true,\"valueName\":\"search_term_string\"}}],\"inLanguage\":\"fr-FR\"}]}<\/script>\n<!-- \/ Yoast SEO plugin. -->","yoast_head_json":{"title":"QUALIFICATIONS 2022 EN DIRECT - Natation Artistique Canada","robots":{"index":"index","follow":"follow","max-snippet":"max-snippet:-1","max-image-preview":"max-image-preview:large","max-video-preview":"max-video-preview:-1"},"canonical":"https:\/\/artisticswimming.ca\/fr\/evenements-et-resultats\/qualifications-2022-en-direct\/","og_locale":"fr_FR","og_type":"article","og_title":"QUALIFICATIONS 2022 EN DIRECT - Natation Artistique Canada","og_url":"https:\/\/artisticswimming.ca\/fr\/evenements-et-resultats\/qualifications-2022-en-direct\/","og_site_name":"Natation Artistique Canada","article_modified_time":"2022-03-26T19:02:04+00:00","og_image":[{"url":"http:\/\/artisticswim.wpengine.com\/wp-content\/uploads\/2017\/03\/qualifier-sponsor-logo-canada.jpg","type":"","width":"","height":""}],"twitter_card":"summary_large_image","twitter_misc":{"Dur\u00e9e de lecture estim\u00e9e":"1 minute"},"schema":{"@context":"https:\/\/schema.org","@graph":[{"@type":"WebPage","@id":"https:\/\/artisticswimming.ca\/fr\/evenements-et-resultats\/qualifications-2022-en-direct\/","url":"https:\/\/artisticswimming.ca\/fr\/evenements-et-resultats\/qualifications-2022-en-direct\/","name":"QUALIFICATIONS 2022 EN DIRECT - Natation Artistique Canada","isPartOf":{"@id":"https:\/\/artisticswimming.ca\/fr\/#website"},"primaryImageOfPage":{"@id":"https:\/\/artisticswimming.ca\/fr\/evenements-et-resultats\/qualifications-2022-en-direct\/#primaryimage"},"image":{"@id":"https:\/\/artisticswimming.ca\/fr\/evenements-et-resultats\/qualifications-2022-en-direct\/#primaryimage"},"thumbnailUrl":"http:\/\/artisticswim.wpengine.com\/wp-content\/uploads\/2017\/03\/qualifier-sponsor-logo-canada.jpg","datePublished":"2022-03-26T15:16:50+00:00","dateModified":"2022-03-26T19:02:04+00:00","breadcrumb":{"@id":"https:\/\/artisticswimming.ca\/fr\/evenements-et-resultats\/qualifications-2022-en-direct\/#breadcrumb"},"inLanguage":"fr-FR","potentialAction":[{"@type":"ReadAction","target":["https:\/\/artisticswimming.ca\/fr\/evenements-et-resultats\/qualifications-2022-en-direct\/"]}]},{"@type":"ImageObject","inLanguage":"fr-FR","@id":"https:\/\/artisticswimming.ca\/fr\/evenements-et-resultats\/qualifications-2022-en-direct\/#primaryimage","url":"http:\/\/artisticswim.wpengine.com\/wp-content\/uploads\/2017\/03\/qualifier-sponsor-logo-canada.jpg","contentUrl":"http:\/\/artisticswim.wpengine.com\/wp-content\/uploads\/2017\/03\/qualifier-sponsor-logo-canada.jpg"},{"@type":"BreadcrumbList","@id":"https:\/\/artisticswimming.ca\/fr\/evenements-et-resultats\/qualifications-2022-en-direct\/#breadcrumb","itemListElement":[{"@type":"ListItem","position":1,"name":"Home","item":"https:\/\/artisticswimming.ca\/fr\/"},{"@type":"ListItem","position":2,"name":"\u00c9V\u00c9NEMENTS ET R\u00c9SULTATS","item":"https:\/\/artisticswimming.ca\/fr\/evenements-et-resultats\/"},{"@type":"ListItem","position":3,"name":"QUALIFICATIONS 2022 EN DIRECT"}]},{"@type":"WebSite","@id":"https:\/\/artisticswimming.ca\/fr\/#website","url":"https:\/\/artisticswimming.ca\/fr\/","name":"Natation Artistique Canada","description":"","potentialAction":[{"@type":"SearchAction","target":{"@type":"EntryPoint","urlTemplate":"https:\/\/artisticswimming.ca\/fr\/?s={search_term_string}"},"query-input":{"@type":"PropertyValueSpecification","valueRequired":true,"valueName":"search_term_string"}}],"inLanguage":"fr-FR"}]}},"_links":{"self":[{"href":"https:\/\/artisticswimming.ca\/fr\/wp-json\/wp\/v2\/pages\/13401","targetHints":{"allow":["GET"]}}],"collection":[{"href":"https:\/\/artisticswimming.ca\/fr\/wp-json\/wp\/v2\/pages"}],"about":[{"href":"https:\/\/artisticswimming.ca\/fr\/wp-json\/wp\/v2\/types\/page"}],"author":[{"embeddable":true,"href":"https:\/\/artisticswimming.ca\/fr\/wp-json\/wp\/v2\/users\/2"}],"replies":[{"embeddable":true,"href":"https:\/\/artisticswimming.ca\/fr\/wp-json\/wp\/v2\/comments?post=13401"}],"version-history":[{"count":0,"href":"https:\/\/artisticswimming.ca\/fr\/wp-json\/wp\/v2\/pages\/13401\/revisions"}],"up":[{"embeddable":true,"href":"https:\/\/artisticswimming.ca\/fr\/wp-json\/wp\/v2\/pages\/896"}],"wp:attachment":[{"href":"https:\/\/artisticswimming.ca\/fr\/wp-json\/wp\/v2\/media?parent=13401"}],"curies":[{"name":"wp","href":"https:\/\/api.w.org\/{rel}","templated":true}]}}