{"id":15056,"date":"2023-03-21T14:08:20","date_gmt":"2023-03-21T18:08:20","guid":{"rendered":"https:\/\/artisticswimming.ca\/?page_id=15056"},"modified":"2023-03-22T19:44:48","modified_gmt":"2023-03-22T23:44:48","slug":"qualifications-2023-en-direct","status":"publish","type":"page","link":"https:\/\/artisticswimming.ca\/fr\/evenements-et-resultats\/qualifications-2023-en-direct\/","title":{"rendered":"QUALIFICATIONS 2023 EN DIRECT"},"content":{"rendered":"<div class=\"fusion-fullwidth fullwidth-box fusion-builder-row-1 hundred-percent-fullwidth non-hundred-percent-height-scrolling\" style=\"--awb-border-radius-top-left:0px;--awb-border-radius-top-right:0px;--awb-border-radius-bottom-right:0px;--awb-border-radius-bottom-left:0px;--awb-overflow:visible;--awb-flex-wrap:wrap;\" ><div class=\"fusion-builder-row fusion-row\"><div class=\"fusion-layout-column fusion_builder_column fusion-builder-column-0 fusion_builder_column_3_4 3_4 fusion-three-fourth fusion-column-first\" style=\"--awb-bg-size:cover;width:74%; margin-right: 4%;\"><div class=\"fusion-column-wrapper fusion-flex-column-wrapper-legacy\"><div class=\"fusion-text fusion-text-1\" style=\"--awb-text-transform:none;\"><div class=\"video-container\"><iframe style=\"position: absolute; top: 0; left: 0; width: 100%; height: 100%;\" src=\"https:\/\/vimeo.com\/event\/3176068\/embed\" frameborder=\"0\" allowfullscreen=\"allowfullscreen\"><\/iframe><\/div>\n<\/div><div class=\"fusion-clearfix\"><\/div><\/div><\/div><div class=\"fusion-layout-column fusion_builder_column fusion-builder-column-1 fusion_builder_column_1_4 1_4 fusion-one-fourth fusion-column-last\" style=\"--awb-bg-size:cover;width:22%;\"><div class=\"fusion-column-wrapper fusion-flex-column-wrapper-legacy\"><div class=\"fusion-image-element in-legacy-container\" style=\"--awb-caption-title-font-family:var(--h2_typography-font-family);--awb-caption-title-font-weight:var(--h2_typography-font-weight);--awb-caption-title-font-style:var(--h2_typography-font-style);--awb-caption-title-size:var(--h2_typography-font-size);--awb-caption-title-transform:var(--h2_typography-text-transform);--awb-caption-title-line-height:var(--h2_typography-line-height);--awb-caption-title-letter-spacing:var(--h2_typography-letter-spacing);\"><span class=\" fusion-imageframe imageframe-none imageframe-1 hover-type-none\"><img decoding=\"async\" width=\"1500\" height=\"419\" title=\"Canada Cmyk\" src=\"http:\/\/artisticswimming.ca\/wp-content\/uploads\/2023\/03\/canada_cmyk.png\" alt class=\"img-responsive wp-image-15073\" srcset=\"https:\/\/artisticswimming.ca\/wp-content\/uploads\/2023\/03\/canada_cmyk-200x56.png 200w, https:\/\/artisticswimming.ca\/wp-content\/uploads\/2023\/03\/canada_cmyk-400x112.png 400w, https:\/\/artisticswimming.ca\/wp-content\/uploads\/2023\/03\/canada_cmyk-600x168.png 600w, https:\/\/artisticswimming.ca\/wp-content\/uploads\/2023\/03\/canada_cmyk-800x223.png 800w, https:\/\/artisticswimming.ca\/wp-content\/uploads\/2023\/03\/canada_cmyk-1200x335.png 1200w, https:\/\/artisticswimming.ca\/wp-content\/uploads\/2023\/03\/canada_cmyk.png 1500w\" sizes=\"(max-width: 1060px) 100vw, 400px\" \/><\/span><\/div><div class=\"fusion-image-element in-legacy-container\" style=\"--awb-margin-top:10px;--awb-caption-title-font-family:var(--h2_typography-font-family);--awb-caption-title-font-weight:var(--h2_typography-font-weight);--awb-caption-title-font-style:var(--h2_typography-font-style);--awb-caption-title-size:var(--h2_typography-font-size);--awb-caption-title-transform:var(--h2_typography-text-transform);--awb-caption-title-line-height:var(--h2_typography-line-height);--awb-caption-title-letter-spacing:var(--h2_typography-letter-spacing);\"><span class=\" fusion-imageframe imageframe-none imageframe-2 hover-type-none\"><img decoding=\"async\" width=\"2560\" height=\"1143\" title=\"Destination Markham FNL CMYK\" src=\"http:\/\/artisticswimming.ca\/wp-content\/uploads\/2023\/03\/Destination-Markham_FNL_CMYK-scaled.jpg\" alt class=\"img-responsive wp-image-15070\" srcset=\"https:\/\/artisticswimming.ca\/wp-content\/uploads\/2023\/03\/Destination-Markham_FNL_CMYK-200x89.jpg 200w, https:\/\/artisticswimming.ca\/wp-content\/uploads\/2023\/03\/Destination-Markham_FNL_CMYK-400x179.jpg 400w, https:\/\/artisticswimming.ca\/wp-content\/uploads\/2023\/03\/Destination-Markham_FNL_CMYK-600x268.jpg 600w, https:\/\/artisticswimming.ca\/wp-content\/uploads\/2023\/03\/Destination-Markham_FNL_CMYK-800x357.jpg 800w, https:\/\/artisticswimming.ca\/wp-content\/uploads\/2023\/03\/Destination-Markham_FNL_CMYK-1200x536.jpg 1200w, https:\/\/artisticswimming.ca\/wp-content\/uploads\/2023\/03\/Destination-Markham_FNL_CMYK-scaled.jpg 2560w\" sizes=\"(max-width: 1060px) 100vw, 400px\" \/><\/span><\/div><div class=\"fusion-image-element in-legacy-container\" style=\"--awb-margin-top:40px;--awb-caption-title-font-family:var(--h2_typography-font-family);--awb-caption-title-font-weight:var(--h2_typography-font-weight);--awb-caption-title-font-style:var(--h2_typography-font-style);--awb-caption-title-size:var(--h2_typography-font-size);--awb-caption-title-transform:var(--h2_typography-text-transform);--awb-caption-title-line-height:var(--h2_typography-line-height);--awb-caption-title-letter-spacing:var(--h2_typography-letter-spacing);\"><span class=\" fusion-imageframe imageframe-none imageframe-3 hover-type-none\"><img decoding=\"async\" width=\"1000\" height=\"195\" title=\"IKS LIVE Horizontal\" src=\"http:\/\/artisticswimming.ca\/wp-content\/uploads\/2023\/03\/IKS_LIVE-horizontal.png\" alt class=\"img-responsive wp-image-15068\" srcset=\"https:\/\/artisticswimming.ca\/wp-content\/uploads\/2023\/03\/IKS_LIVE-horizontal-200x39.png 200w, https:\/\/artisticswimming.ca\/wp-content\/uploads\/2023\/03\/IKS_LIVE-horizontal-400x78.png 400w, https:\/\/artisticswimming.ca\/wp-content\/uploads\/2023\/03\/IKS_LIVE-horizontal-600x117.png 600w, https:\/\/artisticswimming.ca\/wp-content\/uploads\/2023\/03\/IKS_LIVE-horizontal-800x156.png 800w, https:\/\/artisticswimming.ca\/wp-content\/uploads\/2023\/03\/IKS_LIVE-horizontal.png 1000w\" sizes=\"(max-width: 1060px) 100vw, 400px\" \/><\/span><\/div><div class=\"fusion-image-element in-legacy-container\" style=\"--awb-margin-top:40px;--awb-caption-title-font-family:var(--h2_typography-font-family);--awb-caption-title-font-weight:var(--h2_typography-font-weight);--awb-caption-title-font-style:var(--h2_typography-font-style);--awb-caption-title-size:var(--h2_typography-font-size);--awb-caption-title-transform:var(--h2_typography-text-transform);--awb-caption-title-line-height:var(--h2_typography-line-height);--awb-caption-title-letter-spacing:var(--h2_typography-letter-spacing);\"><span class=\" fusion-imageframe imageframe-none imageframe-4 hover-type-none\"><img decoding=\"async\" width=\"3409\" height=\"810\" title=\"Markham Pan Am Centre Logo Horizontal Colour\" src=\"http:\/\/artisticswimming.ca\/wp-content\/uploads\/2023\/03\/Markham-Pan-Am-Centre-Logo-Horizontal-Colour.png\" alt class=\"img-responsive wp-image-15066\" srcset=\"https:\/\/artisticswimming.ca\/wp-content\/uploads\/2023\/03\/Markham-Pan-Am-Centre-Logo-Horizontal-Colour-200x48.png 200w, https:\/\/artisticswimming.ca\/wp-content\/uploads\/2023\/03\/Markham-Pan-Am-Centre-Logo-Horizontal-Colour-400x95.png 400w, https:\/\/artisticswimming.ca\/wp-content\/uploads\/2023\/03\/Markham-Pan-Am-Centre-Logo-Horizontal-Colour-600x143.png 600w, https:\/\/artisticswimming.ca\/wp-content\/uploads\/2023\/03\/Markham-Pan-Am-Centre-Logo-Horizontal-Colour-800x190.png 800w, https:\/\/artisticswimming.ca\/wp-content\/uploads\/2023\/03\/Markham-Pan-Am-Centre-Logo-Horizontal-Colour-1200x285.png 1200w, https:\/\/artisticswimming.ca\/wp-content\/uploads\/2023\/03\/Markham-Pan-Am-Centre-Logo-Horizontal-Colour.png 3409w\" sizes=\"(max-width: 1060px) 100vw, 400px\" \/><\/span><\/div><div class=\"fusion-clearfix\"><\/div><\/div><\/div><\/div><\/div>\n","protected":false},"excerpt":{"rendered":"","protected":false},"author":2,"featured_media":0,"parent":896,"menu_order":0,"comment_status":"closed","ping_status":"closed","template":"","meta":{"_acf_changed":false,"footnotes":""},"class_list":["post-15056","page","type-page","status-publish","hentry"],"acf":[],"yoast_head":"<!-- This site is optimized with the Yoast SEO plugin v27.2 - https:\/\/yoast.com\/product\/yoast-seo-wordpress\/ -->\n<title>QUALIFICATIONS 2023 EN DIRECT - Natation Artistique Canada<\/title>\n<meta name=\"robots\" content=\"index, follow, max-snippet:-1, max-image-preview:large, max-video-preview:-1\" \/>\n<link rel=\"canonical\" href=\"https:\/\/artisticswimming.ca\/fr\/evenements-et-resultats\/qualifications-2023-en-direct\/\" \/>\n<meta property=\"og:locale\" content=\"fr_FR\" \/>\n<meta property=\"og:type\" content=\"article\" \/>\n<meta property=\"og:title\" content=\"QUALIFICATIONS 2023 EN DIRECT - Natation Artistique Canada\" \/>\n<meta property=\"og:url\" content=\"https:\/\/artisticswimming.ca\/fr\/evenements-et-resultats\/qualifications-2023-en-direct\/\" \/>\n<meta property=\"og:site_name\" content=\"Natation Artistique Canada\" \/>\n<meta property=\"article:modified_time\" content=\"2023-03-22T23:44:48+00:00\" \/>\n<meta name=\"twitter:card\" content=\"summary_large_image\" \/>\n<meta name=\"twitter:label1\" content=\"Dur\u00e9e de lecture estim\u00e9e\" \/>\n\t<meta name=\"twitter:data1\" content=\"3 minutes\" \/>\n<script type=\"application\/ld+json\" class=\"yoast-schema-graph\">{\"@context\":\"https:\/\/schema.org\",\"@graph\":[{\"@type\":\"WebPage\",\"@id\":\"https:\/\/artisticswimming.ca\/fr\/evenements-et-resultats\/qualifications-2023-en-direct\/\",\"url\":\"https:\/\/artisticswimming.ca\/fr\/evenements-et-resultats\/qualifications-2023-en-direct\/\",\"name\":\"QUALIFICATIONS 2023 EN DIRECT - Natation Artistique Canada\",\"isPartOf\":{\"@id\":\"https:\/\/artisticswimming.ca\/fr\/#website\"},\"datePublished\":\"2023-03-21T18:08:20+00:00\",\"dateModified\":\"2023-03-22T23:44:48+00:00\",\"breadcrumb\":{\"@id\":\"https:\/\/artisticswimming.ca\/fr\/evenements-et-resultats\/qualifications-2023-en-direct\/#breadcrumb\"},\"inLanguage\":\"fr-FR\",\"potentialAction\":[{\"@type\":\"ReadAction\",\"target\":[\"https:\/\/artisticswimming.ca\/fr\/evenements-et-resultats\/qualifications-2023-en-direct\/\"]}]},{\"@type\":\"BreadcrumbList\",\"@id\":\"https:\/\/artisticswimming.ca\/fr\/evenements-et-resultats\/qualifications-2023-en-direct\/#breadcrumb\",\"itemListElement\":[{\"@type\":\"ListItem\",\"position\":1,\"name\":\"Home\",\"item\":\"https:\/\/artisticswimming.ca\/fr\/\"},{\"@type\":\"ListItem\",\"position\":2,\"name\":\"\u00c9V\u00c9NEMENTS ET R\u00c9SULTATS\",\"item\":\"https:\/\/artisticswimming.ca\/fr\/evenements-et-resultats\/\"},{\"@type\":\"ListItem\",\"position\":3,\"name\":\"QUALIFICATIONS 2023 EN DIRECT\"}]},{\"@type\":\"WebSite\",\"@id\":\"https:\/\/artisticswimming.ca\/fr\/#website\",\"url\":\"https:\/\/artisticswimming.ca\/fr\/\",\"name\":\"Natation Artistique Canada\",\"description\":\"\",\"potentialAction\":[{\"@type\":\"SearchAction\",\"target\":{\"@type\":\"EntryPoint\",\"urlTemplate\":\"https:\/\/artisticswimming.ca\/fr\/?s={search_term_string}\"},\"query-input\":{\"@type\":\"PropertyValueSpecification\",\"valueRequired\":true,\"valueName\":\"search_term_string\"}}],\"inLanguage\":\"fr-FR\"}]}<\/script>\n<!-- \/ Yoast SEO plugin. -->","yoast_head_json":{"title":"QUALIFICATIONS 2023 EN DIRECT - Natation Artistique Canada","robots":{"index":"index","follow":"follow","max-snippet":"max-snippet:-1","max-image-preview":"max-image-preview:large","max-video-preview":"max-video-preview:-1"},"canonical":"https:\/\/artisticswimming.ca\/fr\/evenements-et-resultats\/qualifications-2023-en-direct\/","og_locale":"fr_FR","og_type":"article","og_title":"QUALIFICATIONS 2023 EN DIRECT - Natation Artistique Canada","og_url":"https:\/\/artisticswimming.ca\/fr\/evenements-et-resultats\/qualifications-2023-en-direct\/","og_site_name":"Natation Artistique Canada","article_modified_time":"2023-03-22T23:44:48+00:00","twitter_card":"summary_large_image","twitter_misc":{"Dur\u00e9e de lecture estim\u00e9e":"3 minutes"},"schema":{"@context":"https:\/\/schema.org","@graph":[{"@type":"WebPage","@id":"https:\/\/artisticswimming.ca\/fr\/evenements-et-resultats\/qualifications-2023-en-direct\/","url":"https:\/\/artisticswimming.ca\/fr\/evenements-et-resultats\/qualifications-2023-en-direct\/","name":"QUALIFICATIONS 2023 EN DIRECT - Natation Artistique Canada","isPartOf":{"@id":"https:\/\/artisticswimming.ca\/fr\/#website"},"datePublished":"2023-03-21T18:08:20+00:00","dateModified":"2023-03-22T23:44:48+00:00","breadcrumb":{"@id":"https:\/\/artisticswimming.ca\/fr\/evenements-et-resultats\/qualifications-2023-en-direct\/#breadcrumb"},"inLanguage":"fr-FR","potentialAction":[{"@type":"ReadAction","target":["https:\/\/artisticswimming.ca\/fr\/evenements-et-resultats\/qualifications-2023-en-direct\/"]}]},{"@type":"BreadcrumbList","@id":"https:\/\/artisticswimming.ca\/fr\/evenements-et-resultats\/qualifications-2023-en-direct\/#breadcrumb","itemListElement":[{"@type":"ListItem","position":1,"name":"Home","item":"https:\/\/artisticswimming.ca\/fr\/"},{"@type":"ListItem","position":2,"name":"\u00c9V\u00c9NEMENTS ET R\u00c9SULTATS","item":"https:\/\/artisticswimming.ca\/fr\/evenements-et-resultats\/"},{"@type":"ListItem","position":3,"name":"QUALIFICATIONS 2023 EN DIRECT"}]},{"@type":"WebSite","@id":"https:\/\/artisticswimming.ca\/fr\/#website","url":"https:\/\/artisticswimming.ca\/fr\/","name":"Natation Artistique Canada","description":"","potentialAction":[{"@type":"SearchAction","target":{"@type":"EntryPoint","urlTemplate":"https:\/\/artisticswimming.ca\/fr\/?s={search_term_string}"},"query-input":{"@type":"PropertyValueSpecification","valueRequired":true,"valueName":"search_term_string"}}],"inLanguage":"fr-FR"}]}},"_links":{"self":[{"href":"https:\/\/artisticswimming.ca\/fr\/wp-json\/wp\/v2\/pages\/15056","targetHints":{"allow":["GET"]}}],"collection":[{"href":"https:\/\/artisticswimming.ca\/fr\/wp-json\/wp\/v2\/pages"}],"about":[{"href":"https:\/\/artisticswimming.ca\/fr\/wp-json\/wp\/v2\/types\/page"}],"author":[{"embeddable":true,"href":"https:\/\/artisticswimming.ca\/fr\/wp-json\/wp\/v2\/users\/2"}],"replies":[{"embeddable":true,"href":"https:\/\/artisticswimming.ca\/fr\/wp-json\/wp\/v2\/comments?post=15056"}],"version-history":[{"count":0,"href":"https:\/\/artisticswimming.ca\/fr\/wp-json\/wp\/v2\/pages\/15056\/revisions"}],"up":[{"embeddable":true,"href":"https:\/\/artisticswimming.ca\/fr\/wp-json\/wp\/v2\/pages\/896"}],"wp:attachment":[{"href":"https:\/\/artisticswimming.ca\/fr\/wp-json\/wp\/v2\/media?parent=15056"}],"curies":[{"name":"wp","href":"https:\/\/api.w.org\/{rel}","templated":true}]}}