{"id":1965,"date":"2016-09-07T19:45:22","date_gmt":"2016-09-07T19:45:22","guid":{"rendered":"http:\/\/synchro.wpengine.com\/?page_id=1965&#038;lang=fr"},"modified":"2026-02-15T09:00:13","modified_gmt":"2026-02-15T14:00:13","slug":"calendrier-devenements","status":"publish","type":"page","link":"https:\/\/artisticswimming.ca\/fr\/evenements-et-resultats\/calendrier-devenements\/","title":{"rendered":"CALENDRIER D&rsquo;\u00c9V\u00c9NEMENTS"},"content":{"rendered":"<p><div class=\"fusion-fullwidth fullwidth-box fusion-builder-row-1 fusion-flex-container nonhundred-percent-fullwidth non-hundred-percent-height-scrolling\" style=\"--awb-border-radius-top-left:0px;--awb-border-radius-top-right:0px;--awb-border-radius-bottom-right:0px;--awb-border-radius-bottom-left:0px;--awb-padding-top:10px;--awb-padding-bottom:20px;--awb-flex-wrap:wrap;\" ><div class=\"fusion-builder-row fusion-row fusion-flex-align-items-flex-start fusion-flex-content-wrap\" style=\"max-width:1248px;margin-left: calc(-4% \/ 2 );margin-right: calc(-4% \/ 2 );\"><div class=\"fusion-layout-column fusion_builder_column fusion-builder-column-0 fusion_builder_column_1_1 1_1 fusion-flex-column\" style=\"--awb-bg-size:cover;--awb-width-large:100%;--awb-margin-top-large:0px;--awb-spacing-right-large:1.92%;--awb-margin-bottom-large:20px;--awb-spacing-left-large:1.92%;--awb-width-medium:100%;--awb-order-medium:0;--awb-spacing-right-medium:1.92%;--awb-spacing-left-medium:1.92%;--awb-width-small:100%;--awb-order-small:0;--awb-spacing-right-small:1.92%;--awb-spacing-left-small:1.92%;\"><div class=\"fusion-column-wrapper fusion-column-has-shadow fusion-flex-justify-content-flex-start fusion-content-layout-column\"><div class=\"awb-news-ticker awb-news-ticker-1 awb-news-ticker-carousel\" role=\"marquee\" style=\"--awb-font-size:18px;--awb-title-padding-right:15px;--awb-title-padding-left:15px;--awb-ticker-padding-right:10px;--awb-ticker-padding-left:20px;--awb-line-height:4.0;--awb-carousel-display-time:10.0s;\"><div class=\"awb-news-ticker-title\">NOUVELLES DE COMP\u00c9TITIONS<div class=\"awb-news-ticker-title-decorator awb-news-ticker-title-decorator-triangle\"><\/div><\/div><div class=\"awb-news-ticker-bar awb-news-ticker-bar-carousel\"><div class=\"awb-news-ticker-item-list awb-news-ticker-item-list-carousel\" data-awb-news-ticker-display-time=\"10.0\"><div class=\"awb-news-ticker-item awb-news-ticker-item-active\"><a class=\"awb-news-ticker-link\" href=\"https:\/\/artisticswimming.ca\/fr\/save-the-date-2026-canada-artistic-swimming-age-group-competition-camp\/\"><span class=\"awb-news-ticker-title-date\">31 Jan: <\/span>R\u00e9servez la date : Comp\u00e9tition et camp de Natation Artistique Canada 2026<\/a><\/div><div class=\"awb-news-ticker-item\"><a class=\"awb-news-ticker-link\" href=\"https:\/\/artisticswimming.ca\/fr\/quebec-city-to-host-2025-national-qualifier-and-cuasl-canadian-championships\/\"><span class=\"awb-news-ticker-title-date\">15 Sep: <\/span>La ville de Qu\u00e9bec accueillera les Qualifications nationales et les Championnats Canadiens LUCNA en 2026<\/a><\/div><div class=\"awb-news-ticker-item\"><a class=\"awb-news-ticker-link\" href=\"https:\/\/artisticswimming.ca\/fr\/quebec-completes-sweep-in-team-acro-finals-ontario-claims-silver-on-final-day-of-canada-summer-games\/\"><span class=\"awb-news-ticker-title-date\">25 Ao\u00fbt: <\/span>Le Qu\u00e9bec compl\u00e8te le tripl\u00e9 suite au programme par \u00e9quipe, l\u2019Ontario d\u00e9croche l\u2019argent lors de la derni\u00e8re journ\u00e9e des Jeux du Canada<\/a><\/div><div class=\"awb-news-ticker-item\"><a class=\"awb-news-ticker-link\" href=\"https:\/\/artisticswimming.ca\/fr\/escobar-and-bernier-strike-gold-saskatchewan-celebrates-another-medal-on-day-5-of-the-canada-games\/\"><span class=\"awb-news-ticker-title-date\">24 Ao\u00fbt: <\/span>Escobar et Bernier d\u00e9crochent l\u2019or, la Saskatchewan c\u00e9l\u00e8bre une autre m\u00e9daille lors de la 5e journ\u00e9e des Jeux du Canada<\/a><\/div><div class=\"awb-news-ticker-item\"><a class=\"awb-news-ticker-link\" href=\"https:\/\/artisticswimming.ca\/fr\/charlie-breault-and-olena-verbinska-capture-silver-in-duet-at-junior-pan-american-games\/\"><span class=\"awb-news-ticker-title-date\">23 Ao\u00fbt: <\/span>Charlie Breault and Olena Verbinska Capture Silver in Duet at Junior Pan American Games<\/a><\/div><\/div><div class=\"awb-news-ticker-items-buttons\"><div class=\"awb-news-ticker-btn-wrapper\"><button class=\"awb-news-ticker-prev-btn\" aria-label=\"Previous\"><span class=\"awb-news-ticker-btn-arrow\">&#xf104;<\/span><\/button><\/div><div class=\"awb-news-ticker-btn-wrapper\"><button class=\"awb-news-ticker-next-btn\" aria-label=\"Next\"><span class=\"awb-news-ticker-btn-arrow\">&#xf105;<\/span><\/button><\/div><\/div><div class=\"awb-news-ticker-carousel-indicator\"><\/div><\/div><\/div><\/div><\/div><\/div><\/div><div class=\"fusion-fullwidth fullwidth-box fusion-builder-row-2 fusion-flex-container nonhundred-percent-fullwidth non-hundred-percent-height-scrolling\" style=\"--awb-border-radius-top-left:0px;--awb-border-radius-top-right:0px;--awb-border-radius-bottom-right:0px;--awb-border-radius-bottom-left:0px;--awb-padding-top:30px;--awb-padding-bottom:21px;--awb-margin-bottom:0px;--awb-background-color:var(--awb-color3);--awb-flex-wrap:wrap;\" ><div class=\"fusion-builder-row fusion-row fusion-flex-align-items-flex-start fusion-flex-content-wrap\" style=\"max-width:1248px;margin-left: calc(-4% \/ 2 );margin-right: calc(-4% \/ 2 );\"><div class=\"fusion-layout-column fusion_builder_column fusion-builder-column-1 fusion_builder_column_1_1 1_1 fusion-flex-column fusion-flex-align-self-flex-start fusion-column-no-min-height\" style=\"--awb-bg-blend:overlay;--awb-bg-size:cover;--awb-width-large:100%;--awb-margin-top-large:0px;--awb-spacing-right-large:1.92%;--awb-margin-bottom-large:0px;--awb-spacing-left-large:1.92%;--awb-width-medium:100%;--awb-spacing-right-medium:1.92%;--awb-spacing-left-medium:1.92%;--awb-width-small:100%;--awb-spacing-right-small:1.92%;--awb-spacing-left-small:1.92%;\"><div class=\"fusion-column-wrapper fusion-flex-justify-content-flex-start fusion-content-layout-column\"><div class=\"fusion-title title fusion-title-1 fusion-sep-none fusion-title-text fusion-title-size-one\" style=\"--awb-margin-bottom:5px;--awb-sep-color:#dd3333;\"><h1 class=\"fusion-title-heading title-heading-left fusion-responsive-typography-calculated\" style=\"margin:0;--fontSize:34;line-height:1.2;\">\u00c9V\u00c9NEMENTS \u00c0 VENIR<\/h1><\/div><div class=\"fusion-events-shortcode fusion-events-shortcode-1\" style=\"margin-left: -7.5px;margin-right: -7.5px;\"><div class=\"fusion-events-wrapper\" data-pages=\"1\"><div class=\"fusion-events-post fusion-spacing-no fusion-one-fifth fusion-layout-column\" style=\"padding:7.5px\"><div class=\"fusion-column-wrapper\"><div class=\"fusion-events-thumbnail hover-type-none\"><a href=\"https:\/\/artisticswimming.ca\/fr\/event\/qualifications-nationales-2026\/\" class=\"url\" rel=\"bookmark\" aria-label=\"QUALIFICATIONS NATIONALES 2026\"><img decoding=\"async\" width=\"1328\" height=\"660\" src=\"https:\/\/artisticswimming.ca\/wp-content\/uploads\/2025\/09\/2026-Qualifier-single-event.jpg\" class=\"attachment-full size-full wp-post-image\" alt=\"\" srcset=\"https:\/\/artisticswimming.ca\/wp-content\/uploads\/2025\/09\/2026-Qualifier-single-event-200x99.jpg 200w, https:\/\/artisticswimming.ca\/wp-content\/uploads\/2025\/09\/2026-Qualifier-single-event-400x199.jpg 400w, https:\/\/artisticswimming.ca\/wp-content\/uploads\/2025\/09\/2026-Qualifier-single-event-600x298.jpg 600w, https:\/\/artisticswimming.ca\/wp-content\/uploads\/2025\/09\/2026-Qualifier-single-event-800x398.jpg 800w, https:\/\/artisticswimming.ca\/wp-content\/uploads\/2025\/09\/2026-Qualifier-single-event-1200x596.jpg 1200w, https:\/\/artisticswimming.ca\/wp-content\/uploads\/2025\/09\/2026-Qualifier-single-event.jpg 1328w\" sizes=\"(min-width: 2200px) 100vw, (min-width: 1188px) 228px, (min-width: 1116px) 285px, (min-width: 1044px) 380px, (min-width: 972px) 570px, (min-width: 900px) 972px, \" \/><\/a><\/div><div class=\"fusion-events-content-wrapper\" style=\"padding:20px 20px 20px 20px;\"><div class=\"fusion-events-meta\"><h2><a href=\"https:\/\/artisticswimming.ca\/fr\/event\/qualifications-nationales-2026\/\" class=\"url\" rel=\"bookmark\">QUALIFICATIONS NATIONALES 2026<\/a><\/h2><h4><span class=\"tribe-event-date-start\">mars 17<\/span> - <span class=\"tribe-event-date-end\">mars 21<\/span><\/h4><\/div><\/div><\/div><\/div><div class=\"fusion-events-post fusion-spacing-no fusion-one-fifth fusion-layout-column\" style=\"padding:7.5px\"><div class=\"fusion-column-wrapper\"><div class=\"fusion-events-thumbnail hover-type-none\"><a href=\"https:\/\/artisticswimming.ca\/fr\/event\/canadiens-lucna-2026\/\" class=\"url\" rel=\"bookmark\" aria-label=\"CHAMPIONNATS CANADIENS LUCNA 2026\"><img decoding=\"async\" width=\"1328\" height=\"660\" src=\"https:\/\/artisticswimming.ca\/wp-content\/uploads\/2026\/02\/2026-CUASL-single-event.jpg\" class=\"attachment-full size-full wp-post-image\" alt=\"\" srcset=\"https:\/\/artisticswimming.ca\/wp-content\/uploads\/2026\/02\/2026-CUASL-single-event-200x99.jpg 200w, https:\/\/artisticswimming.ca\/wp-content\/uploads\/2026\/02\/2026-CUASL-single-event-400x199.jpg 400w, https:\/\/artisticswimming.ca\/wp-content\/uploads\/2026\/02\/2026-CUASL-single-event-600x298.jpg 600w, https:\/\/artisticswimming.ca\/wp-content\/uploads\/2026\/02\/2026-CUASL-single-event-800x398.jpg 800w, https:\/\/artisticswimming.ca\/wp-content\/uploads\/2026\/02\/2026-CUASL-single-event-1200x596.jpg 1200w, https:\/\/artisticswimming.ca\/wp-content\/uploads\/2026\/02\/2026-CUASL-single-event.jpg 1328w\" sizes=\"(min-width: 2200px) 100vw, (min-width: 1188px) 228px, (min-width: 1116px) 285px, (min-width: 1044px) 380px, (min-width: 972px) 570px, (min-width: 900px) 972px, \" \/><\/a><\/div><div class=\"fusion-events-content-wrapper\" style=\"padding:20px 20px 20px 20px;\"><div class=\"fusion-events-meta\"><h2><a href=\"https:\/\/artisticswimming.ca\/fr\/event\/canadiens-lucna-2026\/\" class=\"url\" rel=\"bookmark\">CHAMPIONNATS CANADIENS LUCNA 2026<\/a><\/h2><h4><span class=\"tribe-event-date-start\">mars 20<\/span> - <span class=\"tribe-event-date-end\">mars 22<\/span><\/h4><\/div><\/div><\/div><\/div><div class=\"fusion-events-post fusion-spacing-no fusion-one-fifth fusion-layout-column\" style=\"padding:7.5px\"><div class=\"fusion-column-wrapper\"><div class=\"fusion-events-thumbnail hover-type-none\"><a href=\"https:\/\/artisticswimming.ca\/fr\/event\/championnats-canadiens-2026\/\" class=\"url\" rel=\"bookmark\" aria-label=\"CHAMPIONNATS CANADIENS 2026\"><img decoding=\"async\" width=\"1328\" height=\"660\" src=\"https:\/\/artisticswimming.ca\/wp-content\/uploads\/2025\/09\/2026-CASC-single-event.jpg\" class=\"attachment-full size-full wp-post-image\" alt=\"\" srcset=\"https:\/\/artisticswimming.ca\/wp-content\/uploads\/2025\/09\/2026-CASC-single-event-200x99.jpg 200w, https:\/\/artisticswimming.ca\/wp-content\/uploads\/2025\/09\/2026-CASC-single-event-400x199.jpg 400w, https:\/\/artisticswimming.ca\/wp-content\/uploads\/2025\/09\/2026-CASC-single-event-600x298.jpg 600w, https:\/\/artisticswimming.ca\/wp-content\/uploads\/2025\/09\/2026-CASC-single-event-800x398.jpg 800w, https:\/\/artisticswimming.ca\/wp-content\/uploads\/2025\/09\/2026-CASC-single-event-1200x596.jpg 1200w, https:\/\/artisticswimming.ca\/wp-content\/uploads\/2025\/09\/2026-CASC-single-event.jpg 1328w\" sizes=\"(min-width: 2200px) 100vw, (min-width: 1188px) 228px, (min-width: 1116px) 285px, (min-width: 1044px) 380px, (min-width: 972px) 570px, (min-width: 900px) 972px, \" \/><\/a><\/div><div class=\"fusion-events-content-wrapper\" style=\"padding:20px 20px 20px 20px;\"><div class=\"fusion-events-meta\"><h2><a href=\"https:\/\/artisticswimming.ca\/fr\/event\/championnats-canadiens-2026\/\" class=\"url\" rel=\"bookmark\">CHAMPIONNATS CANADIENS 2026<\/a><\/h2><h4><span class=\"tribe-event-date-start\">mai 5<\/span> - <span class=\"tribe-event-date-end\">mai 9<\/span><\/h4><\/div><\/div><\/div><\/div><div class=\"fusion-events-post fusion-spacing-no fusion-one-fifth fusion-layout-column\" style=\"padding:7.5px\"><div class=\"fusion-column-wrapper\"><div class=\"fusion-events-thumbnail hover-type-none\"><a href=\"https:\/\/artisticswimming.ca\/fr\/event\/championnats-canadiens-des-maitres-2026\/\" class=\"url\" rel=\"bookmark\" aria-label=\"CHAMPIONNATS CANADIENS DES MAITRES 2026\"><img decoding=\"async\" width=\"1328\" height=\"660\" src=\"https:\/\/artisticswimming.ca\/wp-content\/uploads\/2026\/04\/2026-MASTERS-Single-Event.png\" class=\"attachment-full size-full wp-post-image\" alt=\"\" srcset=\"https:\/\/artisticswimming.ca\/wp-content\/uploads\/2026\/04\/2026-MASTERS-Single-Event-200x99.png 200w, https:\/\/artisticswimming.ca\/wp-content\/uploads\/2026\/04\/2026-MASTERS-Single-Event-400x199.png 400w, https:\/\/artisticswimming.ca\/wp-content\/uploads\/2026\/04\/2026-MASTERS-Single-Event-600x298.png 600w, https:\/\/artisticswimming.ca\/wp-content\/uploads\/2026\/04\/2026-MASTERS-Single-Event-800x398.png 800w, https:\/\/artisticswimming.ca\/wp-content\/uploads\/2026\/04\/2026-MASTERS-Single-Event-1200x596.png 1200w, https:\/\/artisticswimming.ca\/wp-content\/uploads\/2026\/04\/2026-MASTERS-Single-Event.png 1328w\" sizes=\"(min-width: 2200px) 100vw, (min-width: 1188px) 228px, (min-width: 1116px) 285px, (min-width: 1044px) 380px, (min-width: 972px) 570px, (min-width: 900px) 972px, \" \/><\/a><\/div><div class=\"fusion-events-content-wrapper\" style=\"padding:20px 20px 20px 20px;\"><div class=\"fusion-events-meta\"><h2><a href=\"https:\/\/artisticswimming.ca\/fr\/event\/championnats-canadiens-des-maitres-2026\/\" class=\"url\" rel=\"bookmark\">CHAMPIONNATS CANADIENS DES MAITRES 2026<\/a><\/h2><h4><span class=\"tribe-event-date-start\">juin 12<\/span> - <span class=\"tribe-event-date-end\">juin 14<\/span><\/h4><\/div><\/div><\/div><\/div><div class=\"fusion-clearfix\"><\/div><\/div><\/div><\/div><\/div><\/div><\/div><div class=\"fusion-fullwidth fullwidth-box fusion-builder-row-3 nonhundred-percent-fullwidth non-hundred-percent-height-scrolling\" style=\"--awb-border-radius-top-left:0px;--awb-border-radius-top-right:0px;--awb-border-radius-bottom-right:0px;--awb-border-radius-bottom-left:0px;--awb-flex-wrap:wrap;\" ><div class=\"fusion-builder-row fusion-row\"><div class=\"fusion-layout-column fusion_builder_column fusion-builder-column-2 fusion_builder_column_1_1 1_1 fusion-one-full fusion-column-first fusion-column-last\" style=\"--awb-bg-blend:overlay;--awb-bg-size:cover;\"><div class=\"fusion-column-wrapper fusion-flex-column-wrapper-legacy\"><div class=\"fusion-title title fusion-title-2 fusion-sep-none fusion-title-text fusion-title-size-one\" style=\"--awb-margin-top:40px;--awb-margin-bottom:10px;--awb-sep-color:#ff0000;\"><h1 class=\"fusion-title-heading title-heading-left fusion-responsive-typography-calculated\" style=\"margin:0;--fontSize:34;line-height:1.2;\"><span style=\"padding-left: 10px;\">CALENDRIER 2026<\/span><\/h1><\/div><div class=\"fusion-text fusion-text-1\" style=\"--awb-text-transform:none;\"><table class=\"table-3\" style=\"text-align: left; width: 100%;\">\n<tbody>\n<tr>\n<th style=\"width: 40%;\">\u00c9V\u00c9NEMENT<\/th>\n<th style=\"width: 20%;\">DATE<\/th>\n<th style=\"width: 20%;\">VILLE<\/th>\n<th style=\"width: 20%;\">D\u00c9TAILS<\/th>\n<\/tr>\n<tr>\n<td class=\"left-column\">Qualifications Nationales<\/td>\n<td><i>17-21 mars 2026<\/i><\/td>\n<td>Qu\u00e9bec, QC<\/td>\n<td><a href=\"https:\/\/artisticswimming.ca\/fr\/event\/qualifications-nationales-2026\/\">Voir page de la comp\u00e9tition<\/a><\/td>\n<\/tr>\n<tr>\n<td class=\"left-column\">Championnats Canadiens &#8211; Ligue Universitaire<\/td>\n<td><i>19-22 mars 2026<\/i><\/td>\n<td>Qu\u00e9bec, QC<\/td>\n<td><a href=\"https:\/\/artisticswimming.ca\/fr\/event\/canadiens-lucna-2026\/\">Voir page de la comp\u00e9tition<\/a><\/td>\n<\/tr>\n<tr>\n<td class=\"left-column\">Championnats Canadiens<\/td>\n<td><i>5-9 mai 2026<\/i><\/td>\n<td>Shaw Centre<br \/>\nSaskatoon, SK<\/td>\n<td><a href=\"https:\/\/artisticswimming.ca\/fr\/event\/championnats-canadiens-2026\/\">Voir page de la comp\u00e9tition<\/a><\/td>\n<\/tr>\n<tr>\n<td class=\"left-column\">CANADA CUP DES MAITRES &amp; Championnats Canadiens des Maitres<\/td>\n<td><i>12-14 juin 2026<\/i><\/td>\n<td>Toronto Pan Am Centre<br \/>\nToronto, ON<\/td>\n<td><\/td>\n<\/tr>\n<tr>\n<td class=\"left-column\">SUPER FINALE <i>WORLD AQUATICS<\/i><\/td>\n<td><i>19-21 juin, 2026<\/i><\/td>\n<td>Toronto Pan Am Centre<br \/>\nToronto, ON<\/td>\n<td><\/td>\n<\/tr>\n<tr>\n<td class=\"left-column\">Championnats du monde JUNIOR <em>World Aquatics<\/em><\/td>\n<td><i>12-16 Ao\u00fbt 2026<\/i><\/td>\n<td>Duna Arena<br \/>\nBudapest, HUN<\/td>\n<td><\/td>\n<\/tr>\n<tr>\n<td class=\"left-column\">OMNIUM OUVERT GROUPE D&rsquo;\u00c2GE<\/td>\n<td><i>24-30 ao\u00fbt 2026<\/i><\/td>\n<td><i> <\/i>Montr\u00e9al, QC<\/td>\n<td><\/td>\n<\/tr>\n<tr>\n<td class=\"left-column\">Assembl\u00e9e g\u00e9n\u00e9rale de Natation Artistique Canada<\/td>\n<td><i>Automne 2026<\/i><\/td>\n<td><i>\u00c0 confirmer<\/i><\/td>\n<td><\/td>\n<\/tr>\n<\/tbody>\n<\/table>\n<\/div><div class=\"fusion-clearfix\"><\/div><\/div><\/div><\/div><\/div><div class=\"fusion-fullwidth fullwidth-box fusion-builder-row-4 nonhundred-percent-fullwidth non-hundred-percent-height-scrolling\" style=\"--awb-border-radius-top-left:0px;--awb-border-radius-top-right:0px;--awb-border-radius-bottom-right:0px;--awb-border-radius-bottom-left:0px;--awb-flex-wrap:wrap;\" ><div class=\"fusion-builder-row fusion-row\"><div class=\"fusion-layout-column fusion_builder_column fusion-builder-column-3 fusion_builder_column_1_1 1_1 fusion-one-full fusion-column-first fusion-column-last\" style=\"--awb-bg-blend:overlay;--awb-bg-size:cover;\"><div class=\"fusion-column-wrapper fusion-flex-column-wrapper-legacy\"><div class=\"fusion-title title fusion-title-3 fusion-sep-none fusion-title-text fusion-title-size-one\" style=\"--awb-margin-top:40px;--awb-margin-bottom:10px;--awb-sep-color:#ff0000;\"><h1 class=\"fusion-title-heading title-heading-left fusion-responsive-typography-calculated\" style=\"margin:0;--fontSize:34;line-height:1.2;\"><span style=\"padding-left: 10px;\">CALENDRIER 2027<\/span><\/h1><\/div><div class=\"fusion-text fusion-text-2\" style=\"--awb-text-transform:none;\"><table class=\"table-3\" style=\"text-align: left; width: 100%;\">\n<tbody>\n<tr>\n<th style=\"width: 40%;\">\u00c9V\u00c9NEMENT<\/th>\n<th style=\"width: 20%;\">DATE<\/th>\n<th style=\"width: 20%;\">VILLE<\/th>\n<th style=\"width: 20%;\">D\u00c9TAILS<\/th>\n<\/tr>\n<tr>\n<td class=\"left-column\">Qualifications Nationales<\/td>\n<td><i>\u00c0 confirmer<\/i><\/td>\n<td>Est<\/td>\n<td><\/td>\n<\/tr>\n<tr>\n<td class=\"left-column\">Championnats Canadiens &#8211; Ligue Universitaire<\/td>\n<td><i>\u00c0 confirmer<\/i><\/td>\n<td>Est<\/td>\n<td><\/td>\n<\/tr>\n<tr>\n<td class=\"left-column\">Championnats Canadiens<\/td>\n<td><i>\u00c0 confirmer<\/i><\/td>\n<td>Est<\/td>\n<td><\/td>\n<\/tr>\n<tr>\n<td class=\"left-column\">Championnats Canadiens des Maitres<\/td>\n<td><i>\u00c0 confirmer<\/i><\/td>\n<td>Est<\/td>\n<td><\/td>\n<\/tr>\n<tr>\n<td class=\"left-column\">CHAMPIONNATS DU MONDE DES MAITRES WORLD AQUATICS<\/td>\n<td>26 juin &#8211; 17 juillet, 2027<\/td>\n<td>Budapest, HUN<\/td>\n<td><em>Dates de la natation artistique:<\/em> <strong>26-30 juin, 2027<\/strong><\/td>\n<\/tr>\n<tr>\n<td class=\"left-column\">CHAMPIONNATS DU MONDE WORLD AQUATICS<\/td>\n<td>26 juin &#8211; 17 juillet, 2027<\/td>\n<td>Budapest, HUN<\/td>\n<td><em>Dates de la natation artistique:<\/em> <strong>10-17 juillet, 2027<\/strong><\/td>\n<\/tr>\n<tr>\n<td class=\"left-column\">Jeux Panam\u00e9ricains<\/td>\n<td><i> 16 juillet &#8211; 1 ao\u00fbt, 2027<\/i><\/td>\n<td><i> <\/i>Lima, PER<\/td>\n<td><\/td>\n<\/tr>\n<tr>\n<td class=\"left-column\">Championnats du monde Jeunesse <em>World Aquatics<\/em><\/td>\n<td><i>\u00c9t\u00e9 2027 &#8211; Dates \u00e0 confirmer<\/i><\/td>\n<td><i>\u00c0 confirmer<\/i><\/td>\n<td><\/td>\n<\/tr>\n<tr>\n<td class=\"left-column\">Assembl\u00e9e g\u00e9n\u00e9rale de Natation Artistique Canada<\/td>\n<td>Automne 2026<\/td>\n<td><i>\u00c0 confirmer<\/i><\/td>\n<td><\/td>\n<\/tr>\n<\/tbody>\n<\/table>\n<\/div><div class=\"fusion-clearfix\"><\/div><\/div><\/div><\/div><\/div><\/p>\n","protected":false},"excerpt":{"rendered":"","protected":false},"author":3,"featured_media":0,"parent":896,"menu_order":0,"comment_status":"closed","ping_status":"closed","template":"100-width.php","meta":{"_acf_changed":false,"footnotes":""},"class_list":["post-1965","page","type-page","status-publish","hentry","cat_2026-fr"],"acf":[],"yoast_head":"<!-- This site is optimized with the Yoast SEO plugin v27.2 - https:\/\/yoast.com\/product\/yoast-seo-wordpress\/ -->\n<title>CALENDRIER D&#039;\u00c9V\u00c9NEMENTS - Natation Artistique Canada<\/title>\n<meta name=\"robots\" content=\"index, follow, max-snippet:-1, max-image-preview:large, max-video-preview:-1\" \/>\n<link rel=\"canonical\" href=\"https:\/\/artisticswimming.ca\/fr\/evenements-et-resultats\/calendrier-devenements\/\" \/>\n<meta property=\"og:locale\" content=\"fr_FR\" \/>\n<meta property=\"og:type\" content=\"article\" \/>\n<meta property=\"og:title\" content=\"CALENDRIER D&#039;\u00c9V\u00c9NEMENTS - Natation Artistique Canada\" \/>\n<meta property=\"og:url\" content=\"https:\/\/artisticswimming.ca\/fr\/evenements-et-resultats\/calendrier-devenements\/\" \/>\n<meta property=\"og:site_name\" content=\"Natation Artistique Canada\" \/>\n<meta property=\"article:modified_time\" content=\"2026-02-15T14:00:13+00:00\" \/>\n<meta name=\"twitter:card\" content=\"summary_large_image\" \/>\n<meta name=\"twitter:label1\" content=\"Dur\u00e9e de lecture estim\u00e9e\" \/>\n\t<meta name=\"twitter:data1\" content=\"2 minutes\" \/>\n<script type=\"application\/ld+json\" class=\"yoast-schema-graph\">{\"@context\":\"https:\/\/schema.org\",\"@graph\":[{\"@type\":\"WebPage\",\"@id\":\"https:\/\/artisticswimming.ca\/fr\/evenements-et-resultats\/calendrier-devenements\/\",\"url\":\"https:\/\/artisticswimming.ca\/fr\/evenements-et-resultats\/calendrier-devenements\/\",\"name\":\"CALENDRIER D'\u00c9V\u00c9NEMENTS - Natation Artistique Canada\",\"isPartOf\":{\"@id\":\"https:\/\/artisticswimming.ca\/fr\/#website\"},\"datePublished\":\"2016-09-07T19:45:22+00:00\",\"dateModified\":\"2026-02-15T14:00:13+00:00\",\"breadcrumb\":{\"@id\":\"https:\/\/artisticswimming.ca\/fr\/evenements-et-resultats\/calendrier-devenements\/#breadcrumb\"},\"inLanguage\":\"fr-FR\",\"potentialAction\":[{\"@type\":\"ReadAction\",\"target\":[\"https:\/\/artisticswimming.ca\/fr\/evenements-et-resultats\/calendrier-devenements\/\"]}]},{\"@type\":\"BreadcrumbList\",\"@id\":\"https:\/\/artisticswimming.ca\/fr\/evenements-et-resultats\/calendrier-devenements\/#breadcrumb\",\"itemListElement\":[{\"@type\":\"ListItem\",\"position\":1,\"name\":\"Home\",\"item\":\"https:\/\/artisticswimming.ca\/fr\/\"},{\"@type\":\"ListItem\",\"position\":2,\"name\":\"\u00c9V\u00c9NEMENTS ET R\u00c9SULTATS\",\"item\":\"https:\/\/artisticswimming.ca\/fr\/evenements-et-resultats\/\"},{\"@type\":\"ListItem\",\"position\":3,\"name\":\"CALENDRIER D&rsquo;\u00c9V\u00c9NEMENTS\"}]},{\"@type\":\"WebSite\",\"@id\":\"https:\/\/artisticswimming.ca\/fr\/#website\",\"url\":\"https:\/\/artisticswimming.ca\/fr\/\",\"name\":\"Natation Artistique Canada\",\"description\":\"\",\"potentialAction\":[{\"@type\":\"SearchAction\",\"target\":{\"@type\":\"EntryPoint\",\"urlTemplate\":\"https:\/\/artisticswimming.ca\/fr\/?s={search_term_string}\"},\"query-input\":{\"@type\":\"PropertyValueSpecification\",\"valueRequired\":true,\"valueName\":\"search_term_string\"}}],\"inLanguage\":\"fr-FR\"}]}<\/script>\n<!-- \/ Yoast SEO plugin. -->","yoast_head_json":{"title":"CALENDRIER D'\u00c9V\u00c9NEMENTS - Natation Artistique Canada","robots":{"index":"index","follow":"follow","max-snippet":"max-snippet:-1","max-image-preview":"max-image-preview:large","max-video-preview":"max-video-preview:-1"},"canonical":"https:\/\/artisticswimming.ca\/fr\/evenements-et-resultats\/calendrier-devenements\/","og_locale":"fr_FR","og_type":"article","og_title":"CALENDRIER D'\u00c9V\u00c9NEMENTS - Natation Artistique Canada","og_url":"https:\/\/artisticswimming.ca\/fr\/evenements-et-resultats\/calendrier-devenements\/","og_site_name":"Natation Artistique Canada","article_modified_time":"2026-02-15T14:00:13+00:00","twitter_card":"summary_large_image","twitter_misc":{"Dur\u00e9e de lecture estim\u00e9e":"2 minutes"},"schema":{"@context":"https:\/\/schema.org","@graph":[{"@type":"WebPage","@id":"https:\/\/artisticswimming.ca\/fr\/evenements-et-resultats\/calendrier-devenements\/","url":"https:\/\/artisticswimming.ca\/fr\/evenements-et-resultats\/calendrier-devenements\/","name":"CALENDRIER D'\u00c9V\u00c9NEMENTS - Natation Artistique Canada","isPartOf":{"@id":"https:\/\/artisticswimming.ca\/fr\/#website"},"datePublished":"2016-09-07T19:45:22+00:00","dateModified":"2026-02-15T14:00:13+00:00","breadcrumb":{"@id":"https:\/\/artisticswimming.ca\/fr\/evenements-et-resultats\/calendrier-devenements\/#breadcrumb"},"inLanguage":"fr-FR","potentialAction":[{"@type":"ReadAction","target":["https:\/\/artisticswimming.ca\/fr\/evenements-et-resultats\/calendrier-devenements\/"]}]},{"@type":"BreadcrumbList","@id":"https:\/\/artisticswimming.ca\/fr\/evenements-et-resultats\/calendrier-devenements\/#breadcrumb","itemListElement":[{"@type":"ListItem","position":1,"name":"Home","item":"https:\/\/artisticswimming.ca\/fr\/"},{"@type":"ListItem","position":2,"name":"\u00c9V\u00c9NEMENTS ET R\u00c9SULTATS","item":"https:\/\/artisticswimming.ca\/fr\/evenements-et-resultats\/"},{"@type":"ListItem","position":3,"name":"CALENDRIER D&rsquo;\u00c9V\u00c9NEMENTS"}]},{"@type":"WebSite","@id":"https:\/\/artisticswimming.ca\/fr\/#website","url":"https:\/\/artisticswimming.ca\/fr\/","name":"Natation Artistique Canada","description":"","potentialAction":[{"@type":"SearchAction","target":{"@type":"EntryPoint","urlTemplate":"https:\/\/artisticswimming.ca\/fr\/?s={search_term_string}"},"query-input":{"@type":"PropertyValueSpecification","valueRequired":true,"valueName":"search_term_string"}}],"inLanguage":"fr-FR"}]}},"_links":{"self":[{"href":"https:\/\/artisticswimming.ca\/fr\/wp-json\/wp\/v2\/pages\/1965","targetHints":{"allow":["GET"]}}],"collection":[{"href":"https:\/\/artisticswimming.ca\/fr\/wp-json\/wp\/v2\/pages"}],"about":[{"href":"https:\/\/artisticswimming.ca\/fr\/wp-json\/wp\/v2\/types\/page"}],"author":[{"embeddable":true,"href":"https:\/\/artisticswimming.ca\/fr\/wp-json\/wp\/v2\/users\/3"}],"replies":[{"embeddable":true,"href":"https:\/\/artisticswimming.ca\/fr\/wp-json\/wp\/v2\/comments?post=1965"}],"version-history":[{"count":0,"href":"https:\/\/artisticswimming.ca\/fr\/wp-json\/wp\/v2\/pages\/1965\/revisions"}],"up":[{"embeddable":true,"href":"https:\/\/artisticswimming.ca\/fr\/wp-json\/wp\/v2\/pages\/896"}],"wp:attachment":[{"href":"https:\/\/artisticswimming.ca\/fr\/wp-json\/wp\/v2\/media?parent=1965"}],"curies":[{"name":"wp","href":"https:\/\/api.w.org\/{rel}","templated":true}]}}