{"id":2099,"date":"2016-10-01T17:31:33","date_gmt":"2016-10-01T17:31:33","guid":{"rendered":"http:\/\/synchro.wpengine.com\/?page_id=2099&#038;lang=fr"},"modified":"2024-02-26T14:35:15","modified_gmt":"2024-02-26T19:35:15","slug":"manuels-des-reglements","status":"publish","type":"page","link":"https:\/\/artisticswimming.ca\/fr\/ressources\/competitions\/manuels-des-reglements\/","title":{"rendered":"R\u00c8GLEMENTS &#038; M\u00c9MOS TECHNIQUES"},"content":{"rendered":"<div class=\"fusion-fullwidth fullwidth-box fusion-builder-row-1 hundred-percent-fullwidth non-hundred-percent-height-scrolling\" style=\"--awb-border-radius-top-left:0px;--awb-border-radius-top-right:0px;--awb-border-radius-bottom-right:0px;--awb-border-radius-bottom-left:0px;--awb-overflow:visible;--awb-flex-wrap:wrap;\" ><div class=\"fusion-builder-row fusion-row\"><div class=\"fusion-layout-column fusion_builder_column fusion-builder-column-0 fusion_builder_column_1_1 1_1 fusion-one-full fusion-column-first fusion-column-last fusion-column-no-min-height\" style=\"--awb-bg-blend:overlay;--awb-bg-size:cover;--awb-margin-bottom:0px;\"><div class=\"fusion-column-wrapper fusion-flex-column-wrapper-legacy\"><div class=\"fusion-title title fusion-title-1 fusion-sep-none fusion-title-text fusion-title-size-two\" style=\"--awb-sep-color:#dd3333;\"><h2 class=\"fusion-title-heading title-heading-left fusion-responsive-typography-calculated\" style=\"margin:0;text-transform:uppercase;--fontSize:30;line-height:1.2;\">Manuels des r\u00e8glements<\/h2><\/div><div class=\"fusion-text fusion-text-1\" style=\"--awb-text-transform:none;\"><table class=\"table-3\" width=\"100%\">\n<thead>\n<tr>\n<th style=\"width: 65%;\">Nom<\/th>\n<th style=\"width: 15%;\">Date<\/th>\n<th style=\"width: 10%;\">Type<\/th>\n<th style=\"width: 10%;\">Poids<\/th>\n<\/tr>\n<\/thead>\n<tbody>\n<tr>\n<td class=\"left-column\"><a href=\"http:\/\/artisticswimming.ca\/wp-content\/uploads\/2023\/09\/CAS-RULEBOOK-Revised-September-2023-v2.pdf\" target=\"_blank\" rel=\"noopener noreferrer\">Manuel des r\u00e8glements de Natation Artistique Canada 2023-2024<\/a> (anglais seulement &#8211; version fran\u00e7aise en traduction)<\/td>\n<td>Sep 2023<\/td>\n<td><i class=\"fa fa-file-pdf-o\">\u00a0<\/i><\/td>\n<td>554 Ko<\/td>\n<\/tr>\n<tr>\n<td class=\"left-column\"><a href=\"http:\/\/artisticswimming.ca\/wp-content\/uploads\/2023\/11\/APPENDIX-III-MASTERS-As-of-Oct-2023.pdf\">Annexe III &#8211; R\u00e8gles Maitres 2023-2024<\/a> (anglais seulement &#8211; version fran\u00e7aise en traduction)<\/td>\n<td>Nov 2023<\/td>\n<td><i class=\"fa fa-file-pdf-o\">\u00a0<\/i><\/td>\n<td>85 Ko<\/td>\n<\/tr>\n<tr>\n<td class=\"left-column\"><a href=\"http:\/\/artisticswimming.ca\/wp-content\/uploads\/2024\/02\/REVISED-JAN-2024-Appendix-IV_-Adaptive-Artistic-Swimming.pdf\">Annexe IV &#8211; R\u00e8gles natation artistique adaptive 2023-2024<\/a> (anglais seulement &#8211; version fran\u00e7aise en traduction)<\/td>\n<td>Jan 2024<\/td>\n<td><i class=\"fa fa-file-pdf-o\">\u00a0<\/i><\/td>\n<td>439 Ko<\/td>\n<\/tr>\n<tr>\n<td class=\"left-column\"><a href=\"https:\/\/www.worldaquatics.com\/artistic-swimming\/rules\" target=\"_blank\" rel=\"noopener noreferrer\">Manuels et r\u00e8glements de World Aquatics 2021-2025 (en anglais)<\/a><\/td>\n<td>2021<\/td>\n<td><i class=\"fa fa-external-link\" aria-hidden=\"true\">\u00a0<\/i><\/td>\n<td>&#8212;<\/td>\n<\/tr>\n<\/tbody>\n<\/table>\n<\/div><div class=\"fusion-clearfix\"><\/div><\/div><\/div><div class=\"fusion-layout-column fusion_builder_column fusion-builder-column-1 fusion_builder_column_1_1 1_1 fusion-one-full fusion-column-first fusion-column-last fusion-column-no-min-height\" style=\"--awb-bg-size:cover;--awb-margin-top:40px;--awb-margin-bottom:0px;\"><div class=\"fusion-column-wrapper fusion-column-has-shadow fusion-flex-column-wrapper-legacy\"><div class=\"fusion-title title fusion-title-2 fusion-sep-none fusion-title-text fusion-title-size-two\" style=\"--awb-margin-top:20px;--awb-sep-color:#dd3333;\"><h2 class=\"fusion-title-heading title-heading-left fusion-responsive-typography-calculated\" style=\"margin:0;text-transform:uppercase;--fontSize:30;line-height:1.2;\">Changements des r\u00e8glements &amp; M\u00e9mos techniques<\/h2><\/div><div class=\"accordian fusion-accordian\" style=\"--awb-border-size:1px;--awb-icon-size:13px;--awb-content-font-size:15px;--awb-icon-alignment:left;--awb-hover-color:#f9f9f9;--awb-border-color:#cccccc;--awb-background-color:#ffffff;--awb-divider-color:#e0dede;--awb-divider-hover-color:#e0dede;--awb-icon-color:#ffffff;--awb-title-color:#00768f;--awb-content-color:#545454;--awb-icon-box-color:#333333;--awb-toggle-hover-accent-color:#13d0ca;--awb-title-font-family:&quot;Cocogoose-Compressed-Semi&quot;;--awb-title-font-weight:400;--awb-title-font-style:normal;--awb-title-font-size:20px;--awb-title-line-height:1.3;--awb-content-font-family:&quot;Barlow&quot;;--awb-content-font-style:normal;--awb-content-font-weight:400;\"><div class=\"panel-group fusion-toggle-icon-boxed\" id=\"accordion-2099-1\"><div class=\"fusion-panel panel-default panel-01f6ea309efd09672 fusion-toggle-no-divider fusion-toggle-boxed-mode\"><div class=\"panel-heading\"><h4 class=\"panel-title toggle\" id=\"toggle_01f6ea309efd09672\"><a class=\"active\" aria-expanded=\"true\" aria-controls=\"01f6ea309efd09672\" role=\"button\" data-toggle=\"collapse\" data-parent=\"#accordion-2099-1\" data-target=\"#01f6ea309efd09672\" href=\"#01f6ea309efd09672\"><span class=\"fusion-toggle-icon-wrapper\" aria-hidden=\"true\"><i class=\"fa-fusion-box active-icon awb-icon-minus\" aria-hidden=\"true\"><\/i><i class=\"fa-fusion-box inactive-icon awb-icon-plus\" aria-hidden=\"true\"><\/i><\/span><span class=\"fusion-toggle-heading\">2023-2024<\/span><\/a><\/h4><\/div><div id=\"01f6ea309efd09672\" class=\"panel-collapse collapse in\" aria-labelledby=\"toggle_01f6ea309efd09672\"><div class=\"panel-body toggle-content fusion-clearfix\">\n<table class=\"table-3\" width=\"100%\">\n<thead>\n<tr>\n<th width=\"75%\">Nom<\/th>\n<th width=\"15%\">Date<\/th>\n<th width=\"10%\">Type<\/th>\n<\/tr>\n<\/thead>\n<tbody>\n<tr>\n<td><a href=\"http:\/\/artisticswimming.ca\/wp-content\/uploads\/2023\/09\/2024-1-Tech-Memo-FR.pdf\">M\u00e9mo Technique 2024-1 &#8211; Changements de r\u00e8glements &amp; Pr\u00e9cisions pour la saison 23-24<\/a><\/td>\n<td>2023-09-01<\/td>\n<td><i class=\"fa fa-file-pdf-o\">\u00a0<\/i><\/td>\n<\/tr>\n<tr>\n<td><a href=\"http:\/\/artisticswimming.ca\/wp-content\/uploads\/2023\/10\/2024-3-REV-Tech-Memo-FR.pdf\">M\u00e9mo Technique 2024-3-REV &#8211; R\u00e8glements des Maitres 23-24<\/a><\/td>\n<td>2023-10-12<\/td>\n<td><i class=\"fa fa-file-pdf-o\">\u00a0<\/i><\/td>\n<\/tr>\n<tr>\n<td><a href=\"http:\/\/artisticswimming.ca\/wp-content\/uploads\/2023\/09\/2024-4-Tech-Memo-FR.pdf\">M\u00e9mo Technique 2024-4 &#8211; Mise \u00e0 jour &#8211; Syst\u00e8me de pointage 23-24<\/a><\/td>\n<td>2023-09-27<\/td>\n<td><i class=\"fa fa-file-pdf-o\">\u00a0<\/i><\/td>\n<\/tr>\n<tr>\n<td><a href=\"http:\/\/artisticswimming.ca\/wp-content\/uploads\/2023\/11\/2024-5-Tech-Memo-FR.pdf\">M\u00e9mo Technique 2024-5 &#8211; R\u00e8glements des Maitres 23-24<\/a><\/td>\n<td>2023-11-22<\/td>\n<td><i class=\"fa fa-file-pdf-o\">\u00a0<\/i><\/td>\n<\/tr>\n<\/tbody>\n<\/table>\n<\/div><\/div><\/div><div class=\"fusion-panel panel-default panel-c01d149215a94144a fusion-toggle-no-divider fusion-toggle-boxed-mode\"><div class=\"panel-heading\"><h4 class=\"panel-title toggle\" id=\"toggle_c01d149215a94144a\"><a aria-expanded=\"false\" aria-controls=\"c01d149215a94144a\" role=\"button\" data-toggle=\"collapse\" data-parent=\"#accordion-2099-1\" data-target=\"#c01d149215a94144a\" href=\"#c01d149215a94144a\"><span class=\"fusion-toggle-icon-wrapper\" aria-hidden=\"true\"><i class=\"fa-fusion-box active-icon awb-icon-minus\" aria-hidden=\"true\"><\/i><i class=\"fa-fusion-box inactive-icon awb-icon-plus\" aria-hidden=\"true\"><\/i><\/span><span class=\"fusion-toggle-heading\">2022-2023<\/span><\/a><\/h4><\/div><div id=\"c01d149215a94144a\" class=\"panel-collapse collapse \" aria-labelledby=\"toggle_c01d149215a94144a\"><div class=\"panel-body toggle-content fusion-clearfix\">\n<table class=\"table-3\" width=\"100%\">\n<thead>\n<tr>\n<th width=\"75%\">Nom<\/th>\n<th width=\"15%\">Date<\/th>\n<th width=\"10%\">Type<\/th>\n<\/tr>\n<\/thead>\n<tbody>\n<tr>\n<td><a href=\"http:\/\/artisticswimming.ca\/wp-content\/uploads\/2023\/04\/2023-4-Tech-Memo-CASC-Coach-Cards-FR.pdf\">M\u00e9mo technique 2023-4 &#8211; Dates limite de soumission des cartes d&rsquo;entraineur.e.s<\/a><\/td>\n<td>2023-04-15<\/td>\n<td><i class=\"fa fa-file-pdf-o\">\u00a0<\/i><\/td>\n<\/tr>\n<tr>\n<td><a href=\"http:\/\/artisticswimming.ca\/wp-content\/uploads\/2023\/08\/2023-3-Tech-Memo-FR.pdf\">M\u00e9mo technique 2023-3 &#8211; Changements pour figrues jeunesse aux Qualifications nationales 2023<\/a><\/td>\n<td>2023-03-03<\/td>\n<td><i class=\"fa fa-file-pdf-o\">\u00a0<\/i><\/td>\n<\/tr>\n<tr>\n<td><a href=\"http:\/\/artisticswimming.ca\/wp-content\/uploads\/2023\/08\/2023-2-Tech-Memo-FR.pdf\">M\u00e9mo technique 2023-2 &#8211; Pr\u00e9cisions pour la saison 2022-2023<\/a><\/td>\n<td>2023-01-27<\/td>\n<td><i class=\"fa fa-file-pdf-o\">\u00a0<\/i><\/td>\n<\/tr>\n<tr>\n<td><a href=\"http:\/\/artisticswimming.ca\/wp-content\/uploads\/2023\/08\/Tech-Memo-2023-1-FR.pdf\">M\u00e9mo technique 2023-1 &#8211; Mises \u00e0 jour sur la saison de comp\u00e9tition 2022-2023<\/a><\/td>\n<td>2022-08-11<\/td>\n<td><i class=\"fa fa-file-pdf-o\">\u00a0<\/i><\/td>\n<\/tr>\n<\/tbody>\n<\/table>\n<\/div><\/div><\/div><div class=\"fusion-panel panel-default panel-6bd4639f97e0c24c1 fusion-toggle-no-divider fusion-toggle-boxed-mode\"><div class=\"panel-heading\"><h4 class=\"panel-title toggle\" id=\"toggle_6bd4639f97e0c24c1\"><a aria-expanded=\"false\" aria-controls=\"6bd4639f97e0c24c1\" role=\"button\" data-toggle=\"collapse\" data-parent=\"#accordion-2099-1\" data-target=\"#6bd4639f97e0c24c1\" href=\"#6bd4639f97e0c24c1\"><span class=\"fusion-toggle-icon-wrapper\" aria-hidden=\"true\"><i class=\"fa-fusion-box active-icon awb-icon-minus\" aria-hidden=\"true\"><\/i><i class=\"fa-fusion-box inactive-icon awb-icon-plus\" aria-hidden=\"true\"><\/i><\/span><span class=\"fusion-toggle-heading\">2021-2022<\/span><\/a><\/h4><\/div><div id=\"6bd4639f97e0c24c1\" class=\"panel-collapse collapse \" aria-labelledby=\"toggle_6bd4639f97e0c24c1\"><div class=\"panel-body toggle-content fusion-clearfix\">\n<table class=\"table-3\" width=\"100%\">\n<thead>\n<tr>\n<th width=\"75%\">Nom<\/th>\n<th width=\"15%\">Date<\/th>\n<th width=\"10%\">Type<\/th>\n<\/tr>\n<\/thead>\n<tbody>\n<tr>\n<td><a href=\"http:\/\/artisticswimming.ca\/wp-content\/uploads\/2023\/08\/2022-6-REV-Figure-Rule-Change-FR.pdf\">M\u00e9mo technique 2022-6 &#8211; Changement de r\u00e8glement pour les figures aux CCNA 2022<\/a><\/td>\n<td>2022-04-29<\/td>\n<td><i class=\"fa fa-file-pdf-o\">\u00a0<\/i><\/td>\n<\/tr>\n<tr>\n<td><a href=\"http:\/\/artisticswimming.ca\/wp-content\/uploads\/2023\/08\/2022-5-Competition-Rule-Change-FR.pdf\">M\u00e9mo technique 2022-5 &#8211; Changements de r\u00e8glements pour la saison de comp\u00e9tition 2021-2022<\/a><\/td>\n<td>2022-02-04<\/td>\n<td><i class=\"fa fa-file-pdf-o\">\u00a0<\/i><\/td>\n<\/tr>\n<tr>\n<td><a href=\"http:\/\/artisticswimming.ca\/wp-content\/uploads\/2023\/08\/2022-4-Competition-Rule-Change-FR.pdf\">M\u00e9mo technique 2022-4 &#8211; Changement de r\u00e8glement quant aux solos et duos techniques au CCNA 2022<\/a><\/td>\n<td>2022-01-12<\/td>\n<td><i class=\"fa fa-file-pdf-o\">\u00a0<\/i><\/td>\n<\/tr>\n<tr>\n<td><a href=\"http:\/\/artisticswimming.ca\/wp-content\/uploads\/2023\/08\/2022-3-2022-Competition-Update-FR.pdf\">M\u00e9mo technique 2022-3 &#8211; Mise \u00e0 jour pour la saison de comp\u00e9tition 2021-2022<\/a><\/td>\n<td>2021-12-21<\/td>\n<td><i class=\"fa fa-file-pdf-o\">\u00a0<\/i><\/td>\n<\/tr>\n<tr>\n<td><a href=\"http:\/\/artisticswimming.ca\/wp-content\/uploads\/2023\/08\/2022-2-Competition-Rule-Changes-FR.pdf\">M\u00e9mo technique 2022-2 &#8211; Changements de r\u00e8glements pour la saison de comp\u00e9tition 2021-2022<\/a><\/td>\n<td>2021-11-10<\/td>\n<td><i class=\"fa fa-file-pdf-o\">\u00a0<\/i><\/td>\n<\/tr>\n<tr>\n<td><a href=\"http:\/\/artisticswimming.ca\/wp-content\/uploads\/2023\/08\/2022-1-Competition-Rule-Change-FR.pdf\">M\u00e9mo technique 2022-1 &#8211; Changement de r\u00e8glement quant aux inscriptions de routines techniques et libres<\/a><\/td>\n<td>2021-09-15<\/td>\n<td><i class=\"fa fa-file-pdf-o\">\u00a0<\/i><\/td>\n<\/tr>\n<\/tbody>\n<\/table>\n<\/div><\/div><\/div><div class=\"fusion-panel panel-default panel-dbca2d4dc36de7a4e fusion-toggle-no-divider fusion-toggle-boxed-mode\"><div class=\"panel-heading\"><h4 class=\"panel-title toggle\" id=\"toggle_dbca2d4dc36de7a4e\"><a aria-expanded=\"false\" aria-controls=\"dbca2d4dc36de7a4e\" role=\"button\" data-toggle=\"collapse\" data-parent=\"#accordion-2099-1\" data-target=\"#dbca2d4dc36de7a4e\" href=\"#dbca2d4dc36de7a4e\"><span class=\"fusion-toggle-icon-wrapper\" aria-hidden=\"true\"><i class=\"fa-fusion-box active-icon awb-icon-minus\" aria-hidden=\"true\"><\/i><i class=\"fa-fusion-box inactive-icon awb-icon-plus\" aria-hidden=\"true\"><\/i><\/span><span class=\"fusion-toggle-heading\">2020-2021<\/span><\/a><\/h4><\/div><div id=\"dbca2d4dc36de7a4e\" class=\"panel-collapse collapse \" aria-labelledby=\"toggle_dbca2d4dc36de7a4e\"><div class=\"panel-body toggle-content fusion-clearfix\">\n<table class=\"table-3\" width=\"100%\">\n<thead>\n<tr>\n<th width=\"75%\">Nom<\/th>\n<th width=\"15%\">Date<\/th>\n<th width=\"10%\">Type<\/th>\n<\/tr>\n<\/thead>\n<tbody>\n<tr>\n<td><a href=\"http:\/\/artisticswimming.ca\/wp-content\/uploads\/2020\/08\/2021-1-Junior-Age-Eligibility-Rule-Change-FR.pdf\" target=\"_blank\" rel=\"noopener noreferrer\">M\u00e9mo Technique 2021-1 &#8211; \u00c2ge d&rsquo;\u00e9ligibilit\u00e9 pour juniors en 2020-2021<\/a><\/td>\n<td>Ao\u00fbt 2020<\/td>\n<td><i class=\"fa fa-file-pdf-o\">\u00a0<\/i><\/td>\n<\/tr>\n<\/tbody>\n<\/table>\n<\/div><\/div><\/div><div class=\"fusion-panel panel-default panel-6e4ea97dc643cf406 fusion-toggle-no-divider fusion-toggle-boxed-mode\"><div class=\"panel-heading\"><h4 class=\"panel-title toggle\" id=\"toggle_6e4ea97dc643cf406\"><a aria-expanded=\"false\" aria-controls=\"6e4ea97dc643cf406\" role=\"button\" data-toggle=\"collapse\" data-parent=\"#accordion-2099-1\" data-target=\"#6e4ea97dc643cf406\" href=\"#6e4ea97dc643cf406\"><span class=\"fusion-toggle-icon-wrapper\" aria-hidden=\"true\"><i class=\"fa-fusion-box active-icon awb-icon-minus\" aria-hidden=\"true\"><\/i><i class=\"fa-fusion-box inactive-icon awb-icon-plus\" aria-hidden=\"true\"><\/i><\/span><span class=\"fusion-toggle-heading\">2019-2020<\/span><\/a><\/h4><\/div><div id=\"6e4ea97dc643cf406\" class=\"panel-collapse collapse \" aria-labelledby=\"toggle_6e4ea97dc643cf406\"><div class=\"panel-body toggle-content fusion-clearfix\">\n<table class=\"table-3\" width=\"100%\">\n<thead>\n<tr>\n<th width=\"75%\">Nom<\/th>\n<th width=\"15%\">Date<\/th>\n<th width=\"10%\">Type<\/th>\n<\/tr>\n<\/thead>\n<tbody>\n<tr>\n<td><a href=\"http:\/\/artisticswimming.ca\/wp-content\/uploads\/2018\/09\/2018-Rule-Changes-Summary-September-2018-FR.pdf\" target=\"_blank\" rel=\"noopener noreferrer\">R\u00e9sum\u00e9 des changements pour la saison 2019-2020<\/a><\/td>\n<td>Oct 2019<\/td>\n<td><i class=\"fa fa-file-pdf-o\">\u00a0<\/i><\/td>\n<\/tr>\n<\/tbody>\n<\/table>\n<\/div><\/div><\/div><\/div><\/div><div class=\"fusion-clearfix\"><\/div><\/div><\/div><div class=\"fusion-layout-column fusion_builder_column fusion-builder-column-2 fusion_builder_column_1_1 1_1 fusion-one-full fusion-column-first fusion-column-last fusion-column-no-min-height\" style=\"--awb-bg-blend:overlay;--awb-bg-size:cover;--awb-margin-bottom:0px;\"><div class=\"fusion-column-wrapper fusion-flex-column-wrapper-legacy\"><div style=\"display:none;\"><div class=\"fusion-title title fusion-title-3 sep-underline sep-dotted fusion-title-text fusion-title-size-two\" style=\"--awb-margin-top:40px;--awb-sep-color:#dd3333;\"><h2 class=\"fusion-title-heading title-heading-left fusion-responsive-typography-calculated\" style=\"margin:0;--fontSize:30;line-height:1.2;\">2013-2017 FINA Figures &amp; Required Elements<\/h2><\/div><div class=\"fusion-text fusion-text-2\"><p>Consultez les figures et les \u00e9l\u00e9ments requis pour 2013-2017 tels que pr\u00e9par\u00e9 pour le Comit\u00e9 technique de nage synchronis\u00e9e de la FINA (TSSC). <em>Les documents provenant de la FINA sont disponibles en anglais seulement<\/em>.<\/p>\n<table class=\"table-3\">\n<thead>\n<tr>\n<th>Nom<\/th>\n<th>Date<\/th>\n<th>Type<\/th>\n<th>Poids<\/th>\n<\/tr>\n<\/thead>\n<tbody>\n<tr>\n<td><a href=\"http:\/\/synchro.wpengine.com\/wp-content\/uploads\/2016\/10\/description_figures_2013_2017.pdf\" target=\"_blank\" rel=\"noopener noreferrer\">Description des figures pour 2013-2017<\/a><\/td>\n<td>2013<\/td>\n<td><i class=\"fa fa-file-pdf-o\">\u00a0<\/i><\/td>\n<td>183 Kb<\/td>\n<\/tr>\n<tr>\n<td><a href=\"http:\/\/synchro.wpengine.com\/wp-content\/uploads\/2016\/10\/2013_2017_figures_diagram_dd.pdf\" target=\"_blank\" rel=\"noopener noreferrer\">Sch\u00e9mas des figures et degr\u00e9s de difficult\u00e9 pour 2013-2017<\/a><\/td>\n<td>2013<\/td>\n<td><i class=\"fa fa-file-pdf-o\">\u00a0<\/i><\/td>\n<td>383 Kb<\/td>\n<\/tr>\n<tr>\n<td><a href=\"http:\/\/synchro.wpengine.com\/wp-content\/uploads\/2016\/10\/rules_technical_routines_fina_2013_2017.pdf\" target=\"_blank\" rel=\"noopener noreferrer\">\u00c9l\u00e9ments requis pour les routines techniques pour 2013-2017<\/a><\/td>\n<td>2013<\/td>\n<td><i class=\"fa fa-file-pdf-o\">\u00a0<\/i><\/td>\n<td>159 Kb<\/td>\n<\/tr>\n<tr>\n<td><a href=\"http:\/\/synchro.wpengine.com\/wp-content\/uploads\/2016\/10\/2013_2017_elements_diagram_dd.pdf\" target=\"_blank\" rel=\"noopener noreferrer\">Sch\u00e9mas des \u00e9l\u00e9ments requis et degr\u00e9s de difficult\u00e9 pour les \u00e9preuves techniques senior pour 2013-2017<\/a><\/td>\n<td>2013<\/td>\n<td><i class=\"fa fa-file-pdf-o\">\u00a0<\/i><\/td>\n<td>472 Kb<\/td>\n<\/tr>\n<tr>\n<td><a href=\"http:\/\/synchro.wpengine.com\/wp-content\/uploads\/2016\/10\/resume_new_fina_rules_2013_2017.pdf\" target=\"_blank\" rel=\"noopener noreferrer\">R\u00e9sum\u00e9 des nouveaux r\u00e8glements de la FINA<\/a><\/td>\n<td>2013<\/td>\n<td><i class=\"fa fa-file-pdf-o\">\u00a0<\/i><\/td>\n<td>81 Kb<\/td>\n<\/tr>\n<\/tbody>\n<\/table>\n<\/div><\/div><div class=\"fusion-clearfix\"><\/div><\/div><\/div><\/div><\/div>\n","protected":false},"excerpt":{"rendered":"","protected":false},"author":2,"featured_media":0,"parent":2100,"menu_order":0,"comment_status":"closed","ping_status":"closed","template":"","meta":{"_acf_changed":false,"footnotes":""},"class_list":["post-2099","page","type-page","status-publish","hentry"],"acf":[],"yoast_head":"<!-- This site is optimized with the Yoast SEO plugin v27.2 - https:\/\/yoast.com\/product\/yoast-seo-wordpress\/ -->\n<title>R\u00c8GLEMENTS &amp; M\u00c9MOS TECHNIQUES - Natation Artistique Canada<\/title>\n<meta name=\"robots\" content=\"index, follow, max-snippet:-1, max-image-preview:large, max-video-preview:-1\" \/>\n<link rel=\"canonical\" href=\"https:\/\/artisticswimming.ca\/fr\/ressources\/competitions\/manuels-des-reglements\/\" \/>\n<meta property=\"og:locale\" content=\"fr_FR\" \/>\n<meta property=\"og:type\" content=\"article\" \/>\n<meta property=\"og:title\" content=\"R\u00c8GLEMENTS &amp; M\u00c9MOS TECHNIQUES - Natation Artistique Canada\" \/>\n<meta property=\"og:url\" content=\"https:\/\/artisticswimming.ca\/fr\/ressources\/competitions\/manuels-des-reglements\/\" \/>\n<meta property=\"og:site_name\" content=\"Natation Artistique Canada\" \/>\n<meta property=\"article:modified_time\" content=\"2024-02-26T19:35:15+00:00\" \/>\n<meta name=\"twitter:card\" content=\"summary_large_image\" \/>\n<meta name=\"twitter:label1\" content=\"Dur\u00e9e de lecture estim\u00e9e\" \/>\n\t<meta name=\"twitter:data1\" content=\"2 minutes\" \/>\n<script type=\"application\/ld+json\" class=\"yoast-schema-graph\">{\"@context\":\"https:\/\/schema.org\",\"@graph\":[{\"@type\":\"WebPage\",\"@id\":\"https:\/\/artisticswimming.ca\/fr\/ressources\/competitions\/manuels-des-reglements\/\",\"url\":\"https:\/\/artisticswimming.ca\/fr\/ressources\/competitions\/manuels-des-reglements\/\",\"name\":\"R\u00c8GLEMENTS & M\u00c9MOS TECHNIQUES - Natation Artistique Canada\",\"isPartOf\":{\"@id\":\"https:\/\/artisticswimming.ca\/fr\/#website\"},\"datePublished\":\"2016-10-01T17:31:33+00:00\",\"dateModified\":\"2024-02-26T19:35:15+00:00\",\"breadcrumb\":{\"@id\":\"https:\/\/artisticswimming.ca\/fr\/ressources\/competitions\/manuels-des-reglements\/#breadcrumb\"},\"inLanguage\":\"fr-FR\",\"potentialAction\":[{\"@type\":\"ReadAction\",\"target\":[\"https:\/\/artisticswimming.ca\/fr\/ressources\/competitions\/manuels-des-reglements\/\"]}]},{\"@type\":\"BreadcrumbList\",\"@id\":\"https:\/\/artisticswimming.ca\/fr\/ressources\/competitions\/manuels-des-reglements\/#breadcrumb\",\"itemListElement\":[{\"@type\":\"ListItem\",\"position\":1,\"name\":\"Home\",\"item\":\"https:\/\/artisticswimming.ca\/fr\/\"},{\"@type\":\"ListItem\",\"position\":2,\"name\":\"RESSOURCES\",\"item\":\"http:\/\/synchro.wpengine.com\/ressources\/haute-performance\/brevets\/?lang=fr\"},{\"@type\":\"ListItem\",\"position\":3,\"name\":\"COMP\u00c9TITIONS\",\"item\":\"http:\/\/synchro.wpengine.com\/ressources\/competitions\/manuel-des-reglements-de-synchro-canada\/?lang=fr\"},{\"@type\":\"ListItem\",\"position\":4,\"name\":\"R\u00c8GLEMENTS &#038; M\u00c9MOS TECHNIQUES\"}]},{\"@type\":\"WebSite\",\"@id\":\"https:\/\/artisticswimming.ca\/fr\/#website\",\"url\":\"https:\/\/artisticswimming.ca\/fr\/\",\"name\":\"Natation Artistique Canada\",\"description\":\"\",\"potentialAction\":[{\"@type\":\"SearchAction\",\"target\":{\"@type\":\"EntryPoint\",\"urlTemplate\":\"https:\/\/artisticswimming.ca\/fr\/?s={search_term_string}\"},\"query-input\":{\"@type\":\"PropertyValueSpecification\",\"valueRequired\":true,\"valueName\":\"search_term_string\"}}],\"inLanguage\":\"fr-FR\"}]}<\/script>\n<!-- \/ Yoast SEO plugin. -->","yoast_head_json":{"title":"R\u00c8GLEMENTS & M\u00c9MOS TECHNIQUES - Natation Artistique Canada","robots":{"index":"index","follow":"follow","max-snippet":"max-snippet:-1","max-image-preview":"max-image-preview:large","max-video-preview":"max-video-preview:-1"},"canonical":"https:\/\/artisticswimming.ca\/fr\/ressources\/competitions\/manuels-des-reglements\/","og_locale":"fr_FR","og_type":"article","og_title":"R\u00c8GLEMENTS & M\u00c9MOS TECHNIQUES - Natation Artistique Canada","og_url":"https:\/\/artisticswimming.ca\/fr\/ressources\/competitions\/manuels-des-reglements\/","og_site_name":"Natation Artistique Canada","article_modified_time":"2024-02-26T19:35:15+00:00","twitter_card":"summary_large_image","twitter_misc":{"Dur\u00e9e de lecture estim\u00e9e":"2 minutes"},"schema":{"@context":"https:\/\/schema.org","@graph":[{"@type":"WebPage","@id":"https:\/\/artisticswimming.ca\/fr\/ressources\/competitions\/manuels-des-reglements\/","url":"https:\/\/artisticswimming.ca\/fr\/ressources\/competitions\/manuels-des-reglements\/","name":"R\u00c8GLEMENTS & M\u00c9MOS TECHNIQUES - Natation Artistique Canada","isPartOf":{"@id":"https:\/\/artisticswimming.ca\/fr\/#website"},"datePublished":"2016-10-01T17:31:33+00:00","dateModified":"2024-02-26T19:35:15+00:00","breadcrumb":{"@id":"https:\/\/artisticswimming.ca\/fr\/ressources\/competitions\/manuels-des-reglements\/#breadcrumb"},"inLanguage":"fr-FR","potentialAction":[{"@type":"ReadAction","target":["https:\/\/artisticswimming.ca\/fr\/ressources\/competitions\/manuels-des-reglements\/"]}]},{"@type":"BreadcrumbList","@id":"https:\/\/artisticswimming.ca\/fr\/ressources\/competitions\/manuels-des-reglements\/#breadcrumb","itemListElement":[{"@type":"ListItem","position":1,"name":"Home","item":"https:\/\/artisticswimming.ca\/fr\/"},{"@type":"ListItem","position":2,"name":"RESSOURCES","item":"http:\/\/synchro.wpengine.com\/ressources\/haute-performance\/brevets\/?lang=fr"},{"@type":"ListItem","position":3,"name":"COMP\u00c9TITIONS","item":"http:\/\/synchro.wpengine.com\/ressources\/competitions\/manuel-des-reglements-de-synchro-canada\/?lang=fr"},{"@type":"ListItem","position":4,"name":"R\u00c8GLEMENTS &#038; M\u00c9MOS TECHNIQUES"}]},{"@type":"WebSite","@id":"https:\/\/artisticswimming.ca\/fr\/#website","url":"https:\/\/artisticswimming.ca\/fr\/","name":"Natation Artistique Canada","description":"","potentialAction":[{"@type":"SearchAction","target":{"@type":"EntryPoint","urlTemplate":"https:\/\/artisticswimming.ca\/fr\/?s={search_term_string}"},"query-input":{"@type":"PropertyValueSpecification","valueRequired":true,"valueName":"search_term_string"}}],"inLanguage":"fr-FR"}]}},"_links":{"self":[{"href":"https:\/\/artisticswimming.ca\/fr\/wp-json\/wp\/v2\/pages\/2099","targetHints":{"allow":["GET"]}}],"collection":[{"href":"https:\/\/artisticswimming.ca\/fr\/wp-json\/wp\/v2\/pages"}],"about":[{"href":"https:\/\/artisticswimming.ca\/fr\/wp-json\/wp\/v2\/types\/page"}],"author":[{"embeddable":true,"href":"https:\/\/artisticswimming.ca\/fr\/wp-json\/wp\/v2\/users\/2"}],"replies":[{"embeddable":true,"href":"https:\/\/artisticswimming.ca\/fr\/wp-json\/wp\/v2\/comments?post=2099"}],"version-history":[{"count":0,"href":"https:\/\/artisticswimming.ca\/fr\/wp-json\/wp\/v2\/pages\/2099\/revisions"}],"up":[{"embeddable":true,"href":"https:\/\/artisticswimming.ca\/fr\/wp-json\/wp\/v2\/pages\/2100"}],"wp:attachment":[{"href":"https:\/\/artisticswimming.ca\/fr\/wp-json\/wp\/v2\/media?parent=2099"}],"curies":[{"name":"wp","href":"https:\/\/api.w.org\/{rel}","templated":true}]}}