{"id":2613,"date":"2017-01-26T16:30:05","date_gmt":"2017-01-26T16:30:05","guid":{"rendered":"http:\/\/artisticswim.wpengine.com\/a-propos-de-synchro-canada\/conseil-dadministration-gouvernance\/governance-resources\/?lang=fr"},"modified":"2018-01-23T22:37:02","modified_gmt":"2018-01-23T22:37:02","slug":"governance-resources","status":"publish","type":"page","link":"https:\/\/artisticswimming.ca\/fr\/a-propos\/conseil-dadministration-gouvernance\/governance-resources\/","title":{"rendered":"RESSOURCES DE GOUVERNANCE"},"content":{"rendered":"<div class=\"fusion-fullwidth fullwidth-box fusion-builder-row-1 hundred-percent-fullwidth non-hundred-percent-height-scrolling\" style=\"--awb-border-radius-top-left:0px;--awb-border-radius-top-right:0px;--awb-border-radius-bottom-right:0px;--awb-border-radius-bottom-left:0px;--awb-overflow:visible;--awb-flex-wrap:wrap;\" ><div class=\"fusion-builder-row fusion-row\"><div class=\"fusion-layout-column fusion_builder_column fusion-builder-column-0 fusion_builder_column_1_1 1_1 fusion-one-full fusion-column-first fusion-column-last fusion-column-no-min-height\" style=\"--awb-bg-size:cover;--awb-margin-bottom:0px;\"><div class=\"fusion-column-wrapper fusion-flex-column-wrapper-legacy\"><div class=\"fusion-title title fusion-title-1 sep-underline sep-dotted fusion-title-text fusion-title-size-two\" style=\"--awb-sep-color:#dd3333;\"><h2 class=\"fusion-title-heading title-heading-left fusion-responsive-typography-calculated\" style=\"margin:0;--fontSize:30;line-height:1.2;\">Ressources<\/h2><\/div>\n<table class=\"table-3\">\n<thead>\n<tr>\n<th align=\"left\" width=\"70%\">DOCUMENT <i class=\"fa fa-download\"><\/i><\/th>\n<th align=\"left\" width=\"10%\">EN DATE DU<\/th>\n<th align=\"left\" width=\"10%\">TYPE<\/th>\n<th align=\"left\" width=\"10%\">POIDS<\/th>\n<\/tr>\n<\/thead>\n<tbody>\n<tr>\n<td><a href=\"http:\/\/artisticswim.wpengine.com\/wp-content\/uploads\/2017\/01\/SDRCC_COI_Brochure_FR_final_web.pdf\" target=\"_blank\" rel=\"noopener\">Les conflits d&rsquo;int\u00e9r\u00eat dans les d\u00e9cisions relatives au sport<\/a><\/td>\n<td>2017<\/td>\n<td><i class=\"fa fa-file-pdf-o\">\u00a0<\/i><\/td>\n<td>1.1 Mo<\/td>\n<\/tr>\n<\/tbody>\n<\/table>\n<div class=\"fusion-clearfix\"><\/div><\/div><\/div><\/div><\/div>\n","protected":false},"excerpt":{"rendered":"","protected":false},"author":2,"featured_media":0,"parent":933,"menu_order":9,"comment_status":"closed","ping_status":"closed","template":"","meta":{"_acf_changed":false,"footnotes":""},"class_list":["post-2613","page","type-page","status-publish","hentry"],"acf":[],"yoast_head":"<!-- This site is optimized with the Yoast SEO plugin v27.2 - https:\/\/yoast.com\/product\/yoast-seo-wordpress\/ -->\n<title>RESSOURCES DE GOUVERNANCE - Natation Artistique Canada<\/title>\n<meta name=\"robots\" content=\"index, follow, max-snippet:-1, max-image-preview:large, max-video-preview:-1\" \/>\n<link rel=\"canonical\" href=\"https:\/\/artisticswimming.ca\/fr\/a-propos\/conseil-dadministration-gouvernance\/governance-resources\/\" \/>\n<meta property=\"og:locale\" content=\"fr_FR\" \/>\n<meta property=\"og:type\" content=\"article\" \/>\n<meta property=\"og:title\" content=\"RESSOURCES DE GOUVERNANCE - Natation Artistique Canada\" \/>\n<meta property=\"og:url\" content=\"https:\/\/artisticswimming.ca\/fr\/a-propos\/conseil-dadministration-gouvernance\/governance-resources\/\" \/>\n<meta property=\"og:site_name\" content=\"Natation Artistique Canada\" \/>\n<meta property=\"article:modified_time\" content=\"2018-01-23T22:37:02+00:00\" \/>\n<meta name=\"twitter:card\" content=\"summary_large_image\" \/>\n<meta name=\"twitter:label1\" content=\"Dur\u00e9e de lecture estim\u00e9e\" \/>\n\t<meta name=\"twitter:data1\" content=\"1 minute\" \/>\n<script type=\"application\/ld+json\" class=\"yoast-schema-graph\">{\"@context\":\"https:\/\/schema.org\",\"@graph\":[{\"@type\":\"WebPage\",\"@id\":\"https:\/\/artisticswimming.ca\/fr\/a-propos\/conseil-dadministration-gouvernance\/governance-resources\/\",\"url\":\"https:\/\/artisticswimming.ca\/fr\/a-propos\/conseil-dadministration-gouvernance\/governance-resources\/\",\"name\":\"RESSOURCES DE GOUVERNANCE - Natation Artistique Canada\",\"isPartOf\":{\"@id\":\"https:\/\/artisticswimming.ca\/fr\/#website\"},\"datePublished\":\"2017-01-26T16:30:05+00:00\",\"dateModified\":\"2018-01-23T22:37:02+00:00\",\"breadcrumb\":{\"@id\":\"https:\/\/artisticswimming.ca\/fr\/a-propos\/conseil-dadministration-gouvernance\/governance-resources\/#breadcrumb\"},\"inLanguage\":\"fr-FR\",\"potentialAction\":[{\"@type\":\"ReadAction\",\"target\":[\"https:\/\/artisticswimming.ca\/fr\/a-propos\/conseil-dadministration-gouvernance\/governance-resources\/\"]}]},{\"@type\":\"BreadcrumbList\",\"@id\":\"https:\/\/artisticswimming.ca\/fr\/a-propos\/conseil-dadministration-gouvernance\/governance-resources\/#breadcrumb\",\"itemListElement\":[{\"@type\":\"ListItem\",\"position\":1,\"name\":\"Home\",\"item\":\"https:\/\/artisticswimming.ca\/fr\/\"},{\"@type\":\"ListItem\",\"position\":2,\"name\":\"\u00c0 PROPOS\",\"item\":\"http:\/\/synchro.wpengine.com\/a-propos-de-synchro-canada\/vue-d-emsemble\/?lang=fr\"},{\"@type\":\"ListItem\",\"position\":3,\"name\":\"CONSEIL D&#8217;ADMINISTRATION &#038; GOUVERNANCE\",\"item\":\"https:\/\/artisticswimming.ca\/fr\/a-propos\/conseil-dadministration-gouvernance\/\"},{\"@type\":\"ListItem\",\"position\":4,\"name\":\"RESSOURCES DE GOUVERNANCE\"}]},{\"@type\":\"WebSite\",\"@id\":\"https:\/\/artisticswimming.ca\/fr\/#website\",\"url\":\"https:\/\/artisticswimming.ca\/fr\/\",\"name\":\"Natation Artistique Canada\",\"description\":\"\",\"potentialAction\":[{\"@type\":\"SearchAction\",\"target\":{\"@type\":\"EntryPoint\",\"urlTemplate\":\"https:\/\/artisticswimming.ca\/fr\/?s={search_term_string}\"},\"query-input\":{\"@type\":\"PropertyValueSpecification\",\"valueRequired\":true,\"valueName\":\"search_term_string\"}}],\"inLanguage\":\"fr-FR\"}]}<\/script>\n<!-- \/ Yoast SEO plugin. -->","yoast_head_json":{"title":"RESSOURCES DE GOUVERNANCE - Natation Artistique Canada","robots":{"index":"index","follow":"follow","max-snippet":"max-snippet:-1","max-image-preview":"max-image-preview:large","max-video-preview":"max-video-preview:-1"},"canonical":"https:\/\/artisticswimming.ca\/fr\/a-propos\/conseil-dadministration-gouvernance\/governance-resources\/","og_locale":"fr_FR","og_type":"article","og_title":"RESSOURCES DE GOUVERNANCE - Natation Artistique Canada","og_url":"https:\/\/artisticswimming.ca\/fr\/a-propos\/conseil-dadministration-gouvernance\/governance-resources\/","og_site_name":"Natation Artistique Canada","article_modified_time":"2018-01-23T22:37:02+00:00","twitter_card":"summary_large_image","twitter_misc":{"Dur\u00e9e de lecture estim\u00e9e":"1 minute"},"schema":{"@context":"https:\/\/schema.org","@graph":[{"@type":"WebPage","@id":"https:\/\/artisticswimming.ca\/fr\/a-propos\/conseil-dadministration-gouvernance\/governance-resources\/","url":"https:\/\/artisticswimming.ca\/fr\/a-propos\/conseil-dadministration-gouvernance\/governance-resources\/","name":"RESSOURCES DE GOUVERNANCE - Natation Artistique Canada","isPartOf":{"@id":"https:\/\/artisticswimming.ca\/fr\/#website"},"datePublished":"2017-01-26T16:30:05+00:00","dateModified":"2018-01-23T22:37:02+00:00","breadcrumb":{"@id":"https:\/\/artisticswimming.ca\/fr\/a-propos\/conseil-dadministration-gouvernance\/governance-resources\/#breadcrumb"},"inLanguage":"fr-FR","potentialAction":[{"@type":"ReadAction","target":["https:\/\/artisticswimming.ca\/fr\/a-propos\/conseil-dadministration-gouvernance\/governance-resources\/"]}]},{"@type":"BreadcrumbList","@id":"https:\/\/artisticswimming.ca\/fr\/a-propos\/conseil-dadministration-gouvernance\/governance-resources\/#breadcrumb","itemListElement":[{"@type":"ListItem","position":1,"name":"Home","item":"https:\/\/artisticswimming.ca\/fr\/"},{"@type":"ListItem","position":2,"name":"\u00c0 PROPOS","item":"http:\/\/synchro.wpengine.com\/a-propos-de-synchro-canada\/vue-d-emsemble\/?lang=fr"},{"@type":"ListItem","position":3,"name":"CONSEIL D&#8217;ADMINISTRATION &#038; GOUVERNANCE","item":"https:\/\/artisticswimming.ca\/fr\/a-propos\/conseil-dadministration-gouvernance\/"},{"@type":"ListItem","position":4,"name":"RESSOURCES DE GOUVERNANCE"}]},{"@type":"WebSite","@id":"https:\/\/artisticswimming.ca\/fr\/#website","url":"https:\/\/artisticswimming.ca\/fr\/","name":"Natation Artistique Canada","description":"","potentialAction":[{"@type":"SearchAction","target":{"@type":"EntryPoint","urlTemplate":"https:\/\/artisticswimming.ca\/fr\/?s={search_term_string}"},"query-input":{"@type":"PropertyValueSpecification","valueRequired":true,"valueName":"search_term_string"}}],"inLanguage":"fr-FR"}]}},"_links":{"self":[{"href":"https:\/\/artisticswimming.ca\/fr\/wp-json\/wp\/v2\/pages\/2613","targetHints":{"allow":["GET"]}}],"collection":[{"href":"https:\/\/artisticswimming.ca\/fr\/wp-json\/wp\/v2\/pages"}],"about":[{"href":"https:\/\/artisticswimming.ca\/fr\/wp-json\/wp\/v2\/types\/page"}],"author":[{"embeddable":true,"href":"https:\/\/artisticswimming.ca\/fr\/wp-json\/wp\/v2\/users\/2"}],"replies":[{"embeddable":true,"href":"https:\/\/artisticswimming.ca\/fr\/wp-json\/wp\/v2\/comments?post=2613"}],"version-history":[{"count":0,"href":"https:\/\/artisticswimming.ca\/fr\/wp-json\/wp\/v2\/pages\/2613\/revisions"}],"up":[{"embeddable":true,"href":"https:\/\/artisticswimming.ca\/fr\/wp-json\/wp\/v2\/pages\/933"}],"wp:attachment":[{"href":"https:\/\/artisticswimming.ca\/fr\/wp-json\/wp\/v2\/media?parent=2613"}],"curies":[{"name":"wp","href":"https:\/\/api.w.org\/{rel}","templated":true}]}}