{"id":2800,"date":"2017-03-19T15:49:35","date_gmt":"2017-03-19T15:49:35","guid":{"rendered":"http:\/\/artisticswim.wpengine.com\/?page_id=2800&#038;lang=fr"},"modified":"2017-09-18T15:25:18","modified_gmt":"2017-09-18T15:25:18","slug":"2017-qualifier-live","status":"publish","type":"page","link":"https:\/\/artisticswimming.ca\/fr\/evenements-et-resultats\/2017-qualifier-live\/","title":{"rendered":"Championnat de qualification 2017 en direct"},"content":{"rendered":"<div class=\"fusion-fullwidth fullwidth-box fusion-builder-row-1 hundred-percent-fullwidth non-hundred-percent-height-scrolling\" style=\"--awb-border-radius-top-left:0px;--awb-border-radius-top-right:0px;--awb-border-radius-bottom-right:0px;--awb-border-radius-bottom-left:0px;--awb-overflow:visible;--awb-flex-wrap:wrap;\" ><div class=\"fusion-builder-row fusion-row\"><div class=\"fusion-layout-column fusion_builder_column fusion-builder-column-0 fusion_builder_column_3_4 3_4 fusion-three-fourth fusion-column-first\" style=\"--awb-bg-size:cover;width:74%; margin-right: 4%;\"><div class=\"fusion-column-wrapper fusion-flex-column-wrapper-legacy\"><div class=\"fusion-text fusion-text-1\"><div class=\"video-container\"><iframe id=\"ls_embed_1490084785\" src=\"https:\/\/livestream.com\/accounts\/802858\/events\/7163124\/player?width=960&amp;height=540&amp;enableInfoAndActivity=true&amp;defaultDrawer=&amp;autoPlay=true&amp;mute=false\" width=\"960\" height=\"540\" frameborder=\"0\" scrolling=\"no\" allowfullscreen=\"allowfullscreen\"> <\/iframe><script type=\"text\/javascript\" data-embed_id=\"ls_embed_1490084785\" src=\"https:\/\/livestream.com\/assets\/plugins\/referrer_tracking.js\"><\/script><\/div>\n<\/div><div class=\"fusion-clearfix\"><\/div><\/div><\/div><div class=\"fusion-layout-column fusion_builder_column fusion-builder-column-1 fusion_builder_column_1_4 1_4 fusion-one-fourth fusion-column-last\" style=\"--awb-bg-size:cover;width:22%;\"><div class=\"fusion-column-wrapper fusion-flex-column-wrapper-legacy\"><div class=\"fusion-text fusion-text-2\"><p><img decoding=\"async\" class=\"aligncenter size-full wp-image-2804\" src=\"http:\/\/artisticswim.wpengine.com\/wp-content\/uploads\/2017\/03\/qualifier-sponsor-logo-canada.jpg\" alt=\"qualifier-sponsor-logo-canada\" width=\"612\" height=\"266\" srcset=\"https:\/\/artisticswimming.ca\/wp-content\/uploads\/2017\/03\/qualifier-sponsor-logo-canada-200x87.jpg 200w, https:\/\/artisticswimming.ca\/wp-content\/uploads\/2017\/03\/qualifier-sponsor-logo-canada-300x130.jpg 300w, https:\/\/artisticswimming.ca\/wp-content\/uploads\/2017\/03\/qualifier-sponsor-logo-canada-400x174.jpg 400w, https:\/\/artisticswimming.ca\/wp-content\/uploads\/2017\/03\/qualifier-sponsor-logo-canada-500x217.jpg 500w, https:\/\/artisticswimming.ca\/wp-content\/uploads\/2017\/03\/qualifier-sponsor-logo-canada-600x261.jpg 600w, https:\/\/artisticswimming.ca\/wp-content\/uploads\/2017\/03\/qualifier-sponsor-logo-canada.jpg 612w\" sizes=\"(max-width: 612px) 100vw, 612px\" \/><\/p>\n<\/div><div class=\"fusion-text fusion-text-3\"><p><img decoding=\"async\" class=\"aligncenter size-full wp-image-2804\" src=\"http:\/\/artisticswim.wpengine.com\/wp-content\/uploads\/2017\/03\/qualifier-sponsor-logo-quebec.jpg\" alt=\"qualifier-sponsor-logo-canada\" width=\"612\" height=\"266\" \/><\/p>\n<\/div><div class=\"fusion-text fusion-text-4\"><p><img decoding=\"async\" class=\"aligncenter size-full wp-image-2804\" src=\"http:\/\/artisticswim.wpengine.com\/wp-content\/uploads\/2017\/03\/ville-quebec.jpg\" alt=\"qualifier-sponsor-logo-canada\" width=\"612\" height=\"266\" \/><\/p>\n<\/div><div class=\"fusion-clearfix\"><\/div><\/div><\/div><\/div><\/div>\n","protected":false},"excerpt":{"rendered":"","protected":false},"author":2,"featured_media":0,"parent":896,"menu_order":0,"comment_status":"closed","ping_status":"closed","template":"","meta":{"_acf_changed":false,"footnotes":""},"class_list":["post-2800","page","type-page","status-publish","hentry"],"acf":[],"yoast_head":"<!-- This site is optimized with the Yoast SEO plugin v27.2 - https:\/\/yoast.com\/product\/yoast-seo-wordpress\/ -->\n<title>Championnat de qualification 2017 en direct - Natation Artistique Canada<\/title>\n<meta name=\"robots\" content=\"index, follow, max-snippet:-1, max-image-preview:large, max-video-preview:-1\" \/>\n<link rel=\"canonical\" href=\"https:\/\/artisticswimming.ca\/fr\/evenements-et-resultats\/2017-qualifier-live\/\" \/>\n<meta property=\"og:locale\" content=\"fr_FR\" \/>\n<meta property=\"og:type\" content=\"article\" \/>\n<meta property=\"og:title\" content=\"Championnat de qualification 2017 en direct - Natation Artistique Canada\" \/>\n<meta property=\"og:url\" content=\"https:\/\/artisticswimming.ca\/fr\/evenements-et-resultats\/2017-qualifier-live\/\" \/>\n<meta property=\"og:site_name\" content=\"Natation Artistique Canada\" \/>\n<meta property=\"article:modified_time\" content=\"2017-09-18T15:25:18+00:00\" \/>\n<meta property=\"og:image\" content=\"http:\/\/artisticswim.wpengine.com\/wp-content\/uploads\/2017\/03\/qualifier-sponsor-logo-canada.jpg\" \/>\n<meta name=\"twitter:card\" content=\"summary_large_image\" \/>\n<meta name=\"twitter:label1\" content=\"Dur\u00e9e de lecture estim\u00e9e\" \/>\n\t<meta name=\"twitter:data1\" content=\"1 minute\" \/>\n<script type=\"application\/ld+json\" class=\"yoast-schema-graph\">{\"@context\":\"https:\/\/schema.org\",\"@graph\":[{\"@type\":\"WebPage\",\"@id\":\"https:\/\/artisticswimming.ca\/fr\/evenements-et-resultats\/2017-qualifier-live\/\",\"url\":\"https:\/\/artisticswimming.ca\/fr\/evenements-et-resultats\/2017-qualifier-live\/\",\"name\":\"Championnat de qualification 2017 en direct - Natation Artistique Canada\",\"isPartOf\":{\"@id\":\"https:\/\/artisticswimming.ca\/fr\/#website\"},\"primaryImageOfPage\":{\"@id\":\"https:\/\/artisticswimming.ca\/fr\/evenements-et-resultats\/2017-qualifier-live\/#primaryimage\"},\"image\":{\"@id\":\"https:\/\/artisticswimming.ca\/fr\/evenements-et-resultats\/2017-qualifier-live\/#primaryimage\"},\"thumbnailUrl\":\"http:\/\/artisticswim.wpengine.com\/wp-content\/uploads\/2017\/03\/qualifier-sponsor-logo-canada.jpg\",\"datePublished\":\"2017-03-19T15:49:35+00:00\",\"dateModified\":\"2017-09-18T15:25:18+00:00\",\"breadcrumb\":{\"@id\":\"https:\/\/artisticswimming.ca\/fr\/evenements-et-resultats\/2017-qualifier-live\/#breadcrumb\"},\"inLanguage\":\"fr-FR\",\"potentialAction\":[{\"@type\":\"ReadAction\",\"target\":[\"https:\/\/artisticswimming.ca\/fr\/evenements-et-resultats\/2017-qualifier-live\/\"]}]},{\"@type\":\"ImageObject\",\"inLanguage\":\"fr-FR\",\"@id\":\"https:\/\/artisticswimming.ca\/fr\/evenements-et-resultats\/2017-qualifier-live\/#primaryimage\",\"url\":\"http:\/\/artisticswim.wpengine.com\/wp-content\/uploads\/2017\/03\/qualifier-sponsor-logo-canada.jpg\",\"contentUrl\":\"http:\/\/artisticswim.wpengine.com\/wp-content\/uploads\/2017\/03\/qualifier-sponsor-logo-canada.jpg\"},{\"@type\":\"BreadcrumbList\",\"@id\":\"https:\/\/artisticswimming.ca\/fr\/evenements-et-resultats\/2017-qualifier-live\/#breadcrumb\",\"itemListElement\":[{\"@type\":\"ListItem\",\"position\":1,\"name\":\"Home\",\"item\":\"https:\/\/artisticswimming.ca\/fr\/\"},{\"@type\":\"ListItem\",\"position\":2,\"name\":\"\u00c9V\u00c9NEMENTS ET R\u00c9SULTATS\",\"item\":\"https:\/\/artisticswimming.ca\/fr\/evenements-et-resultats\/\"},{\"@type\":\"ListItem\",\"position\":3,\"name\":\"Championnat de qualification 2017 en direct\"}]},{\"@type\":\"WebSite\",\"@id\":\"https:\/\/artisticswimming.ca\/fr\/#website\",\"url\":\"https:\/\/artisticswimming.ca\/fr\/\",\"name\":\"Natation Artistique Canada\",\"description\":\"\",\"potentialAction\":[{\"@type\":\"SearchAction\",\"target\":{\"@type\":\"EntryPoint\",\"urlTemplate\":\"https:\/\/artisticswimming.ca\/fr\/?s={search_term_string}\"},\"query-input\":{\"@type\":\"PropertyValueSpecification\",\"valueRequired\":true,\"valueName\":\"search_term_string\"}}],\"inLanguage\":\"fr-FR\"}]}<\/script>\n<!-- \/ Yoast SEO plugin. -->","yoast_head_json":{"title":"Championnat de qualification 2017 en direct - Natation Artistique Canada","robots":{"index":"index","follow":"follow","max-snippet":"max-snippet:-1","max-image-preview":"max-image-preview:large","max-video-preview":"max-video-preview:-1"},"canonical":"https:\/\/artisticswimming.ca\/fr\/evenements-et-resultats\/2017-qualifier-live\/","og_locale":"fr_FR","og_type":"article","og_title":"Championnat de qualification 2017 en direct - Natation Artistique Canada","og_url":"https:\/\/artisticswimming.ca\/fr\/evenements-et-resultats\/2017-qualifier-live\/","og_site_name":"Natation Artistique Canada","article_modified_time":"2017-09-18T15:25:18+00:00","og_image":[{"url":"http:\/\/artisticswim.wpengine.com\/wp-content\/uploads\/2017\/03\/qualifier-sponsor-logo-canada.jpg","type":"","width":"","height":""}],"twitter_card":"summary_large_image","twitter_misc":{"Dur\u00e9e de lecture estim\u00e9e":"1 minute"},"schema":{"@context":"https:\/\/schema.org","@graph":[{"@type":"WebPage","@id":"https:\/\/artisticswimming.ca\/fr\/evenements-et-resultats\/2017-qualifier-live\/","url":"https:\/\/artisticswimming.ca\/fr\/evenements-et-resultats\/2017-qualifier-live\/","name":"Championnat de qualification 2017 en direct - Natation Artistique Canada","isPartOf":{"@id":"https:\/\/artisticswimming.ca\/fr\/#website"},"primaryImageOfPage":{"@id":"https:\/\/artisticswimming.ca\/fr\/evenements-et-resultats\/2017-qualifier-live\/#primaryimage"},"image":{"@id":"https:\/\/artisticswimming.ca\/fr\/evenements-et-resultats\/2017-qualifier-live\/#primaryimage"},"thumbnailUrl":"http:\/\/artisticswim.wpengine.com\/wp-content\/uploads\/2017\/03\/qualifier-sponsor-logo-canada.jpg","datePublished":"2017-03-19T15:49:35+00:00","dateModified":"2017-09-18T15:25:18+00:00","breadcrumb":{"@id":"https:\/\/artisticswimming.ca\/fr\/evenements-et-resultats\/2017-qualifier-live\/#breadcrumb"},"inLanguage":"fr-FR","potentialAction":[{"@type":"ReadAction","target":["https:\/\/artisticswimming.ca\/fr\/evenements-et-resultats\/2017-qualifier-live\/"]}]},{"@type":"ImageObject","inLanguage":"fr-FR","@id":"https:\/\/artisticswimming.ca\/fr\/evenements-et-resultats\/2017-qualifier-live\/#primaryimage","url":"http:\/\/artisticswim.wpengine.com\/wp-content\/uploads\/2017\/03\/qualifier-sponsor-logo-canada.jpg","contentUrl":"http:\/\/artisticswim.wpengine.com\/wp-content\/uploads\/2017\/03\/qualifier-sponsor-logo-canada.jpg"},{"@type":"BreadcrumbList","@id":"https:\/\/artisticswimming.ca\/fr\/evenements-et-resultats\/2017-qualifier-live\/#breadcrumb","itemListElement":[{"@type":"ListItem","position":1,"name":"Home","item":"https:\/\/artisticswimming.ca\/fr\/"},{"@type":"ListItem","position":2,"name":"\u00c9V\u00c9NEMENTS ET R\u00c9SULTATS","item":"https:\/\/artisticswimming.ca\/fr\/evenements-et-resultats\/"},{"@type":"ListItem","position":3,"name":"Championnat de qualification 2017 en direct"}]},{"@type":"WebSite","@id":"https:\/\/artisticswimming.ca\/fr\/#website","url":"https:\/\/artisticswimming.ca\/fr\/","name":"Natation Artistique Canada","description":"","potentialAction":[{"@type":"SearchAction","target":{"@type":"EntryPoint","urlTemplate":"https:\/\/artisticswimming.ca\/fr\/?s={search_term_string}"},"query-input":{"@type":"PropertyValueSpecification","valueRequired":true,"valueName":"search_term_string"}}],"inLanguage":"fr-FR"}]}},"_links":{"self":[{"href":"https:\/\/artisticswimming.ca\/fr\/wp-json\/wp\/v2\/pages\/2800","targetHints":{"allow":["GET"]}}],"collection":[{"href":"https:\/\/artisticswimming.ca\/fr\/wp-json\/wp\/v2\/pages"}],"about":[{"href":"https:\/\/artisticswimming.ca\/fr\/wp-json\/wp\/v2\/types\/page"}],"author":[{"embeddable":true,"href":"https:\/\/artisticswimming.ca\/fr\/wp-json\/wp\/v2\/users\/2"}],"replies":[{"embeddable":true,"href":"https:\/\/artisticswimming.ca\/fr\/wp-json\/wp\/v2\/comments?post=2800"}],"version-history":[{"count":0,"href":"https:\/\/artisticswimming.ca\/fr\/wp-json\/wp\/v2\/pages\/2800\/revisions"}],"up":[{"embeddable":true,"href":"https:\/\/artisticswimming.ca\/fr\/wp-json\/wp\/v2\/pages\/896"}],"wp:attachment":[{"href":"https:\/\/artisticswimming.ca\/fr\/wp-json\/wp\/v2\/media?parent=2800"}],"curies":[{"name":"wp","href":"https:\/\/api.w.org\/{rel}","templated":true}]}}