{"id":3606,"date":"2017-07-12T17:13:38","date_gmt":"2017-07-12T17:13:38","guid":{"rendered":"http:\/\/artisticswim.wpengine.com\/taissia-kutnyk\/?lang=fr"},"modified":"2017-09-18T15:25:14","modified_gmt":"2017-09-18T15:25:14","slug":"taissia-kutnyk","status":"publish","type":"page","link":"https:\/\/artisticswimming.ca\/fr\/taissia-kutnyk\/","title":{"rendered":"Taissia Kutnyk"},"content":{"rendered":"<p><div class=\"fusion-fullwidth fullwidth-box fusion-builder-row-1 hundred-percent-fullwidth non-hundred-percent-height-scrolling\" style=\"--awb-border-radius-top-left:0px;--awb-border-radius-top-right:0px;--awb-border-radius-bottom-right:0px;--awb-border-radius-bottom-left:0px;--awb-overflow:visible;--awb-flex-wrap:wrap;\" ><div class=\"fusion-builder-row fusion-row\"><div class=\"fusion-layout-column fusion_builder_column fusion-builder-column-0 fusion_builder_column_1_1 1_1 fusion-one-full fusion-column-first fusion-column-last fusion-column-no-min-height\" style=\"--awb-bg-size:cover;--awb-margin-bottom:0px;\"><div class=\"fusion-column-wrapper fusion-flex-column-wrapper-legacy\"><div class=\"bio\"><div class=\"fusion-clearfix\"><\/div><\/div><\/div><div class=\"fusion-layout-column fusion_builder_column fusion-builder-column-1 fusion_builder_column_1_3 1_3 fusion-one-third fusion-column-first\" style=\"--awb-bg-size:cover;--awb-margin-bottom:0px;width:30.6666%; margin-right: 4%;\"><div class=\"fusion-column-wrapper fusion-flex-column-wrapper-legacy\"><div class=\"fusion-text fusion-text-1\"><p><img decoding=\"async\" class=\"aligncenter wp-image-3989\" src=\"http:\/\/artisticswim.wpengine.com\/wp-content\/uploads\/2017\/07\/Kutnyk_Taissia_2017.jpg\" alt=\"\" width=\"400\" height=\"600\" srcset=\"https:\/\/artisticswimming.ca\/wp-content\/uploads\/2017\/07\/Kutnyk_Taissia_2017-200x300.jpg 200w, https:\/\/artisticswimming.ca\/wp-content\/uploads\/2017\/07\/Kutnyk_Taissia_2017-400x600.jpg 400w, https:\/\/artisticswimming.ca\/wp-content\/uploads\/2017\/07\/Kutnyk_Taissia_2017-500x750.jpg 500w, https:\/\/artisticswimming.ca\/wp-content\/uploads\/2017\/07\/Kutnyk_Taissia_2017-600x900.jpg 600w, https:\/\/artisticswimming.ca\/wp-content\/uploads\/2017\/07\/Kutnyk_Taissia_2017-683x1024.jpg 683w, https:\/\/artisticswimming.ca\/wp-content\/uploads\/2017\/07\/Kutnyk_Taissia_2017-768x1152.jpg 768w, https:\/\/artisticswimming.ca\/wp-content\/uploads\/2017\/07\/Kutnyk_Taissia_2017-800x1200.jpg 800w, https:\/\/artisticswimming.ca\/wp-content\/uploads\/2017\/07\/Kutnyk_Taissia_2017-1200x1800.jpg 1200w, https:\/\/artisticswimming.ca\/wp-content\/uploads\/2017\/07\/Kutnyk_Taissia_2017.jpg 3712w\" sizes=\"(max-width: 400px) 100vw, 400px\" \/><\/p>\n<\/div><div class=\"fusion-clearfix\"><\/div><\/div><\/div><div class=\"fusion-layout-column fusion_builder_column fusion-builder-column-2 fusion_builder_column_2_3 2_3 fusion-two-third fusion-column-last\" style=\"--awb-bg-size:cover;--awb-margin-bottom:0px;width:65.3333%;\"><div class=\"fusion-column-wrapper fusion-flex-column-wrapper-legacy\"><div class=\"fusion-text fusion-text-2\"><h1>TAISSIA KUTNYK<\/h1>\n<table class=\"main-table\">\n<tbody>\n<tr>\n<td class=\"left-column\">DATE DE NAISSANCE<\/td>\n<td class=\"right-column\">23 mars\u00a02002<\/td>\n<\/tr>\n<tr>\n<td class=\"left-column\">VILLE NATALE<\/td>\n<td class=\"right-column\">Montr\u00e9al, QC<\/td>\n<\/tr>\n<tr>\n<td class=\"left-column\">CLUB D&rsquo;ORIGINE<\/td>\n<td class=\"right-column\">Montr\u00e9al Synchro<\/td>\n<\/tr>\n<tr>\n<td class=\"left-column\">PREMI\u00c8RE ENTRAINEURE DE SYNCHRO<\/td>\n<td class=\"right-column\">Emmanuelle Milot<\/td>\n<\/tr>\n<tr>\n<td class=\"left-column\">\u00c9QUIPE NATIONALE 13-15<\/td>\n<td class=\"right-column\">2017<\/td>\n<\/tr>\n<tr>\n<td class=\"left-column\">M\u00c9DIAS SOCIAUX<\/td>\n<td class=\"right-column\"><div class=\"alignleft\"><div class=\"fusion-social-links fusion-social-links-1\" style=\"--awb-margin-top:0px;--awb-margin-right:0px;--awb-margin-bottom:0px;--awb-margin-left:0px;--awb-alignment:left;--awb-box-border-top:0px;--awb-box-border-right:0px;--awb-box-border-bottom:0px;--awb-box-border-left:0px;--awb-icon-colors-hover:rgba(19,208,202,0.8);--awb-box-colors-hover:rgba(232,232,232,0.8);--awb-box-border-color:var(--awb-color3);--awb-box-border-color-hover:var(--awb-color4);\"><div class=\"fusion-social-networks boxed-icons color-type-brand\"><div class=\"fusion-social-networks-wrapper\"><a class=\"fusion-social-network-icon fusion-tooltip fusion-facebook awb-icon-facebook\" style=\"color:#ffffff;font-size:16px;width:16px;background-color:#3b5998;border-color:#3b5998;border-radius:4px;\" data-placement=\"top\" data-title=\"Facebook\" data-toggle=\"tooltip\" title=\"Facebook\" aria-label=\"facebook\" target=\"_blank\" rel=\"noopener noreferrer\" href=\"https:\/\/www.facebook.com\/taissia.kutnyk\"><\/a><a class=\"fusion-social-network-icon fusion-tooltip fusion-instagram awb-icon-instagram\" style=\"color:#ffffff;font-size:16px;width:16px;background-color:#c13584;border-color:#c13584;border-radius:4px;\" data-placement=\"top\" data-title=\"Instagram\" data-toggle=\"tooltip\" title=\"Instagram\" aria-label=\"instagram\" target=\"_blank\" rel=\"noopener noreferrer\" href=\"https:\/\/www.instagram.com\/txissia.kutn\/\"><\/a><\/div><\/div><\/div><\/div><\/td>\n<\/tr>\n<\/tbody>\n<\/table>\n<\/div><div class=\"fusion-clearfix\"><\/div><\/div><\/div><\/div><\/div><div class=\"fusion-fullwidth fullwidth-box fusion-builder-row-2 nonhundred-percent-fullwidth non-hundred-percent-height-scrolling\" style=\"--awb-background-position:left top;--awb-border-radius-top-left:0px;--awb-border-radius-top-right:0px;--awb-border-radius-bottom-right:0px;--awb-border-radius-bottom-left:0px;--awb-padding-top:20px;--awb-padding-bottom:20px;--awb-border-sizes-top:0px;--awb-border-sizes-bottom:0px;--awb-flex-wrap:wrap;\" ><div class=\"fusion-builder-row fusion-row\"><div class=\"fusion-layout-column fusion_builder_column fusion-builder-column-3 fusion_builder_column_1_1 1_1 fusion-one-full fusion-column-first fusion-column-last fusion-column-no-min-height\" style=\"--awb-bg-size:cover;--awb-margin-bottom:0px;\"><div class=\"fusion-column-wrapper fusion-flex-column-wrapper-legacy\"><div class=\"fusion-title title fusion-title-1 sep-underline sep-dotted fusion-title-text fusion-title-size-two\" style=\"--awb-margin-bottom:10px;--awb-sep-color:#dd3333;\"><h2 class=\"fusion-title-heading title-heading-left fusion-responsive-typography-calculated\" style=\"margin:0;--fontSize:30;line-height:1.2;\">APPRENDRE \u00c0 CONNAITRE L&rsquo;ATHL\u00c8TE<\/h2><\/div><div class=\"fusion-text fusion-text-3\"><ul style=\"list-style-type: circle;\">\n<li><span style=\"font-size: 10pt;\"><strong>Ann\u00e9es en\u00a0Synchro : <\/strong>6\u00a0<\/span><\/li>\n<li><span style=\"font-size: 10pt;\"><strong>Objectifs : <\/strong>Am\u00e9liorer toutes mes habilet\u00e9s et atteindre un autre niveau en synchro \u00bb<\/span><\/li>\n<li><span style=\"font-size: 10pt;\"><strong>Idole de synchro :\u00a0<\/strong><a href=\"https:\/\/artisticswimming.ca\/fr\/athletes\/karine-thomas\/\">Karine Thomas<\/a><\/span><\/li>\n<li><span style=\"font-size: 10pt;\"><strong>Figure 13-15 pr\u00e9f\u00e9r\u00e9e :\u00a0<\/strong>Barraccuda<\/span><\/li>\n<li><span style=\"font-size: 10pt;\"><strong>Ce qu&rsquo;\u00eatre sur l&rsquo;\u00e9quipe nationale repr\u00e9sente pour elle : <\/strong>\u00ab L&rsquo;occasion de repr\u00e9senter mon pays dans une grande comp\u00e9tition. \u00bb<\/span><\/li>\n<\/ul>\n<\/div><div class=\"fusion-clearfix\"><\/div><\/div><\/div><\/div><\/div><div class=\"fusion-fullwidth fullwidth-box fusion-builder-row-3 nonhundred-percent-fullwidth non-hundred-percent-height-scrolling\" style=\"--awb-background-position:left top;--awb-border-radius-top-left:0px;--awb-border-radius-top-right:0px;--awb-border-radius-bottom-right:0px;--awb-border-radius-bottom-left:0px;--awb-padding-top:20px;--awb-padding-bottom:20px;--awb-border-sizes-top:0px;--awb-border-sizes-bottom:0px;--awb-flex-wrap:wrap;\" ><div class=\"fusion-builder-row fusion-row\"><div class=\"fusion-layout-column fusion_builder_column fusion-builder-column-4 fusion_builder_column_1_1 1_1 fusion-one-full fusion-column-first fusion-column-last fusion-column-no-min-height\" style=\"--awb-bg-size:cover;--awb-margin-bottom:0px;\"><div class=\"fusion-column-wrapper fusion-flex-column-wrapper-legacy\"><div class=\"fusion-title title fusion-title-2 fusion-sep-none fusion-title-text fusion-title-size-two\" style=\"--awb-margin-bottom:10px;\"><h2 class=\"fusion-title-heading title-heading-left fusion-responsive-typography-calculated\" style=\"margin:0;--fontSize:30;line-height:1.2;\">R\u00c9SULTATS INTERNATIONAUX<\/h2><\/div><div class=\"fusion-text fusion-text-4\"><table class=\"results-table\" width=\"100%\">\n<thead>\n<tr>\n<th align=\"left\" width=\"25%\">Comp\u00e9tition<\/th>\n<th align=\"left\" width=\"5%\">Ann\u00e9e<\/th>\n<th align=\"left\" width=\"15%\">Emplacement<\/th>\n<th align=\"left\" width=\"45%\">\u00c9preuve (r\u00e9sultat)<\/th>\n<th align=\"left\" width=\"10%\">T\u00e9l\u00e9charger<\/th>\n<\/tr>\n<\/thead>\n<tbody>\n<tr>\n<td class=\"left-column\">Mediterranean Comen Cup<\/td>\n<td>2017<\/td>\n<td>Mealhada, POR<\/td>\n<td><\/td>\n<td><\/td>\n<\/tr>\n<tr>\n<td class=\"left-column\">Championnats panam\u00e9ricains de l&rsquo;UANA<\/td>\n<td>2016<\/td>\n<td>San Juan, PUE<\/td>\n<td>\u00c9quipe\u00a0(3 &#8211; prelims), Figures (43)<\/td>\n<td><a href=\"https:\/\/www.teamunify.com\/NewsShow.jsp?&amp;id=507149&amp;team=uana\" target=\"_blank\" rel=\"noopener noreferrer\">R\u00e9sultats<\/a><\/td>\n<\/tr>\n<\/tbody>\n<\/table>\n<\/div><div class=\"fusion-clearfix\"><\/div><\/div><\/div><\/div><\/div><div class=\"fusion-fullwidth fullwidth-box fusion-builder-row-4 nonhundred-percent-fullwidth non-hundred-percent-height-scrolling\" style=\"--awb-background-position:left top;--awb-border-radius-top-left:0px;--awb-border-radius-top-right:0px;--awb-border-radius-bottom-right:0px;--awb-border-radius-bottom-left:0px;--awb-padding-top:20px;--awb-padding-bottom:20px;--awb-border-sizes-top:0px;--awb-border-sizes-bottom:0px;--awb-flex-wrap:wrap;\" ><div class=\"fusion-builder-row fusion-row\"><div class=\"fusion-layout-column fusion_builder_column fusion-builder-column-5 fusion_builder_column_1_1 1_1 fusion-one-full fusion-column-first fusion-column-last fusion-column-no-min-height\" style=\"--awb-bg-size:cover;--awb-margin-bottom:0px;\"><div class=\"fusion-column-wrapper fusion-flex-column-wrapper-legacy\"><div class=\"fusion-title title fusion-title-3 fusion-sep-none fusion-title-text fusion-title-size-two\" style=\"--awb-margin-bottom:10px;\"><h2 class=\"fusion-title-heading title-heading-left fusion-responsive-typography-calculated\" style=\"margin:0;--fontSize:30;line-height:1.2;\">R\u00c9SULTATS NATIONAUX<\/h2><\/div><div class=\"fusion-text fusion-text-5\"><table class=\"results-table\" width=\"100%\">\n<thead>\n<tr>\n<th align=\"left\" width=\"25%\">Comp\u00e9tition<\/th>\n<th align=\"left\" width=\"5%\">Ann\u00e9e<\/th>\n<th align=\"left\" width=\"15%\">Emplacement<\/th>\n<th align=\"left\" width=\"45%\">\u00c9preuve (r\u00e9sultat)<\/th>\n<th align=\"left\" width=\"10%\">T\u00e9l\u00e9charger<\/th>\n<\/tr>\n<\/thead>\n<tbody>\n<tr>\n<td class=\"left-column\">Championnats canadiens espoir<\/td>\n<td>2017<\/td>\n<td>London, ON<\/td>\n<td>\u00c9quipe\u00a0(2), Duo (14), Figures (17)<\/td>\n<td><a href=\"http:\/\/artisticswim.wpengine.com\/wp-content\/uploads\/2016\/09\/2017-Espoir_All-results.pdf\" target=\"_blank\" rel=\"noopener noreferrer\">R\u00e9sultats<\/a><\/td>\n<\/tr>\n<tr>\n<td class=\"left-column\">Championnats canadiens espoir<\/td>\n<td>2016<\/td>\n<td>Winnipeg, MB<\/td>\n<td>\u00c9quipe\u00a0(3), Figures (22)<\/td>\n<td><a href=\"http:\/\/artisticswim.wpengine.com\/wp-content\/uploads\/2016\/09\/2016-Espoir-All-Results.pdf\" target=\"_blank\" rel=\"noopener noreferrer\">R\u00e9sultats<\/a><\/td>\n<\/tr>\n<\/tbody>\n<\/table>\n<\/div><div class=\"fusion-clearfix\"><\/div><\/div><\/div><\/div><\/div><div class=\"fusion-fullwidth fullwidth-box fusion-builder-row-5 hundred-percent-fullwidth non-hundred-percent-height-scrolling\" style=\"--awb-border-radius-top-left:0px;--awb-border-radius-top-right:0px;--awb-border-radius-bottom-right:0px;--awb-border-radius-bottom-left:0px;--awb-overflow:visible;--awb-flex-wrap:wrap;\" ><div class=\"fusion-builder-row fusion-row\"><div class=\"fusion-layout-column fusion_builder_column fusion-builder-column-6 fusion_builder_column_1_1 1_1 fusion-one-full fusion-column-first fusion-column-last fusion-column-no-min-height\" style=\"--awb-bg-size:cover;--awb-margin-bottom:0px;\"><div class=\"fusion-column-wrapper fusion-flex-column-wrapper-legacy\"><\/div><div class=\"fusion-clearfix\"><\/div><\/div><\/div><\/div><\/div><\/p>\n","protected":false},"excerpt":{"rendered":"","protected":false},"author":3,"featured_media":0,"parent":0,"menu_order":0,"comment_status":"closed","ping_status":"closed","template":"","meta":{"_acf_changed":false,"footnotes":""},"class_list":["post-3606","page","type-page","status-publish","hentry"],"acf":[],"yoast_head":"<!-- This site is optimized with the Yoast SEO plugin v27.2 - https:\/\/yoast.com\/product\/yoast-seo-wordpress\/ -->\n<title>Taissia Kutnyk - Natation Artistique Canada<\/title>\n<meta name=\"robots\" content=\"index, follow, max-snippet:-1, max-image-preview:large, max-video-preview:-1\" \/>\n<link rel=\"canonical\" href=\"https:\/\/artisticswimming.ca\/fr\/taissia-kutnyk\/\" \/>\n<meta property=\"og:locale\" content=\"fr_FR\" \/>\n<meta property=\"og:type\" content=\"article\" \/>\n<meta property=\"og:title\" content=\"Taissia Kutnyk - Natation Artistique Canada\" \/>\n<meta property=\"og:url\" content=\"https:\/\/artisticswimming.ca\/fr\/taissia-kutnyk\/\" \/>\n<meta property=\"og:site_name\" content=\"Natation Artistique Canada\" \/>\n<meta property=\"article:modified_time\" content=\"2017-09-18T15:25:14+00:00\" \/>\n<meta property=\"og:image\" content=\"http:\/\/artisticswim.wpengine.com\/wp-content\/uploads\/2017\/07\/Kutnyk_Taissia_2017.jpg\" \/>\n<meta name=\"twitter:card\" content=\"summary_large_image\" \/>\n<meta name=\"twitter:label1\" content=\"Dur\u00e9e de lecture estim\u00e9e\" \/>\n\t<meta name=\"twitter:data1\" content=\"5 minutes\" \/>\n<script type=\"application\/ld+json\" class=\"yoast-schema-graph\">{\"@context\":\"https:\/\/schema.org\",\"@graph\":[{\"@type\":\"WebPage\",\"@id\":\"https:\/\/artisticswimming.ca\/fr\/taissia-kutnyk\/\",\"url\":\"https:\/\/artisticswimming.ca\/fr\/taissia-kutnyk\/\",\"name\":\"Taissia Kutnyk - Natation Artistique Canada\",\"isPartOf\":{\"@id\":\"https:\/\/artisticswimming.ca\/fr\/#website\"},\"primaryImageOfPage\":{\"@id\":\"https:\/\/artisticswimming.ca\/fr\/taissia-kutnyk\/#primaryimage\"},\"image\":{\"@id\":\"https:\/\/artisticswimming.ca\/fr\/taissia-kutnyk\/#primaryimage\"},\"thumbnailUrl\":\"http:\/\/artisticswim.wpengine.com\/wp-content\/uploads\/2017\/07\/Kutnyk_Taissia_2017.jpg\",\"datePublished\":\"2017-07-12T17:13:38+00:00\",\"dateModified\":\"2017-09-18T15:25:14+00:00\",\"breadcrumb\":{\"@id\":\"https:\/\/artisticswimming.ca\/fr\/taissia-kutnyk\/#breadcrumb\"},\"inLanguage\":\"fr-FR\",\"potentialAction\":[{\"@type\":\"ReadAction\",\"target\":[\"https:\/\/artisticswimming.ca\/fr\/taissia-kutnyk\/\"]}]},{\"@type\":\"ImageObject\",\"inLanguage\":\"fr-FR\",\"@id\":\"https:\/\/artisticswimming.ca\/fr\/taissia-kutnyk\/#primaryimage\",\"url\":\"http:\/\/artisticswim.wpengine.com\/wp-content\/uploads\/2017\/07\/Kutnyk_Taissia_2017.jpg\",\"contentUrl\":\"http:\/\/artisticswim.wpengine.com\/wp-content\/uploads\/2017\/07\/Kutnyk_Taissia_2017.jpg\"},{\"@type\":\"BreadcrumbList\",\"@id\":\"https:\/\/artisticswimming.ca\/fr\/taissia-kutnyk\/#breadcrumb\",\"itemListElement\":[{\"@type\":\"ListItem\",\"position\":1,\"name\":\"Home\",\"item\":\"https:\/\/artisticswimming.ca\/fr\/\"},{\"@type\":\"ListItem\",\"position\":2,\"name\":\"Taissia Kutnyk\"}]},{\"@type\":\"WebSite\",\"@id\":\"https:\/\/artisticswimming.ca\/fr\/#website\",\"url\":\"https:\/\/artisticswimming.ca\/fr\/\",\"name\":\"Natation Artistique Canada\",\"description\":\"\",\"potentialAction\":[{\"@type\":\"SearchAction\",\"target\":{\"@type\":\"EntryPoint\",\"urlTemplate\":\"https:\/\/artisticswimming.ca\/fr\/?s={search_term_string}\"},\"query-input\":{\"@type\":\"PropertyValueSpecification\",\"valueRequired\":true,\"valueName\":\"search_term_string\"}}],\"inLanguage\":\"fr-FR\"}]}<\/script>\n<!-- \/ Yoast SEO plugin. -->","yoast_head_json":{"title":"Taissia Kutnyk - Natation Artistique Canada","robots":{"index":"index","follow":"follow","max-snippet":"max-snippet:-1","max-image-preview":"max-image-preview:large","max-video-preview":"max-video-preview:-1"},"canonical":"https:\/\/artisticswimming.ca\/fr\/taissia-kutnyk\/","og_locale":"fr_FR","og_type":"article","og_title":"Taissia Kutnyk - Natation Artistique Canada","og_url":"https:\/\/artisticswimming.ca\/fr\/taissia-kutnyk\/","og_site_name":"Natation Artistique Canada","article_modified_time":"2017-09-18T15:25:14+00:00","og_image":[{"url":"http:\/\/artisticswim.wpengine.com\/wp-content\/uploads\/2017\/07\/Kutnyk_Taissia_2017.jpg","type":"","width":"","height":""}],"twitter_card":"summary_large_image","twitter_misc":{"Dur\u00e9e de lecture estim\u00e9e":"5 minutes"},"schema":{"@context":"https:\/\/schema.org","@graph":[{"@type":"WebPage","@id":"https:\/\/artisticswimming.ca\/fr\/taissia-kutnyk\/","url":"https:\/\/artisticswimming.ca\/fr\/taissia-kutnyk\/","name":"Taissia Kutnyk - Natation Artistique Canada","isPartOf":{"@id":"https:\/\/artisticswimming.ca\/fr\/#website"},"primaryImageOfPage":{"@id":"https:\/\/artisticswimming.ca\/fr\/taissia-kutnyk\/#primaryimage"},"image":{"@id":"https:\/\/artisticswimming.ca\/fr\/taissia-kutnyk\/#primaryimage"},"thumbnailUrl":"http:\/\/artisticswim.wpengine.com\/wp-content\/uploads\/2017\/07\/Kutnyk_Taissia_2017.jpg","datePublished":"2017-07-12T17:13:38+00:00","dateModified":"2017-09-18T15:25:14+00:00","breadcrumb":{"@id":"https:\/\/artisticswimming.ca\/fr\/taissia-kutnyk\/#breadcrumb"},"inLanguage":"fr-FR","potentialAction":[{"@type":"ReadAction","target":["https:\/\/artisticswimming.ca\/fr\/taissia-kutnyk\/"]}]},{"@type":"ImageObject","inLanguage":"fr-FR","@id":"https:\/\/artisticswimming.ca\/fr\/taissia-kutnyk\/#primaryimage","url":"http:\/\/artisticswim.wpengine.com\/wp-content\/uploads\/2017\/07\/Kutnyk_Taissia_2017.jpg","contentUrl":"http:\/\/artisticswim.wpengine.com\/wp-content\/uploads\/2017\/07\/Kutnyk_Taissia_2017.jpg"},{"@type":"BreadcrumbList","@id":"https:\/\/artisticswimming.ca\/fr\/taissia-kutnyk\/#breadcrumb","itemListElement":[{"@type":"ListItem","position":1,"name":"Home","item":"https:\/\/artisticswimming.ca\/fr\/"},{"@type":"ListItem","position":2,"name":"Taissia Kutnyk"}]},{"@type":"WebSite","@id":"https:\/\/artisticswimming.ca\/fr\/#website","url":"https:\/\/artisticswimming.ca\/fr\/","name":"Natation Artistique Canada","description":"","potentialAction":[{"@type":"SearchAction","target":{"@type":"EntryPoint","urlTemplate":"https:\/\/artisticswimming.ca\/fr\/?s={search_term_string}"},"query-input":{"@type":"PropertyValueSpecification","valueRequired":true,"valueName":"search_term_string"}}],"inLanguage":"fr-FR"}]}},"_links":{"self":[{"href":"https:\/\/artisticswimming.ca\/fr\/wp-json\/wp\/v2\/pages\/3606","targetHints":{"allow":["GET"]}}],"collection":[{"href":"https:\/\/artisticswimming.ca\/fr\/wp-json\/wp\/v2\/pages"}],"about":[{"href":"https:\/\/artisticswimming.ca\/fr\/wp-json\/wp\/v2\/types\/page"}],"author":[{"embeddable":true,"href":"https:\/\/artisticswimming.ca\/fr\/wp-json\/wp\/v2\/users\/3"}],"replies":[{"embeddable":true,"href":"https:\/\/artisticswimming.ca\/fr\/wp-json\/wp\/v2\/comments?post=3606"}],"version-history":[{"count":0,"href":"https:\/\/artisticswimming.ca\/fr\/wp-json\/wp\/v2\/pages\/3606\/revisions"}],"wp:attachment":[{"href":"https:\/\/artisticswimming.ca\/fr\/wp-json\/wp\/v2\/media?parent=3606"}],"curies":[{"name":"wp","href":"https:\/\/api.w.org\/{rel}","templated":true}]}}