{"id":4302,"date":"2017-06-22T18:42:21","date_gmt":"2017-06-22T18:42:21","guid":{"rendered":"http:\/\/artisticswim.wpengine.com\/ltad-framework-2-0\/"},"modified":"2020-01-20T10:03:06","modified_gmt":"2020-01-20T15:03:06","slug":"ltad-framework","status":"publish","type":"page","link":"https:\/\/artisticswimming.ca\/fr\/i-love-synchro\/ltad-framework\/","title":{"rendered":"CADRE DLTA 2.1"},"content":{"rendered":"<div class=\"fusion-fullwidth fullwidth-box fusion-builder-row-1 hundred-percent-fullwidth non-hundred-percent-height-scrolling\" style=\"--awb-border-radius-top-left:0px;--awb-border-radius-top-right:0px;--awb-border-radius-bottom-right:0px;--awb-border-radius-bottom-left:0px;--awb-overflow:visible;--awb-flex-wrap:wrap;\" ><div class=\"fusion-builder-row fusion-row\"><div class=\"fusion-layout-column fusion_builder_column fusion-builder-column-0 fusion_builder_column_1_1 1_1 fusion-one-full fusion-column-first fusion-column-last fusion-column-no-min-height\" style=\"--awb-bg-size:cover;--awb-margin-bottom:0px;\"><div class=\"fusion-column-wrapper fusion-flex-column-wrapper-legacy\"><div class=\"fusion-title title fusion-title-1 sep-underline sep-dotted fusion-title-text fusion-title-size-two\" style=\"--awb-margin-top:40px;--awb-margin-bottom:15px;--awb-sep-color:#dd3333;\"><h2 class=\"fusion-title-heading title-heading-left fusion-responsive-typography-calculated\" style=\"margin:0;--fontSize:30;line-height:1.2;\">CADRE DLTA EN NATATION ARTISTIQUE 2.1<\/h2><\/div><div class=\"fusion-text fusion-text-1\"><p>Natation Artistique Canada et ses partenaires-membres sont fiers de pr\u00e9senter le Cadre de D\u00e9veloppement \u00e0 long-terme de l&rsquo;athl\u00e8te en natation artistique 2.1. Cette ressource est la culmination de 2 ann\u00e9es de travail et deviendra le manuel d&rsquo;op\u00e9ration fondamental pla\u00e7ant les bases pour la structure et la programmation du sport.<\/p>\n<p>Le Cadre de D\u00e9veloppement \u00e0 long-terme de l&rsquo;athl\u00e8te en natation artistique 2.1 est une introduction aux facteurs-cl\u00e9s du DLTA et de leur application au sport de la natation artistique.<\/p>\n<\/div><div class=\"fusion-text fusion-text-2\"><div class=\"video-container\" style=\"display: none;\"><iframe src=\"https:\/\/indd.adobe.com\/embed\/cc8ad5dc-45b8-4e89-a0ec-8ab9a0195a8a?startpage=1&amp;allowFullscreen=true\" width=\"700px\" height=\"495px\" frameborder=\"0\" allowfullscreen=\"allowfullscreen\"><\/iframe><\/div>\n<\/div><div class=\"fusion-clearfix\"><\/div><\/div><\/div><div class=\"fusion-layout-column fusion_builder_column fusion-builder-column-1 fusion_builder_column_1_1 1_1 fusion-one-full fusion-column-first fusion-column-last fusion-column-no-min-height\" style=\"--awb-bg-size:cover;--awb-margin-bottom:0px;\"><div class=\"fusion-column-wrapper fusion-flex-column-wrapper-legacy\"><div class=\"fusion-title title fusion-title-2 sep-underline sep-dotted fusion-title-text fusion-title-size-two\" style=\"--awb-margin-top:40px;--awb-margin-bottom:15px;--awb-sep-color:#dd3333;\"><h2 class=\"fusion-title-heading title-heading-left fusion-responsive-typography-calculated\" style=\"margin:0;--fontSize:30;line-height:1.2;\">RESSOURCES<\/h2><\/div><div class=\"fusion-text fusion-text-3\"><table class=\"table-3\">\n<thead>\n<tr style=\"height: 24px;\">\n<th style=\"height: 24px;\" align=\"left\" width=\"50%\">Document <i class=\"fa fa-download\"><\/i><\/th>\n<th style=\"height: 24px;\" align=\"left\">DATE<\/th>\n<th style=\"height: 24px;\" align=\"left\">TYPE<\/th>\n<th style=\"height: 24px;\" align=\"left\">POIDS<\/th>\n<\/tr>\n<\/thead>\n<tbody>\n<tr style=\"height: 24px;\">\n<td style=\"height: 24px;\"><a href=\"http:\/\/artisticswimming.ca\/wp-content\/uploads\/2019\/04\/CADRE-DLTA-NAC-2.1-April-7-2019.pdf\" target=\"_blank\" rel=\"noopener noreferrer\">Cadre de DLTA de Natation Artistique Canada 2.1<\/a><\/td>\n<td style=\"height: 24px;\">7 Avr 2019<\/td>\n<td style=\"height: 24px;\"><i class=\"fa fa-file-pdf-o\">\u00a0<\/i><\/td>\n<td style=\"height: 24px;\">24,4 Mo<\/td>\n<\/tr>\n<\/tbody>\n<\/table>\n<\/div><div class=\"fusion-clearfix\"><\/div><\/div><\/div><\/div><\/div>\n","protected":false},"excerpt":{"rendered":"","protected":false},"author":2,"featured_media":0,"parent":4304,"menu_order":0,"comment_status":"closed","ping_status":"closed","template":"","meta":{"_acf_changed":false,"footnotes":""},"class_list":["post-4302","page","type-page","status-publish","hentry"],"acf":[],"yoast_head":"<!-- This site is optimized with the Yoast SEO plugin v27.2 - https:\/\/yoast.com\/product\/yoast-seo-wordpress\/ -->\n<title>CADRE DLTA 2.1 - Natation Artistique Canada<\/title>\n<meta name=\"robots\" content=\"index, follow, max-snippet:-1, max-image-preview:large, max-video-preview:-1\" \/>\n<link rel=\"canonical\" href=\"https:\/\/artisticswimming.ca\/fr\/i-love-synchro\/ltad-framework\/\" \/>\n<meta property=\"og:locale\" content=\"fr_FR\" \/>\n<meta property=\"og:type\" content=\"article\" \/>\n<meta property=\"og:title\" content=\"CADRE DLTA 2.1 - Natation Artistique Canada\" \/>\n<meta property=\"og:url\" content=\"https:\/\/artisticswimming.ca\/fr\/i-love-synchro\/ltad-framework\/\" \/>\n<meta property=\"og:site_name\" content=\"Natation Artistique Canada\" \/>\n<meta property=\"article:modified_time\" content=\"2020-01-20T15:03:06+00:00\" \/>\n<meta name=\"twitter:card\" content=\"summary_large_image\" \/>\n<meta name=\"twitter:label1\" content=\"Dur\u00e9e de lecture estim\u00e9e\" \/>\n\t<meta name=\"twitter:data1\" content=\"2 minutes\" \/>\n<script type=\"application\/ld+json\" class=\"yoast-schema-graph\">{\"@context\":\"https:\/\/schema.org\",\"@graph\":[{\"@type\":\"WebPage\",\"@id\":\"https:\/\/artisticswimming.ca\/fr\/i-love-synchro\/ltad-framework\/\",\"url\":\"https:\/\/artisticswimming.ca\/fr\/i-love-synchro\/ltad-framework\/\",\"name\":\"CADRE DLTA 2.1 - Natation Artistique Canada\",\"isPartOf\":{\"@id\":\"https:\/\/artisticswimming.ca\/fr\/#website\"},\"datePublished\":\"2017-06-22T18:42:21+00:00\",\"dateModified\":\"2020-01-20T15:03:06+00:00\",\"breadcrumb\":{\"@id\":\"https:\/\/artisticswimming.ca\/fr\/i-love-synchro\/ltad-framework\/#breadcrumb\"},\"inLanguage\":\"fr-FR\",\"potentialAction\":[{\"@type\":\"ReadAction\",\"target\":[\"https:\/\/artisticswimming.ca\/fr\/i-love-synchro\/ltad-framework\/\"]}]},{\"@type\":\"BreadcrumbList\",\"@id\":\"https:\/\/artisticswimming.ca\/fr\/i-love-synchro\/ltad-framework\/#breadcrumb\",\"itemListElement\":[{\"@type\":\"ListItem\",\"position\":1,\"name\":\"Home\",\"item\":\"https:\/\/artisticswimming.ca\/fr\/\"},{\"@type\":\"ListItem\",\"position\":2,\"name\":\"J&#8217;AIME LA SYNCHRO\",\"item\":\"https:\/\/artisticswimming.ca\/fr\/i-love-synchro\/\"},{\"@type\":\"ListItem\",\"position\":3,\"name\":\"CADRE DLTA 2.1\"}]},{\"@type\":\"WebSite\",\"@id\":\"https:\/\/artisticswimming.ca\/fr\/#website\",\"url\":\"https:\/\/artisticswimming.ca\/fr\/\",\"name\":\"Natation Artistique Canada\",\"description\":\"\",\"potentialAction\":[{\"@type\":\"SearchAction\",\"target\":{\"@type\":\"EntryPoint\",\"urlTemplate\":\"https:\/\/artisticswimming.ca\/fr\/?s={search_term_string}\"},\"query-input\":{\"@type\":\"PropertyValueSpecification\",\"valueRequired\":true,\"valueName\":\"search_term_string\"}}],\"inLanguage\":\"fr-FR\"}]}<\/script>\n<!-- \/ Yoast SEO plugin. -->","yoast_head_json":{"title":"CADRE DLTA 2.1 - Natation Artistique Canada","robots":{"index":"index","follow":"follow","max-snippet":"max-snippet:-1","max-image-preview":"max-image-preview:large","max-video-preview":"max-video-preview:-1"},"canonical":"https:\/\/artisticswimming.ca\/fr\/i-love-synchro\/ltad-framework\/","og_locale":"fr_FR","og_type":"article","og_title":"CADRE DLTA 2.1 - Natation Artistique Canada","og_url":"https:\/\/artisticswimming.ca\/fr\/i-love-synchro\/ltad-framework\/","og_site_name":"Natation Artistique Canada","article_modified_time":"2020-01-20T15:03:06+00:00","twitter_card":"summary_large_image","twitter_misc":{"Dur\u00e9e de lecture estim\u00e9e":"2 minutes"},"schema":{"@context":"https:\/\/schema.org","@graph":[{"@type":"WebPage","@id":"https:\/\/artisticswimming.ca\/fr\/i-love-synchro\/ltad-framework\/","url":"https:\/\/artisticswimming.ca\/fr\/i-love-synchro\/ltad-framework\/","name":"CADRE DLTA 2.1 - Natation Artistique Canada","isPartOf":{"@id":"https:\/\/artisticswimming.ca\/fr\/#website"},"datePublished":"2017-06-22T18:42:21+00:00","dateModified":"2020-01-20T15:03:06+00:00","breadcrumb":{"@id":"https:\/\/artisticswimming.ca\/fr\/i-love-synchro\/ltad-framework\/#breadcrumb"},"inLanguage":"fr-FR","potentialAction":[{"@type":"ReadAction","target":["https:\/\/artisticswimming.ca\/fr\/i-love-synchro\/ltad-framework\/"]}]},{"@type":"BreadcrumbList","@id":"https:\/\/artisticswimming.ca\/fr\/i-love-synchro\/ltad-framework\/#breadcrumb","itemListElement":[{"@type":"ListItem","position":1,"name":"Home","item":"https:\/\/artisticswimming.ca\/fr\/"},{"@type":"ListItem","position":2,"name":"J&#8217;AIME LA SYNCHRO","item":"https:\/\/artisticswimming.ca\/fr\/i-love-synchro\/"},{"@type":"ListItem","position":3,"name":"CADRE DLTA 2.1"}]},{"@type":"WebSite","@id":"https:\/\/artisticswimming.ca\/fr\/#website","url":"https:\/\/artisticswimming.ca\/fr\/","name":"Natation Artistique Canada","description":"","potentialAction":[{"@type":"SearchAction","target":{"@type":"EntryPoint","urlTemplate":"https:\/\/artisticswimming.ca\/fr\/?s={search_term_string}"},"query-input":{"@type":"PropertyValueSpecification","valueRequired":true,"valueName":"search_term_string"}}],"inLanguage":"fr-FR"}]}},"_links":{"self":[{"href":"https:\/\/artisticswimming.ca\/fr\/wp-json\/wp\/v2\/pages\/4302","targetHints":{"allow":["GET"]}}],"collection":[{"href":"https:\/\/artisticswimming.ca\/fr\/wp-json\/wp\/v2\/pages"}],"about":[{"href":"https:\/\/artisticswimming.ca\/fr\/wp-json\/wp\/v2\/types\/page"}],"author":[{"embeddable":true,"href":"https:\/\/artisticswimming.ca\/fr\/wp-json\/wp\/v2\/users\/2"}],"replies":[{"embeddable":true,"href":"https:\/\/artisticswimming.ca\/fr\/wp-json\/wp\/v2\/comments?post=4302"}],"version-history":[{"count":0,"href":"https:\/\/artisticswimming.ca\/fr\/wp-json\/wp\/v2\/pages\/4302\/revisions"}],"up":[{"embeddable":true,"href":"https:\/\/artisticswimming.ca\/fr\/wp-json\/wp\/v2\/pages\/4304"}],"wp:attachment":[{"href":"https:\/\/artisticswimming.ca\/fr\/wp-json\/wp\/v2\/media?parent=4302"}],"curies":[{"name":"wp","href":"https:\/\/api.w.org\/{rel}","templated":true}]}}