{"id":4354,"date":"2017-10-16T18:31:13","date_gmt":"2017-10-16T18:31:13","guid":{"rendered":"http:\/\/artisticswim.wpengine.com\/ressources\/competitions\/2017-2021-figures-required-elements\/"},"modified":"2018-01-26T22:50:24","modified_gmt":"2018-01-26T22:50:24","slug":"2017-2021-figures-required-elements","status":"publish","type":"page","link":"https:\/\/artisticswimming.ca\/fr\/ressources\/competitions\/2017-2021-figures-required-elements\/","title":{"rendered":"FIGURES &#038; \u00c9L\u00c9MENTS IMPOS\u00c9S 2017-2021"},"content":{"rendered":"<div class=\"fusion-fullwidth fullwidth-box fusion-builder-row-1 hundred-percent-fullwidth non-hundred-percent-height-scrolling\" style=\"--awb-border-radius-top-left:0px;--awb-border-radius-top-right:0px;--awb-border-radius-bottom-right:0px;--awb-border-radius-bottom-left:0px;--awb-overflow:visible;--awb-flex-wrap:wrap;\" ><div class=\"fusion-builder-row fusion-row\"><div class=\"fusion-layout-column fusion_builder_column fusion-builder-column-0 fusion_builder_column_1_1 1_1 fusion-one-full fusion-column-first fusion-column-last\" style=\"--awb-bg-size:cover;\"><div class=\"fusion-column-wrapper fusion-flex-column-wrapper-legacy\"><div class=\"fusion-title title fusion-title-1 sep-underline sep-dotted fusion-title-text fusion-title-size-two\" style=\"--awb-margin-top:40px;--awb-sep-color:#dd3333;\"><h2 class=\"fusion-title-heading title-heading-left fusion-responsive-typography-calculated\" style=\"margin:0;--fontSize:30;line-height:1.2;\">\u00c9l\u00e9ments impos\u00e9s FINA 2017-2021<\/h2><\/div><div class=\"fusion-clearfix\"><\/div><\/div><\/div><div class=\"fusion-layout-column fusion_builder_column fusion-builder-column-1 fusion_builder_column_1_2 1_2 fusion-one-half fusion-column-first\" style=\"--awb-bg-size:cover;width:50%;width:calc(50% - ( ( 4% ) * 0.5 ) );margin-right: 4%;\"><div class=\"fusion-column-wrapper fusion-flex-column-wrapper-legacy\"><div class=\"fusion-video fusion-youtube\" style=\"--awb-max-width:600px;--awb-max-height:360px;\"><div class=\"video-shortcode\"><div class=\"fluid-width-video-wrapper\" style=\"padding-top:60%;\" ><iframe title=\"YouTube video player 1\" src=\"https:\/\/www.youtube.com\/embed\/2u4_k7n6XQ4?wmode=transparent&autoplay=0\" width=\"600\" height=\"360\" allowfullscreen allow=\"autoplay; clipboard-write; encrypted-media; gyroscope; picture-in-picture;\"><\/iframe><\/div><\/div><\/div><div class=\"fusion-clearfix\"><\/div><\/div><\/div><div class=\"fusion-layout-column fusion_builder_column fusion-builder-column-2 fusion_builder_column_1_2 1_2 fusion-one-half fusion-column-last\" style=\"--awb-bg-size:cover;width:50%;width:calc(50% - ( ( 4% ) * 0.5 ) );\"><div class=\"fusion-column-wrapper fusion-flex-column-wrapper-legacy\"><div class=\"fusion-video fusion-youtube\" style=\"--awb-max-width:600px;--awb-max-height:360px;\"><div class=\"video-shortcode\"><div class=\"fluid-width-video-wrapper\" style=\"padding-top:60%;\" ><iframe title=\"YouTube video player 2\" src=\"https:\/\/www.youtube.com\/embed\/OAQSB6Cx7Eg?wmode=transparent&autoplay=0\" width=\"600\" height=\"360\" allowfullscreen allow=\"autoplay; clipboard-write; encrypted-media; gyroscope; picture-in-picture;\"><\/iframe><\/div><\/div><\/div><div class=\"fusion-clearfix\"><\/div><\/div><\/div><div class=\"fusion-layout-column fusion_builder_column fusion-builder-column-3 fusion_builder_column_1_1 1_1 fusion-one-full fusion-column-first fusion-column-last\" style=\"--awb-bg-size:cover;--awb-margin-bottom:0px;\"><div class=\"fusion-column-wrapper fusion-flex-column-wrapper-legacy\"><div class=\"fusion-sep-clear\"><\/div><div class=\"fusion-separator fusion-full-width-sep\" style=\"margin-left: auto;margin-right: auto;margin-top:30px;width:100%;\"><\/div><div class=\"fusion-sep-clear\"><\/div><div class=\"fusion-title title fusion-title-2 sep-underline sep-dotted fusion-title-text fusion-title-size-two\" style=\"--awb-margin-bottom:0px;--awb-sep-color:#dd3333;\"><h2 class=\"fusion-title-heading title-heading-left fusion-responsive-typography-calculated\" style=\"margin:0;--fontSize:30;line-height:1.2;\">Figure FINA 2017-2021<\/h2><\/div><div class=\"fusion-sep-clear\"><\/div><div class=\"fusion-separator fusion-full-width-sep\" style=\"margin-left: auto;margin-right: auto;margin-top:30px;width:100%;\"><\/div><div class=\"fusion-sep-clear\"><\/div><div class=\"fusion-video fusion-youtube fusion-aligncenter\" style=\"--awb-max-width:840px;--awb-max-height:475px;--awb-width:100%;\"><div class=\"video-shortcode\"><div class=\"fluid-width-video-wrapper\" style=\"padding-top:56.55%;\" ><iframe title=\"YouTube video player 3\" src=\"https:\/\/www.youtube.com\/embed\/WPF0SBy04kY?wmode=transparent&autoplay=0&amp;rel=0\" width=\"840\" height=\"475\" allowfullscreen allow=\"autoplay; clipboard-write; encrypted-media; gyroscope; picture-in-picture;\"><\/iframe><\/div><\/div><\/div><div class=\"fusion-text fusion-text-1\"><h3>JUNIORS &amp; SENIORS<\/h3>\n<table class=\"table-3\">\n<thead>\n<tr>\n<th width=\"10%\">#<\/th>\n<th width=\"40%\">Nom<\/th>\n<th>DD<\/th>\n<th>Vid\u00e9os <i class=\"fa fa-external-link\" aria-hidden=\"true\">\u00a0<\/i><\/th>\n<th>Notes<\/th>\n<\/tr>\n<\/thead>\n<tbody>\n<tr style=\"height: 15px;\">\n<td style=\"background-color: #555555; color: #ffffff;\" colspan=\"5\">OBLIGATOIRES<\/td>\n<\/tr>\n<tr>\n<td>308i<\/td>\n<td>Barracuda grand \u00e9cart a\u00e9rien vrille ascendante 360\u00b0<\/td>\n<td>3,3<\/td>\n<td><a href=\"https:\/\/youtu.be\/tlojhukuris?listType=playlist&amp;list=PLyxgDZky_4Dl7IpabKQRVJBBU5r9jaZ7u\" target=\"_blank\" rel=\"noopener\">Par dessus &amp; sous l&rsquo;eau<\/a><\/td>\n<td>Nouvelle figure<\/td>\n<\/tr>\n<tr>\n<td>355g<\/td>\n<td>Marsouin tour vrill\u00e9<\/td>\n<td>2,5<\/td>\n<td><\/td>\n<td>DD chang\u00e9 de 2,6 \u00e0 2,5<\/td>\n<\/tr>\n<tr style=\"height: 15px;\">\n<td style=\"background-color: #555555; color: #ffffff;\" colspan=\"5\">GROUPE 1<\/td>\n<\/tr>\n<tr>\n<td>\u00a0154j-2<\/td>\n<td>Londres vrille combin\u00e9e de 720\u00b0<\/td>\n<td>2,9<\/td>\n<td><a href=\"https:\/\/youtu.be\/GlNwHeSyfWo?listType=playlist&amp;list=PLyxgDZky_4Dl7IpabKQRVJBBU5r9jaZ7u\" target=\"_blank\" rel=\"noopener\">Par dessus l&rsquo;eau<\/a>\u00a0| <a href=\"https:\/\/youtu.be\/bIJ7wHHjkBI?listType=playlist&amp;list=PLyxgDZky_4Dl7IpabKQRVJBBU5r9jaZ7u\" target=\"_blank\" rel=\"noopener\">Sous l&rsquo;eau<\/a><\/td>\n<td>Nouvelle figure<\/td>\n<\/tr>\n<tr>\n<td>\u00a0330c<\/td>\n<td>Aurore spire<\/td>\n<td>2,8<\/td>\n<td><\/td>\n<td>DD chang\u00e9 de 3,0 \u00e0 2,8<\/td>\n<\/tr>\n<tr style=\"height: 15px;\">\n<td style=\"background-color: #555555; color: #ffffff;\" colspan=\"5\">GROUPE 2<\/td>\n<\/tr>\n<tr>\n<td>364<\/td>\n<td>Tourbillon<\/td>\n<td>2,7<\/td>\n<td><a href=\"https:\/\/youtu.be\/2I7M0QMQU0Q?listType=playlist&amp;list=PLyxgDZky_4Dl7IpabKQRVJBBU5r9jaZ7u\" target=\"_blank\" rel=\"noopener\">Par dessus l&rsquo;eau<\/a>\u00a0| <a href=\"https:\/\/youtu.be\/CylNQP5J1wI?listType=playlist&amp;list=PLyxgDZky_4Dl7IpabKQRVJBBU5r9jaZ7u\" target=\"_blank\" rel=\"noopener\">Sous l&rsquo;eau<\/a><\/td>\n<td>Nouvelle figure<\/td>\n<\/tr>\n<tr>\n<td>343<\/td>\n<td>Papillon<\/td>\n<td>2,5<\/td>\n<td><\/td>\n<td>DD chang\u00e9 de 2,9 \u00e0 2,5<\/td>\n<\/tr>\n<tr style=\"height: 15px;\">\n<td style=\"background-color: #555555; color: #ffffff;\" colspan=\"5\">GROUPE 3<\/td>\n<\/tr>\n<tr>\n<td>320<\/td>\n<td>Coup de pied \u00e0 la lune tourbillon grand \u00e9cart ferm\u00e9 \u00e0 180\u00b0<\/td>\n<td>2,3<\/td>\n<td><a href=\"https:\/\/youtu.be\/AiEjMhqBSbw?listType=playlist&amp;list=PLyxgDZky_4Dl7IpabKQRVJBBU5r9jaZ7u\" target=\"_blank\" rel=\"noopener\">Par dessus l&rsquo;eau<\/a><\/td>\n<td>Nouvelle figure<\/td>\n<\/tr>\n<tr>\n<td>440<\/td>\n<td>Ipanema<\/td>\n<td>3,0<\/td>\n<td><a href=\"https:\/\/youtu.be\/pWqO1TS9jEQ?listType=playlist&amp;list=PLyxgDZky_4Dl7IpabKQRVJBBU5r9jaZ7u\" target=\"_blank\" rel=\"noopener\">Par dessus &amp; sous l&rsquo;eau<\/a><\/td>\n<td>Nouvelle figure<\/td>\n<\/tr>\n<\/tbody>\n<\/table>\n<\/div><div class=\"fusion-text fusion-text-2\"><h3>13-15<\/h3>\n<table class=\"table-3\">\n<thead>\n<tr>\n<th width=\"10%\">#<\/th>\n<th width=\"40%\">Nom<\/th>\n<th>DD<\/th>\n<th>Vid\u00e9os <i class=\"fa fa-external-link\" aria-hidden=\"true\">\u00a0<\/i><\/th>\n<th>Notes<\/th>\n<\/tr>\n<\/thead>\n<tbody>\n<tr style=\"height: 15px;\">\n<td style=\"background-color: #555555; color: #ffffff;\" colspan=\"5\">OBLIGATOIRES<\/td>\n<\/tr>\n<tr>\n<td>423<\/td>\n<td>Ariane<\/td>\n<td>2,2<\/td>\n<td><\/td>\n<td><\/td>\n<\/tr>\n<tr>\n<td>143<\/td>\n<td>Rio<\/td>\n<td>3,1<\/td>\n<td><a href=\"https:\/\/youtu.be\/tQCNT_-eQDQ?listType=playlist&amp;list=PLyxgDZky_4Dl7IpabKQRVJBBU5r9jaZ7u\" target=\"_blank\" rel=\"noopener\">Par dessus l&rsquo;eau<\/a> | <a href=\"https:\/\/youtu.be\/XB5JmKmin4w?listType=playlist&amp;list=PLyxgDZky_4Dl7IpabKQRVJBBU5r9jaZ7u\" target=\"_blank\" rel=\"noopener\">Sous l&rsquo;eau<\/a><\/td>\n<td>Nouvelle figure<\/td>\n<\/tr>\n<tr style=\"height: 15px;\">\n<td style=\"background-color: #555555; color: #ffffff;\" colspan=\"5\">GROUPE 1<\/td>\n<\/tr>\n<tr>\n<td>\u00a0351<\/td>\n<td>Jupiter<\/td>\n<td>2,8<\/td>\n<td><\/td>\n<td><\/td>\n<\/tr>\n<tr>\n<td>\u00a0437<\/td>\n<td>Oceanea<\/td>\n<td>2,1<\/td>\n<td><\/td>\n<td><\/td>\n<\/tr>\n<tr style=\"height: 15px;\">\n<td style=\"background-color: #555555; color: #ffffff;\" colspan=\"5\">GROUPE 2<\/td>\n<\/tr>\n<tr>\n<td>240a<\/td>\n<td>Albatros demi tour<\/td>\n<td>2,2<\/td>\n<td><\/td>\n<td>DD chang\u00e9 de 2,6 \u00e0 2,2<\/td>\n<\/tr>\n<tr>\n<td>403<\/td>\n<td>Queue d&rsquo;espadon<\/td>\n<td>2,3<\/td>\n<td><\/td>\n<td>DD chang\u00e9 de 2,5 \u00e0 2,3<\/td>\n<\/tr>\n<tr style=\"height: 15px;\">\n<td style=\"background-color: #555555; color: #ffffff;\" colspan=\"5\">GROUPE 3<\/td>\n<\/tr>\n<tr>\n<td>355f<\/td>\n<td>Marsouin vrille continue 720\u00b0<\/td>\n<td>2,1<\/td>\n<td><\/td>\n<td>DD chang\u00e9 de 2,4 \u00e0 2,1<\/td>\n<\/tr>\n<tr>\n<td>315<\/td>\n<td>Mouette<\/td>\n<td>2,1<\/td>\n<td><a href=\"https:\/\/youtu.be\/925wmr02qZo?listType=playlist&amp;list=PLyxgDZky_4Dl7IpabKQRVJBBU5r9jaZ7u\" target=\"_blank\" rel=\"noopener\">Par dessus l&rsquo;eau<\/a> | <a href=\"https:\/\/youtu.be\/D7pkmDr3aq0?listType=playlist&amp;list=PLyxgDZky_4Dl7IpabKQRVJBBU5r9jaZ7u\" target=\"_blank\" rel=\"noopener\">Sous l&rsquo;eau<\/a><\/td>\n<td>Nouvelle figure<\/td>\n<\/tr>\n<\/tbody>\n<\/table>\n<\/div><div class=\"fusion-text fusion-text-3\"><h3>11-12<\/h3>\n<table class=\"table-3\">\n<thead>\n<tr>\n<th width=\"10%\">#<\/th>\n<th width=\"40%\">Nom<\/th>\n<th>DD<\/th>\n<th>Vid\u00e9os\u00a0<i class=\"fa fa-external-link\" aria-hidden=\"true\">\u00a0<\/i><\/th>\n<th>Notes<\/th>\n<\/tr>\n<\/thead>\n<tbody>\n<tr style=\"height: 15px;\">\n<td style=\"background-color: #555555; color: #ffffff;\" colspan=\"5\">OBLIGATOIRE<\/td>\n<\/tr>\n<tr>\n<td>106<\/td>\n<td>Jambe de ballet tendue<\/td>\n<td>1,6<\/td>\n<td><\/td>\n<td><\/td>\n<\/tr>\n<tr>\n<td>301<\/td>\n<td>Barracuda<\/td>\n<td>1,9<\/td>\n<td><\/td>\n<td>DD chang\u00e9 de 2,0 \u00e0 1,9<\/td>\n<\/tr>\n<tr style=\"height: 15px;\">\n<td style=\"background-color: #555555; color: #ffffff;\" colspan=\"5\">GROUPE 1<\/td>\n<\/tr>\n<tr>\n<td>\u00a0420<\/td>\n<td>Promenade arri\u00e8re<\/td>\n<td>1,9<\/td>\n<td><\/td>\n<td>DD chang\u00e9 de 2,0 \u00e0 1,9<\/td>\n<\/tr>\n<tr>\n<td>\u00a0327<\/td>\n<td>Ballerine<\/td>\n<td>1,8<\/td>\n<td><\/td>\n<td><\/td>\n<\/tr>\n<tr style=\"height: 15px;\">\n<td style=\"background-color: #555555; color: #ffffff;\" colspan=\"5\">GROUPE 2<\/td>\n<\/tr>\n<tr>\n<td>311<\/td>\n<td>Coup de pied \u00e0 la lune<\/td>\n<td>1,6<\/td>\n<td><\/td>\n<td>DD chang\u00e9 de 1,8 \u00e0 1,6<\/td>\n<\/tr>\n<tr>\n<td>401<\/td>\n<td>Espadon<\/td>\n<td>2,0<\/td>\n<td><\/td>\n<td><\/td>\n<\/tr>\n<tr style=\"height: 15px;\">\n<td style=\"background-color: #555555; color: #ffffff;\" colspan=\"5\">GROUPE 3<\/td>\n<\/tr>\n<tr>\n<td>226<\/td>\n<td>Cygne<\/td>\n<td>2,1<\/td>\n<td><a href=\"https:\/\/youtu.be\/FASy7UNOYIw?listType=playlist&amp;list=PLyxgDZky_4Dl7IpabKQRVJBBU5r9jaZ7u\" target=\"_blank\" rel=\"noopener\">Par dessus l&rsquo;eau<\/a> | <a href=\"https:\/\/youtu.be\/2xLMZHGfT0A?listType=playlist&amp;list=PLyxgDZky_4Dl7IpabKQRVJBBU5r9jaZ7u\" target=\"_blank\" rel=\"noopener\">Sous l&rsquo;eau<\/a><\/td>\n<td>Nouvelle figure<\/td>\n<\/tr>\n<tr>\n<td>363<\/td>\n<td>Goutte d&rsquo;eau<\/td>\n<td>1,5<\/td>\n<td><\/td>\n<td>DD chang\u00e9 de 2,4 \u00e0 2,1<\/td>\n<\/tr>\n<\/tbody>\n<\/table>\n<\/div><div class=\"fusion-clearfix\"><\/div><\/div><\/div><div class=\"fusion-layout-column fusion_builder_column fusion-builder-column-4 fusion_builder_column_1_1 1_1 fusion-one-full fusion-column-first fusion-column-last fusion-column-no-min-height\" style=\"--awb-bg-size:cover;--awb-margin-bottom:0px;\"><div class=\"fusion-column-wrapper fusion-flex-column-wrapper-legacy\"><div style=\"display:none;\"><div class=\"fusion-title title fusion-title-3 sep-underline sep-dotted fusion-title-text fusion-title-size-two\" style=\"--awb-margin-top:40px;--awb-sep-color:#dd3333;\"><h2 class=\"fusion-title-heading title-heading-left fusion-responsive-typography-calculated\" style=\"margin:0;--fontSize:30;line-height:1.2;\">2013-2017 FINA Figures &amp; Required Elements<\/h2><\/div><div class=\"fusion-text fusion-text-4\"><p>Information about new Figures and Required Elements for 2013-2017 as prepared by the FINA Technical Synchronized Swimming Committee (TSSC)<\/p>\n<table class=\"table-3\">\n<thead>\n<tr>\n<th>Name<\/th>\n<th>As of<\/th>\n<th>Type<\/th>\n<th>Size<\/th>\n<\/tr>\n<\/thead>\n<tbody>\n<tr>\n<td><a href=\"http:\/\/synchro.wpengine.com\/wp-content\/uploads\/2016\/10\/description_figures_2013_2017.pdf\" target=\"_blank\" rel=\"noopener noreferrer\">Description of figures for 2013-2017<\/a><\/td>\n<td>2013<\/td>\n<td><i class=\"fa fa-file-pdf-o\">\u00a0<\/i><\/td>\n<td>183 Kb<\/td>\n<\/tr>\n<tr>\n<td><a href=\"http:\/\/synchro.wpengine.com\/wp-content\/uploads\/2016\/10\/2013_2017_figures_diagram_dd.pdf\" target=\"_blank\" rel=\"noopener noreferrer\">Figures diagrams and degrees of difficulty for 2013-2017<\/a><\/td>\n<td>2013<\/td>\n<td><i class=\"fa fa-file-pdf-o\">\u00a0<\/i><\/td>\n<td>383 Kb<\/td>\n<\/tr>\n<tr>\n<td><a href=\"http:\/\/synchro.wpengine.com\/wp-content\/uploads\/2016\/10\/rules_technical_routines_fina_2013_2017.pdf\" target=\"_blank\" rel=\"noopener noreferrer\">Required elements for Technical Routines 2013-2017<\/a><\/td>\n<td>2013<\/td>\n<td><i class=\"fa fa-file-pdf-o\">\u00a0<\/i><\/td>\n<td>159 Kb<\/td>\n<\/tr>\n<tr>\n<td><a href=\"http:\/\/synchro.wpengine.com\/wp-content\/uploads\/2016\/10\/2013_2017_elements_diagram_dd.pdf\" target=\"_blank\" rel=\"noopener noreferrer\">Required elements diagrams and degrees of difficulty for the Senior technical events for 2013-2017<\/a><\/td>\n<td>2013<\/td>\n<td><i class=\"fa fa-file-pdf-o\">\u00a0<\/i><\/td>\n<td>472 Kb<\/td>\n<\/tr>\n<tr>\n<td><a href=\"http:\/\/synchro.wpengine.com\/wp-content\/uploads\/2016\/10\/resume_new_fina_rules_2013_2017.pdf\" target=\"_blank\" rel=\"noopener noreferrer\">Review of the new FINA Rules<\/a><\/td>\n<td>2013<\/td>\n<td><i class=\"fa fa-file-pdf-o\">\u00a0<\/i><\/td>\n<td>81 Kb<\/td>\n<\/tr>\n<\/tbody>\n<\/table>\n<\/div><\/div><div class=\"fusion-clearfix\"><\/div><\/div><\/div><\/div><\/div>\n","protected":false},"excerpt":{"rendered":"","protected":false},"author":2,"featured_media":0,"parent":2100,"menu_order":1,"comment_status":"closed","ping_status":"closed","template":"","meta":{"_acf_changed":false,"footnotes":""},"class_list":["post-4354","page","type-page","status-publish","hentry"],"acf":[],"yoast_head":"<!-- This site is optimized with the Yoast SEO plugin v27.2 - https:\/\/yoast.com\/product\/yoast-seo-wordpress\/ -->\n<title>FIGURES &amp; \u00c9L\u00c9MENTS IMPOS\u00c9S 2017-2021 - Natation Artistique Canada<\/title>\n<meta name=\"robots\" content=\"index, follow, max-snippet:-1, max-image-preview:large, max-video-preview:-1\" \/>\n<link rel=\"canonical\" href=\"https:\/\/artisticswimming.ca\/fr\/ressources\/competitions\/2017-2021-figures-required-elements\/\" \/>\n<meta property=\"og:locale\" content=\"fr_FR\" \/>\n<meta property=\"og:type\" content=\"article\" \/>\n<meta property=\"og:title\" content=\"FIGURES &amp; \u00c9L\u00c9MENTS IMPOS\u00c9S 2017-2021 - Natation Artistique Canada\" \/>\n<meta property=\"og:url\" content=\"https:\/\/artisticswimming.ca\/fr\/ressources\/competitions\/2017-2021-figures-required-elements\/\" \/>\n<meta property=\"og:site_name\" content=\"Natation Artistique Canada\" \/>\n<meta property=\"article:modified_time\" content=\"2018-01-26T22:50:24+00:00\" \/>\n<meta name=\"twitter:card\" content=\"summary_large_image\" \/>\n<meta name=\"twitter:label1\" content=\"Dur\u00e9e de lecture estim\u00e9e\" \/>\n\t<meta name=\"twitter:data1\" content=\"4 minutes\" \/>\n<script type=\"application\/ld+json\" class=\"yoast-schema-graph\">{\"@context\":\"https:\/\/schema.org\",\"@graph\":[{\"@type\":\"WebPage\",\"@id\":\"https:\/\/artisticswimming.ca\/fr\/ressources\/competitions\/2017-2021-figures-required-elements\/\",\"url\":\"https:\/\/artisticswimming.ca\/fr\/ressources\/competitions\/2017-2021-figures-required-elements\/\",\"name\":\"FIGURES & \u00c9L\u00c9MENTS IMPOS\u00c9S 2017-2021 - Natation Artistique Canada\",\"isPartOf\":{\"@id\":\"https:\/\/artisticswimming.ca\/fr\/#website\"},\"datePublished\":\"2017-10-16T18:31:13+00:00\",\"dateModified\":\"2018-01-26T22:50:24+00:00\",\"breadcrumb\":{\"@id\":\"https:\/\/artisticswimming.ca\/fr\/ressources\/competitions\/2017-2021-figures-required-elements\/#breadcrumb\"},\"inLanguage\":\"fr-FR\",\"potentialAction\":[{\"@type\":\"ReadAction\",\"target\":[\"https:\/\/artisticswimming.ca\/fr\/ressources\/competitions\/2017-2021-figures-required-elements\/\"]}]},{\"@type\":\"BreadcrumbList\",\"@id\":\"https:\/\/artisticswimming.ca\/fr\/ressources\/competitions\/2017-2021-figures-required-elements\/#breadcrumb\",\"itemListElement\":[{\"@type\":\"ListItem\",\"position\":1,\"name\":\"Home\",\"item\":\"https:\/\/artisticswimming.ca\/fr\/\"},{\"@type\":\"ListItem\",\"position\":2,\"name\":\"RESSOURCES\",\"item\":\"http:\/\/synchro.wpengine.com\/ressources\/haute-performance\/brevets\/?lang=fr\"},{\"@type\":\"ListItem\",\"position\":3,\"name\":\"COMP\u00c9TITIONS\",\"item\":\"http:\/\/synchro.wpengine.com\/ressources\/competitions\/manuel-des-reglements-de-synchro-canada\/?lang=fr\"},{\"@type\":\"ListItem\",\"position\":4,\"name\":\"FIGURES &#038; \u00c9L\u00c9MENTS IMPOS\u00c9S 2017-2021\"}]},{\"@type\":\"WebSite\",\"@id\":\"https:\/\/artisticswimming.ca\/fr\/#website\",\"url\":\"https:\/\/artisticswimming.ca\/fr\/\",\"name\":\"Natation Artistique Canada\",\"description\":\"\",\"potentialAction\":[{\"@type\":\"SearchAction\",\"target\":{\"@type\":\"EntryPoint\",\"urlTemplate\":\"https:\/\/artisticswimming.ca\/fr\/?s={search_term_string}\"},\"query-input\":{\"@type\":\"PropertyValueSpecification\",\"valueRequired\":true,\"valueName\":\"search_term_string\"}}],\"inLanguage\":\"fr-FR\"}]}<\/script>\n<!-- \/ Yoast SEO plugin. -->","yoast_head_json":{"title":"FIGURES & \u00c9L\u00c9MENTS IMPOS\u00c9S 2017-2021 - Natation Artistique Canada","robots":{"index":"index","follow":"follow","max-snippet":"max-snippet:-1","max-image-preview":"max-image-preview:large","max-video-preview":"max-video-preview:-1"},"canonical":"https:\/\/artisticswimming.ca\/fr\/ressources\/competitions\/2017-2021-figures-required-elements\/","og_locale":"fr_FR","og_type":"article","og_title":"FIGURES & \u00c9L\u00c9MENTS IMPOS\u00c9S 2017-2021 - Natation Artistique Canada","og_url":"https:\/\/artisticswimming.ca\/fr\/ressources\/competitions\/2017-2021-figures-required-elements\/","og_site_name":"Natation Artistique Canada","article_modified_time":"2018-01-26T22:50:24+00:00","twitter_card":"summary_large_image","twitter_misc":{"Dur\u00e9e de lecture estim\u00e9e":"4 minutes"},"schema":{"@context":"https:\/\/schema.org","@graph":[{"@type":"WebPage","@id":"https:\/\/artisticswimming.ca\/fr\/ressources\/competitions\/2017-2021-figures-required-elements\/","url":"https:\/\/artisticswimming.ca\/fr\/ressources\/competitions\/2017-2021-figures-required-elements\/","name":"FIGURES & \u00c9L\u00c9MENTS IMPOS\u00c9S 2017-2021 - Natation Artistique Canada","isPartOf":{"@id":"https:\/\/artisticswimming.ca\/fr\/#website"},"datePublished":"2017-10-16T18:31:13+00:00","dateModified":"2018-01-26T22:50:24+00:00","breadcrumb":{"@id":"https:\/\/artisticswimming.ca\/fr\/ressources\/competitions\/2017-2021-figures-required-elements\/#breadcrumb"},"inLanguage":"fr-FR","potentialAction":[{"@type":"ReadAction","target":["https:\/\/artisticswimming.ca\/fr\/ressources\/competitions\/2017-2021-figures-required-elements\/"]}]},{"@type":"BreadcrumbList","@id":"https:\/\/artisticswimming.ca\/fr\/ressources\/competitions\/2017-2021-figures-required-elements\/#breadcrumb","itemListElement":[{"@type":"ListItem","position":1,"name":"Home","item":"https:\/\/artisticswimming.ca\/fr\/"},{"@type":"ListItem","position":2,"name":"RESSOURCES","item":"http:\/\/synchro.wpengine.com\/ressources\/haute-performance\/brevets\/?lang=fr"},{"@type":"ListItem","position":3,"name":"COMP\u00c9TITIONS","item":"http:\/\/synchro.wpengine.com\/ressources\/competitions\/manuel-des-reglements-de-synchro-canada\/?lang=fr"},{"@type":"ListItem","position":4,"name":"FIGURES &#038; \u00c9L\u00c9MENTS IMPOS\u00c9S 2017-2021"}]},{"@type":"WebSite","@id":"https:\/\/artisticswimming.ca\/fr\/#website","url":"https:\/\/artisticswimming.ca\/fr\/","name":"Natation Artistique Canada","description":"","potentialAction":[{"@type":"SearchAction","target":{"@type":"EntryPoint","urlTemplate":"https:\/\/artisticswimming.ca\/fr\/?s={search_term_string}"},"query-input":{"@type":"PropertyValueSpecification","valueRequired":true,"valueName":"search_term_string"}}],"inLanguage":"fr-FR"}]}},"_links":{"self":[{"href":"https:\/\/artisticswimming.ca\/fr\/wp-json\/wp\/v2\/pages\/4354","targetHints":{"allow":["GET"]}}],"collection":[{"href":"https:\/\/artisticswimming.ca\/fr\/wp-json\/wp\/v2\/pages"}],"about":[{"href":"https:\/\/artisticswimming.ca\/fr\/wp-json\/wp\/v2\/types\/page"}],"author":[{"embeddable":true,"href":"https:\/\/artisticswimming.ca\/fr\/wp-json\/wp\/v2\/users\/2"}],"replies":[{"embeddable":true,"href":"https:\/\/artisticswimming.ca\/fr\/wp-json\/wp\/v2\/comments?post=4354"}],"version-history":[{"count":0,"href":"https:\/\/artisticswimming.ca\/fr\/wp-json\/wp\/v2\/pages\/4354\/revisions"}],"up":[{"embeddable":true,"href":"https:\/\/artisticswimming.ca\/fr\/wp-json\/wp\/v2\/pages\/2100"}],"wp:attachment":[{"href":"https:\/\/artisticswimming.ca\/fr\/wp-json\/wp\/v2\/media?parent=4354"}],"curies":[{"name":"wp","href":"https:\/\/api.w.org\/{rel}","templated":true}]}}