{"id":4510,"date":"2018-01-05T20:00:25","date_gmt":"2018-01-05T20:00:25","guid":{"rendered":"http:\/\/artisticswim.wpengine.com\/ressources\/haute-performance\/anti-doping-information\/"},"modified":"2025-03-31T22:03:36","modified_gmt":"2025-04-01T02:03:36","slug":"anti-doping-information","status":"publish","type":"page","link":"https:\/\/artisticswimming.ca\/fr\/safe-sport\/anti-doping-information\/","title":{"rendered":"ANTIDOPAGE"},"content":{"rendered":"<div class=\"fusion-fullwidth fullwidth-box fusion-builder-row-1 nonhundred-percent-fullwidth non-hundred-percent-height-scrolling\" style=\"--awb-border-radius-top-left:0px;--awb-border-radius-top-right:0px;--awb-border-radius-bottom-right:0px;--awb-border-radius-bottom-left:0px;--awb-flex-wrap:wrap;\" ><div class=\"fusion-builder-row fusion-row\"><div class=\"fusion-layout-column fusion_builder_column fusion-builder-column-0 fusion_builder_column_1_1 1_1 fusion-one-full fusion-column-first fusion-column-last\" style=\"--awb-bg-size:cover;--awb-margin-bottom:0px;\"><div class=\"fusion-column-wrapper fusion-flex-column-wrapper-legacy\"><div class=\"fusion-title title fusion-title-1 fusion-sep-none fusion-title-text fusion-title-size-two\" style=\"--awb-margin-top:30px;--awb-sep-color:#dd3333;\"><h2 class=\"fusion-title-heading title-heading-left fusion-responsive-typography-calculated\" style=\"margin:0;--fontSize:30;line-height:1.2;\">INFORMATION\u00a0ANTIDOPAGE<\/h2><\/div><div class=\"fusion-text fusion-text-1\"><table class=\"table-3\">\n<thead>\n<tr>\n<th>Document <i class=\"fa fa-download\"><\/i><\/th>\n<th>Date<\/th>\n<th>Type<\/th>\n<th>Poids<\/th>\n<\/tr>\n<\/thead>\n<tbody>\n<tr>\n<td><a href=\"http:\/\/artisticswimming.ca\/wp-content\/uploads\/2020\/10\/2021-cces-policy-cadp-2021-final-draft-f.pdf\" target=\"_blank\" rel=\"noopener noreferrer\"><strong>Programme canadien antidopage 2021<\/strong><\/a><\/td>\n<td>Oct 2020<\/td>\n<td><i class=\"far fa-file-pdf\">&nbsp;<\/i><\/td>\n<td>2,4 Mo<\/td>\n<\/tr>\n<tr>\n<td><a href=\"https:\/\/cces.ca\/fr\/news\/reprise-des-prelevements-dechantillons-durine\" target=\"_blank\" rel=\"noopener noreferrer\">CCES : Reprise des pr\u00e9l\u00e8vements d&rsquo;\u00e9chantillon d&rsquo;urine<\/a><\/td>\n<td>Juin 2020<\/td>\n<td><i class=\"fas fa-external-link-alt\">&nbsp;<\/i><\/td>\n<td>&nbsp;<\/td>\n<\/tr>\n<tr>\n<td><a href=\"http:\/\/artisticswimming.ca\/wp-content\/uploads\/2019\/10\/wada_2020_french_prohibited_list.pdf\" target=\"_blank\" rel=\"noopener noreferrer\"><strong>LISTE DES INTERDICTIONS<\/strong> de l&rsquo;Agence mondiale antidopage (AMA) 2020<\/a> (prend effet le 1 janvier 2020)<\/td>\n<td>Oct 2019<\/td>\n<td><i class=\"far fa-file-pdf\">&nbsp;<\/i><\/td>\n<td>261 Ko<\/td>\n<\/tr>\n<tr>\n<td><a href=\"https:\/\/artisticswimming.ca\/wp-content\/uploads\/2019\/10\/wada_2020_english_summary_of_modifications_.pdf\" target=\"_blank\" rel=\"noopener noreferrer\"><strong>R\u00c9SUM\u00c9 DES MODIFICATIONS DE L&rsquo;AMA 2020<\/strong> (en anglais)<\/a><\/td>\n<td>Oct 2019<\/td>\n<td><i class=\"far fa-file-pdf\">&nbsp;<\/i><\/td>\n<td>76 Kb<\/td>\n<\/tr>\n<tr>\n<td><strong><a href=\"http:\/\/artisticswimming.ca\/wp-content\/uploads\/2019\/10\/wada_2020_french_monitoring_program.pdf\" target=\"_blank\" rel=\"noopener noreferrer\">PROGRAMME DE SURVEILLANCE 2020<\/a><\/strong><\/td>\n<td>Oct 2019<\/td>\n<td><i class=\"far fa-file-pdf\">&nbsp;<\/i><\/td>\n<td>62 Ko<\/td>\n<\/tr>\n<tr>\n<td><a href=\"http:\/\/artisticswimming.ca\/wp-content\/uploads\/2018\/10\/wada_2019_french_prohibited_list.pdf\" target=\"_blank\" rel=\"noopener noreferrer\">Liste des interdictions de l&rsquo;Agence mondiale antidopage (AMA) 2019<\/a> (prend effet le 1 janvier 2019)<\/td>\n<td>Oct 2018<\/td>\n<td><i class=\"far fa-file-pdf\">&nbsp;<\/i><\/td>\n<td>4 Mo<\/td>\n<\/tr>\n<tr>\n<td><a href=\"http:\/\/artisticswimming.ca\/wp-content\/uploads\/2018\/10\/wada_2019_english_monitoring_program.pdf\" target=\"_blank\" rel=\"noopener noreferrer\">Programme de surveillance 2019<\/a> (anglais)<\/td>\n<td>Oct 2018<\/td>\n<td><i class=\"far fa-file-pdf\">&nbsp;<\/i><\/td>\n<td>54 Ko<\/td>\n<\/tr>\n<tr>\n<td><a href=\"https:\/\/www.wada-ama.org\/sites\/default\/files\/prohibited_list_2018_fr.pdf\" target=\"_blank\" rel=\"noopener noreferrer\">Liste des interdictions de l&rsquo;Agence mondiale antidopage (AMA) 2018<\/a><\/td>\n<td>Jan 2018<\/td>\n<td><i class=\"far fa-file-pdf\">&nbsp;<\/i><\/td>\n<td>257 Ko<\/td>\n<\/tr>\n<tr>\n<td><a href=\"https:\/\/www.wada-ama.org\/sites\/default\/files\/prohibited_list_2018_summary_of_modifications_fr.pdf\" target=\"_blank\" rel=\"noopener noreferrer\">R\u00e9sum\u00e9 des modifications de l&rsquo;AMA 2018<\/a><\/td>\n<td>Jan 2018<\/td>\n<td><i class=\"far fa-file-pdf\">&nbsp;<\/i><\/td>\n<td>73 Kb<\/td>\n<\/tr>\n<tr>\n<td><a href=\"https:\/\/www.wada-ama.org\/sites\/default\/files\/resources\/files\/wada_prohibited_list_2017_fr.pdf\" target=\"_blank\" rel=\"noopener noreferrer\">Liste des interdictions de l&rsquo;AMA 2017<\/a><\/td>\n<td>Jan 2017<\/td>\n<td><i class=\"far fa-file-pdf\">&nbsp;<\/i><\/td>\n<td>252 Kb<\/td>\n<\/tr>\n<\/tbody>\n<\/table>\n<\/div><div class=\"fusion-sep-clear\"><\/div><div class=\"fusion-separator fusion-full-width-sep\" style=\"margin-left: auto;margin-right: auto;margin-top:40px;width:100%;\"><\/div><div class=\"fusion-sep-clear\"><\/div><div class=\"fusion-reading-box-container reading-box-container-1\" style=\"--awb-title-color:#011c48;--awb-margin-top:0px;--awb-margin-bottom:40px;\"><div class=\"reading-box\" style=\"background-color:#f6f6f6;border-width:1px;border-color:#f6f6f6;border-left-width:3px;border-left-color:var(--primary_color);border-style:solid;\"><a class=\"button fusion-button button-default fusion-button-default-size button-default-size button-flat fusion-desktop-button fusion-tagline-button continue fusion-desktop-button-margin continue-right\" style=\"-webkit-box-shadow:none;-moz-box-shadow:none;box-shadow:none;border-radius:2px 2px 2px 2px\" href=\"https:\/\/globaldro.com\/CA\/search?changelang=fr-ca\" target=\"_blank\" rel=\"noopener noreferrer\"><span>V\u00e9rifiez ici!<\/span><\/a><h2>V\u00e9rifiez vos m\u00e9dicaments!<\/h2><div class=\"reading-box-description fusion-reading-box-additional\">Assurez-vous que votre m\u00e9dication ne fait pas partie de la liste des produits prohib\u00e9s en utilisant ce site.<\/div><div class=\"fusion-clearfix\"><\/div><a class=\"button fusion-button button-default fusion-button-default-size button-default-size button-flat fusion-mobile-button continue-right\" style=\"-webkit-box-shadow:none;-moz-box-shadow:none;box-shadow:none;border-radius:2px 2px 2px 2px\" href=\"https:\/\/globaldro.com\/CA\/search?changelang=fr-ca\" target=\"_blank\" rel=\"noopener noreferrer\"><span>V\u00e9rifiez ici!<\/span><\/a><\/div><\/div><div class=\"fusion-clearfix\"><\/div><\/div><\/div><\/div><\/div>\n","protected":false},"excerpt":{"rendered":"","protected":false},"author":2,"featured_media":0,"parent":7328,"menu_order":1,"comment_status":"closed","ping_status":"closed","template":"","meta":{"_acf_changed":false,"footnotes":""},"class_list":["post-4510","page","type-page","status-publish","hentry"],"acf":[],"yoast_head":"<!-- This site is optimized with the Yoast SEO plugin v27.2 - https:\/\/yoast.com\/product\/yoast-seo-wordpress\/ -->\n<title>ANTIDOPAGE - Natation Artistique Canada<\/title>\n<meta name=\"robots\" content=\"index, follow, max-snippet:-1, max-image-preview:large, max-video-preview:-1\" \/>\n<link rel=\"canonical\" href=\"https:\/\/artisticswimming.ca\/fr\/safe-sport\/anti-doping-information\/\" \/>\n<meta property=\"og:locale\" content=\"fr_FR\" \/>\n<meta property=\"og:type\" content=\"article\" \/>\n<meta property=\"og:title\" content=\"ANTIDOPAGE - Natation Artistique Canada\" \/>\n<meta property=\"og:url\" content=\"https:\/\/artisticswimming.ca\/fr\/safe-sport\/anti-doping-information\/\" \/>\n<meta property=\"og:site_name\" content=\"Natation Artistique Canada\" \/>\n<meta property=\"article:modified_time\" content=\"2025-04-01T02:03:36+00:00\" \/>\n<meta name=\"twitter:card\" content=\"summary_large_image\" \/>\n<meta name=\"twitter:label1\" content=\"Dur\u00e9e de lecture estim\u00e9e\" \/>\n\t<meta name=\"twitter:data1\" content=\"2 minutes\" \/>\n<script type=\"application\/ld+json\" class=\"yoast-schema-graph\">{\"@context\":\"https:\/\/schema.org\",\"@graph\":[{\"@type\":\"WebPage\",\"@id\":\"https:\/\/artisticswimming.ca\/fr\/safe-sport\/anti-doping-information\/\",\"url\":\"https:\/\/artisticswimming.ca\/fr\/safe-sport\/anti-doping-information\/\",\"name\":\"ANTIDOPAGE - Natation Artistique Canada\",\"isPartOf\":{\"@id\":\"https:\/\/artisticswimming.ca\/fr\/#website\"},\"datePublished\":\"2018-01-05T20:00:25+00:00\",\"dateModified\":\"2025-04-01T02:03:36+00:00\",\"breadcrumb\":{\"@id\":\"https:\/\/artisticswimming.ca\/fr\/safe-sport\/anti-doping-information\/#breadcrumb\"},\"inLanguage\":\"fr-FR\",\"potentialAction\":[{\"@type\":\"ReadAction\",\"target\":[\"https:\/\/artisticswimming.ca\/fr\/safe-sport\/anti-doping-information\/\"]}]},{\"@type\":\"BreadcrumbList\",\"@id\":\"https:\/\/artisticswimming.ca\/fr\/safe-sport\/anti-doping-information\/#breadcrumb\",\"itemListElement\":[{\"@type\":\"ListItem\",\"position\":1,\"name\":\"Home\",\"item\":\"https:\/\/artisticswimming.ca\/fr\/\"},{\"@type\":\"ListItem\",\"position\":2,\"name\":\"SPORT S\u00c9CURITAIRE\",\"item\":\"https:\/\/artisticswimming.ca\/fr\/safe-sport\/\"},{\"@type\":\"ListItem\",\"position\":3,\"name\":\"ANTIDOPAGE\"}]},{\"@type\":\"WebSite\",\"@id\":\"https:\/\/artisticswimming.ca\/fr\/#website\",\"url\":\"https:\/\/artisticswimming.ca\/fr\/\",\"name\":\"Natation Artistique Canada\",\"description\":\"\",\"potentialAction\":[{\"@type\":\"SearchAction\",\"target\":{\"@type\":\"EntryPoint\",\"urlTemplate\":\"https:\/\/artisticswimming.ca\/fr\/?s={search_term_string}\"},\"query-input\":{\"@type\":\"PropertyValueSpecification\",\"valueRequired\":true,\"valueName\":\"search_term_string\"}}],\"inLanguage\":\"fr-FR\"}]}<\/script>\n<!-- \/ Yoast SEO plugin. -->","yoast_head_json":{"title":"ANTIDOPAGE - Natation Artistique Canada","robots":{"index":"index","follow":"follow","max-snippet":"max-snippet:-1","max-image-preview":"max-image-preview:large","max-video-preview":"max-video-preview:-1"},"canonical":"https:\/\/artisticswimming.ca\/fr\/safe-sport\/anti-doping-information\/","og_locale":"fr_FR","og_type":"article","og_title":"ANTIDOPAGE - Natation Artistique Canada","og_url":"https:\/\/artisticswimming.ca\/fr\/safe-sport\/anti-doping-information\/","og_site_name":"Natation Artistique Canada","article_modified_time":"2025-04-01T02:03:36+00:00","twitter_card":"summary_large_image","twitter_misc":{"Dur\u00e9e de lecture estim\u00e9e":"2 minutes"},"schema":{"@context":"https:\/\/schema.org","@graph":[{"@type":"WebPage","@id":"https:\/\/artisticswimming.ca\/fr\/safe-sport\/anti-doping-information\/","url":"https:\/\/artisticswimming.ca\/fr\/safe-sport\/anti-doping-information\/","name":"ANTIDOPAGE - Natation Artistique Canada","isPartOf":{"@id":"https:\/\/artisticswimming.ca\/fr\/#website"},"datePublished":"2018-01-05T20:00:25+00:00","dateModified":"2025-04-01T02:03:36+00:00","breadcrumb":{"@id":"https:\/\/artisticswimming.ca\/fr\/safe-sport\/anti-doping-information\/#breadcrumb"},"inLanguage":"fr-FR","potentialAction":[{"@type":"ReadAction","target":["https:\/\/artisticswimming.ca\/fr\/safe-sport\/anti-doping-information\/"]}]},{"@type":"BreadcrumbList","@id":"https:\/\/artisticswimming.ca\/fr\/safe-sport\/anti-doping-information\/#breadcrumb","itemListElement":[{"@type":"ListItem","position":1,"name":"Home","item":"https:\/\/artisticswimming.ca\/fr\/"},{"@type":"ListItem","position":2,"name":"SPORT S\u00c9CURITAIRE","item":"https:\/\/artisticswimming.ca\/fr\/safe-sport\/"},{"@type":"ListItem","position":3,"name":"ANTIDOPAGE"}]},{"@type":"WebSite","@id":"https:\/\/artisticswimming.ca\/fr\/#website","url":"https:\/\/artisticswimming.ca\/fr\/","name":"Natation Artistique Canada","description":"","potentialAction":[{"@type":"SearchAction","target":{"@type":"EntryPoint","urlTemplate":"https:\/\/artisticswimming.ca\/fr\/?s={search_term_string}"},"query-input":{"@type":"PropertyValueSpecification","valueRequired":true,"valueName":"search_term_string"}}],"inLanguage":"fr-FR"}]}},"_links":{"self":[{"href":"https:\/\/artisticswimming.ca\/fr\/wp-json\/wp\/v2\/pages\/4510","targetHints":{"allow":["GET"]}}],"collection":[{"href":"https:\/\/artisticswimming.ca\/fr\/wp-json\/wp\/v2\/pages"}],"about":[{"href":"https:\/\/artisticswimming.ca\/fr\/wp-json\/wp\/v2\/types\/page"}],"author":[{"embeddable":true,"href":"https:\/\/artisticswimming.ca\/fr\/wp-json\/wp\/v2\/users\/2"}],"replies":[{"embeddable":true,"href":"https:\/\/artisticswimming.ca\/fr\/wp-json\/wp\/v2\/comments?post=4510"}],"version-history":[{"count":0,"href":"https:\/\/artisticswimming.ca\/fr\/wp-json\/wp\/v2\/pages\/4510\/revisions"}],"up":[{"embeddable":true,"href":"https:\/\/artisticswimming.ca\/fr\/wp-json\/wp\/v2\/pages\/7328"}],"wp:attachment":[{"href":"https:\/\/artisticswimming.ca\/fr\/wp-json\/wp\/v2\/media?parent=4510"}],"curies":[{"name":"wp","href":"https:\/\/api.w.org\/{rel}","templated":true}]}}