{"id":4639,"date":"2018-03-05T14:57:50","date_gmt":"2018-03-05T14:57:50","guid":{"rendered":"http:\/\/artisticswim.wpengine.com\/?page_id=4639"},"modified":"2018-05-04T13:57:20","modified_gmt":"2018-05-04T13:57:20","slug":"athletes-breuvetees-de-sport-canada-2017-2018","status":"publish","type":"page","link":"https:\/\/artisticswimming.ca\/fr\/ressources\/haute-performance\/athletes-breuvetees-de-sport-canada-2017-2018\/","title":{"rendered":"ATHL\u00c8TES BREVET\u00c9ES DE SPORT CANADA 2017-2018"},"content":{"rendered":"<div class=\"fusion-fullwidth fullwidth-box fusion-builder-row-1 nonhundred-percent-fullwidth non-hundred-percent-height-scrolling\" style=\"--awb-border-radius-top-left:0px;--awb-border-radius-top-right:0px;--awb-border-radius-bottom-right:0px;--awb-border-radius-bottom-left:0px;--awb-flex-wrap:wrap;\" ><div class=\"fusion-builder-row fusion-row\"><div class=\"fusion-layout-column fusion_builder_column fusion-builder-column-0 fusion_builder_column_1_1 1_1 fusion-one-full fusion-column-first fusion-column-last\" style=\"--awb-bg-size:cover;\"><div class=\"fusion-column-wrapper fusion-flex-column-wrapper-legacy\"><div class=\"fusion-text fusion-text-1\"><table class=\"athletes-table\" width=\"100%\">\n<thead>\n<tr>\n<th align=\"left\">Nom<\/th>\n<th align=\"left\">Club<\/th>\n<th align=\"left\">Niveau<\/th>\n<\/tr>\n<\/thead>\n<tbody>\n<tr>\n<td class=\"left-column\">Ball, Janelle<\/td>\n<td>Dollard Synchro<\/td>\n<td>SR1<\/td>\n<\/tr>\n<tr>\n<td class=\"left-column\">Boisvert, Gabrielle<\/td>\n<td>Quebec Excellence Synchro<\/td>\n<td>SR1<\/td>\n<\/tr>\n<tr>\n<td class=\"left-column\">C\u00f4t\u00e9, Andr\u00e9e-Anne<\/td>\n<td>Quebec Excellence Synchro<\/td>\n<td>SR1<\/td>\n<\/tr>\n<tr>\n<td class=\"left-column\">Holzner, Claudia<\/td>\n<td>Dollard Synchro<\/td>\n<td>SR1<\/td>\n<\/tr>\n<tr>\n<td class=\"left-column\">Simoneau, Jacqueline<\/td>\n<td>Dollard Synchro<\/td>\n<td>SR1<\/td>\n<\/tr>\n<tr>\n<td class=\"left-column\">V\u00e9zina, Laurence<\/td>\n<td>Quebec Excellence Synchro<\/td>\n<td>SR1<\/td>\n<\/tr>\n<tr>\n<td class=\"left-column\">Wong, Kali<\/td>\n<td>Dollard Synchro<\/td>\n<td>SR1<\/td>\n<\/tr>\n<tr>\n<td class=\"left-column\">Harrower, Rebecca<\/td>\n<td>Dollard Synchro<\/td>\n<td>SR<\/td>\n<\/tr>\n<tr>\n<td class=\"left-column\">Joly, Audrey<\/td>\n<td>Dollard Synchro<\/td>\n<td>SR<\/td>\n<\/tr>\n<tr>\n<td class=\"left-column\">Pratt, Halle<\/td>\n<td>Calgary Aquabelles<\/td>\n<td>SR<\/td>\n<\/tr>\n<tr>\n<td class=\"left-column\">Armstrong, Emily<\/td>\n<td>RTC Ontario<\/td>\n<td>D<\/td>\n<\/tr>\n<tr>\n<td class=\"left-column\">Barrett, Catherine<\/td>\n<td>RTC Ontario<\/td>\n<td>D<\/td>\n<\/tr>\n<tr>\n<td class=\"left-column\">Czarkowski, Jaime<\/td>\n<td>Calgary Aquabelles<\/td>\n<td>D<\/td>\n<\/tr>\n<tr>\n<td class=\"left-column\">Finn, Scarlett<\/td>\n<td>RTC Ontario<\/td>\n<td>D<\/td>\n<\/tr>\n<tr>\n<td class=\"left-column\">Fiola-Dion, Camille<\/td>\n<td>Quebec Excellence Synchro<\/td>\n<td>D<\/td>\n<\/tr>\n<tr>\n<td class=\"left-column\">Gauthier, Mika\u00eblle<\/td>\n<td>Dollard Synchro<\/td>\n<td>D<\/td>\n<\/tr>\n<tr>\n<td class=\"left-column\">Hoffman, Teah<\/td>\n<td>Calgary Aquabelles<\/td>\n<td>D<\/td>\n<\/tr>\n<tr>\n<td class=\"left-column\">Hopper, Paige<\/td>\n<td>Calgary Aquabelles<\/td>\n<td>D<\/td>\n<\/tr>\n<tr>\n<td class=\"left-column\">Ormond, Sion<\/td>\n<td>RTC Ontario<\/td>\n<td>D<\/td>\n<\/tr>\n<tr>\n<td class=\"left-column\">Regnier, Jaiden<\/td>\n<td>RTC Ontario<\/td>\n<td>D<\/td>\n<\/tr>\n<tr>\n<td class=\"left-column\">Spott, Emma<\/td>\n<td>RTC Ontario<\/td>\n<td>D<\/td>\n<\/tr>\n<tr>\n<td class=\"left-column\">Stremlaw, Kristin<\/td>\n<td>RTC Ontario<\/td>\n<td>D<\/td>\n<\/tr>\n<tr>\n<td class=\"left-column\">Winkelaar, Cassandra<\/td>\n<td>Calgary Aquabelles<\/td>\n<td>D<\/td>\n<\/tr>\n<\/tbody>\n<\/table>\n<\/div><div class=\"fusion-clearfix\"><\/div><\/div><\/div><\/div><\/div>\n","protected":false},"excerpt":{"rendered":"","protected":false},"author":3,"featured_media":0,"parent":897,"menu_order":0,"comment_status":"closed","ping_status":"closed","template":"","meta":{"_acf_changed":false,"footnotes":""},"class_list":["post-4639","page","type-page","status-publish","hentry"],"acf":[],"yoast_head":"<!-- This site is optimized with the Yoast SEO plugin v27.2 - https:\/\/yoast.com\/product\/yoast-seo-wordpress\/ -->\n<title>ATHL\u00c8TES BREVET\u00c9ES DE SPORT CANADA 2017-2018 - Natation Artistique Canada<\/title>\n<meta name=\"robots\" content=\"index, follow, max-snippet:-1, max-image-preview:large, max-video-preview:-1\" \/>\n<link rel=\"canonical\" href=\"https:\/\/artisticswimming.ca\/fr\/ressources\/haute-performance\/athletes-breuvetees-de-sport-canada-2017-2018\/\" \/>\n<meta property=\"og:locale\" content=\"fr_FR\" \/>\n<meta property=\"og:type\" content=\"article\" \/>\n<meta property=\"og:title\" content=\"ATHL\u00c8TES BREVET\u00c9ES DE SPORT CANADA 2017-2018 - Natation Artistique Canada\" \/>\n<meta property=\"og:url\" content=\"https:\/\/artisticswimming.ca\/fr\/ressources\/haute-performance\/athletes-breuvetees-de-sport-canada-2017-2018\/\" \/>\n<meta property=\"og:site_name\" content=\"Natation Artistique Canada\" \/>\n<meta property=\"article:modified_time\" content=\"2018-05-04T13:57:20+00:00\" \/>\n<meta name=\"twitter:card\" content=\"summary_large_image\" \/>\n<meta name=\"twitter:label1\" content=\"Dur\u00e9e de lecture estim\u00e9e\" \/>\n\t<meta name=\"twitter:data1\" content=\"2 minutes\" \/>\n<script type=\"application\/ld+json\" class=\"yoast-schema-graph\">{\"@context\":\"https:\/\/schema.org\",\"@graph\":[{\"@type\":\"WebPage\",\"@id\":\"https:\/\/artisticswimming.ca\/fr\/ressources\/haute-performance\/athletes-breuvetees-de-sport-canada-2017-2018\/\",\"url\":\"https:\/\/artisticswimming.ca\/fr\/ressources\/haute-performance\/athletes-breuvetees-de-sport-canada-2017-2018\/\",\"name\":\"ATHL\u00c8TES BREVET\u00c9ES DE SPORT CANADA 2017-2018 - Natation Artistique Canada\",\"isPartOf\":{\"@id\":\"https:\/\/artisticswimming.ca\/fr\/#website\"},\"datePublished\":\"2018-03-05T14:57:50+00:00\",\"dateModified\":\"2018-05-04T13:57:20+00:00\",\"breadcrumb\":{\"@id\":\"https:\/\/artisticswimming.ca\/fr\/ressources\/haute-performance\/athletes-breuvetees-de-sport-canada-2017-2018\/#breadcrumb\"},\"inLanguage\":\"fr-FR\",\"potentialAction\":[{\"@type\":\"ReadAction\",\"target\":[\"https:\/\/artisticswimming.ca\/fr\/ressources\/haute-performance\/athletes-breuvetees-de-sport-canada-2017-2018\/\"]}]},{\"@type\":\"BreadcrumbList\",\"@id\":\"https:\/\/artisticswimming.ca\/fr\/ressources\/haute-performance\/athletes-breuvetees-de-sport-canada-2017-2018\/#breadcrumb\",\"itemListElement\":[{\"@type\":\"ListItem\",\"position\":1,\"name\":\"Home\",\"item\":\"https:\/\/artisticswimming.ca\/fr\/\"},{\"@type\":\"ListItem\",\"position\":2,\"name\":\"RESSOURCES\",\"item\":\"http:\/\/synchro.wpengine.com\/ressources\/haute-performance\/brevets\/?lang=fr\"},{\"@type\":\"ListItem\",\"position\":3,\"name\":\"HAUTE PERFORMANCE\",\"item\":\"http:\/\/synchro.wpengine.com\/ressources\/haute-performance\/brevets\/?lang=fr\"},{\"@type\":\"ListItem\",\"position\":4,\"name\":\"ATHL\u00c8TES BREVET\u00c9ES DE SPORT CANADA 2017-2018\"}]},{\"@type\":\"WebSite\",\"@id\":\"https:\/\/artisticswimming.ca\/fr\/#website\",\"url\":\"https:\/\/artisticswimming.ca\/fr\/\",\"name\":\"Natation Artistique Canada\",\"description\":\"\",\"potentialAction\":[{\"@type\":\"SearchAction\",\"target\":{\"@type\":\"EntryPoint\",\"urlTemplate\":\"https:\/\/artisticswimming.ca\/fr\/?s={search_term_string}\"},\"query-input\":{\"@type\":\"PropertyValueSpecification\",\"valueRequired\":true,\"valueName\":\"search_term_string\"}}],\"inLanguage\":\"fr-FR\"}]}<\/script>\n<!-- \/ Yoast SEO plugin. -->","yoast_head_json":{"title":"ATHL\u00c8TES BREVET\u00c9ES DE SPORT CANADA 2017-2018 - Natation Artistique Canada","robots":{"index":"index","follow":"follow","max-snippet":"max-snippet:-1","max-image-preview":"max-image-preview:large","max-video-preview":"max-video-preview:-1"},"canonical":"https:\/\/artisticswimming.ca\/fr\/ressources\/haute-performance\/athletes-breuvetees-de-sport-canada-2017-2018\/","og_locale":"fr_FR","og_type":"article","og_title":"ATHL\u00c8TES BREVET\u00c9ES DE SPORT CANADA 2017-2018 - Natation Artistique Canada","og_url":"https:\/\/artisticswimming.ca\/fr\/ressources\/haute-performance\/athletes-breuvetees-de-sport-canada-2017-2018\/","og_site_name":"Natation Artistique Canada","article_modified_time":"2018-05-04T13:57:20+00:00","twitter_card":"summary_large_image","twitter_misc":{"Dur\u00e9e de lecture estim\u00e9e":"2 minutes"},"schema":{"@context":"https:\/\/schema.org","@graph":[{"@type":"WebPage","@id":"https:\/\/artisticswimming.ca\/fr\/ressources\/haute-performance\/athletes-breuvetees-de-sport-canada-2017-2018\/","url":"https:\/\/artisticswimming.ca\/fr\/ressources\/haute-performance\/athletes-breuvetees-de-sport-canada-2017-2018\/","name":"ATHL\u00c8TES BREVET\u00c9ES DE SPORT CANADA 2017-2018 - Natation Artistique Canada","isPartOf":{"@id":"https:\/\/artisticswimming.ca\/fr\/#website"},"datePublished":"2018-03-05T14:57:50+00:00","dateModified":"2018-05-04T13:57:20+00:00","breadcrumb":{"@id":"https:\/\/artisticswimming.ca\/fr\/ressources\/haute-performance\/athletes-breuvetees-de-sport-canada-2017-2018\/#breadcrumb"},"inLanguage":"fr-FR","potentialAction":[{"@type":"ReadAction","target":["https:\/\/artisticswimming.ca\/fr\/ressources\/haute-performance\/athletes-breuvetees-de-sport-canada-2017-2018\/"]}]},{"@type":"BreadcrumbList","@id":"https:\/\/artisticswimming.ca\/fr\/ressources\/haute-performance\/athletes-breuvetees-de-sport-canada-2017-2018\/#breadcrumb","itemListElement":[{"@type":"ListItem","position":1,"name":"Home","item":"https:\/\/artisticswimming.ca\/fr\/"},{"@type":"ListItem","position":2,"name":"RESSOURCES","item":"http:\/\/synchro.wpengine.com\/ressources\/haute-performance\/brevets\/?lang=fr"},{"@type":"ListItem","position":3,"name":"HAUTE PERFORMANCE","item":"http:\/\/synchro.wpengine.com\/ressources\/haute-performance\/brevets\/?lang=fr"},{"@type":"ListItem","position":4,"name":"ATHL\u00c8TES BREVET\u00c9ES DE SPORT CANADA 2017-2018"}]},{"@type":"WebSite","@id":"https:\/\/artisticswimming.ca\/fr\/#website","url":"https:\/\/artisticswimming.ca\/fr\/","name":"Natation Artistique Canada","description":"","potentialAction":[{"@type":"SearchAction","target":{"@type":"EntryPoint","urlTemplate":"https:\/\/artisticswimming.ca\/fr\/?s={search_term_string}"},"query-input":{"@type":"PropertyValueSpecification","valueRequired":true,"valueName":"search_term_string"}}],"inLanguage":"fr-FR"}]}},"_links":{"self":[{"href":"https:\/\/artisticswimming.ca\/fr\/wp-json\/wp\/v2\/pages\/4639","targetHints":{"allow":["GET"]}}],"collection":[{"href":"https:\/\/artisticswimming.ca\/fr\/wp-json\/wp\/v2\/pages"}],"about":[{"href":"https:\/\/artisticswimming.ca\/fr\/wp-json\/wp\/v2\/types\/page"}],"author":[{"embeddable":true,"href":"https:\/\/artisticswimming.ca\/fr\/wp-json\/wp\/v2\/users\/3"}],"replies":[{"embeddable":true,"href":"https:\/\/artisticswimming.ca\/fr\/wp-json\/wp\/v2\/comments?post=4639"}],"version-history":[{"count":0,"href":"https:\/\/artisticswimming.ca\/fr\/wp-json\/wp\/v2\/pages\/4639\/revisions"}],"up":[{"embeddable":true,"href":"https:\/\/artisticswimming.ca\/fr\/wp-json\/wp\/v2\/pages\/897"}],"wp:attachment":[{"href":"https:\/\/artisticswimming.ca\/fr\/wp-json\/wp\/v2\/media?parent=4639"}],"curies":[{"name":"wp","href":"https:\/\/api.w.org\/{rel}","templated":true}]}}