{"id":5986,"date":"2019-01-09T10:33:31","date_gmt":"2019-01-09T15:33:31","guid":{"rendered":"http:\/\/artisticswimming.ca\/cas-categories-basic-rules\/"},"modified":"2019-01-09T10:35:37","modified_gmt":"2019-01-09T15:35:37","slug":"cas-categories-basic-rules","status":"publish","type":"page","link":"https:\/\/artisticswimming.ca\/fr\/cas-categories-basic-rules\/","title":{"rendered":"CAT\u00c9GORIES DE NAC &#038; R\u00c8GLES DE BASE"},"content":{"rendered":"<p>\u00c0 venir.<\/p>\n","protected":false},"excerpt":{"rendered":"<p>\u00c0 venir.<\/p>\n","protected":false},"author":3,"featured_media":0,"parent":0,"menu_order":0,"comment_status":"closed","ping_status":"closed","template":"","meta":{"_acf_changed":false,"footnotes":""},"class_list":["post-5986","page","type-page","status-publish","hentry"],"acf":[],"yoast_head":"<!-- This site is optimized with the Yoast SEO plugin v27.2 - https:\/\/yoast.com\/product\/yoast-seo-wordpress\/ -->\n<title>CAT\u00c9GORIES DE NAC &amp; R\u00c8GLES DE BASE - Natation Artistique Canada<\/title>\n<meta name=\"robots\" content=\"index, follow, max-snippet:-1, max-image-preview:large, max-video-preview:-1\" \/>\n<link rel=\"canonical\" href=\"https:\/\/artisticswimming.ca\/fr\/cas-categories-basic-rules\/\" \/>\n<meta property=\"og:locale\" content=\"fr_FR\" \/>\n<meta property=\"og:type\" content=\"article\" \/>\n<meta property=\"og:title\" content=\"CAT\u00c9GORIES DE NAC &amp; R\u00c8GLES DE BASE - Natation Artistique Canada\" \/>\n<meta property=\"og:description\" content=\"\u00c0 venir.\" \/>\n<meta property=\"og:url\" content=\"https:\/\/artisticswimming.ca\/fr\/cas-categories-basic-rules\/\" \/>\n<meta property=\"og:site_name\" content=\"Natation Artistique Canada\" \/>\n<meta property=\"article:modified_time\" content=\"2019-01-09T15:35:37+00:00\" \/>\n<meta name=\"twitter:card\" content=\"summary_large_image\" \/>\n<script type=\"application\/ld+json\" class=\"yoast-schema-graph\">{\"@context\":\"https:\/\/schema.org\",\"@graph\":[{\"@type\":\"WebPage\",\"@id\":\"https:\/\/artisticswimming.ca\/fr\/cas-categories-basic-rules\/\",\"url\":\"https:\/\/artisticswimming.ca\/fr\/cas-categories-basic-rules\/\",\"name\":\"CAT\u00c9GORIES DE NAC & R\u00c8GLES DE BASE - Natation Artistique Canada\",\"isPartOf\":{\"@id\":\"https:\/\/artisticswimming.ca\/fr\/#website\"},\"datePublished\":\"2019-01-09T15:33:31+00:00\",\"dateModified\":\"2019-01-09T15:35:37+00:00\",\"breadcrumb\":{\"@id\":\"https:\/\/artisticswimming.ca\/fr\/cas-categories-basic-rules\/#breadcrumb\"},\"inLanguage\":\"fr-FR\",\"potentialAction\":[{\"@type\":\"ReadAction\",\"target\":[\"https:\/\/artisticswimming.ca\/fr\/cas-categories-basic-rules\/\"]}]},{\"@type\":\"BreadcrumbList\",\"@id\":\"https:\/\/artisticswimming.ca\/fr\/cas-categories-basic-rules\/#breadcrumb\",\"itemListElement\":[{\"@type\":\"ListItem\",\"position\":1,\"name\":\"Home\",\"item\":\"https:\/\/artisticswimming.ca\/fr\/\"},{\"@type\":\"ListItem\",\"position\":2,\"name\":\"CAT\u00c9GORIES DE NAC &#038; R\u00c8GLES DE BASE\"}]},{\"@type\":\"WebSite\",\"@id\":\"https:\/\/artisticswimming.ca\/fr\/#website\",\"url\":\"https:\/\/artisticswimming.ca\/fr\/\",\"name\":\"Natation Artistique Canada\",\"description\":\"\",\"potentialAction\":[{\"@type\":\"SearchAction\",\"target\":{\"@type\":\"EntryPoint\",\"urlTemplate\":\"https:\/\/artisticswimming.ca\/fr\/?s={search_term_string}\"},\"query-input\":{\"@type\":\"PropertyValueSpecification\",\"valueRequired\":true,\"valueName\":\"search_term_string\"}}],\"inLanguage\":\"fr-FR\"}]}<\/script>\n<!-- \/ Yoast SEO plugin. -->","yoast_head_json":{"title":"CAT\u00c9GORIES DE NAC & R\u00c8GLES DE BASE - Natation Artistique Canada","robots":{"index":"index","follow":"follow","max-snippet":"max-snippet:-1","max-image-preview":"max-image-preview:large","max-video-preview":"max-video-preview:-1"},"canonical":"https:\/\/artisticswimming.ca\/fr\/cas-categories-basic-rules\/","og_locale":"fr_FR","og_type":"article","og_title":"CAT\u00c9GORIES DE NAC & R\u00c8GLES DE BASE - Natation Artistique Canada","og_description":"\u00c0 venir.","og_url":"https:\/\/artisticswimming.ca\/fr\/cas-categories-basic-rules\/","og_site_name":"Natation Artistique Canada","article_modified_time":"2019-01-09T15:35:37+00:00","twitter_card":"summary_large_image","schema":{"@context":"https:\/\/schema.org","@graph":[{"@type":"WebPage","@id":"https:\/\/artisticswimming.ca\/fr\/cas-categories-basic-rules\/","url":"https:\/\/artisticswimming.ca\/fr\/cas-categories-basic-rules\/","name":"CAT\u00c9GORIES DE NAC & R\u00c8GLES DE BASE - Natation Artistique Canada","isPartOf":{"@id":"https:\/\/artisticswimming.ca\/fr\/#website"},"datePublished":"2019-01-09T15:33:31+00:00","dateModified":"2019-01-09T15:35:37+00:00","breadcrumb":{"@id":"https:\/\/artisticswimming.ca\/fr\/cas-categories-basic-rules\/#breadcrumb"},"inLanguage":"fr-FR","potentialAction":[{"@type":"ReadAction","target":["https:\/\/artisticswimming.ca\/fr\/cas-categories-basic-rules\/"]}]},{"@type":"BreadcrumbList","@id":"https:\/\/artisticswimming.ca\/fr\/cas-categories-basic-rules\/#breadcrumb","itemListElement":[{"@type":"ListItem","position":1,"name":"Home","item":"https:\/\/artisticswimming.ca\/fr\/"},{"@type":"ListItem","position":2,"name":"CAT\u00c9GORIES DE NAC &#038; R\u00c8GLES DE BASE"}]},{"@type":"WebSite","@id":"https:\/\/artisticswimming.ca\/fr\/#website","url":"https:\/\/artisticswimming.ca\/fr\/","name":"Natation Artistique Canada","description":"","potentialAction":[{"@type":"SearchAction","target":{"@type":"EntryPoint","urlTemplate":"https:\/\/artisticswimming.ca\/fr\/?s={search_term_string}"},"query-input":{"@type":"PropertyValueSpecification","valueRequired":true,"valueName":"search_term_string"}}],"inLanguage":"fr-FR"}]}},"_links":{"self":[{"href":"https:\/\/artisticswimming.ca\/fr\/wp-json\/wp\/v2\/pages\/5986","targetHints":{"allow":["GET"]}}],"collection":[{"href":"https:\/\/artisticswimming.ca\/fr\/wp-json\/wp\/v2\/pages"}],"about":[{"href":"https:\/\/artisticswimming.ca\/fr\/wp-json\/wp\/v2\/types\/page"}],"author":[{"embeddable":true,"href":"https:\/\/artisticswimming.ca\/fr\/wp-json\/wp\/v2\/users\/3"}],"replies":[{"embeddable":true,"href":"https:\/\/artisticswimming.ca\/fr\/wp-json\/wp\/v2\/comments?post=5986"}],"version-history":[{"count":0,"href":"https:\/\/artisticswimming.ca\/fr\/wp-json\/wp\/v2\/pages\/5986\/revisions"}],"wp:attachment":[{"href":"https:\/\/artisticswimming.ca\/fr\/wp-json\/wp\/v2\/media?parent=5986"}],"curies":[{"name":"wp","href":"https:\/\/api.w.org\/{rel}","templated":true}]}}