{"id":6577,"date":"2019-04-23T14:19:23","date_gmt":"2019-04-23T18:19:23","guid":{"rendered":"http:\/\/artisticswimming.ca\/evenements-et-resultats\/2019-canadian-championships-live\/"},"modified":"2019-05-06T09:06:23","modified_gmt":"2019-05-06T13:06:23","slug":"2019-canadian-championships-live","status":"publish","type":"page","link":"https:\/\/artisticswimming.ca\/fr\/evenements-et-resultats\/2019-canadian-championships-live\/","title":{"rendered":"CHAMPIONNATS CANADIENS 2019 EN DIRECT"},"content":{"rendered":"<div class=\"fusion-fullwidth fullwidth-box fusion-builder-row-1 hundred-percent-fullwidth non-hundred-percent-height-scrolling\" style=\"--awb-border-radius-top-left:0px;--awb-border-radius-top-right:0px;--awb-border-radius-bottom-right:0px;--awb-border-radius-bottom-left:0px;--awb-overflow:visible;--awb-flex-wrap:wrap;\" ><div class=\"fusion-builder-row fusion-row\"><div class=\"fusion-layout-column fusion_builder_column fusion-builder-column-0 fusion_builder_column_3_4 3_4 fusion-three-fourth fusion-column-first\" style=\"--awb-bg-size:cover;width:74%; margin-right: 4%;\"><div class=\"fusion-column-wrapper fusion-flex-column-wrapper-legacy\"><div class=\"fusion-text fusion-text-1\"><div class=\"video-container\"><iframe id=\"ls_embed_1556564300\" src=\"https:\/\/livestream.com\/accounts\/802858\/events\/8661658\/player?width=960&amp;height=540&amp;enableInfoAndActivity=true&amp;defaultDrawer=&amp;autoPlay=true&amp;mute=false\" width=\"960\" height=\"540\" frameborder=\"0\" scrolling=\"no\" allowfullscreen=\"allowfullscreen\"> <\/iframe><script type=\"text\/javascript\" data-embed_id=\"ls_embed_1556564300\" src=\"https:\/\/livestream.com\/assets\/plugins\/referrer_tracking.js\"><\/script><\/div>\n<\/div><div class=\"fusion-text fusion-text-2\"><p><img decoding=\"async\" class=\"size-large wp-image-6673 aligncenter\" src=\"http:\/\/artisticswimming.ca\/wp-content\/uploads\/2019\/05\/viaSport-BCID-lockup-rgb-pos-1024x237.jpg\" alt=\"\" width=\"1024\" height=\"237\" srcset=\"https:\/\/artisticswimming.ca\/wp-content\/uploads\/2019\/05\/viaSport-BCID-lockup-rgb-pos-200x46.jpg 200w, https:\/\/artisticswimming.ca\/wp-content\/uploads\/2019\/05\/viaSport-BCID-lockup-rgb-pos-300x70.jpg 300w, https:\/\/artisticswimming.ca\/wp-content\/uploads\/2019\/05\/viaSport-BCID-lockup-rgb-pos-400x93.jpg 400w, https:\/\/artisticswimming.ca\/wp-content\/uploads\/2019\/05\/viaSport-BCID-lockup-rgb-pos-500x116.jpg 500w, https:\/\/artisticswimming.ca\/wp-content\/uploads\/2019\/05\/viaSport-BCID-lockup-rgb-pos-600x139.jpg 600w, https:\/\/artisticswimming.ca\/wp-content\/uploads\/2019\/05\/viaSport-BCID-lockup-rgb-pos-768x178.jpg 768w, https:\/\/artisticswimming.ca\/wp-content\/uploads\/2019\/05\/viaSport-BCID-lockup-rgb-pos-800x185.jpg 800w, https:\/\/artisticswimming.ca\/wp-content\/uploads\/2019\/05\/viaSport-BCID-lockup-rgb-pos-1024x237.jpg 1024w, https:\/\/artisticswimming.ca\/wp-content\/uploads\/2019\/05\/viaSport-BCID-lockup-rgb-pos-1200x278.jpg 1200w, https:\/\/artisticswimming.ca\/wp-content\/uploads\/2019\/05\/viaSport-BCID-lockup-rgb-pos.jpg 1502w\" sizes=\"(max-width: 1024px) 100vw, 1024px\" \/><\/p>\n<\/div><div class=\"fusion-clearfix\"><\/div><\/div><\/div><div class=\"fusion-layout-column fusion_builder_column fusion-builder-column-1 fusion_builder_column_1_4 1_4 fusion-one-fourth fusion-column-last\" style=\"--awb-bg-size:cover;width:22%;\"><div class=\"fusion-column-wrapper fusion-flex-column-wrapper-legacy\"><div class=\"fusion-text fusion-text-3\"><p><img decoding=\"async\" class=\"aligncenter size-full wp-image-2804\" src=\"http:\/\/artisticswim.wpengine.com\/wp-content\/uploads\/2017\/03\/qualifier-sponsor-logo-canada.jpg\" alt=\"qualifier-sponsor-logo-canada\" width=\"612\" height=\"266\" srcset=\"https:\/\/artisticswimming.ca\/wp-content\/uploads\/2017\/03\/qualifier-sponsor-logo-canada-200x87.jpg 200w, https:\/\/artisticswimming.ca\/wp-content\/uploads\/2017\/03\/qualifier-sponsor-logo-canada-300x130.jpg 300w, https:\/\/artisticswimming.ca\/wp-content\/uploads\/2017\/03\/qualifier-sponsor-logo-canada-400x174.jpg 400w, https:\/\/artisticswimming.ca\/wp-content\/uploads\/2017\/03\/qualifier-sponsor-logo-canada-500x217.jpg 500w, https:\/\/artisticswimming.ca\/wp-content\/uploads\/2017\/03\/qualifier-sponsor-logo-canada-600x261.jpg 600w, https:\/\/artisticswimming.ca\/wp-content\/uploads\/2017\/03\/qualifier-sponsor-logo-canada.jpg 612w\" sizes=\"(max-width: 612px) 100vw, 612px\" \/><\/p>\n<\/div><div class=\"fusion-text fusion-text-4\"><p><img decoding=\"async\" class=\"size-large wp-image-6677 aligncenter\" src=\"http:\/\/artisticswimming.ca\/wp-content\/uploads\/2019\/05\/KelsonGroup_Logo_Horizontal_FullColour_CMYK300x300-1024x188.jpg\" alt=\"\" width=\"1024\" height=\"188\" srcset=\"https:\/\/artisticswimming.ca\/wp-content\/uploads\/2019\/05\/KelsonGroup_Logo_Horizontal_FullColour_CMYK300x300-200x37.jpg 200w, https:\/\/artisticswimming.ca\/wp-content\/uploads\/2019\/05\/KelsonGroup_Logo_Horizontal_FullColour_CMYK300x300-300x55.jpg 300w, https:\/\/artisticswimming.ca\/wp-content\/uploads\/2019\/05\/KelsonGroup_Logo_Horizontal_FullColour_CMYK300x300-400x73.jpg 400w, https:\/\/artisticswimming.ca\/wp-content\/uploads\/2019\/05\/KelsonGroup_Logo_Horizontal_FullColour_CMYK300x300-500x92.jpg 500w, https:\/\/artisticswimming.ca\/wp-content\/uploads\/2019\/05\/KelsonGroup_Logo_Horizontal_FullColour_CMYK300x300-600x110.jpg 600w, https:\/\/artisticswimming.ca\/wp-content\/uploads\/2019\/05\/KelsonGroup_Logo_Horizontal_FullColour_CMYK300x300-768x141.jpg 768w, https:\/\/artisticswimming.ca\/wp-content\/uploads\/2019\/05\/KelsonGroup_Logo_Horizontal_FullColour_CMYK300x300-800x147.jpg 800w, https:\/\/artisticswimming.ca\/wp-content\/uploads\/2019\/05\/KelsonGroup_Logo_Horizontal_FullColour_CMYK300x300-1024x188.jpg 1024w, https:\/\/artisticswimming.ca\/wp-content\/uploads\/2019\/05\/KelsonGroup_Logo_Horizontal_FullColour_CMYK300x300-1200x220.jpg 1200w, https:\/\/artisticswimming.ca\/wp-content\/uploads\/2019\/05\/KelsonGroup_Logo_Horizontal_FullColour_CMYK300x300.jpg 2723w\" sizes=\"(max-width: 1024px) 100vw, 1024px\" \/><\/p>\n<\/div><div class=\"fusion-text fusion-text-5\"><p><img decoding=\"async\" class=\"size-full wp-image-6681 aligncenter\" src=\"http:\/\/artisticswimming.ca\/wp-content\/uploads\/2019\/05\/HUB-Horizontal-Full-Colour-RGB.png\" alt=\"\" width=\"576\" height=\"237\" srcset=\"https:\/\/artisticswimming.ca\/wp-content\/uploads\/2019\/05\/HUB-Horizontal-Full-Colour-RGB-200x82.png 200w, https:\/\/artisticswimming.ca\/wp-content\/uploads\/2019\/05\/HUB-Horizontal-Full-Colour-RGB-300x123.png 300w, https:\/\/artisticswimming.ca\/wp-content\/uploads\/2019\/05\/HUB-Horizontal-Full-Colour-RGB-400x165.png 400w, https:\/\/artisticswimming.ca\/wp-content\/uploads\/2019\/05\/HUB-Horizontal-Full-Colour-RGB-500x206.png 500w, https:\/\/artisticswimming.ca\/wp-content\/uploads\/2019\/05\/HUB-Horizontal-Full-Colour-RGB.png 576w\" sizes=\"(max-width: 576px) 100vw, 576px\" \/><\/p>\n<\/div><div class=\"fusion-text fusion-text-6\"><p><img decoding=\"async\" class=\"size-full wp-image-6683 aligncenter\" src=\"http:\/\/artisticswimming.ca\/wp-content\/uploads\/2019\/05\/TELUS_2019_Security_Graydon_Vert_RGB-Converted.png\" alt=\"\" width=\"729\" height=\"402\" srcset=\"https:\/\/artisticswimming.ca\/wp-content\/uploads\/2019\/05\/TELUS_2019_Security_Graydon_Vert_RGB-Converted-200x110.png 200w, https:\/\/artisticswimming.ca\/wp-content\/uploads\/2019\/05\/TELUS_2019_Security_Graydon_Vert_RGB-Converted-300x165.png 300w, https:\/\/artisticswimming.ca\/wp-content\/uploads\/2019\/05\/TELUS_2019_Security_Graydon_Vert_RGB-Converted-400x221.png 400w, https:\/\/artisticswimming.ca\/wp-content\/uploads\/2019\/05\/TELUS_2019_Security_Graydon_Vert_RGB-Converted-500x276.png 500w, https:\/\/artisticswimming.ca\/wp-content\/uploads\/2019\/05\/TELUS_2019_Security_Graydon_Vert_RGB-Converted-600x331.png 600w, https:\/\/artisticswimming.ca\/wp-content\/uploads\/2019\/05\/TELUS_2019_Security_Graydon_Vert_RGB-Converted.png 729w\" sizes=\"(max-width: 729px) 100vw, 729px\" \/><\/p>\n<\/div><div class=\"fusion-text fusion-text-7\"><p><img decoding=\"async\" class=\"size-large wp-image-6679 aligncenter\" src=\"http:\/\/artisticswimming.ca\/wp-content\/uploads\/2019\/05\/Sherwin-Williams-colour-logo-CMYK-1024x510.png\" alt=\"\" width=\"1024\" height=\"510\" srcset=\"https:\/\/artisticswimming.ca\/wp-content\/uploads\/2019\/05\/Sherwin-Williams-colour-logo-CMYK-200x100.png 200w, https:\/\/artisticswimming.ca\/wp-content\/uploads\/2019\/05\/Sherwin-Williams-colour-logo-CMYK-300x149.png 300w, https:\/\/artisticswimming.ca\/wp-content\/uploads\/2019\/05\/Sherwin-Williams-colour-logo-CMYK-400x199.png 400w, https:\/\/artisticswimming.ca\/wp-content\/uploads\/2019\/05\/Sherwin-Williams-colour-logo-CMYK-500x249.png 500w, https:\/\/artisticswimming.ca\/wp-content\/uploads\/2019\/05\/Sherwin-Williams-colour-logo-CMYK-600x299.png 600w, https:\/\/artisticswimming.ca\/wp-content\/uploads\/2019\/05\/Sherwin-Williams-colour-logo-CMYK-768x382.png 768w, https:\/\/artisticswimming.ca\/wp-content\/uploads\/2019\/05\/Sherwin-Williams-colour-logo-CMYK-800x398.png 800w, https:\/\/artisticswimming.ca\/wp-content\/uploads\/2019\/05\/Sherwin-Williams-colour-logo-CMYK-1024x510.png 1024w, https:\/\/artisticswimming.ca\/wp-content\/uploads\/2019\/05\/Sherwin-Williams-colour-logo-CMYK.png 1051w\" sizes=\"(max-width: 1024px) 100vw, 1024px\" \/><\/p>\n<\/div><div class=\"fusion-clearfix\"><\/div><\/div><\/div><\/div><\/div>\n","protected":false},"excerpt":{"rendered":"","protected":false},"author":2,"featured_media":0,"parent":896,"menu_order":0,"comment_status":"closed","ping_status":"closed","template":"","meta":{"_acf_changed":false,"footnotes":""},"class_list":["post-6577","page","type-page","status-publish","hentry"],"acf":[],"yoast_head":"<!-- This site is optimized with the Yoast SEO plugin v27.2 - https:\/\/yoast.com\/product\/yoast-seo-wordpress\/ -->\n<title>CHAMPIONNATS CANADIENS 2019 EN DIRECT - Natation Artistique Canada<\/title>\n<meta name=\"robots\" content=\"index, follow, max-snippet:-1, max-image-preview:large, max-video-preview:-1\" \/>\n<link rel=\"canonical\" href=\"https:\/\/artisticswimming.ca\/fr\/evenements-et-resultats\/2019-canadian-championships-live\/\" \/>\n<meta property=\"og:locale\" content=\"fr_FR\" \/>\n<meta property=\"og:type\" content=\"article\" \/>\n<meta property=\"og:title\" content=\"CHAMPIONNATS CANADIENS 2019 EN DIRECT - Natation Artistique Canada\" \/>\n<meta property=\"og:url\" content=\"https:\/\/artisticswimming.ca\/fr\/evenements-et-resultats\/2019-canadian-championships-live\/\" \/>\n<meta property=\"og:site_name\" content=\"Natation Artistique Canada\" \/>\n<meta property=\"article:modified_time\" content=\"2019-05-06T13:06:23+00:00\" \/>\n<meta property=\"og:image\" content=\"http:\/\/artisticswimming.ca\/wp-content\/uploads\/2019\/05\/viaSport-BCID-lockup-rgb-pos-1024x237.jpg\" \/>\n<meta name=\"twitter:card\" content=\"summary_large_image\" \/>\n<meta name=\"twitter:label1\" content=\"Dur\u00e9e de lecture estim\u00e9e\" \/>\n\t<meta name=\"twitter:data1\" content=\"2 minutes\" \/>\n<script type=\"application\/ld+json\" class=\"yoast-schema-graph\">{\"@context\":\"https:\/\/schema.org\",\"@graph\":[{\"@type\":\"WebPage\",\"@id\":\"https:\/\/artisticswimming.ca\/fr\/evenements-et-resultats\/2019-canadian-championships-live\/\",\"url\":\"https:\/\/artisticswimming.ca\/fr\/evenements-et-resultats\/2019-canadian-championships-live\/\",\"name\":\"CHAMPIONNATS CANADIENS 2019 EN DIRECT - Natation Artistique Canada\",\"isPartOf\":{\"@id\":\"https:\/\/artisticswimming.ca\/fr\/#website\"},\"primaryImageOfPage\":{\"@id\":\"https:\/\/artisticswimming.ca\/fr\/evenements-et-resultats\/2019-canadian-championships-live\/#primaryimage\"},\"image\":{\"@id\":\"https:\/\/artisticswimming.ca\/fr\/evenements-et-resultats\/2019-canadian-championships-live\/#primaryimage\"},\"thumbnailUrl\":\"http:\/\/artisticswimming.ca\/wp-content\/uploads\/2019\/05\/viaSport-BCID-lockup-rgb-pos-1024x237.jpg\",\"datePublished\":\"2019-04-23T18:19:23+00:00\",\"dateModified\":\"2019-05-06T13:06:23+00:00\",\"breadcrumb\":{\"@id\":\"https:\/\/artisticswimming.ca\/fr\/evenements-et-resultats\/2019-canadian-championships-live\/#breadcrumb\"},\"inLanguage\":\"fr-FR\",\"potentialAction\":[{\"@type\":\"ReadAction\",\"target\":[\"https:\/\/artisticswimming.ca\/fr\/evenements-et-resultats\/2019-canadian-championships-live\/\"]}]},{\"@type\":\"ImageObject\",\"inLanguage\":\"fr-FR\",\"@id\":\"https:\/\/artisticswimming.ca\/fr\/evenements-et-resultats\/2019-canadian-championships-live\/#primaryimage\",\"url\":\"http:\/\/artisticswimming.ca\/wp-content\/uploads\/2019\/05\/viaSport-BCID-lockup-rgb-pos-1024x237.jpg\",\"contentUrl\":\"http:\/\/artisticswimming.ca\/wp-content\/uploads\/2019\/05\/viaSport-BCID-lockup-rgb-pos-1024x237.jpg\"},{\"@type\":\"BreadcrumbList\",\"@id\":\"https:\/\/artisticswimming.ca\/fr\/evenements-et-resultats\/2019-canadian-championships-live\/#breadcrumb\",\"itemListElement\":[{\"@type\":\"ListItem\",\"position\":1,\"name\":\"Home\",\"item\":\"https:\/\/artisticswimming.ca\/fr\/\"},{\"@type\":\"ListItem\",\"position\":2,\"name\":\"\u00c9V\u00c9NEMENTS ET R\u00c9SULTATS\",\"item\":\"https:\/\/artisticswimming.ca\/fr\/evenements-et-resultats\/\"},{\"@type\":\"ListItem\",\"position\":3,\"name\":\"CHAMPIONNATS CANADIENS 2019 EN DIRECT\"}]},{\"@type\":\"WebSite\",\"@id\":\"https:\/\/artisticswimming.ca\/fr\/#website\",\"url\":\"https:\/\/artisticswimming.ca\/fr\/\",\"name\":\"Natation Artistique Canada\",\"description\":\"\",\"potentialAction\":[{\"@type\":\"SearchAction\",\"target\":{\"@type\":\"EntryPoint\",\"urlTemplate\":\"https:\/\/artisticswimming.ca\/fr\/?s={search_term_string}\"},\"query-input\":{\"@type\":\"PropertyValueSpecification\",\"valueRequired\":true,\"valueName\":\"search_term_string\"}}],\"inLanguage\":\"fr-FR\"}]}<\/script>\n<!-- \/ Yoast SEO plugin. -->","yoast_head_json":{"title":"CHAMPIONNATS CANADIENS 2019 EN DIRECT - Natation Artistique Canada","robots":{"index":"index","follow":"follow","max-snippet":"max-snippet:-1","max-image-preview":"max-image-preview:large","max-video-preview":"max-video-preview:-1"},"canonical":"https:\/\/artisticswimming.ca\/fr\/evenements-et-resultats\/2019-canadian-championships-live\/","og_locale":"fr_FR","og_type":"article","og_title":"CHAMPIONNATS CANADIENS 2019 EN DIRECT - Natation Artistique Canada","og_url":"https:\/\/artisticswimming.ca\/fr\/evenements-et-resultats\/2019-canadian-championships-live\/","og_site_name":"Natation Artistique Canada","article_modified_time":"2019-05-06T13:06:23+00:00","og_image":[{"url":"http:\/\/artisticswimming.ca\/wp-content\/uploads\/2019\/05\/viaSport-BCID-lockup-rgb-pos-1024x237.jpg","type":"","width":"","height":""}],"twitter_card":"summary_large_image","twitter_misc":{"Dur\u00e9e de lecture estim\u00e9e":"2 minutes"},"schema":{"@context":"https:\/\/schema.org","@graph":[{"@type":"WebPage","@id":"https:\/\/artisticswimming.ca\/fr\/evenements-et-resultats\/2019-canadian-championships-live\/","url":"https:\/\/artisticswimming.ca\/fr\/evenements-et-resultats\/2019-canadian-championships-live\/","name":"CHAMPIONNATS CANADIENS 2019 EN DIRECT - Natation Artistique Canada","isPartOf":{"@id":"https:\/\/artisticswimming.ca\/fr\/#website"},"primaryImageOfPage":{"@id":"https:\/\/artisticswimming.ca\/fr\/evenements-et-resultats\/2019-canadian-championships-live\/#primaryimage"},"image":{"@id":"https:\/\/artisticswimming.ca\/fr\/evenements-et-resultats\/2019-canadian-championships-live\/#primaryimage"},"thumbnailUrl":"http:\/\/artisticswimming.ca\/wp-content\/uploads\/2019\/05\/viaSport-BCID-lockup-rgb-pos-1024x237.jpg","datePublished":"2019-04-23T18:19:23+00:00","dateModified":"2019-05-06T13:06:23+00:00","breadcrumb":{"@id":"https:\/\/artisticswimming.ca\/fr\/evenements-et-resultats\/2019-canadian-championships-live\/#breadcrumb"},"inLanguage":"fr-FR","potentialAction":[{"@type":"ReadAction","target":["https:\/\/artisticswimming.ca\/fr\/evenements-et-resultats\/2019-canadian-championships-live\/"]}]},{"@type":"ImageObject","inLanguage":"fr-FR","@id":"https:\/\/artisticswimming.ca\/fr\/evenements-et-resultats\/2019-canadian-championships-live\/#primaryimage","url":"http:\/\/artisticswimming.ca\/wp-content\/uploads\/2019\/05\/viaSport-BCID-lockup-rgb-pos-1024x237.jpg","contentUrl":"http:\/\/artisticswimming.ca\/wp-content\/uploads\/2019\/05\/viaSport-BCID-lockup-rgb-pos-1024x237.jpg"},{"@type":"BreadcrumbList","@id":"https:\/\/artisticswimming.ca\/fr\/evenements-et-resultats\/2019-canadian-championships-live\/#breadcrumb","itemListElement":[{"@type":"ListItem","position":1,"name":"Home","item":"https:\/\/artisticswimming.ca\/fr\/"},{"@type":"ListItem","position":2,"name":"\u00c9V\u00c9NEMENTS ET R\u00c9SULTATS","item":"https:\/\/artisticswimming.ca\/fr\/evenements-et-resultats\/"},{"@type":"ListItem","position":3,"name":"CHAMPIONNATS CANADIENS 2019 EN DIRECT"}]},{"@type":"WebSite","@id":"https:\/\/artisticswimming.ca\/fr\/#website","url":"https:\/\/artisticswimming.ca\/fr\/","name":"Natation Artistique Canada","description":"","potentialAction":[{"@type":"SearchAction","target":{"@type":"EntryPoint","urlTemplate":"https:\/\/artisticswimming.ca\/fr\/?s={search_term_string}"},"query-input":{"@type":"PropertyValueSpecification","valueRequired":true,"valueName":"search_term_string"}}],"inLanguage":"fr-FR"}]}},"_links":{"self":[{"href":"https:\/\/artisticswimming.ca\/fr\/wp-json\/wp\/v2\/pages\/6577","targetHints":{"allow":["GET"]}}],"collection":[{"href":"https:\/\/artisticswimming.ca\/fr\/wp-json\/wp\/v2\/pages"}],"about":[{"href":"https:\/\/artisticswimming.ca\/fr\/wp-json\/wp\/v2\/types\/page"}],"author":[{"embeddable":true,"href":"https:\/\/artisticswimming.ca\/fr\/wp-json\/wp\/v2\/users\/2"}],"replies":[{"embeddable":true,"href":"https:\/\/artisticswimming.ca\/fr\/wp-json\/wp\/v2\/comments?post=6577"}],"version-history":[{"count":0,"href":"https:\/\/artisticswimming.ca\/fr\/wp-json\/wp\/v2\/pages\/6577\/revisions"}],"up":[{"embeddable":true,"href":"https:\/\/artisticswimming.ca\/fr\/wp-json\/wp\/v2\/pages\/896"}],"wp:attachment":[{"href":"https:\/\/artisticswimming.ca\/fr\/wp-json\/wp\/v2\/media?parent=6577"}],"curies":[{"name":"wp","href":"https:\/\/api.w.org\/{rel}","templated":true}]}}