{"id":8310,"date":"2020-01-07T16:04:48","date_gmt":"2020-01-07T21:04:48","guid":{"rendered":"http:\/\/artisticswimming.ca\/allezaleau\/aquago-parents-teaching-canadian-kids-to-love-the-water\/"},"modified":"2020-01-16T14:15:07","modified_gmt":"2020-01-16T19:15:07","slug":"aquago-parents-teaching-canadian-kids-to-love-the-water","status":"publish","type":"page","link":"https:\/\/artisticswimming.ca\/fr\/allezaleau\/aquago-parents-teaching-canadian-kids-to-love-the-water\/","title":{"rendered":"ALLEZ \u00e0 l&rsquo;eau! &#8211; Parents"},"content":{"rendered":"<p><div class=\"fusion-fullwidth fullwidth-box fusion-builder-row-1 nonhundred-percent-fullwidth non-hundred-percent-height-scrolling\" style=\"--awb-border-radius-top-left:0px;--awb-border-radius-top-right:0px;--awb-border-radius-bottom-right:0px;--awb-border-radius-bottom-left:0px;--awb-flex-wrap:wrap;\" ><div class=\"fusion-builder-row fusion-row\"><div class=\"fusion-layout-column fusion_builder_column fusion-builder-column-0 fusion_builder_column_1_1 1_1 fusion-one-full fusion-column-first fusion-column-last\" style=\"--awb-bg-size:cover;\"><div class=\"fusion-column-wrapper fusion-column-has-shadow fusion-flex-column-wrapper-legacy\"><div class=\"fusion-content-boxes content-boxes columns row fusion-columns-1 fusion-columns-total-1 fusion-content-boxes-1 content-boxes-icon-with-title content-left\" style=\"--awb-backgroundcolor:#00ce7f;--awb-body-color:#ffffff;--awb-title-color:#000000;--awb-margin-bottom:0px;--awb-hover-accent-color:#000000;--awb-circle-hover-accent-color:#000000;--awb-item-margin-bottom:40px;\" data-animationOffset=\"top-into-view\"><div style=\"--awb-backgroundcolor:#00ce7f;\" class=\"fusion-column content-box-column content-box-column content-box-column-1 col-lg-12 col-md-12 col-sm-12 fusion-content-box-hover content-box-column-last content-box-column-last-in-row\"><div class=\"col content-box-wrapper content-wrapper-background link-area-box icon-hover-animation-fade\" data-animationOffset=\"top-into-view\"><div class=\"heading icon-left\"><h1 class=\"content-box-heading fusion-responsive-typography-calculated\" style=\"--h1_typography-font-size:30px;--fontSize:30;line-height:1.2;\">Natation Artistique Canada (NAC) croit que chaque enfant Canadien devrait aimer \u00eatre dans l'eau, que ce soit dans une piscine, un lac ou un de nos oc\u00e9ans. Apprendre aux jeunes \u00e0 aimer l'eau est l'objectif de son programme ALLEZ \u00e0 l\u2019eau!<\/h1><\/div><div class=\"fusion-clearfix\"><\/div><div class=\"content-container\">\n<h3 style=\"color: #ffffff; line-height: 1em;\">Tout comme les enfants apprennent \u00e0 lire en progressant \u00e0 travers une s\u00e9rie d&rsquo;habilet\u00e9s fondamentales, ALLEZ \u00e0 l\u2019eau! d\u00e9veloppe une &lsquo;alphab\u00e9tisation&rsquo; dans l&rsquo;eau. Il a \u00e9t\u00e9 sp\u00e9cialement con\u00e7u pour les enfants de 5 \u00e0 9 ans afin qu&rsquo;ils se sentent d&rsquo;abord \u00e0 l&rsquo;aise et aiment bouger dans l&rsquo;eau, puis, qu&rsquo;ils acqui\u00e8rent les habilit\u00e9s pour participer aux activit\u00e9s aquatiques toute leur vie.<\/h3>\n<\/div><\/div><\/div><div class=\"fusion-clearfix\"><\/div><\/div><div class=\"fusion-clearfix\"><\/div><\/div><\/div><\/div><\/div><div class=\"fusion-fullwidth fullwidth-box fusion-builder-row-2 nonhundred-percent-fullwidth non-hundred-percent-height-scrolling\" style=\"--awb-border-radius-top-left:0px;--awb-border-radius-top-right:0px;--awb-border-radius-bottom-right:0px;--awb-border-radius-bottom-left:0px;--awb-flex-wrap:wrap;\" ><div class=\"fusion-builder-row fusion-row\"><div class=\"fusion-layout-column fusion_builder_column fusion-builder-column-1 fusion_builder_column_1_1 1_1 fusion-one-full fusion-column-first fusion-column-last\" style=\"--awb-bg-size:cover;\"><div class=\"fusion-column-wrapper fusion-column-has-shadow fusion-flex-column-wrapper-legacy\"><div class=\"fusion-title title fusion-title-1 fusion-sep-none fusion-title-text fusion-title-size-one\" style=\"--awb-text-color:#00ce7f;--awb-margin-bottom:10px;\"><h1 class=\"fusion-title-heading title-heading-left fusion-responsive-typography-calculated\" style=\"margin:0;--fontSize:34;line-height:1.2;\">Essayez-le Canada!<\/h1><\/div><div class=\"fusion-text fusion-text-1\"><p>ALLEZ \u00e0 l\u2019eau! est un programme d&rsquo;envergure nationale, offert dans les clubs de NAC et les organismes affili\u00e9s licenci\u00e9s partout au pays. Peu importe o\u00f9 vous vivez, ou si vous d\u00e9m\u00e9nagez d&rsquo;une ville \u00e0 l&rsquo;autre, vous pouvez trouver les m\u00eames habilit\u00e9s qui sont enseign\u00e9es dans <a href=\"https:\/\/artisticswimming.ca\/fr\/i-love-synchro\/clubs\/\" target=\"_blank\" rel=\"noopener noreferrer\">un club de NAC<\/a>.<\/p>\n<p>Votre enfant trouvera un environnement inclusif, s\u00e9curitaire et accueillant dans les clubs de NAC. Cela commence par s&rsquo;amuser \u00e0 l&rsquo;ext\u00e9rieur et \u00e0 l&rsquo;int\u00e9rieur de la piscine. Ils apprendront les habilet\u00e9s de base importantes ci-dessous qui sont tr\u00e8s utiles pour les loisirs aquatiques, mais qui mettent aussi en place les bases de tout sport aquatique qu&rsquo;ils pourraient choisir de pratiquer :<\/p>\n<\/div><ul style=\"--awb-line-height:23.8px;--awb-icon-width:23.8px;--awb-icon-height:23.8px;--awb-icon-margin:9.8px;--awb-content-margin:33.6px;--awb-circlecolor:#ffd141;--awb-circle-yes-font-size:12.32px;\" class=\"fusion-checklist fusion-checklist-1 fusion-checklist-default type-icons\"><li class=\"fusion-li-item\" style=\"\"><span class=\"icon-wrapper circle-yes\"><i class=\"fusion-li-icon awb-icon-check\" aria-hidden=\"true\"><\/i><\/span><div class=\"fusion-li-item-content\">\n<p>Flotter et respirer<\/p>\n<\/div><\/li><li class=\"fusion-li-item\" style=\"\"><span class=\"icon-wrapper circle-yes\"><i class=\"fusion-li-icon awb-icon-check\" aria-hidden=\"true\"><\/i><\/span><div class=\"fusion-li-item-content\">\n<p>Entr\u00e9es d&rsquo;eau<\/p>\n<\/div><\/li><li class=\"fusion-li-item\" style=\"\"><span class=\"icon-wrapper circle-yes\"><i class=\"fusion-li-icon awb-icon-check\" aria-hidden=\"true\"><\/i><\/span><div class=\"fusion-li-item-content\">\n<p>D\u00e9placements et battements de jambes<\/p>\n<\/div><\/li><li class=\"fusion-li-item\" style=\"\"><span class=\"icon-wrapper circle-yes\"><i class=\"fusion-li-icon awb-icon-check\" aria-hidden=\"true\"><\/i><\/span><div class=\"fusion-li-item-content\">\n<p>Godille<\/p>\n<\/div><\/li><li class=\"fusion-li-item\" style=\"\"><span class=\"icon-wrapper circle-yes\"><i class=\"fusion-li-icon awb-icon-check\" aria-hidden=\"true\"><\/i><\/span><div class=\"fusion-li-item-content\">\n<p>Positions du corps et conscience de l&rsquo;eau<\/p>\n<\/div><\/li><li class=\"fusion-li-item\" style=\"\"><span class=\"icon-wrapper circle-yes\"><i class=\"fusion-li-icon awb-icon-check\" aria-hidden=\"true\"><\/i><\/span><div class=\"fusion-li-item-content\">\n<p>Agilit\u00e9, \u00e9quilibre et coordination<\/p>\n<\/div><\/li><li class=\"fusion-li-item\" style=\"\"><span class=\"icon-wrapper circle-yes\"><i class=\"fusion-li-icon awb-icon-check\" aria-hidden=\"true\"><\/i><\/span><div class=\"fusion-li-item-content\">\n<p>Force et flexibilit\u00e9<\/p>\n<\/div><\/li><\/ul><div class=\"fusion-sep-clear\"><\/div><div class=\"fusion-separator fusion-full-width-sep\" style=\"margin-left: auto;margin-right: auto;margin-top:15px;width:100%;\"><\/div><div class=\"fusion-sep-clear\"><\/div><div class=\"fusion-text fusion-text-2\"><p>ALLEZ \u00e0 l\u2019eau! est enseign\u00e9 dans le cadre d\u2019un cours de groupe par des instructeurs certifi\u00e9s de NAC, avec des assistants de programme qui offrent aux participants un plus grand sentiment de s\u00e9curit\u00e9, motivation, enthousiasme et soutien.<\/p>\n<p>Les enfants se d\u00e9placent vers diff\u00e9rentes stations o\u00f9 ils apprennent par le biais de jeux, en utilisant de la musique et de l&rsquo;\u00e9quipement dans un environnement divertissant et actif. Pour les garder engag\u00e9s et motiv\u00e9s, ALLEZ \u00e0 l\u2019eau! a pr\u00e9vu des prix et des incitatifs pour encourager les enfants dans leur progression. Ils recevront \u00e9galement une r\u00e9troaction positive continue de la part de leurs instructeurs, qu&rsquo;elle soit collective ou individuelle.<\/p>\n<p>Lors de votre premi\u00e8re s\u00e9ance ALLEZ \u00e0 l\u2019eau!, vous verrez une piscine anim\u00e9e et active avec des enfants qui apprennent tout en s&rsquo;amusant et qui deviennent de plus en plus \u00e0 l&rsquo;aise dans l&rsquo;eau.<\/p>\n<\/div><div class=\"fusion-clearfix\"><\/div><\/div><\/div><\/div><\/div><div class=\"fusion-fullwidth fullwidth-box fusion-builder-row-3 nonhundred-percent-fullwidth non-hundred-percent-height-scrolling\" style=\"--awb-border-radius-top-left:0px;--awb-border-radius-top-right:0px;--awb-border-radius-bottom-right:0px;--awb-border-radius-bottom-left:0px;--awb-flex-wrap:wrap;\" ><div class=\"fusion-builder-row fusion-row\"><div class=\"fusion-layout-column fusion_builder_column fusion-builder-column-2 fusion_builder_column_1_1 1_1 fusion-one-full fusion-column-first fusion-column-last\" style=\"--awb-bg-size:cover;\"><div class=\"fusion-column-wrapper fusion-column-has-shadow fusion-flex-column-wrapper-legacy\"><div class=\"fusion-title title fusion-title-2 fusion-sep-none fusion-title-text fusion-title-size-one\" style=\"--awb-text-color:#00ce7f;--awb-margin-bottom:10px;\"><h1 class=\"fusion-title-heading title-heading-left fusion-responsive-typography-calculated\" style=\"margin:0;--fontSize:34;line-height:1.2;\">Un enfant actif est un enfant en bonne sant\u00e9!<\/h1><\/div><div class=\"fusion-text fusion-text-3\"><p>Des \u00e9tudes d\u00e9montrent que les enfants Canadiens sont de plus en plus inactifs, ce qui entra\u00eene souvent des probl\u00e8mes de sant\u00e9 \u00e0 mesure qu&rsquo;ils vieillissent. ALLEZ \u00e0 l\u2019eau! offre une exp\u00e9rience positive dans l&rsquo;eau et d\u00e9veloppe les connaissances et la confiance n\u00e9cessaires pour \u00eatre pleinement actif physiquement toute sa vie.<\/p>\n<\/div><div class=\"fusion-clearfix\"><\/div><\/div><\/div><\/div><\/div><div class=\"fusion-fullwidth fullwidth-box fusion-builder-row-4 nonhundred-percent-fullwidth non-hundred-percent-height-scrolling\" style=\"--awb-border-radius-top-left:0px;--awb-border-radius-top-right:0px;--awb-border-radius-bottom-right:0px;--awb-border-radius-bottom-left:0px;--awb-flex-wrap:wrap;\" ><div class=\"fusion-builder-row fusion-row\"><div class=\"fusion-layout-column fusion_builder_column fusion-builder-column-3 fusion_builder_column_1_1 1_1 fusion-one-full fusion-column-first fusion-column-last\" style=\"--awb-bg-size:cover;\"><div class=\"fusion-column-wrapper fusion-column-has-shadow fusion-flex-column-wrapper-legacy\"><div class=\"fusion-title title fusion-title-3 fusion-sep-none fusion-title-text fusion-title-size-one\" style=\"--awb-text-color:#00ce7f;--awb-margin-bottom:10px;\"><h1 class=\"fusion-title-heading title-heading-left fusion-responsive-typography-calculated\" style=\"margin:0;--fontSize:34;line-height:1.2;\">Que fait-on apr\u00e8s ALLEZ \u00e0 l\u2019eau! ?<\/h1><\/div><div class=\"fusion-text fusion-text-4\"><p>Apr\u00e8s avoir termin\u00e9 le programme ALLEZ \u00e0 l\u2019eau!, les enfants auront les habilet\u00e9s n\u00e9cessaires pour se pr\u00e9parer \u00e0 de nombreuses autres activit\u00e9s, y compris la pratique de la natation artistique comme passion, tant au niveau r\u00e9cr\u00e9atif que comp\u00e9titif, ou pour trouver une nouvelle direction dans un autre sport &#8211; du water-polo au triathlon en passant par l&rsquo;aviron. Tous les participants apprennent \u00e0 int\u00e9grer l&rsquo;activit\u00e9 physique \u00e0 leur mode de vie, quelle que soit la direction qu&rsquo;ils prennent. Et tous d\u00e9veloppent des habilet\u00e9s pour AIMER \u00eatre dans l&rsquo;eau!<\/p>\n<\/div><div class=\"fusion-clearfix\"><\/div><\/div><\/div><\/div><\/div><\/p>\n","protected":false},"excerpt":{"rendered":"","protected":false},"author":2,"featured_media":0,"parent":6215,"menu_order":1,"comment_status":"closed","ping_status":"closed","template":"","meta":{"_acf_changed":false,"footnotes":""},"class_list":["post-8310","page","type-page","status-publish","hentry"],"acf":[],"yoast_head":"<!-- This site is optimized with the Yoast SEO plugin v27.2 - https:\/\/yoast.com\/product\/yoast-seo-wordpress\/ -->\n<title>ALLEZ \u00e0 l&#039;eau! - Parents - Natation Artistique Canada<\/title>\n<meta name=\"robots\" content=\"index, follow, max-snippet:-1, max-image-preview:large, max-video-preview:-1\" \/>\n<link rel=\"canonical\" href=\"https:\/\/artisticswimming.ca\/fr\/allezaleau\/aquago-parents-teaching-canadian-kids-to-love-the-water\/\" \/>\n<meta property=\"og:locale\" content=\"fr_FR\" \/>\n<meta property=\"og:type\" content=\"article\" \/>\n<meta property=\"og:title\" content=\"ALLEZ \u00e0 l&#039;eau! - Parents - Natation Artistique Canada\" \/>\n<meta property=\"og:url\" content=\"https:\/\/artisticswimming.ca\/fr\/allezaleau\/aquago-parents-teaching-canadian-kids-to-love-the-water\/\" \/>\n<meta property=\"og:site_name\" content=\"Natation Artistique Canada\" \/>\n<meta property=\"article:modified_time\" content=\"2020-01-16T19:15:07+00:00\" \/>\n<meta name=\"twitter:card\" content=\"summary_large_image\" \/>\n<meta name=\"twitter:label1\" content=\"Dur\u00e9e de lecture estim\u00e9e\" \/>\n\t<meta name=\"twitter:data1\" content=\"9 minutes\" \/>\n<script type=\"application\/ld+json\" class=\"yoast-schema-graph\">{\"@context\":\"https:\/\/schema.org\",\"@graph\":[{\"@type\":\"WebPage\",\"@id\":\"https:\/\/artisticswimming.ca\/fr\/allezaleau\/aquago-parents-teaching-canadian-kids-to-love-the-water\/\",\"url\":\"https:\/\/artisticswimming.ca\/fr\/allezaleau\/aquago-parents-teaching-canadian-kids-to-love-the-water\/\",\"name\":\"ALLEZ \u00e0 l'eau! - Parents - Natation Artistique Canada\",\"isPartOf\":{\"@id\":\"https:\/\/artisticswimming.ca\/fr\/#website\"},\"datePublished\":\"2020-01-07T21:04:48+00:00\",\"dateModified\":\"2020-01-16T19:15:07+00:00\",\"breadcrumb\":{\"@id\":\"https:\/\/artisticswimming.ca\/fr\/allezaleau\/aquago-parents-teaching-canadian-kids-to-love-the-water\/#breadcrumb\"},\"inLanguage\":\"fr-FR\",\"potentialAction\":[{\"@type\":\"ReadAction\",\"target\":[\"https:\/\/artisticswimming.ca\/fr\/allezaleau\/aquago-parents-teaching-canadian-kids-to-love-the-water\/\"]}]},{\"@type\":\"BreadcrumbList\",\"@id\":\"https:\/\/artisticswimming.ca\/fr\/allezaleau\/aquago-parents-teaching-canadian-kids-to-love-the-water\/#breadcrumb\",\"itemListElement\":[{\"@type\":\"ListItem\",\"position\":1,\"name\":\"Home\",\"item\":\"https:\/\/artisticswimming.ca\/fr\/\"},{\"@type\":\"ListItem\",\"position\":2,\"name\":\"ALLEZ \u00e0 l&#8217;eau!\",\"item\":\"https:\/\/artisticswimming.ca\/fr\/allezaleau\/\"},{\"@type\":\"ListItem\",\"position\":3,\"name\":\"ALLEZ \u00e0 l&#8217;eau! &#8211; Parents\"}]},{\"@type\":\"WebSite\",\"@id\":\"https:\/\/artisticswimming.ca\/fr\/#website\",\"url\":\"https:\/\/artisticswimming.ca\/fr\/\",\"name\":\"Natation Artistique Canada\",\"description\":\"\",\"potentialAction\":[{\"@type\":\"SearchAction\",\"target\":{\"@type\":\"EntryPoint\",\"urlTemplate\":\"https:\/\/artisticswimming.ca\/fr\/?s={search_term_string}\"},\"query-input\":{\"@type\":\"PropertyValueSpecification\",\"valueRequired\":true,\"valueName\":\"search_term_string\"}}],\"inLanguage\":\"fr-FR\"}]}<\/script>\n<!-- \/ Yoast SEO plugin. -->","yoast_head_json":{"title":"ALLEZ \u00e0 l'eau! - Parents - Natation Artistique Canada","robots":{"index":"index","follow":"follow","max-snippet":"max-snippet:-1","max-image-preview":"max-image-preview:large","max-video-preview":"max-video-preview:-1"},"canonical":"https:\/\/artisticswimming.ca\/fr\/allezaleau\/aquago-parents-teaching-canadian-kids-to-love-the-water\/","og_locale":"fr_FR","og_type":"article","og_title":"ALLEZ \u00e0 l'eau! - Parents - Natation Artistique Canada","og_url":"https:\/\/artisticswimming.ca\/fr\/allezaleau\/aquago-parents-teaching-canadian-kids-to-love-the-water\/","og_site_name":"Natation Artistique Canada","article_modified_time":"2020-01-16T19:15:07+00:00","twitter_card":"summary_large_image","twitter_misc":{"Dur\u00e9e de lecture estim\u00e9e":"9 minutes"},"schema":{"@context":"https:\/\/schema.org","@graph":[{"@type":"WebPage","@id":"https:\/\/artisticswimming.ca\/fr\/allezaleau\/aquago-parents-teaching-canadian-kids-to-love-the-water\/","url":"https:\/\/artisticswimming.ca\/fr\/allezaleau\/aquago-parents-teaching-canadian-kids-to-love-the-water\/","name":"ALLEZ \u00e0 l'eau! - Parents - Natation Artistique Canada","isPartOf":{"@id":"https:\/\/artisticswimming.ca\/fr\/#website"},"datePublished":"2020-01-07T21:04:48+00:00","dateModified":"2020-01-16T19:15:07+00:00","breadcrumb":{"@id":"https:\/\/artisticswimming.ca\/fr\/allezaleau\/aquago-parents-teaching-canadian-kids-to-love-the-water\/#breadcrumb"},"inLanguage":"fr-FR","potentialAction":[{"@type":"ReadAction","target":["https:\/\/artisticswimming.ca\/fr\/allezaleau\/aquago-parents-teaching-canadian-kids-to-love-the-water\/"]}]},{"@type":"BreadcrumbList","@id":"https:\/\/artisticswimming.ca\/fr\/allezaleau\/aquago-parents-teaching-canadian-kids-to-love-the-water\/#breadcrumb","itemListElement":[{"@type":"ListItem","position":1,"name":"Home","item":"https:\/\/artisticswimming.ca\/fr\/"},{"@type":"ListItem","position":2,"name":"ALLEZ \u00e0 l&#8217;eau!","item":"https:\/\/artisticswimming.ca\/fr\/allezaleau\/"},{"@type":"ListItem","position":3,"name":"ALLEZ \u00e0 l&#8217;eau! &#8211; Parents"}]},{"@type":"WebSite","@id":"https:\/\/artisticswimming.ca\/fr\/#website","url":"https:\/\/artisticswimming.ca\/fr\/","name":"Natation Artistique Canada","description":"","potentialAction":[{"@type":"SearchAction","target":{"@type":"EntryPoint","urlTemplate":"https:\/\/artisticswimming.ca\/fr\/?s={search_term_string}"},"query-input":{"@type":"PropertyValueSpecification","valueRequired":true,"valueName":"search_term_string"}}],"inLanguage":"fr-FR"}]}},"_links":{"self":[{"href":"https:\/\/artisticswimming.ca\/fr\/wp-json\/wp\/v2\/pages\/8310","targetHints":{"allow":["GET"]}}],"collection":[{"href":"https:\/\/artisticswimming.ca\/fr\/wp-json\/wp\/v2\/pages"}],"about":[{"href":"https:\/\/artisticswimming.ca\/fr\/wp-json\/wp\/v2\/types\/page"}],"author":[{"embeddable":true,"href":"https:\/\/artisticswimming.ca\/fr\/wp-json\/wp\/v2\/users\/2"}],"replies":[{"embeddable":true,"href":"https:\/\/artisticswimming.ca\/fr\/wp-json\/wp\/v2\/comments?post=8310"}],"version-history":[{"count":0,"href":"https:\/\/artisticswimming.ca\/fr\/wp-json\/wp\/v2\/pages\/8310\/revisions"}],"up":[{"embeddable":true,"href":"https:\/\/artisticswimming.ca\/fr\/wp-json\/wp\/v2\/pages\/6215"}],"wp:attachment":[{"href":"https:\/\/artisticswimming.ca\/fr\/wp-json\/wp\/v2\/media?parent=8310"}],"curies":[{"name":"wp","href":"https:\/\/api.w.org\/{rel}","templated":true}]}}