{"id":8312,"date":"2020-01-07T17:09:26","date_gmt":"2020-01-07T22:09:26","guid":{"rendered":"http:\/\/artisticswimming.ca\/allezaleau\/aquago-community-programmers-swimming-is-only-the-beginning\/"},"modified":"2020-12-01T11:59:16","modified_gmt":"2020-12-01T16:59:16","slug":"aquago-community-programmers-swimming-is-only-the-beginning","status":"publish","type":"page","link":"https:\/\/artisticswimming.ca\/fr\/allezaleau\/aquago-community-programmers-swimming-is-only-the-beginning\/","title":{"rendered":"ALLEZ \u00e0 l\u2019eau! &#8211; Programmeurs communautaires"},"content":{"rendered":"<div class=\"fusion-fullwidth fullwidth-box fusion-builder-row-1 nonhundred-percent-fullwidth non-hundred-percent-height-scrolling\" style=\"--awb-border-radius-top-left:0px;--awb-border-radius-top-right:0px;--awb-border-radius-bottom-right:0px;--awb-border-radius-bottom-left:0px;--awb-flex-wrap:wrap;\" ><div class=\"fusion-builder-row fusion-row\"><div class=\"fusion-layout-column fusion_builder_column fusion-builder-column-0 fusion_builder_column_1_1 1_1 fusion-one-full fusion-column-first fusion-column-last\" style=\"--awb-bg-size:cover;\"><div class=\"fusion-column-wrapper fusion-column-has-shadow fusion-flex-column-wrapper-legacy\"><div class=\"fusion-content-boxes content-boxes columns row fusion-columns-1 fusion-columns-total-1 fusion-content-boxes-1 content-boxes-icon-with-title content-left\" style=\"--awb-backgroundcolor:#ff8140;--awb-body-color:#000000;--awb-title-color:#ffffff;--awb-margin-bottom:0px;--awb-hover-accent-color:#ffffff;--awb-circle-hover-accent-color:#ffffff;--awb-item-margin-bottom:40px;\" data-animationOffset=\"top-into-view\"><div style=\"--awb-backgroundcolor:#ff8140;\" class=\"fusion-column content-box-column content-box-column content-box-column-1 col-lg-12 col-md-12 col-sm-12 fusion-content-box-hover content-box-column-last content-box-column-last-in-row\"><div class=\"col content-box-wrapper content-wrapper-background link-area-box icon-hover-animation-fade\" data-animationOffset=\"top-into-view\"><div class=\"heading icon-left\"><h1 class=\"content-box-heading fusion-responsive-typography-calculated\" style=\"--h1_typography-font-size:30px;--fontSize:30;line-height:1.2;\">La mise en \u0153uvre communautaire\/municipale d\u00e9bute au printemps 2021!<\/h1><\/div><div class=\"fusion-clearfix\"><\/div><div class=\"content-container\">\n<h3><strong>Les communaut\u00e9s\/municipalit\u00e9s int\u00e9ress\u00e9es doivent contacter leurs associations provinciales de natation artistique<\/strong><\/h3>\n<\/div><\/div><\/div><div class=\"fusion-clearfix\"><\/div><\/div><div class=\"fusion-text fusion-text-1\"><h2 style=\"color: #7f39b2;\">ALLEZ \u00e0 l&rsquo;eau ! est un programme innovateur de la litt\u00e9ratie aquatique et physique pour les participants \u00e2g\u00e9s de 5 \u00e0 9 ans.<\/h2>\n<\/div><div class=\"fusion-title title fusion-title-1 fusion-sep-none fusion-title-text fusion-title-size-one\" style=\"--awb-text-color:#ff8140;--awb-margin-top:20px;--awb-margin-bottom:5px;\"><h1 class=\"fusion-title-heading title-heading-left fusion-responsive-typography-calculated\" style=\"margin:0;--fontSize:34;line-height:1.2;\">ALLEZ \u00e0 l\u2019eau! est . . .<\/h1><\/div><div class=\"fusion-flip-boxes flip-boxes row fusion-columns-3 flip-effect-3d equal-heights\" style=\"--awb-flip-duration:0.4s;\"><div class=\"fusion-flip-box-wrapper fusion-column col-lg-4 col-md-4 col-sm-4\"><div class=\"fusion-flip-box flip-right\" tabindex=\"0\"><div class=\"flip-box-inner-wrapper\"><div class=\"flip-box-front\" style=\"--awb-title-front-color:#7f39b2;\"><div class=\"flip-box-front-inner\"><h2 class=\"flip-box-heading without-text\">AMUSANT<\/h2><\/div><\/div><div class=\"flip-box-back\" style=\"--awb-background-color-back:#7f39b2;\"><div class=\"flip-box-back-inner\">\n<p>Fondements aquatiques, avec un accent sur le plaisir!<\/p>\n<\/div><\/div><\/div><\/div><\/div><div class=\"fusion-flip-box-wrapper fusion-column col-lg-4 col-md-4 col-sm-4\"><div class=\"fusion-flip-box flip-right\" tabindex=\"0\"><div class=\"flip-box-inner-wrapper\"><div class=\"flip-box-front\" style=\"--awb-title-front-color:#7f39b2;\"><div class=\"flip-box-front-inner\"><h2 class=\"flip-box-heading without-text\">INSPIRANT<\/h2><\/div><\/div><div class=\"flip-box-back\" style=\"--awb-background-color-back:#7f39b2;\"><div class=\"flip-box-back-inner\">\n<p>Nous aimons l&rsquo;eau. Nous aimons le sport. Nous aimerions aussi vous montrer comment faire.<\/p>\n<\/div><\/div><\/div><\/div><\/div><div class=\"fusion-flip-box-wrapper fusion-column col-lg-4 col-md-4 col-sm-4\"><div class=\"fusion-flip-box flip-right\" tabindex=\"0\"><div class=\"flip-box-inner-wrapper\"><div class=\"flip-box-front\" style=\"--awb-title-front-color:#7f39b2;\"><div class=\"flip-box-front-inner\"><h2 class=\"flip-box-heading without-text\">EXCITANT<\/h2><\/div><\/div><div class=\"flip-box-back\" style=\"--awb-background-color-back:#7f39b2;\"><div class=\"flip-box-back-inner\">\n<p>Pr\u00e9parez-vous \u00e0 vous impressioner vous-m\u00eames!<\/p>\n<\/div><\/div><\/div><\/div><\/div><div class=\"fusion-flip-box-wrapper fusion-column col-lg-4 col-md-4 col-sm-4\"><div class=\"fusion-flip-box flip-right\" tabindex=\"0\"><div class=\"flip-box-inner-wrapper\"><div class=\"flip-box-front\" style=\"--awb-title-front-color:#7f39b2;\"><div class=\"flip-box-front-inner\"><h2 class=\"flip-box-heading without-text\">ACCUEILLANT<\/h2><\/div><\/div><div class=\"flip-box-back\" style=\"--awb-background-color-back:#7f39b2;\"><div class=\"flip-box-back-inner\">\n<p>Vous voulez vous mouiller les pieds ? Sautez dans l&rsquo;eau ! Ou faites des pas si vous voulez.<\/p>\n<\/div><\/div><\/div><\/div><\/div><div class=\"fusion-flip-box-wrapper fusion-column col-lg-4 col-md-4 col-sm-4\"><div class=\"fusion-flip-box flip-right\" tabindex=\"0\"><div class=\"flip-box-inner-wrapper\"><div class=\"flip-box-front\" style=\"--awb-title-front-color:#7f39b2;\"><div class=\"flip-box-front-inner\"><h2 class=\"flip-box-heading without-text\">ENCOURAGEANT<\/h2><\/div><\/div><div class=\"flip-box-back\" style=\"--awb-background-color-back:#7f39b2;\"><div class=\"flip-box-back-inner\">\n<p>La natation est seulement le commencement<\/p>\n<\/div><\/div><\/div><\/div><\/div><\/div><div class=\"clearfix\"><\/div><div class=\"fusion-title title fusion-title-2 fusion-sep-none fusion-title-text fusion-title-size-one\" style=\"--awb-text-color:#ff8140;--awb-margin-top:20px;--awb-margin-bottom:10px;\"><h1 class=\"fusion-title-heading title-heading-left fusion-responsive-typography-calculated\" style=\"margin:0;--fontSize:34;line-height:1.2;\"><strong>Objectifs du programme ALLEZ \u00e0 l\u2019eau!<\/strong><\/h1><\/div><ul style=\"--awb-line-height:23.8px;--awb-icon-width:23.8px;--awb-icon-height:23.8px;--awb-icon-margin:9.8px;--awb-content-margin:33.6px;--awb-circlecolor:#7f39b2;--awb-circle-yes-font-size:12.32px;\" class=\"fusion-checklist fusion-checklist-1 fusion-checklist-default type-icons\"><li class=\"fusion-li-item\" style=\"\"><span class=\"icon-wrapper circle-yes\"><i class=\"fusion-li-icon awb-icon-check\" aria-hidden=\"true\"><\/i><\/span><div class=\"fusion-li-item-content\">\n<p>Offrir aux participants et aux familles une premi\u00e8re exp\u00e9rience s\u00e9curitaire, accueillante et inclusive dans le sport de la natation artistique.<\/p>\n<\/div><\/li><li class=\"fusion-li-item\" style=\"\"><span class=\"icon-wrapper circle-yes\"><i class=\"fusion-li-icon awb-icon-check\" aria-hidden=\"true\"><\/i><\/span><div class=\"fusion-li-item-content\">\n<p>Donner aux participants l\u2019occasion d\u2019apprendre par l\u2019exploration et de d\u00e9velopper progressivement des habilet\u00e9s \u00e0 travers les phases d\u2019apprentissage de l\u2019introduction, du d\u00e9veloppement, du regroupement et d\u2019accomplissement.<\/p>\n<\/div><\/li><li class=\"fusion-li-item\" style=\"\"><span class=\"icon-wrapper circle-yes\"><i class=\"fusion-li-icon awb-icon-check\" aria-hidden=\"true\"><\/i><\/span><div class=\"fusion-li-item-content\">\n<p>Se concentrer sur les quatre piliers du programme, habilet\u00e9s fondamentales en natation, les habilet\u00e9s en natation artistique, les capacit\u00e9s sportives et la flexibilit\u00e9, afin de se pr\u00e9parer au potentiel de succ\u00e8s dans la natation artistique.<\/p>\n<\/div><\/li><li class=\"fusion-li-item\" style=\"\"><span class=\"icon-wrapper circle-yes\"><i class=\"fusion-li-icon awb-icon-check\" aria-hidden=\"true\"><\/i><\/span><div class=\"fusion-li-item-content\">\n<p>Favoriser l&rsquo;accomplissement personnel et la satisfaction par l&rsquo;acquisition d\u2019habilet\u00e9s, les r\u00e9compenses et la reconnaissance.<\/p>\n<\/div><\/li><li class=\"fusion-li-item\" style=\"\"><span class=\"icon-wrapper circle-yes\"><i class=\"fusion-li-icon awb-icon-check\" aria-hidden=\"true\"><\/i><\/span><div class=\"fusion-li-item-content\">\n<p>Inspirer un amour de l&rsquo;eau et un int\u00e9r\u00eat pour la participation \u00e0 vie \u00e0 la natation artistique et \u00e0 d&rsquo;autres activit\u00e9s aquatiques.<\/p>\n<\/div><\/li><\/ul><div class=\"fusion-sep-clear\"><\/div><div class=\"fusion-separator fusion-full-width-sep\" style=\"margin-left: auto;margin-right: auto;margin-top:15px;width:100%;\"><\/div><div class=\"fusion-sep-clear\"><\/div><div class=\"fusion-text fusion-text-2\"><p>Le programme ALLEZ \u00e0 l\u2019eau! est bas\u00e9 sur une structure \u00e0 quatre piliers et est mise en \u0153uvre via une progression \u00e0 6 niveaux :<\/p>\n<\/div><div class=\"fusion-clearfix\"><\/div><\/div><\/div><div class=\"fusion-layout-column fusion_builder_column fusion-builder-column-1 fusion_builder_column_1_2 1_2 fusion-one-half fusion-column-first\" style=\"--awb-bg-size:cover;width:50%;width:calc(50% - ( ( 4% ) * 0.5 ) );margin-right: 4%;\"><div class=\"fusion-column-wrapper fusion-column-has-shadow fusion-flex-column-wrapper-legacy\"><div class=\"fusion-image-element fusion-image-align-center in-legacy-container\" style=\"text-align:center;--awb-caption-title-font-family:var(--h2_typography-font-family);--awb-caption-title-font-weight:var(--h2_typography-font-weight);--awb-caption-title-font-style:var(--h2_typography-font-style);--awb-caption-title-size:var(--h2_typography-font-size);--awb-caption-title-transform:var(--h2_typography-text-transform);--awb-caption-title-line-height:var(--h2_typography-line-height);--awb-caption-title-letter-spacing:var(--h2_typography-letter-spacing);\"><div class=\"imageframe-align-center\"><span class=\" fusion-imageframe imageframe-none imageframe-1 hover-type-zoomin\"><img decoding=\"async\" width=\"300\" height=\"236\" title=\"Progress Chart FR\" src=\"http:\/\/artisticswimming.ca\/wp-content\/uploads\/2020\/01\/Progress-Chart-FR-300x236.png\" alt class=\"img-responsive wp-image-8305\" srcset=\"https:\/\/artisticswimming.ca\/wp-content\/uploads\/2020\/01\/Progress-Chart-FR-200x157.png 200w, https:\/\/artisticswimming.ca\/wp-content\/uploads\/2020\/01\/Progress-Chart-FR-400x315.png 400w, https:\/\/artisticswimming.ca\/wp-content\/uploads\/2020\/01\/Progress-Chart-FR-600x472.png 600w, https:\/\/artisticswimming.ca\/wp-content\/uploads\/2020\/01\/Progress-Chart-FR-800x630.png 800w, https:\/\/artisticswimming.ca\/wp-content\/uploads\/2020\/01\/Progress-Chart-FR.png 1100w\" sizes=\"(max-width: 1060px) 100vw, 600px\" \/><\/span><\/div><\/div><div class=\"fusion-clearfix\"><\/div><\/div><\/div><div class=\"fusion-layout-column fusion_builder_column fusion-builder-column-2 fusion_builder_column_1_2 1_2 fusion-one-half fusion-column-last\" style=\"--awb-bg-size:cover;width:50%;width:calc(50% - ( ( 4% ) * 0.5 ) );\"><div class=\"fusion-column-wrapper fusion-column-has-shadow fusion-flex-column-wrapper-legacy\"><div class=\"fusion-image-element fusion-image-align-center in-legacy-container\" style=\"text-align:center;--awb-caption-title-font-family:var(--h2_typography-font-family);--awb-caption-title-font-weight:var(--h2_typography-font-weight);--awb-caption-title-font-style:var(--h2_typography-font-style);--awb-caption-title-size:var(--h2_typography-font-size);--awb-caption-title-transform:var(--h2_typography-text-transform);--awb-caption-title-line-height:var(--h2_typography-line-height);--awb-caption-title-letter-spacing:var(--h2_typography-letter-spacing);\"><div class=\"imageframe-align-center\"><span class=\" fusion-imageframe imageframe-none imageframe-2 hover-type-zoomin\"><img decoding=\"async\" width=\"300\" height=\"181\" title=\"Sticker Chart FR\" src=\"http:\/\/artisticswimming.ca\/wp-content\/uploads\/2020\/01\/Sticker-Chart-FR-300x181.png\" alt class=\"img-responsive wp-image-8307\" srcset=\"https:\/\/artisticswimming.ca\/wp-content\/uploads\/2020\/01\/Sticker-Chart-FR-200x121.png 200w, https:\/\/artisticswimming.ca\/wp-content\/uploads\/2020\/01\/Sticker-Chart-FR-400x241.png 400w, https:\/\/artisticswimming.ca\/wp-content\/uploads\/2020\/01\/Sticker-Chart-FR-600x362.png 600w, https:\/\/artisticswimming.ca\/wp-content\/uploads\/2020\/01\/Sticker-Chart-FR-800x482.png 800w, https:\/\/artisticswimming.ca\/wp-content\/uploads\/2020\/01\/Sticker-Chart-FR-1200x723.png 1200w, https:\/\/artisticswimming.ca\/wp-content\/uploads\/2020\/01\/Sticker-Chart-FR.png 1432w\" sizes=\"(max-width: 1060px) 100vw, 600px\" \/><\/span><\/div><\/div><div class=\"fusion-clearfix\"><\/div><\/div><\/div><div class=\"fusion-layout-column fusion_builder_column fusion-builder-column-3 fusion_builder_column_1_1 1_1 fusion-one-full fusion-column-first fusion-column-last\" style=\"--awb-bg-size:cover;\"><div class=\"fusion-column-wrapper fusion-column-has-shadow fusion-flex-column-wrapper-legacy\"><div class=\"fusion-sep-clear\"><\/div><div class=\"fusion-separator fusion-full-width-sep\" style=\"margin-left: auto;margin-right: auto;margin-top:15px;width:100%;\"><\/div><div class=\"fusion-sep-clear\"><\/div><div class=\"fusion-title title fusion-title-3 fusion-sep-none fusion-title-text fusion-title-size-one\" style=\"--awb-text-color:#ff8140;--awb-margin-top:10px;--awb-margin-bottom:10px;\"><h1 class=\"fusion-title-heading title-heading-left fusion-responsive-typography-calculated\" style=\"margin:0;--fontSize:34;line-height:1.2;\">Formation d\u2019instructeur ALLEZ \u00e0 l\u2019eau!<\/h1><\/div><div class=\"fusion-text fusion-text-3\"><ul>\n<li>Cours pour instructeurs d\u00e9butants du PNCE mis en \u0153uvre pour le cheminement des entra\u00eeneurs de natation artistique<\/li>\n<li>Un programme modifi\u00e9 de formation des instructeurs ALLEZ \u00e0 l&rsquo;eau ! est en cours d&rsquo;\u00e9laboration \u00e0 l&rsquo;intention des instructeurs de sports aquatiques municipaux\/communautaires (pr\u00e9vu pour 2020)<\/li>\n<\/ul>\n<\/div><div class=\"fusion-sep-clear\"><\/div><div class=\"fusion-separator fusion-full-width-sep\" style=\"margin-left: auto;margin-right: auto;margin-top:15px;width:100%;\"><\/div><div class=\"fusion-sep-clear\"><\/div><div class=\"fusion-align-block\"><a class=\"fusion-button button-flat button-xlarge button-default fusion-button-default button-1 fusion-button-span-yes \" style=\"--button-border-radius-top-left:0;--button-border-radius-top-right:0;--button-border-radius-bottom-right:0;--button-border-radius-bottom-left:0;\" target=\"_self\" href=\"https:\/\/artisticswimming.ca\/contact\/\"><span class=\"fusion-button-text awb-button__text awb-button__text--default\">Besoin d&rsquo;aide? Contactez-nous!<\/span><\/a><\/div><div class=\"fusion-clearfix\"><\/div><\/div><\/div><\/div><\/div>\n","protected":false},"excerpt":{"rendered":"","protected":false},"author":2,"featured_media":0,"parent":6215,"menu_order":2,"comment_status":"closed","ping_status":"closed","template":"","meta":{"_acf_changed":false,"footnotes":""},"class_list":["post-8312","page","type-page","status-publish","hentry"],"acf":[],"yoast_head":"<!-- This site is optimized with the Yoast SEO plugin v27.2 - https:\/\/yoast.com\/product\/yoast-seo-wordpress\/ -->\n<title>ALLEZ \u00e0 l\u2019eau! - Programmeurs communautaires - Natation Artistique Canada<\/title>\n<meta name=\"robots\" content=\"index, follow, max-snippet:-1, max-image-preview:large, max-video-preview:-1\" \/>\n<link rel=\"canonical\" href=\"https:\/\/artisticswimming.ca\/fr\/allezaleau\/aquago-community-programmers-swimming-is-only-the-beginning\/\" \/>\n<meta property=\"og:locale\" content=\"fr_FR\" \/>\n<meta property=\"og:type\" content=\"article\" \/>\n<meta property=\"og:title\" content=\"ALLEZ \u00e0 l\u2019eau! - Programmeurs communautaires - Natation Artistique Canada\" \/>\n<meta property=\"og:url\" content=\"https:\/\/artisticswimming.ca\/fr\/allezaleau\/aquago-community-programmers-swimming-is-only-the-beginning\/\" \/>\n<meta property=\"og:site_name\" content=\"Natation Artistique Canada\" \/>\n<meta property=\"article:modified_time\" content=\"2020-12-01T16:59:16+00:00\" \/>\n<meta name=\"twitter:card\" content=\"summary_large_image\" \/>\n<meta name=\"twitter:label1\" content=\"Dur\u00e9e de lecture estim\u00e9e\" \/>\n\t<meta name=\"twitter:data1\" content=\"10 minutes\" \/>\n<script type=\"application\/ld+json\" class=\"yoast-schema-graph\">{\"@context\":\"https:\/\/schema.org\",\"@graph\":[{\"@type\":\"WebPage\",\"@id\":\"https:\/\/artisticswimming.ca\/fr\/allezaleau\/aquago-community-programmers-swimming-is-only-the-beginning\/\",\"url\":\"https:\/\/artisticswimming.ca\/fr\/allezaleau\/aquago-community-programmers-swimming-is-only-the-beginning\/\",\"name\":\"ALLEZ \u00e0 l\u2019eau! - Programmeurs communautaires - Natation Artistique Canada\",\"isPartOf\":{\"@id\":\"https:\/\/artisticswimming.ca\/fr\/#website\"},\"datePublished\":\"2020-01-07T22:09:26+00:00\",\"dateModified\":\"2020-12-01T16:59:16+00:00\",\"breadcrumb\":{\"@id\":\"https:\/\/artisticswimming.ca\/fr\/allezaleau\/aquago-community-programmers-swimming-is-only-the-beginning\/#breadcrumb\"},\"inLanguage\":\"fr-FR\",\"potentialAction\":[{\"@type\":\"ReadAction\",\"target\":[\"https:\/\/artisticswimming.ca\/fr\/allezaleau\/aquago-community-programmers-swimming-is-only-the-beginning\/\"]}]},{\"@type\":\"BreadcrumbList\",\"@id\":\"https:\/\/artisticswimming.ca\/fr\/allezaleau\/aquago-community-programmers-swimming-is-only-the-beginning\/#breadcrumb\",\"itemListElement\":[{\"@type\":\"ListItem\",\"position\":1,\"name\":\"Home\",\"item\":\"https:\/\/artisticswimming.ca\/fr\/\"},{\"@type\":\"ListItem\",\"position\":2,\"name\":\"ALLEZ \u00e0 l&#8217;eau!\",\"item\":\"https:\/\/artisticswimming.ca\/fr\/allezaleau\/\"},{\"@type\":\"ListItem\",\"position\":3,\"name\":\"ALLEZ \u00e0 l\u2019eau! &#8211; Programmeurs communautaires\"}]},{\"@type\":\"WebSite\",\"@id\":\"https:\/\/artisticswimming.ca\/fr\/#website\",\"url\":\"https:\/\/artisticswimming.ca\/fr\/\",\"name\":\"Natation Artistique Canada\",\"description\":\"\",\"potentialAction\":[{\"@type\":\"SearchAction\",\"target\":{\"@type\":\"EntryPoint\",\"urlTemplate\":\"https:\/\/artisticswimming.ca\/fr\/?s={search_term_string}\"},\"query-input\":{\"@type\":\"PropertyValueSpecification\",\"valueRequired\":true,\"valueName\":\"search_term_string\"}}],\"inLanguage\":\"fr-FR\"}]}<\/script>\n<!-- \/ Yoast SEO plugin. -->","yoast_head_json":{"title":"ALLEZ \u00e0 l\u2019eau! - Programmeurs communautaires - Natation Artistique Canada","robots":{"index":"index","follow":"follow","max-snippet":"max-snippet:-1","max-image-preview":"max-image-preview:large","max-video-preview":"max-video-preview:-1"},"canonical":"https:\/\/artisticswimming.ca\/fr\/allezaleau\/aquago-community-programmers-swimming-is-only-the-beginning\/","og_locale":"fr_FR","og_type":"article","og_title":"ALLEZ \u00e0 l\u2019eau! - Programmeurs communautaires - Natation Artistique Canada","og_url":"https:\/\/artisticswimming.ca\/fr\/allezaleau\/aquago-community-programmers-swimming-is-only-the-beginning\/","og_site_name":"Natation Artistique Canada","article_modified_time":"2020-12-01T16:59:16+00:00","twitter_card":"summary_large_image","twitter_misc":{"Dur\u00e9e de lecture estim\u00e9e":"10 minutes"},"schema":{"@context":"https:\/\/schema.org","@graph":[{"@type":"WebPage","@id":"https:\/\/artisticswimming.ca\/fr\/allezaleau\/aquago-community-programmers-swimming-is-only-the-beginning\/","url":"https:\/\/artisticswimming.ca\/fr\/allezaleau\/aquago-community-programmers-swimming-is-only-the-beginning\/","name":"ALLEZ \u00e0 l\u2019eau! - Programmeurs communautaires - Natation Artistique Canada","isPartOf":{"@id":"https:\/\/artisticswimming.ca\/fr\/#website"},"datePublished":"2020-01-07T22:09:26+00:00","dateModified":"2020-12-01T16:59:16+00:00","breadcrumb":{"@id":"https:\/\/artisticswimming.ca\/fr\/allezaleau\/aquago-community-programmers-swimming-is-only-the-beginning\/#breadcrumb"},"inLanguage":"fr-FR","potentialAction":[{"@type":"ReadAction","target":["https:\/\/artisticswimming.ca\/fr\/allezaleau\/aquago-community-programmers-swimming-is-only-the-beginning\/"]}]},{"@type":"BreadcrumbList","@id":"https:\/\/artisticswimming.ca\/fr\/allezaleau\/aquago-community-programmers-swimming-is-only-the-beginning\/#breadcrumb","itemListElement":[{"@type":"ListItem","position":1,"name":"Home","item":"https:\/\/artisticswimming.ca\/fr\/"},{"@type":"ListItem","position":2,"name":"ALLEZ \u00e0 l&#8217;eau!","item":"https:\/\/artisticswimming.ca\/fr\/allezaleau\/"},{"@type":"ListItem","position":3,"name":"ALLEZ \u00e0 l\u2019eau! &#8211; Programmeurs communautaires"}]},{"@type":"WebSite","@id":"https:\/\/artisticswimming.ca\/fr\/#website","url":"https:\/\/artisticswimming.ca\/fr\/","name":"Natation Artistique Canada","description":"","potentialAction":[{"@type":"SearchAction","target":{"@type":"EntryPoint","urlTemplate":"https:\/\/artisticswimming.ca\/fr\/?s={search_term_string}"},"query-input":{"@type":"PropertyValueSpecification","valueRequired":true,"valueName":"search_term_string"}}],"inLanguage":"fr-FR"}]}},"_links":{"self":[{"href":"https:\/\/artisticswimming.ca\/fr\/wp-json\/wp\/v2\/pages\/8312","targetHints":{"allow":["GET"]}}],"collection":[{"href":"https:\/\/artisticswimming.ca\/fr\/wp-json\/wp\/v2\/pages"}],"about":[{"href":"https:\/\/artisticswimming.ca\/fr\/wp-json\/wp\/v2\/types\/page"}],"author":[{"embeddable":true,"href":"https:\/\/artisticswimming.ca\/fr\/wp-json\/wp\/v2\/users\/2"}],"replies":[{"embeddable":true,"href":"https:\/\/artisticswimming.ca\/fr\/wp-json\/wp\/v2\/comments?post=8312"}],"version-history":[{"count":0,"href":"https:\/\/artisticswimming.ca\/fr\/wp-json\/wp\/v2\/pages\/8312\/revisions"}],"up":[{"embeddable":true,"href":"https:\/\/artisticswimming.ca\/fr\/wp-json\/wp\/v2\/pages\/6215"}],"wp:attachment":[{"href":"https:\/\/artisticswimming.ca\/fr\/wp-json\/wp\/v2\/media?parent=8312"}],"curies":[{"name":"wp","href":"https:\/\/api.w.org\/{rel}","templated":true}]}}