{"id":907,"date":"2016-08-05T09:22:08","date_gmt":"2016-08-05T13:22:08","guid":{"rendered":"http:\/\/synchro.wpengine.com\/?page_id=907&#038;lang=fr"},"modified":"2026-04-09T10:35:35","modified_gmt":"2026-04-09T14:35:35","slug":"offres-demploi","status":"publish","type":"page","link":"https:\/\/artisticswimming.ca\/fr\/ressources\/entrainer\/offres-demploi\/","title":{"rendered":"OFFRES D&rsquo;EMPLOI"},"content":{"rendered":"<p><div class=\"fusion-fullwidth fullwidth-box fusion-builder-row-1 hundred-percent-fullwidth non-hundred-percent-height-scrolling\" style=\"--awb-border-radius-top-left:0px;--awb-border-radius-top-right:0px;--awb-border-radius-bottom-right:0px;--awb-border-radius-bottom-left:0px;--awb-overflow:visible;--awb-flex-wrap:wrap;\" ><div class=\"fusion-builder-row fusion-row\"><div class=\"fusion-layout-column fusion_builder_column fusion-builder-column-0 fusion_builder_column_1_1 1_1 fusion-one-full fusion-column-first fusion-column-last fusion-column-no-min-height\" style=\"--awb-bg-blend:overlay;--awb-bg-size:cover;--awb-margin-bottom:0px;\"><div class=\"fusion-column-wrapper fusion-flex-column-wrapper-legacy\"><div class=\"fusion-text fusion-text-1\" style=\"--awb-text-transform:none;\"><table class=\"table-3\" style=\"width: 93.479011%;\">\n<thead>\n<tr>\n<th style=\"width: 30%;\">Nom du poste<\/th>\n<th style=\"width: 35%;\">Club<\/th>\n<th style=\"width: 15%;\">Date de l&rsquo;offre<\/th>\n<th style=\"width: 20%;\">Documents <i class=\"fa fa-download\"><\/i><\/th>\n<\/tr>\n<\/thead>\n<tbody>\n<tr>\n<td class=\"left-column\">ENTRAINEUR.E CHEF<\/td>\n<td>Mississauga Artistic Swimming<\/td>\n<td>2026-04-09<\/td>\n<td><a href=\"http:\/\/artisticswimming.ca\/wp-content\/uploads\/2026\/04\/Head-Coach-Job-Posting-MASA-26-27.pdf\" target=\"_blank\" rel=\"noopener noreferrer\">Offre d&#8217;emploi<\/a> (anglais)<\/td>\n<\/tr>\n<tr>\n<td class=\"left-column\">ENTRAINEUR.E DE HAUTE PERFORMANCE<\/td>\n<td>Mississauga Artistic Swimming<\/td>\n<td>2026-04-09<\/td>\n<td><a href=\"http:\/\/artisticswimming.ca\/wp-content\/uploads\/2026\/04\/26-27-associate-coach-masa-posting.pdf\">Offre d&#8217;emploi<\/a> (anglais)<\/td>\n<\/tr>\n<tr>\n<td class=\"left-column\">ENTRAINEUR.E ASSOCI\u00c9.E<\/td>\n<td>Mississauga Artistic Swimming<\/td>\n<td>2026-04-09<\/td>\n<td><a href=\"http:\/\/artisticswimming.ca\/wp-content\/uploads\/2026\/04\/26-27-associate-coach-masa-posting.pdf\">Offre d&#8217;emploi<\/a> (anglais)<\/td>\n<\/tr>\n<\/tbody>\n<\/table>\n<p>&nbsp;<\/p>\n<\/div><div class=\"fusion-sep-clear\"><\/div><div class=\"fusion-separator fusion-full-width-sep\" style=\"margin-left: auto;margin-right: auto;margin-top:10px;margin-bottom:10px;width:100%;\"><\/div><div class=\"fusion-sep-clear\"><\/div><div class=\"fusion-text fusion-text-2\"><p>Pour publier une offre ici, veuillez contacter\u00a0<a href=\"mailto:stephane@synchro.ca\">St\u00e9phane C\u00f4t\u00e9<\/a>. Les offres d&#8217;emploi seront retir\u00e9es apr\u00e8s 90 jours ou lorsque la date d&rsquo;\u00e9ch\u00e9ance sera pass\u00e9e.<\/p>\n<\/div><div class=\"fusion-clearfix\"><\/div><\/div><\/div><\/div><\/div><\/p>\n","protected":false},"excerpt":{"rendered":"","protected":false},"author":3,"featured_media":0,"parent":904,"menu_order":3,"comment_status":"closed","ping_status":"closed","template":"","meta":{"_acf_changed":false,"footnotes":""},"class_list":["post-907","page","type-page","status-publish","hentry"],"acf":[],"yoast_head":"<!-- This site is optimized with the Yoast SEO plugin v27.2 - https:\/\/yoast.com\/product\/yoast-seo-wordpress\/ -->\n<title>OFFRES D&#039;EMPLOI - Natation Artistique Canada<\/title>\n<meta name=\"robots\" content=\"index, follow, max-snippet:-1, max-image-preview:large, max-video-preview:-1\" \/>\n<link rel=\"canonical\" href=\"https:\/\/artisticswimming.ca\/fr\/ressources\/entrainer\/offres-demploi\/\" \/>\n<meta property=\"og:locale\" content=\"fr_FR\" \/>\n<meta property=\"og:type\" content=\"article\" \/>\n<meta property=\"og:title\" content=\"OFFRES D&#039;EMPLOI - Natation Artistique Canada\" \/>\n<meta property=\"og:url\" content=\"https:\/\/artisticswimming.ca\/fr\/ressources\/entrainer\/offres-demploi\/\" \/>\n<meta property=\"og:site_name\" content=\"Natation Artistique Canada\" \/>\n<meta property=\"article:modified_time\" content=\"2026-04-09T14:35:35+00:00\" \/>\n<meta name=\"twitter:card\" content=\"summary_large_image\" \/>\n<meta name=\"twitter:label1\" content=\"Dur\u00e9e de lecture estim\u00e9e\" \/>\n\t<meta name=\"twitter:data1\" content=\"1 minute\" \/>\n<script type=\"application\/ld+json\" class=\"yoast-schema-graph\">{\"@context\":\"https:\/\/schema.org\",\"@graph\":[{\"@type\":\"WebPage\",\"@id\":\"https:\/\/artisticswimming.ca\/fr\/ressources\/entrainer\/offres-demploi\/\",\"url\":\"https:\/\/artisticswimming.ca\/fr\/ressources\/entrainer\/offres-demploi\/\",\"name\":\"OFFRES D'EMPLOI - Natation Artistique Canada\",\"isPartOf\":{\"@id\":\"https:\/\/artisticswimming.ca\/fr\/#website\"},\"datePublished\":\"2016-08-05T13:22:08+00:00\",\"dateModified\":\"2026-04-09T14:35:35+00:00\",\"breadcrumb\":{\"@id\":\"https:\/\/artisticswimming.ca\/fr\/ressources\/entrainer\/offres-demploi\/#breadcrumb\"},\"inLanguage\":\"fr-FR\",\"potentialAction\":[{\"@type\":\"ReadAction\",\"target\":[\"https:\/\/artisticswimming.ca\/fr\/ressources\/entrainer\/offres-demploi\/\"]}]},{\"@type\":\"BreadcrumbList\",\"@id\":\"https:\/\/artisticswimming.ca\/fr\/ressources\/entrainer\/offres-demploi\/#breadcrumb\",\"itemListElement\":[{\"@type\":\"ListItem\",\"position\":1,\"name\":\"Home\",\"item\":\"https:\/\/artisticswimming.ca\/fr\/\"},{\"@type\":\"ListItem\",\"position\":2,\"name\":\"RESSOURCES\",\"item\":\"http:\/\/synchro.wpengine.com\/ressources\/haute-performance\/brevets\/?lang=fr\"},{\"@type\":\"ListItem\",\"position\":3,\"name\":\"ENTRAINEURS\",\"item\":\"https:\/\/artisticswimming.ca\/fr\/ressources\/entrainer\/\"},{\"@type\":\"ListItem\",\"position\":4,\"name\":\"OFFRES D&rsquo;EMPLOI\"}]},{\"@type\":\"WebSite\",\"@id\":\"https:\/\/artisticswimming.ca\/fr\/#website\",\"url\":\"https:\/\/artisticswimming.ca\/fr\/\",\"name\":\"Natation Artistique Canada\",\"description\":\"\",\"potentialAction\":[{\"@type\":\"SearchAction\",\"target\":{\"@type\":\"EntryPoint\",\"urlTemplate\":\"https:\/\/artisticswimming.ca\/fr\/?s={search_term_string}\"},\"query-input\":{\"@type\":\"PropertyValueSpecification\",\"valueRequired\":true,\"valueName\":\"search_term_string\"}}],\"inLanguage\":\"fr-FR\"}]}<\/script>\n<!-- \/ Yoast SEO plugin. -->","yoast_head_json":{"title":"OFFRES D'EMPLOI - Natation Artistique Canada","robots":{"index":"index","follow":"follow","max-snippet":"max-snippet:-1","max-image-preview":"max-image-preview:large","max-video-preview":"max-video-preview:-1"},"canonical":"https:\/\/artisticswimming.ca\/fr\/ressources\/entrainer\/offres-demploi\/","og_locale":"fr_FR","og_type":"article","og_title":"OFFRES D'EMPLOI - Natation Artistique Canada","og_url":"https:\/\/artisticswimming.ca\/fr\/ressources\/entrainer\/offres-demploi\/","og_site_name":"Natation Artistique Canada","article_modified_time":"2026-04-09T14:35:35+00:00","twitter_card":"summary_large_image","twitter_misc":{"Dur\u00e9e de lecture estim\u00e9e":"1 minute"},"schema":{"@context":"https:\/\/schema.org","@graph":[{"@type":"WebPage","@id":"https:\/\/artisticswimming.ca\/fr\/ressources\/entrainer\/offres-demploi\/","url":"https:\/\/artisticswimming.ca\/fr\/ressources\/entrainer\/offres-demploi\/","name":"OFFRES D'EMPLOI - Natation Artistique Canada","isPartOf":{"@id":"https:\/\/artisticswimming.ca\/fr\/#website"},"datePublished":"2016-08-05T13:22:08+00:00","dateModified":"2026-04-09T14:35:35+00:00","breadcrumb":{"@id":"https:\/\/artisticswimming.ca\/fr\/ressources\/entrainer\/offres-demploi\/#breadcrumb"},"inLanguage":"fr-FR","potentialAction":[{"@type":"ReadAction","target":["https:\/\/artisticswimming.ca\/fr\/ressources\/entrainer\/offres-demploi\/"]}]},{"@type":"BreadcrumbList","@id":"https:\/\/artisticswimming.ca\/fr\/ressources\/entrainer\/offres-demploi\/#breadcrumb","itemListElement":[{"@type":"ListItem","position":1,"name":"Home","item":"https:\/\/artisticswimming.ca\/fr\/"},{"@type":"ListItem","position":2,"name":"RESSOURCES","item":"http:\/\/synchro.wpengine.com\/ressources\/haute-performance\/brevets\/?lang=fr"},{"@type":"ListItem","position":3,"name":"ENTRAINEURS","item":"https:\/\/artisticswimming.ca\/fr\/ressources\/entrainer\/"},{"@type":"ListItem","position":4,"name":"OFFRES D&rsquo;EMPLOI"}]},{"@type":"WebSite","@id":"https:\/\/artisticswimming.ca\/fr\/#website","url":"https:\/\/artisticswimming.ca\/fr\/","name":"Natation Artistique Canada","description":"","potentialAction":[{"@type":"SearchAction","target":{"@type":"EntryPoint","urlTemplate":"https:\/\/artisticswimming.ca\/fr\/?s={search_term_string}"},"query-input":{"@type":"PropertyValueSpecification","valueRequired":true,"valueName":"search_term_string"}}],"inLanguage":"fr-FR"}]}},"_links":{"self":[{"href":"https:\/\/artisticswimming.ca\/fr\/wp-json\/wp\/v2\/pages\/907","targetHints":{"allow":["GET"]}}],"collection":[{"href":"https:\/\/artisticswimming.ca\/fr\/wp-json\/wp\/v2\/pages"}],"about":[{"href":"https:\/\/artisticswimming.ca\/fr\/wp-json\/wp\/v2\/types\/page"}],"author":[{"embeddable":true,"href":"https:\/\/artisticswimming.ca\/fr\/wp-json\/wp\/v2\/users\/3"}],"replies":[{"embeddable":true,"href":"https:\/\/artisticswimming.ca\/fr\/wp-json\/wp\/v2\/comments?post=907"}],"version-history":[{"count":1,"href":"https:\/\/artisticswimming.ca\/fr\/wp-json\/wp\/v2\/pages\/907\/revisions"}],"predecessor-version":[{"id":20060,"href":"https:\/\/artisticswimming.ca\/fr\/wp-json\/wp\/v2\/pages\/907\/revisions\/20060"}],"up":[{"embeddable":true,"href":"https:\/\/artisticswimming.ca\/fr\/wp-json\/wp\/v2\/pages\/904"}],"wp:attachment":[{"href":"https:\/\/artisticswimming.ca\/fr\/wp-json\/wp\/v2\/media?parent=907"}],"curies":[{"name":"wp","href":"https:\/\/api.w.org\/{rel}","templated":true}]}}