{"id":910,"date":"2016-08-05T09:29:11","date_gmt":"2016-08-05T09:29:11","guid":{"rendered":"http:\/\/synchro.wpengine.com\/?page_id=910&#038;lang=fr"},"modified":"2023-04-17T15:47:28","modified_gmt":"2023-04-17T19:47:28","slug":"ressources-pour-les-officiels","status":"publish","type":"page","link":"https:\/\/artisticswimming.ca\/fr\/ressources\/officiels\/ressources-pour-les-officiels\/","title":{"rendered":"RESSOURCES POUR LES OFFICIELS"},"content":{"rendered":"<div class=\"fusion-fullwidth fullwidth-box fusion-builder-row-1 hundred-percent-fullwidth non-hundred-percent-height-scrolling\" style=\"--awb-border-radius-top-left:0px;--awb-border-radius-top-right:0px;--awb-border-radius-bottom-right:0px;--awb-border-radius-bottom-left:0px;--awb-overflow:visible;--awb-flex-wrap:wrap;\" ><div class=\"fusion-builder-row fusion-row\"><div class=\"fusion-layout-column fusion_builder_column fusion-builder-column-0 fusion_builder_column_1_1 1_1 fusion-one-full fusion-column-first fusion-column-last fusion-column-no-min-height\" style=\"--awb-bg-size:cover;--awb-margin-bottom:0px;\"><div class=\"fusion-column-wrapper fusion-flex-column-wrapper-legacy\"><div class=\"fusion-title title fusion-title-1 fusion-sep-none fusion-title-text fusion-title-size-two\" style=\"--awb-sep-color:#dd3333;\"><h2 class=\"fusion-title-heading title-heading-left fusion-responsive-typography-calculated\" style=\"margin:0;--fontSize:30;line-height:1.2;\">Rapports et formulaires pour officiels<\/h2><\/div><div class=\"fusion-text fusion-text-1\" style=\"--awb-text-transform:none;\"><table class=\"table-3\" width=\"100%\">\n<thead>\n<tr>\n<th align=\"left\" width=\"65%\">NOM<\/th>\n<th align=\"left\" width=\"15%\">DATE<\/th>\n<th align=\"left\" width=\"10%\">TYPE<\/th>\n<th align=\"left\" width=\"10%\">POIDS<\/th>\n<\/tr>\n<\/thead>\n<tbody>\n<tr>\n<td class=\"left-column\"><a href=\"http:\/\/artisticswimming.ca\/wp-content\/uploads\/2023\/04\/Conflict-of-Interest-Identification_Prevention_Management-for-Officials_final-FR.pdf\">Identification, prevention et gestion des conflits d&rsquo;int\u00e9r\u00eats pour les officiels<\/a><\/td>\n<td>Avr 2023<\/td>\n<td><i class=\"fa fa-file-pdf-o\">\u00a0<\/i><\/td>\n<td>230 Ko<\/td>\n<\/tr>\n<tr>\n<td class=\"left-column\"><a href=\"http:\/\/artisticswimming.ca\/wp-content\/uploads\/2019\/09\/NACAS-Expense-Form-2019.xlsx\">Formulaire de r\u00e9clamation de d\u00e9penses<\/a><\/td>\n<td>2019<\/td>\n<td><i class=\"fa fa-file-excel-o\">\u00a0<\/i><\/td>\n<td>29 Ko<\/td>\n<\/tr>\n<tr>\n<td class=\"left-column\"><a href=\"http:\/\/artisticswimming.ca\/wp-content\/uploads\/2018\/10\/2018-Rapport-du-juge-en-chef-aux-championnats-nationaux.docx\">Rapport du juge en chef aux Championnats nationaux<\/a><\/td>\n<td>2018<\/td>\n<td><i class=\"fa fa-file-word-o\">\u00a0<\/i><\/td>\n<td>21 Ko<\/td>\n<\/tr>\n<tr>\n<td class=\"left-column\"><a href=\"https:\/\/artisticswimming.ca\/wp-content\/uploads\/2019\/12\/Travel-Accomm-Meals-Guidelines_Nov-2019_FR.pdf\">D\u00e9placements, h\u00e9bergements et repas &#8211; Consignes &amp; proc\u00e9dures<\/a><\/td>\n<td>2019<\/td>\n<td><i class=\"fa fa-file-pdf-o\">\u00a0<\/i><\/td>\n<td>481 Ko<\/td>\n<\/tr>\n<\/tbody>\n<\/table>\n<\/div><div class=\"fusion-text fusion-text-2\"><div style=\"display: none;\">\n<h2><b><\/b><b>Formulaires de Synchro Canada<\/b><\/h2>\n<p>Vous pouvez consulter <strong><a href=\"http:\/\/synchro.wpengine.com\/wp-content\/uploads\/2016\/08\/Formulaire-de-rapport-des-d\u00e9penses_2014.xlsx\" target=\"_blank\" rel=\"noopener noreferrer\">ici<\/a><\/strong> le <strong>formulaire de rapport de d\u00e9penses pour les officiels de Synchro Canada<\/strong> (.xls).<\/p>\n<hr \/>\n<h3><b>Rapport du juge en chef<\/b><\/h3>\n<p>T\u00e9l\u00e9chargez le <strong><a href=\"http:\/\/synchro.wpengine.com\/wp-content\/uploads\/2016\/08\/Rapport-du-juge-en-chef-aux-championnats-nationaux.doc\" target=\"_blank\" rel=\"noopener noreferrer\">formulaire<\/a><\/strong><strong>\u00a0<\/strong>(.doc).<\/p>\n<hr \/>\n<h3><b>D\u00e9placements des officiels<\/b><\/h3>\n<p>Consultez le document concernant le <strong><a href=\"http:\/\/synchro.wpengine.com\/wp-content\/uploads\/2016\/08\/Processus-relatif-au-d\u00e9placement-des-officiels-nationaux.pdf\">processus relatif au d\u00e9placement des officiels nationaux<\/a>\u00a0<\/strong>(.pdf) &#8211; mars 2006.<\/p>\n<hr \/>\n<h3><b>Bulletin d&rsquo;information de <em>Officiels Sports Canada<\/em><\/b><\/h3>\n<p>Bulletin d&rsquo;\u00e9t\u00e9 (juillet 2006):\u00a0<strong><a href=\"http:\/\/synchro.wpengine.com\/wp-content\/uploads\/2016\/08\/LaBonneDecisionEte06.pdf\" target=\"_blank\" rel=\"noopener noreferrer\">La Bonne D\u00e9cision &#8211; Vol. 1 No. 1<\/a>\u00a0<\/strong>(.pdf)<\/p>\n<p>Bulletin d&rsquo;hiver (janvier 2007):<b> <a href=\"http:\/\/synchro.wpengine.com\/wp-content\/uploads\/2016\/08\/LaBonneDecisionJan07.pdf\" target=\"_blank\" rel=\"noopener noreferrer\">La Bonne D\u00e9cision &#8211; Vol. 1 No. 2<\/a><\/b>\u00a0 (.pdf)<\/p>\n<hr \/>\n<h3><b>Judges Discussion Sheets\u00a0<\/b><\/h3>\n<p>SVP voir le document <strong><a href=\"http:\/\/synchro.wpengine.com\/wp-content\/uploads\/2016\/08\/VOA-TATECHNICALELEMENTS-SEPTEMBER12006_revised_-DISCUSSIONSHEETSwithpenaltiesTIERS1-7.pdf\" target=\"_blank\" rel=\"noopener noreferrer\">Judges Discussion Sheets<\/a><\/strong>\u00a0(disponible seulement en anglais).<\/p>\n<\/div>\n<\/div><div class=\"fusion-clearfix\"><\/div><\/div><\/div><div class=\"fusion-layout-column fusion_builder_column fusion-builder-column-1 fusion_builder_column_1_1 1_1 fusion-one-full fusion-column-first fusion-column-last fusion-column-no-min-height\" style=\"--awb-bg-size:cover;--awb-margin-bottom:0px;\"><div class=\"fusion-column-wrapper fusion-flex-column-wrapper-legacy\"><div class=\"fusion-title title fusion-title-2 fusion-sep-none fusion-title-text fusion-title-size-two\" style=\"--awb-margin-top:40px;--awb-sep-color:#dd3333;\"><h2 class=\"fusion-title-heading title-heading-left fusion-responsive-typography-calculated\" style=\"margin:0;--fontSize:30;line-height:1.2;\">Certification des officiels<\/h2><\/div><div class=\"fusion-text fusion-text-3\"><table class=\"table-3\">\n<thead>\n<tr>\n<th align=\"left\" width=\"65%\">NOM<\/th>\n<th align=\"left\" width=\"15%\">DATE<\/th>\n<th align=\"left\" width=\"10%\">TYPE<\/th>\n<th align=\"left\" width=\"10%\">POIDS<\/th>\n<\/tr>\n<\/thead>\n<tbody>\n<tr>\n<td class=\"left-column\"><a href=\"http:\/\/artisticswimming.ca\/wp-content\/uploads\/2018\/09\/Requirements-for-upgrading-to-levels-3-and-4-revised-August-2018_FR.pdf\" target=\"_blank\" rel=\"noopener noreferrer\">Juges &#8211; Exigences pour obtention\/requalification des niveaux 3 et 4<\/a><\/td>\n<td>Ao\u00fbt 2018<\/td>\n<td><i class=\"fa fa-file-pdf-o\">\u00a0<\/i><\/td>\n<td>84 Ko<\/td>\n<\/tr>\n<tr>\n<td class=\"left-column\"><a href=\"http:\/\/artisticswimming.ca\/wp-content\/uploads\/2018\/10\/Requirements-for-Referees-Upgrading-to-Levels-3-4-final_FR.pdf\" target=\"_blank\" rel=\"noopener noreferrer\">Arbitres &#8211; Exigences pour obtention\/requalification des niveaux 3 &amp; 4<\/a><\/td>\n<td>Octobre 2018<\/td>\n<td><i class=\"fa fa-file-pdf-o\">\u00a0<\/i><\/td>\n<td>61 Ko<\/td>\n<\/tr>\n<tr>\n<td class=\"left-column\"><a href=\"http:\/\/artisticswimming.ca\/wp-content\/uploads\/2018\/09\/Advancing-Through-the-Canadian-Judging-System-revised-August-2018_FR.pdf\" target=\"_blank\" rel=\"noopener noreferrer\">Processus de progression des officiels canadiens<\/a><\/td>\n<td>Ao\u00fbt 2018<\/td>\n<td><i class=\"fa fa-file-pdf-o\">\u00a0<\/i><\/td>\n<td>103 Ko<\/td>\n<\/tr>\n<tr>\n<td class=\"left-column\"><a href=\"http:\/\/artisticswim.wpengine.com\/wp-content\/uploads\/2018\/01\/Guidelines-for-Maintaining-Current-Judging-Level_FR-SC.pdf\" target=\"_blank\" rel=\"noopener noreferrer\">Lignes directrices pour maintenir le niveau de juge actuel<\/a><\/td>\n<td>Jan 2018<\/td>\n<td><i class=\"fa fa-file-pdf-o\">\u00a0<\/i><\/td>\n<td>57 Ko<\/td>\n<\/tr>\n<\/tbody>\n<\/table>\n<\/div><div class=\"fusion-clearfix\"><\/div><\/div><\/div><div class=\"fusion-layout-column fusion_builder_column fusion-builder-column-2 fusion_builder_column_1_1 1_1 fusion-one-full fusion-column-first fusion-column-last fusion-column-no-min-height\" style=\"--awb-bg-size:cover;--awb-margin-bottom:0px;\"><div class=\"fusion-column-wrapper fusion-flex-column-wrapper-legacy\"><div class=\"fusion-title title fusion-title-3 fusion-sep-none fusion-title-text fusion-title-size-two\" style=\"--awb-margin-top:40px;--awb-sep-color:#dd3333;\"><h2 class=\"fusion-title-heading title-heading-left fusion-responsive-typography-calculated\" style=\"margin:0;--fontSize:30;line-height:1.2;\">Information technique<\/h2><\/div><div class=\"fusion-text fusion-text-4\"><table class=\"table-3\">\n<thead>\n<tr>\n<th align=\"left\" width=\"65%\">NOM<\/th>\n<th align=\"left\" width=\"15%\">DATE<\/th>\n<th align=\"left\" width=\"10%\">TYPE<\/th>\n<th align=\"left\" width=\"10%\">POIDS<\/th>\n<\/tr>\n<\/thead>\n<tbody>\n<tr>\n<td class=\"left-column\"><a href=\"http:\/\/artisticswim.wpengine.com\/wp-content\/uploads\/2018\/02\/Dress-Code-for-Officials-at-Synchro-Canada-Competitions-FR.pdf\" target=\"_blank\" rel=\"noopener noreferrer\">Code vestimentaire pour les officiels lors des comp\u00e9titions de Synchro Canada<\/a><\/td>\n<td>2018<\/td>\n<td><i class=\"fa fa-file-pdf-o\">\u00a0<\/i><\/td>\n<td>248 Ko<\/td>\n<\/tr>\n<tr>\n<td class=\"left-column\"><a href=\"http:\/\/artisticswimming.ca\/wp-content\/uploads\/2018\/09\/FINA_AS_Manual-2017-2021-Aug-2018-lite.pdf\" target=\"_blank\" rel=\"noopener noreferrer\">Manuel de natation artistique de la FINA 2017-2021<\/a>\u00a0(anglais)<\/td>\n<td>Ao\u00fbt 2018<\/td>\n<td><i class=\"fa fa-file-pdf-o\">\u00a0<\/i><\/td>\n<td>4,9 Mo<\/td>\n<\/tr>\n<tr>\n<td class=\"left-column\"><a href=\"https:\/\/artisticswimming.ca\/fr\/ressources\/competitions\/manuels-des-reglements\/?lang=fr\">Livre des r\u00e8glements de l&rsquo;ACNSA (Synchro Canada)<\/a><\/td>\n<td>2017<\/td>\n<td><i class=\"fa fa-link\" aria-hidden=\"true\">\u00a0<\/i><\/td>\n<td><\/td>\n<\/tr>\n<tr>\n<td class=\"left-column\"><a href=\"https:\/\/artisticswimming.ca\/fr\/ressources\/competitions\/manuels-des-reglements\/?lang=fr\">Livre des r\u00e8glements de la FINA 2017-2021<\/a> (anglais)<\/td>\n<td>2017<\/td>\n<td><i class=\"fa fa-link\" aria-hidden=\"true\">\u00a0<\/i><\/td>\n<td><\/td>\n<\/tr>\n<tr>\n<td class=\"left-column\"><a href=\"https:\/\/artisticswimming.ca\/fr\/ressources\/competitions\/2017-2021-figures-required-elements\/?lang=fr\">Figures et \u00e9l\u00e9ments impos\u00e9s 2017-2021<\/a><\/td>\n<td>2017<\/td>\n<td><i class=\"fa fa-link\" aria-hidden=\"true\">\u00a0<\/i><\/td>\n<td><\/td>\n<\/tr>\n<\/tbody>\n<\/table>\n<\/div><div class=\"fusion-clearfix\"><\/div><\/div><\/div><div class=\"fusion-layout-column fusion_builder_column fusion-builder-column-3 fusion_builder_column_1_1 1_1 fusion-one-full fusion-column-first fusion-column-last fusion-column-no-min-height\" style=\"--awb-bg-size:cover;--awb-margin-bottom:0px;\"><div class=\"fusion-column-wrapper fusion-flex-column-wrapper-legacy\"><div class=\"fusion-title title fusion-title-4 fusion-sep-none fusion-title-text fusion-title-size-two\" style=\"--awb-margin-top:40px;--awb-sep-color:#dd3333;\"><h2 class=\"fusion-title-heading title-heading-left fusion-responsive-typography-calculated\" style=\"margin:0;--fontSize:30;line-height:1.2;\">Information technique &#8211; Archives (Anglais)<\/h2><\/div><div class=\"fusion-text fusion-text-5\"><table class=\"table-3\">\n<thead>\n<tr>\n<th align=\"left\" width=\"65%\">NAME<\/th>\n<th align=\"left\" width=\"15%\">AS OF<\/th>\n<th align=\"left\" width=\"10%\">TYPE<\/th>\n<th align=\"left\" width=\"10%\">SIZE<\/th>\n<\/tr>\n<\/thead>\n<tbody>\n<tr>\n<td class=\"left-column\"><a href=\"http:\/\/artisticswim.wpengine.com\/wp-content\/uploads\/2017\/08\/Rule-Book-August-2017-updated-0810-fr.pdf\" target=\"_blank\" rel=\"noopener noreferrer\">Livre des r\u00e8glements de l&rsquo;ACNSA (Synchro Canada)<\/a><\/td>\n<td>Ao\u00fbt 2017<\/td>\n<td><i class=\"fa fa-file-pdf-o\">\u00a0<\/i><\/td>\n<td>1.2 Mo<\/td>\n<\/tr>\n<tr>\n<td class=\"left-column\"><a href=\"\/wp-content\/uploads\/2016\/10\/finasyrules_20151702_color.pdf\" target=\"_blank\" rel=\"noopener noreferrer\">Livre des r\u00e8glements de la FINA 2015-2017<\/a>\u00a0(anglais)<\/td>\n<td>2015<\/td>\n<td><i class=\"fa fa-file-pdf-o\">\u00a0<\/i><\/td>\n<td>2.1 Mo<\/td>\n<\/tr>\n<tr>\n<td class=\"left-column\"><a href=\"http:\/\/artisticswim.wpengine.com\/wp-content\/uploads\/2016\/10\/FINA-SY-Manual-2013-2017.pdf\" target=\"_blank\" rel=\"noopener noreferrer\">Manuel de la FINA pour juges et arbitres de nage synchronis\u00e9e<\/a>\u00a0(anglais)<\/td>\n<td>2013<\/td>\n<td><i class=\"fa fa-file-pdf-o\">\u00a0<\/i><\/td>\n<td>1.6 Mo<\/td>\n<\/tr>\n<tr>\n<td class=\"left-column\"><a href=\"http:\/\/synchro.wpengine.com\/wp-content\/uploads\/2016\/10\/description_figures_2013_2017.pdf\" target=\"_blank\" rel=\"noopener noreferrer\">Description des figures 2013-2017<\/a>\u00a0(anglais)<\/td>\n<td>2013<\/td>\n<td><i class=\"fa fa-file-pdf-o\">\u00a0<\/i><\/td>\n<td>183 K0<\/td>\n<\/tr>\n<tr>\n<td class=\"left-column\"><a href=\"http:\/\/synchro.wpengine.com\/wp-content\/uploads\/2016\/10\/2013_2017_figures_diagram_dd.pdf\" target=\"_blank\" rel=\"noopener noreferrer\">Figures diagrams and degrees of difficulty for 2013-2017<\/a>\u00a0(anglais)<\/td>\n<td>2013<\/td>\n<td><i class=\"fa fa-file-pdf-o\">\u00a0<\/i><\/td>\n<td>383 Ko<\/td>\n<\/tr>\n<tr>\n<td class=\"left-column\"><a href=\"http:\/\/synchro.wpengine.com\/wp-content\/uploads\/2016\/10\/rules_technical_routines_fina_2013_2017.pdf\" target=\"_blank\" rel=\"noopener noreferrer\">Required elements for Technical Routines 2013-2017<\/a>\u00a0(anglais)<\/td>\n<td>2013<\/td>\n<td><i class=\"fa fa-file-pdf-o\">\u00a0<\/i><\/td>\n<td>159 Ko<\/td>\n<\/tr>\n<tr>\n<td class=\"left-column\"><a href=\"http:\/\/synchro.wpengine.com\/wp-content\/uploads\/2016\/10\/2013_2017_elements_diagram_dd.pdf\" target=\"_blank\" rel=\"noopener noreferrer\">Required elements diagrams and degrees of difficulty for the Senior technical events for 2013-2017<\/a>\u00a0(anglais)<\/td>\n<td>2013<\/td>\n<td><i class=\"fa fa-file-pdf-o\">\u00a0<\/i><\/td>\n<td>472 Ko<\/td>\n<\/tr>\n<tr>\n<td class=\"left-column\"><a href=\"http:\/\/synchro.wpengine.com\/wp-content\/uploads\/2016\/10\/resume_new_fina_rules_2013_2017.pdf\" target=\"_blank\" rel=\"noopener noreferrer\">Review of the new FINA Rules<\/a>\u00a0(anglais)<\/td>\n<td>2013<\/td>\n<td><i class=\"fa fa-file-pdf-o\">\u00a0<\/i><\/td>\n<td>81 Ko<\/td>\n<\/tr>\n<\/tbody>\n<\/table>\n<\/div><div class=\"fusion-clearfix\"><\/div><\/div><\/div><div class=\"fusion-layout-column fusion_builder_column fusion-builder-column-4 fusion_builder_column_1_1 1_1 fusion-one-full fusion-column-first fusion-column-last fusion-column-no-min-height\" style=\"--awb-bg-size:cover;--awb-margin-bottom:0px;\"><div class=\"fusion-column-wrapper fusion-flex-column-wrapper-legacy\"><div class=\"fusion-title title fusion-title-5 fusion-sep-none fusion-title-text fusion-title-size-two\" style=\"--awb-margin-top:40px;--awb-sep-color:#dd3333;\"><h2 class=\"fusion-title-heading title-heading-left fusion-responsive-typography-calculated\" style=\"margin:0;--fontSize:30;line-height:1.2;\">Liens utiles<\/h2><\/div><div class=\"fusion-text fusion-text-6\"><table class=\"table-3\">\n<thead>\n<tr>\n<th align=\"left\" width=\"65%\">NOM<\/th>\n<th align=\"left\" width=\"35%\">TYPE<\/th>\n<\/tr>\n<\/thead>\n<tbody>\n<tr>\n<td class=\"left-column\"><a href=\"http:\/\/www.fina.org\/\" target=\"_blank\" rel=\"noopener noreferrer\">Site Internet de la FINA<\/a><\/td>\n<td><i class=\"fa fa-external-link\">\u00a0<\/i><\/td>\n<\/tr>\n<tr>\n<td class=\"left-column\"><a href=\"https:\/\/www.teamunify.com\/Home.jsp?team=uana\" target=\"_blank\" rel=\"noopener noreferrer\">Site Internet de l&rsquo;UANA\u00a0<\/a><\/td>\n<td><i class=\"fa fa-external-link\">\u00a0<\/i><\/td>\n<\/tr>\n<\/tbody>\n<\/table>\n<\/div><div class=\"fusion-clearfix\"><\/div><\/div><\/div><\/div><\/div>\n","protected":false},"excerpt":{"rendered":"","protected":false},"author":3,"featured_media":0,"parent":908,"menu_order":1,"comment_status":"closed","ping_status":"closed","template":"","meta":{"_acf_changed":false,"footnotes":""},"class_list":["post-910","page","type-page","status-publish","hentry"],"acf":[],"yoast_head":"<!-- This site is optimized with the Yoast SEO plugin v27.2 - https:\/\/yoast.com\/product\/yoast-seo-wordpress\/ -->\n<title>RESSOURCES POUR LES OFFICIELS - Natation Artistique Canada<\/title>\n<meta name=\"robots\" content=\"index, follow, max-snippet:-1, max-image-preview:large, max-video-preview:-1\" \/>\n<link rel=\"canonical\" href=\"https:\/\/artisticswimming.ca\/fr\/ressources\/officiels\/ressources-pour-les-officiels\/\" \/>\n<meta property=\"og:locale\" content=\"fr_FR\" \/>\n<meta property=\"og:type\" content=\"article\" \/>\n<meta property=\"og:title\" content=\"RESSOURCES POUR LES OFFICIELS - Natation Artistique Canada\" \/>\n<meta property=\"og:url\" content=\"https:\/\/artisticswimming.ca\/fr\/ressources\/officiels\/ressources-pour-les-officiels\/\" \/>\n<meta property=\"og:site_name\" content=\"Natation Artistique Canada\" \/>\n<meta property=\"article:modified_time\" content=\"2023-04-17T19:47:28+00:00\" \/>\n<meta name=\"twitter:card\" content=\"summary_large_image\" \/>\n<meta name=\"twitter:label1\" content=\"Dur\u00e9e de lecture estim\u00e9e\" \/>\n\t<meta name=\"twitter:data1\" content=\"3 minutes\" \/>\n<script type=\"application\/ld+json\" class=\"yoast-schema-graph\">{\"@context\":\"https:\/\/schema.org\",\"@graph\":[{\"@type\":\"WebPage\",\"@id\":\"https:\/\/artisticswimming.ca\/fr\/ressources\/officiels\/ressources-pour-les-officiels\/\",\"url\":\"https:\/\/artisticswimming.ca\/fr\/ressources\/officiels\/ressources-pour-les-officiels\/\",\"name\":\"RESSOURCES POUR LES OFFICIELS - Natation Artistique Canada\",\"isPartOf\":{\"@id\":\"https:\/\/artisticswimming.ca\/fr\/#website\"},\"datePublished\":\"2016-08-05T09:29:11+00:00\",\"dateModified\":\"2023-04-17T19:47:28+00:00\",\"breadcrumb\":{\"@id\":\"https:\/\/artisticswimming.ca\/fr\/ressources\/officiels\/ressources-pour-les-officiels\/#breadcrumb\"},\"inLanguage\":\"fr-FR\",\"potentialAction\":[{\"@type\":\"ReadAction\",\"target\":[\"https:\/\/artisticswimming.ca\/fr\/ressources\/officiels\/ressources-pour-les-officiels\/\"]}]},{\"@type\":\"BreadcrumbList\",\"@id\":\"https:\/\/artisticswimming.ca\/fr\/ressources\/officiels\/ressources-pour-les-officiels\/#breadcrumb\",\"itemListElement\":[{\"@type\":\"ListItem\",\"position\":1,\"name\":\"Home\",\"item\":\"https:\/\/artisticswimming.ca\/fr\/\"},{\"@type\":\"ListItem\",\"position\":2,\"name\":\"RESSOURCES\",\"item\":\"http:\/\/synchro.wpengine.com\/ressources\/haute-performance\/brevets\/?lang=fr\"},{\"@type\":\"ListItem\",\"position\":3,\"name\":\"OFFICIELS\",\"item\":\"https:\/\/artisticswimming.ca\/fr\/ressources\/officiels\/\"},{\"@type\":\"ListItem\",\"position\":4,\"name\":\"RESSOURCES POUR LES OFFICIELS\"}]},{\"@type\":\"WebSite\",\"@id\":\"https:\/\/artisticswimming.ca\/fr\/#website\",\"url\":\"https:\/\/artisticswimming.ca\/fr\/\",\"name\":\"Natation Artistique Canada\",\"description\":\"\",\"potentialAction\":[{\"@type\":\"SearchAction\",\"target\":{\"@type\":\"EntryPoint\",\"urlTemplate\":\"https:\/\/artisticswimming.ca\/fr\/?s={search_term_string}\"},\"query-input\":{\"@type\":\"PropertyValueSpecification\",\"valueRequired\":true,\"valueName\":\"search_term_string\"}}],\"inLanguage\":\"fr-FR\"}]}<\/script>\n<!-- \/ Yoast SEO plugin. -->","yoast_head_json":{"title":"RESSOURCES POUR LES OFFICIELS - Natation Artistique Canada","robots":{"index":"index","follow":"follow","max-snippet":"max-snippet:-1","max-image-preview":"max-image-preview:large","max-video-preview":"max-video-preview:-1"},"canonical":"https:\/\/artisticswimming.ca\/fr\/ressources\/officiels\/ressources-pour-les-officiels\/","og_locale":"fr_FR","og_type":"article","og_title":"RESSOURCES POUR LES OFFICIELS - Natation Artistique Canada","og_url":"https:\/\/artisticswimming.ca\/fr\/ressources\/officiels\/ressources-pour-les-officiels\/","og_site_name":"Natation Artistique Canada","article_modified_time":"2023-04-17T19:47:28+00:00","twitter_card":"summary_large_image","twitter_misc":{"Dur\u00e9e de lecture estim\u00e9e":"3 minutes"},"schema":{"@context":"https:\/\/schema.org","@graph":[{"@type":"WebPage","@id":"https:\/\/artisticswimming.ca\/fr\/ressources\/officiels\/ressources-pour-les-officiels\/","url":"https:\/\/artisticswimming.ca\/fr\/ressources\/officiels\/ressources-pour-les-officiels\/","name":"RESSOURCES POUR LES OFFICIELS - Natation Artistique Canada","isPartOf":{"@id":"https:\/\/artisticswimming.ca\/fr\/#website"},"datePublished":"2016-08-05T09:29:11+00:00","dateModified":"2023-04-17T19:47:28+00:00","breadcrumb":{"@id":"https:\/\/artisticswimming.ca\/fr\/ressources\/officiels\/ressources-pour-les-officiels\/#breadcrumb"},"inLanguage":"fr-FR","potentialAction":[{"@type":"ReadAction","target":["https:\/\/artisticswimming.ca\/fr\/ressources\/officiels\/ressources-pour-les-officiels\/"]}]},{"@type":"BreadcrumbList","@id":"https:\/\/artisticswimming.ca\/fr\/ressources\/officiels\/ressources-pour-les-officiels\/#breadcrumb","itemListElement":[{"@type":"ListItem","position":1,"name":"Home","item":"https:\/\/artisticswimming.ca\/fr\/"},{"@type":"ListItem","position":2,"name":"RESSOURCES","item":"http:\/\/synchro.wpengine.com\/ressources\/haute-performance\/brevets\/?lang=fr"},{"@type":"ListItem","position":3,"name":"OFFICIELS","item":"https:\/\/artisticswimming.ca\/fr\/ressources\/officiels\/"},{"@type":"ListItem","position":4,"name":"RESSOURCES POUR LES OFFICIELS"}]},{"@type":"WebSite","@id":"https:\/\/artisticswimming.ca\/fr\/#website","url":"https:\/\/artisticswimming.ca\/fr\/","name":"Natation Artistique Canada","description":"","potentialAction":[{"@type":"SearchAction","target":{"@type":"EntryPoint","urlTemplate":"https:\/\/artisticswimming.ca\/fr\/?s={search_term_string}"},"query-input":{"@type":"PropertyValueSpecification","valueRequired":true,"valueName":"search_term_string"}}],"inLanguage":"fr-FR"}]}},"_links":{"self":[{"href":"https:\/\/artisticswimming.ca\/fr\/wp-json\/wp\/v2\/pages\/910","targetHints":{"allow":["GET"]}}],"collection":[{"href":"https:\/\/artisticswimming.ca\/fr\/wp-json\/wp\/v2\/pages"}],"about":[{"href":"https:\/\/artisticswimming.ca\/fr\/wp-json\/wp\/v2\/types\/page"}],"author":[{"embeddable":true,"href":"https:\/\/artisticswimming.ca\/fr\/wp-json\/wp\/v2\/users\/3"}],"replies":[{"embeddable":true,"href":"https:\/\/artisticswimming.ca\/fr\/wp-json\/wp\/v2\/comments?post=910"}],"version-history":[{"count":0,"href":"https:\/\/artisticswimming.ca\/fr\/wp-json\/wp\/v2\/pages\/910\/revisions"}],"up":[{"embeddable":true,"href":"https:\/\/artisticswimming.ca\/fr\/wp-json\/wp\/v2\/pages\/908"}],"wp:attachment":[{"href":"https:\/\/artisticswimming.ca\/fr\/wp-json\/wp\/v2\/media?parent=910"}],"curies":[{"name":"wp","href":"https:\/\/api.w.org\/{rel}","templated":true}]}}